{"id":1046,"date":"2022-08-22T14:56:03","date_gmt":"2022-08-22T17:56:03","guid":{"rendered":"http:\/\/ambienteduran.eng.br\/?page_id=1046"},"modified":"2022-08-22T16:19:53","modified_gmt":"2022-08-22T19:19:53","slug":"uso-da-documentacao-e-suas-renovacoes","status":"publish","type":"page","link":"https:\/\/ambienteduran.eng.br\/?page_id=1046","title":{"rendered":"Uso da Documenta\u00e7\u00e3o e suas Renova\u00e7\u00f5es"},"content":{"rendered":"\t\t<div data-elementor-type=\"wp-page\" data-elementor-id=\"1046\" class=\"elementor elementor-1046\">\n\t\t\t\t\t\t\t\t\t<section class=\"elementor-section elementor-top-section elementor-element elementor-element-25d42c2 elementor-section-boxed elementor-section-height-default elementor-section-height-default\" data-id=\"25d42c2\" data-element_type=\"section\">\n\t\t\t\t\t\t<div class=\"elementor-container elementor-column-gap-default\">\n\t\t\t\t\t<div class=\"elementor-column elementor-col-50 elementor-top-column elementor-element elementor-element-a108226\" data-id=\"a108226\" data-element_type=\"column\">\n\t\t\t<div class=\"elementor-widget-wrap elementor-element-populated\">\n\t\t\t\t\t\t\t\t<div class=\"elementor-element elementor-element-f711c35 elementor-widget elementor-widget-heading\" data-id=\"f711c35\" data-element_type=\"widget\" data-widget_type=\"heading.default\">\n\t\t\t\t<div class=\"elementor-widget-container\">\n\t\t\t<style>\/*! elementor - v3.7.1 - 14-08-2022 *\/\n.elementor-heading-title{padding:0;margin:0;line-height:1}.elementor-widget-heading .elementor-heading-title[class*=elementor-size-]>a{color:inherit;font-size:inherit;line-height:inherit}.elementor-widget-heading .elementor-heading-title.elementor-size-small{font-size:15px}.elementor-widget-heading .elementor-heading-title.elementor-size-medium{font-size:19px}.elementor-widget-heading .elementor-heading-title.elementor-size-large{font-size:29px}.elementor-widget-heading .elementor-heading-title.elementor-size-xl{font-size:39px}.elementor-widget-heading .elementor-heading-title.elementor-size-xxl{font-size:59px}<\/style><h2 class=\"elementor-heading-title elementor-size-default\">FORMA CORRETA DE UTILIZA\u00c7\u00c3O DA DLAE, AA, LAS, LP, LI, LO, LASR OU LOR\n<\/h2>\t\t<\/div>\n\t\t\t\t<\/div>\n\t\t\t\t<div class=\"elementor-element elementor-element-7b70cf0 elementor-widget-divider--view-line elementor-widget elementor-widget-divider\" data-id=\"7b70cf0\" data-element_type=\"widget\" data-widget_type=\"divider.default\">\n\t\t\t\t<div class=\"elementor-widget-container\">\n\t\t\t<style>\/*! elementor - v3.7.1 - 14-08-2022 *\/\n.elementor-widget-divider{--divider-border-style:none;--divider-border-width:1px;--divider-color:#2c2c2c;--divider-icon-size:20px;--divider-element-spacing:10px;--divider-pattern-height:24px;--divider-pattern-size:20px;--divider-pattern-url:none;--divider-pattern-repeat:repeat-x}.elementor-widget-divider .elementor-divider{display:-webkit-box;display:-ms-flexbox;display:flex}.elementor-widget-divider .elementor-divider__text{font-size:15px;line-height:1;max-width:95%}.elementor-widget-divider .elementor-divider__element{margin:0 var(--divider-element-spacing);-ms-flex-negative:0;flex-shrink:0}.elementor-widget-divider .elementor-icon{font-size:var(--divider-icon-size)}.elementor-widget-divider .elementor-divider-separator{display:-webkit-box;display:-ms-flexbox;display:flex;margin:0;direction:ltr}.elementor-widget-divider--view-line_icon .elementor-divider-separator,.elementor-widget-divider--view-line_text .elementor-divider-separator{-webkit-box-align:center;-ms-flex-align:center;align-items:center}.elementor-widget-divider--view-line_icon .elementor-divider-separator:after,.elementor-widget-divider--view-line_icon .elementor-divider-separator:before,.elementor-widget-divider--view-line_text .elementor-divider-separator:after,.elementor-widget-divider--view-line_text .elementor-divider-separator:before{display:block;content:\"\";border-bottom:0;-webkit-box-flex:1;-ms-flex-positive:1;flex-grow:1;border-top:var(--divider-border-width) var(--divider-border-style) var(--divider-color)}.elementor-widget-divider--element-align-left .elementor-divider .elementor-divider-separator>.elementor-divider__svg:first-of-type{-webkit-box-flex:0;-ms-flex-positive:0;flex-grow:0;-ms-flex-negative:100;flex-shrink:100}.elementor-widget-divider--element-align-left .elementor-divider-separator:before{content:none}.elementor-widget-divider--element-align-left .elementor-divider__element{margin-left:0}.elementor-widget-divider--element-align-right .elementor-divider .elementor-divider-separator>.elementor-divider__svg:last-of-type{-webkit-box-flex:0;-ms-flex-positive:0;flex-grow:0;-ms-flex-negative:100;flex-shrink:100}.elementor-widget-divider--element-align-right .elementor-divider-separator:after{content:none}.elementor-widget-divider--element-align-right .elementor-divider__element{margin-right:0}.elementor-widget-divider:not(.elementor-widget-divider--view-line_text):not(.elementor-widget-divider--view-line_icon) .elementor-divider-separator{border-top:var(--divider-border-width) var(--divider-border-style) var(--divider-color)}.elementor-widget-divider--separator-type-pattern{--divider-border-style:none}.elementor-widget-divider--separator-type-pattern.elementor-widget-divider--view-line .elementor-divider-separator,.elementor-widget-divider--separator-type-pattern:not(.elementor-widget-divider--view-line) .elementor-divider-separator:after,.elementor-widget-divider--separator-type-pattern:not(.elementor-widget-divider--view-line) .elementor-divider-separator:before,.elementor-widget-divider--separator-type-pattern:not([class*=elementor-widget-divider--view]) .elementor-divider-separator{width:100%;min-height:var(--divider-pattern-height);-webkit-mask-size:var(--divider-pattern-size) 100%;mask-size:var(--divider-pattern-size) 100%;-webkit-mask-repeat:var(--divider-pattern-repeat);mask-repeat:var(--divider-pattern-repeat);background-color:var(--divider-color);-webkit-mask-image:var(--divider-pattern-url);mask-image:var(--divider-pattern-url)}.elementor-widget-divider--no-spacing{--divider-pattern-size:auto}.elementor-widget-divider--bg-round{--divider-pattern-repeat:round}.rtl .elementor-widget-divider .elementor-divider__text{direction:rtl}.e-container>.elementor-widget-divider{width:var(--container-widget-width,100%);-webkit-box-flex:1;-ms-flex-positive:1;flex-grow:1}<\/style>\t\t<div class=\"elementor-divider\">\n\t\t\t<span class=\"elementor-divider-separator\">\n\t\t\t\t\t\t<\/span>\n\t\t<\/div>\n\t\t\t\t<\/div>\n\t\t\t\t<\/div>\n\t\t\t\t<div class=\"elementor-element elementor-element-ef19167 elementor-widget elementor-widget-text-editor\" data-id=\"ef19167\" data-element_type=\"widget\" data-widget_type=\"text-editor.default\">\n\t\t\t\t<div class=\"elementor-widget-container\">\n\t\t\t<style>\/*! elementor - v3.7.1 - 14-08-2022 *\/\n.elementor-widget-text-editor.elementor-drop-cap-view-stacked .elementor-drop-cap{background-color:#818a91;color:#fff}.elementor-widget-text-editor.elementor-drop-cap-view-framed .elementor-drop-cap{color:#818a91;border:3px solid;background-color:transparent}.elementor-widget-text-editor:not(.elementor-drop-cap-view-default) .elementor-drop-cap{margin-top:8px}.elementor-widget-text-editor:not(.elementor-drop-cap-view-default) .elementor-drop-cap-letter{width:1em;height:1em}.elementor-widget-text-editor .elementor-drop-cap{float:left;text-align:center;line-height:1;font-size:50px}.elementor-widget-text-editor .elementor-drop-cap-letter{display:inline-block}<\/style>\t\t\t\t<p><strong>1. Quando o Licenciamento Ambiental n\u00e3o compete ao \u00d3rg\u00e3o Ambiental Estadual:<\/strong><br \/><strong>\u00a0DISPENSA DE LICENCIAMENTO AMBIENTAL ESTADUAL &#8211; DLAE<\/strong><br \/><strong><a href=\"http:\/\/ambienteduran.eng.br\/?page_id=1054\">FINALIDADE<\/a>\u00a0&#8230;.\u00a0<a href=\"http:\/\/ambienteduran.eng.br\/?page_id=1056\">QUANDO USAR A DLAE<\/a>\u00a0&#8230;.\u00a0<a href=\"http:\/\/ambienteduran.eng.br\/?page_id=1071\">VALIDADE<\/a>\u00a0&#8230;..\u00a0<a href=\"http:\/\/ambienteduran.eng.br\/?page_id=1082\">RELA\u00c7\u00c3O DE DOC.\u00a0PARA DLAE<\/a><\/strong><br \/><strong>AUTORIZA\u00c7\u00c3O AMBIENTAL &#8211; AA<\/strong><br \/><strong><a href=\"http:\/\/ambienteduran.eng.br\/?page_id=1101\">FINALIDADE<\/a>\u00a0&#8230;.\u00a0<a href=\"http:\/\/ambienteduran.eng.br\/?page_id=1109\">QUANDO USAR A AA<\/a>\u00a0&#8230;..\u00a0<a href=\"http:\/\/ambienteduran.eng.br\/?page_id=1117\">VALIDADE<\/a>\u00a0&#8230;&#8230;..\u00a0<a href=\"http:\/\/ambienteduran.eng.br\/?page_id=1125\">RELA\u00c7\u00c3O DE DOC.\u00a0PARA AA<\/a><\/strong><\/p><p><strong>3. Quando a atividade ou obra for de pequeno porte e\/ou que possua baixo potencial poluidor\/degradador::<\/strong><br \/><strong>LICEN\u00c7A AMBIENTAL SIMPLIFICADA &#8211; LAS<\/strong><br \/><strong><a href=\"http:\/\/ambienteduran.eng.br\/?page_id=1137\">FINALIDADE<\/a>\u00a0&#8230;&#8230;&#8230;\u00a0<a href=\"http:\/\/ambienteduran.eng.br\/?page_id=1145\">QUANDO USAR A LAS<\/a>\u00a0&#8230;&#8230;&#8230;..\u00a0<a href=\"http:\/\/ambienteduran.eng.br\/?page_id=1153\">VALIDADE<\/a>\u00a0&#8230;&#8230;\u00a0<a href=\"http:\/\/ambienteduran.eng.br\/?page_id=1161\">RELA\u00c7\u00c3O DE DOC.\u00a0PARA LAS<\/a>\u00a0<\/strong><br \/><strong>RENOVA\u00c7\u00c3O DA LICEN\u00c7A AMBIENTAL SIMPLIFICADA \u2013 RLAS\u00a0&#8230;.\u00a0<a href=\"http:\/\/ambienteduran.eng.br\/?page_id=1169\">RELA\u00c7\u00c3O DE DOC.\u00a0PARA RLAS<\/a><\/strong><\/p><p><strong>4. Quando a atividade n\u00e3o se enquadrar em nenhum dos itens acima dever\u00e1 ser licenciado pelas 3 etapas &#8211; LP, LI e LO:<\/strong><br \/><strong>4.1. LICEN\u00c7A PR\u00c9VIA &#8211; LP<\/strong><br \/><strong><a href=\"http:\/\/ambienteduran.eng.br\/?page_id=1178\">FINALIDADE<\/a>\u00a0&#8230;&#8230;&#8230;&#8230;.\u00a0<a href=\"http:\/\/ambienteduran.eng.br\/?page_id=1186\">VALIDADE<\/a>\u00a0&#8230;&#8230;&#8230;&#8230;&#8230;..\u00a0<a href=\"http:\/\/ambienteduran.eng.br\/?page_id=1194\">RELA\u00c7\u00c3O DE DOCUMENTOS PARA LP<\/a><\/strong><\/p><p><strong>4.2. LICEN\u00c7A DE INSTALA\u00c7\u00c3O\u00a0&#8211; LI<\/strong><br \/><strong><a href=\"http:\/\/ambienteduran.eng.br\/?page_id=1202\">FINALIDADE<\/a><a href=\"https:\/\/ambienteduran.eng.br\/page\/node\/367\">\u00a0<\/a>&#8230;&#8230;&#8230;&#8230;&#8230;&#8230;\u00a0<a href=\"http:\/\/ambienteduran.eng.br\/?page_id=1210\">VALIDADE<\/a>\u00a0&#8230;&#8230;&#8230;&#8230;&#8230;&#8230;&#8230;&#8230;&#8230;&#8230;&#8230;..\u00a0<a href=\"http:\/\/ambienteduran.eng.br\/?page_id=1215\">RELA\u00c7\u00c3O DE DOCUMENTOS PARA LI<\/a><\/strong><br \/><strong>RENOVA\u00c7\u00c3O DA LICEN\u00c7A DE INSTALA\u00c7\u00c3O &#8211; RLI\u00a0&#8230;&#8230;&#8230;\u00a0<a href=\"http:\/\/ambienteduran.eng.br\/?page_id=1224\">RELA\u00c7\u00c3O DE DOC.\u00a0PARA RLI<\/a><\/strong><\/p><p><strong>4.3. LICEN\u00c7A DE OPERA\u00c7\u00c3O &#8211; LO<\/strong><br \/><strong><a href=\"http:\/\/ambienteduran.eng.br\/?page_id=1232\">FINALIDADE<\/a>\u00a0&#8230;&#8230;&#8230;..\u00a0<a href=\"http:\/\/ambienteduran.eng.br\/wp-content\/uploads\/2022\/08\/VALIDADE_DA_LO.pdf\">VALIDADE<\/a>\u00a0&#8230;&#8230;&#8230;&#8230;&#8230;&#8230;&#8230;&#8230;&#8230;&#8230;&#8230;&#8230;\u00a0<a href=\"http:\/\/ambienteduran.eng.br\/?page_id=1240\">RELA\u00c7\u00c3O DE DOCUMENTOS PARA LO<\/a><\/strong><br \/><strong>RENOVA\u00c7\u00c3O DA LICEN\u00c7A DE OPERA\u00c7\u00c3O &#8211; RLO\u00a0&#8230;.\u00a0<a href=\"http:\/\/ambienteduran.eng.br\/?page_id=1252\">RELA\u00c7\u00c3O DE DOC.\u00a0PARA RLO<\/a><\/strong><\/p><p><strong>5. Quando a atividade j\u00e1 estiver funcionando comprovadamente antes de 1998, dever\u00e3o requerer diretamente conforme porte do empreendimento:<\/strong><br \/><strong>LICEN\u00c7A AMBIENTAL SIMPLIFICADA DE REGULARIZA\u00c7\u00c3O &#8211; LASR<\/strong><br \/><strong><a href=\"http:\/\/ambienteduran.eng.br\/?page_id=1260\">FINALIDADE<\/a>&#8230;..\u00a0<a href=\"http:\/\/ambienteduran.eng.br\/?page_id=1268\">VALIDADE<\/a>\u00a0&#8230;&#8230;&#8230;&#8230;&#8230;&#8230;&#8230;&#8230;.\u00a0<a href=\"http:\/\/ambienteduran.eng.br\/?page_id=1276\">RELA\u00c7\u00c3O DE DOCUMENTOS PARA LASR<\/a><\/strong><\/p><p><strong>LICEN\u00c7A DE OPERA\u00c7\u00c3O DE REGULARIZA\u00c7\u00c3O &#8211; LOR<\/strong><br \/><strong><a href=\"http:\/\/ambienteduran.eng.br\/?page_id=1284\">FINALIDADE<\/a>\u00a0&#8230;.\u00a0<a href=\"http:\/\/ambienteduran.eng.br\/wp-content\/uploads\/2022\/08\/VALIDADE_DA_LO.pdf\">VALIDADE<\/a>\u00a0&#8230;&#8230;&#8230;&#8230;&#8230;&#8230;&#8230;&#8230;\u00a0<a href=\"http:\/\/ambienteduran.eng.br\/?page_id=1292\">RELA\u00c7\u00c3O DE DOCUMENTOSPARA LOR<\/a><\/strong><\/p>\t\t\t\t\t\t<\/div>\n\t\t\t\t<\/div>\n\t\t\t\t<div class=\"elementor-element elementor-element-8ef5b63 elementor-widget-divider--view-line elementor-widget elementor-widget-divider\" data-id=\"8ef5b63\" data-element_type=\"widget\" data-widget_type=\"divider.default\">\n\t\t\t\t<div class=\"elementor-widget-container\">\n\t\t\t\t\t<div class=\"elementor-divider\">\n\t\t\t<span class=\"elementor-divider-separator\">\n\t\t\t\t\t\t<\/span>\n\t\t<\/div>\n\t\t\t\t<\/div>\n\t\t\t\t<\/div>\n\t\t\t\t\t<\/div>\n\t\t<\/div>\n\t\t\t\t<div class=\"elementor-column elementor-col-50 elementor-top-column elementor-element elementor-element-6bc0e53\" data-id=\"6bc0e53\" data-element_type=\"column\">\n\t\t\t<div class=\"elementor-widget-wrap elementor-element-populated\">\n\t\t\t\t\t\t\t\t<div class=\"elementor-element elementor-element-4dc1be7 elementor-widget elementor-widget-heading\" data-id=\"4dc1be7\" data-element_type=\"widget\" data-widget_type=\"heading.default\">\n\t\t\t\t<div class=\"elementor-widget-container\">\n\t\t\t<h2 class=\"elementor-heading-title elementor-size-default\">MAIS LIDAS\n<\/h2>\t\t<\/div>\n\t\t\t\t<\/div>\n\t\t\t\t<div class=\"elementor-element elementor-element-32c872d elementor-widget-divider--view-line elementor-widget elementor-widget-divider\" data-id=\"32c872d\" data-element_type=\"widget\" data-widget_type=\"divider.default\">\n\t\t\t\t<div class=\"elementor-widget-container\">\n\t\t\t\t\t<div class=\"elementor-divider\">\n\t\t\t<span class=\"elementor-divider-separator\">\n\t\t\t\t\t\t<\/span>\n\t\t<\/div>\n\t\t\t\t<\/div>\n\t\t\t\t<\/div>\n\t\t\t\t<div class=\"elementor-element elementor-element-e11675e elementor-widget elementor-widget-text-editor\" data-id=\"e11675e\" data-element_type=\"widget\" data-widget_type=\"text-editor.default\">\n\t\t\t\t<div class=\"elementor-widget-container\">\n\t\t\t\t\t\t\t<p><strong>01. <a href=\"http:\/\/ambienteduran.eng.br\/?page_id=790\">Consultoria Ambiental<\/a><\/strong><br \/><strong>02. <a href=\"http:\/\/ambienteduran.eng.br\/?page_id=802\">NOSSOS CONTATOS<\/a><\/strong><br \/><strong>03. <a href=\"http:\/\/ambienteduran.eng.br\/?page_id=835\">Compensa\u00e7\u00e3o Ambiental &#8211; im\u00f3veis urbanos<\/a><\/strong><br \/><strong>04. <a href=\"http:\/\/ambienteduran.eng.br\/?page_id=849\">Compra e venda de im\u00f3veis<\/a><\/strong><br \/><strong>05. <a href=\"http:\/\/ambienteduran.eng.br\/?page_id=857\">LICENCIAMENTO AMBIENTAL<\/a><\/strong><br \/><strong>06. <a href=\"http:\/\/ambienteduran.eng.br\/?page_id=887\">CONCEITOS NO NOVO C\u00d3DIGO FLORESTAL &#8211; ILUSTRADO (Art. 3\u00ba Lei 12.651\/12)<\/a><\/strong><br \/><strong>07. <a href=\"http:\/\/ambienteduran.eng.br\/?page_id=905\">DA DELIMITA\u00c7\u00c3O E PROTE\u00c7\u00c3O DAS \u00c1REAS DE PRESERVA\u00c7\u00c3O PERMANENTE<\/a><\/strong><br \/><strong>08. <a href=\"http:\/\/ambienteduran.eng.br\/?page_id=922\">USO DO SOLO DO PARAN\u00c1 &#8211; MMA\/PROBIO\/2005<\/a><\/strong><\/p>\t\t\t\t\t\t<\/div>\n\t\t\t\t<\/div>\n\t\t\t\t\t<\/div>\n\t\t<\/div>\n\t\t\t\t\t\t\t<\/div>\n\t\t<\/section>\n\t\t\t\t\t\t\t<\/div>\n\t\t","protected":false},"excerpt":{"rendered":"<p>FORMA CORRETA DE UTILIZA\u00c7\u00c3O DA DLAE, AA, LAS, LP, LI, LO, LASR OU LOR 1. Quando o Licenciamento Ambiental n\u00e3o compete ao \u00d3rg\u00e3o Ambiental Estadual:\u00a0DISPENSA DE LICENCIAMENTO AMBIENTAL ESTADUAL &#8211; DLAEFINALIDADE\u00a0&#8230;.\u00a0QUANDO USAR A DLAE\u00a0&#8230;.\u00a0VALIDADE\u00a0&#8230;..\u00a0RELA\u00c7\u00c3O DE DOC.\u00a0PARA DLAEAUTORIZA\u00c7\u00c3O AMBIENTAL &#8211; AAFINALIDADE\u00a0&#8230;.\u00a0QUANDO USAR A AA\u00a0&#8230;..\u00a0VALIDADE\u00a0&#8230;&#8230;..\u00a0RELA\u00c7\u00c3O DE DOC.\u00a0PARA AA 3. Quando a atividade ou obra for de pequeno [&hellip;]<\/p>\n","protected":false},"author":1,"featured_media":0,"parent":1015,"menu_order":0,"comment_status":"closed","ping_status":"closed","template":"elementor_header_footer","meta":{"footnotes":""},"class_list":["post-1046","page","type-page","status-publish","hentry"],"_links":{"self":[{"href":"https:\/\/ambienteduran.eng.br\/index.php?rest_route=\/wp\/v2\/pages\/1046","targetHints":{"allow":["GET"]}}],"collection":[{"href":"https:\/\/ambienteduran.eng.br\/index.php?rest_route=\/wp\/v2\/pages"}],"about":[{"href":"https:\/\/ambienteduran.eng.br\/index.php?rest_route=\/wp\/v2\/types\/page"}],"author":[{"embeddable":true,"href":"https:\/\/ambienteduran.eng.br\/index.php?rest_route=\/wp\/v2\/users\/1"}],"replies":[{"embeddable":true,"href":"https:\/\/ambienteduran.eng.br\/index.php?rest_route=%2Fwp%2Fv2%2Fcomments&post=1046"}],"version-history":[{"count":91,"href":"https:\/\/ambienteduran.eng.br\/index.php?rest_route=\/wp\/v2\/pages\/1046\/revisions"}],"predecessor-version":[{"id":1300,"href":"https:\/\/ambienteduran.eng.br\/index.php?rest_route=\/wp\/v2\/pages\/1046\/revisions\/1300"}],"up":[{"embeddable":true,"href":"https:\/\/ambienteduran.eng.br\/index.php?rest_route=\/wp\/v2\/pages\/1015"}],"wp:attachment":[{"href":"https:\/\/ambienteduran.eng.br\/index.php?rest_route=%2Fwp%2Fv2%2Fmedia&parent=1046"}],"curies":[{"name":"wp","href":"https:\/\/api.w.org\/{rel}","templated":true}]}}