{"id":1366,"date":"2022-08-22T16:52:27","date_gmt":"2022-08-22T19:52:27","guid":{"rendered":"http:\/\/ambienteduran.eng.br\/?page_id=1366"},"modified":"2022-08-22T16:55:17","modified_gmt":"2022-08-22T19:55:17","slug":"atividades-dispensadas-de-la","status":"publish","type":"page","link":"https:\/\/ambienteduran.eng.br\/?page_id=1366","title":{"rendered":"Atividades dispensadas de LA"},"content":{"rendered":"\t\t<div data-elementor-type=\"wp-page\" data-elementor-id=\"1366\" class=\"elementor elementor-1366\">\n\t\t\t\t\t\t\t\t\t<section class=\"elementor-section elementor-top-section elementor-element elementor-element-25d42c2 elementor-section-boxed elementor-section-height-default elementor-section-height-default\" data-id=\"25d42c2\" data-element_type=\"section\">\n\t\t\t\t\t\t<div class=\"elementor-container elementor-column-gap-default\">\n\t\t\t\t\t<div class=\"elementor-column elementor-col-50 elementor-top-column elementor-element elementor-element-a108226\" data-id=\"a108226\" data-element_type=\"column\">\n\t\t\t<div class=\"elementor-widget-wrap elementor-element-populated\">\n\t\t\t\t\t\t\t\t<div class=\"elementor-element elementor-element-f711c35 elementor-widget elementor-widget-heading\" data-id=\"f711c35\" data-element_type=\"widget\" data-widget_type=\"heading.default\">\n\t\t\t\t<div class=\"elementor-widget-container\">\n\t\t\t<style>\/*! elementor - v3.7.1 - 14-08-2022 *\/\n.elementor-heading-title{padding:0;margin:0;line-height:1}.elementor-widget-heading .elementor-heading-title[class*=elementor-size-]>a{color:inherit;font-size:inherit;line-height:inherit}.elementor-widget-heading .elementor-heading-title.elementor-size-small{font-size:15px}.elementor-widget-heading .elementor-heading-title.elementor-size-medium{font-size:19px}.elementor-widget-heading .elementor-heading-title.elementor-size-large{font-size:29px}.elementor-widget-heading .elementor-heading-title.elementor-size-xl{font-size:39px}.elementor-widget-heading .elementor-heading-title.elementor-size-xxl{font-size:59px}<\/style><h2 class=\"elementor-heading-title elementor-size-default\">QUANDO POSSO UTILIZAR A DISPENSA DO LICENCIAMENTO AMBIENTAL ESTADUAL - DLAE\n<\/h2>\t\t<\/div>\n\t\t\t\t<\/div>\n\t\t\t\t<div class=\"elementor-element elementor-element-7b70cf0 elementor-widget-divider--view-line elementor-widget elementor-widget-divider\" data-id=\"7b70cf0\" data-element_type=\"widget\" data-widget_type=\"divider.default\">\n\t\t\t\t<div class=\"elementor-widget-container\">\n\t\t\t<style>\/*! elementor - v3.7.1 - 14-08-2022 *\/\n.elementor-widget-divider{--divider-border-style:none;--divider-border-width:1px;--divider-color:#2c2c2c;--divider-icon-size:20px;--divider-element-spacing:10px;--divider-pattern-height:24px;--divider-pattern-size:20px;--divider-pattern-url:none;--divider-pattern-repeat:repeat-x}.elementor-widget-divider .elementor-divider{display:-webkit-box;display:-ms-flexbox;display:flex}.elementor-widget-divider .elementor-divider__text{font-size:15px;line-height:1;max-width:95%}.elementor-widget-divider .elementor-divider__element{margin:0 var(--divider-element-spacing);-ms-flex-negative:0;flex-shrink:0}.elementor-widget-divider .elementor-icon{font-size:var(--divider-icon-size)}.elementor-widget-divider .elementor-divider-separator{display:-webkit-box;display:-ms-flexbox;display:flex;margin:0;direction:ltr}.elementor-widget-divider--view-line_icon .elementor-divider-separator,.elementor-widget-divider--view-line_text .elementor-divider-separator{-webkit-box-align:center;-ms-flex-align:center;align-items:center}.elementor-widget-divider--view-line_icon .elementor-divider-separator:after,.elementor-widget-divider--view-line_icon .elementor-divider-separator:before,.elementor-widget-divider--view-line_text .elementor-divider-separator:after,.elementor-widget-divider--view-line_text .elementor-divider-separator:before{display:block;content:\"\";border-bottom:0;-webkit-box-flex:1;-ms-flex-positive:1;flex-grow:1;border-top:var(--divider-border-width) var(--divider-border-style) var(--divider-color)}.elementor-widget-divider--element-align-left .elementor-divider .elementor-divider-separator>.elementor-divider__svg:first-of-type{-webkit-box-flex:0;-ms-flex-positive:0;flex-grow:0;-ms-flex-negative:100;flex-shrink:100}.elementor-widget-divider--element-align-left .elementor-divider-separator:before{content:none}.elementor-widget-divider--element-align-left .elementor-divider__element{margin-left:0}.elementor-widget-divider--element-align-right .elementor-divider .elementor-divider-separator>.elementor-divider__svg:last-of-type{-webkit-box-flex:0;-ms-flex-positive:0;flex-grow:0;-ms-flex-negative:100;flex-shrink:100}.elementor-widget-divider--element-align-right .elementor-divider-separator:after{content:none}.elementor-widget-divider--element-align-right .elementor-divider__element{margin-right:0}.elementor-widget-divider:not(.elementor-widget-divider--view-line_text):not(.elementor-widget-divider--view-line_icon) .elementor-divider-separator{border-top:var(--divider-border-width) var(--divider-border-style) var(--divider-color)}.elementor-widget-divider--separator-type-pattern{--divider-border-style:none}.elementor-widget-divider--separator-type-pattern.elementor-widget-divider--view-line .elementor-divider-separator,.elementor-widget-divider--separator-type-pattern:not(.elementor-widget-divider--view-line) .elementor-divider-separator:after,.elementor-widget-divider--separator-type-pattern:not(.elementor-widget-divider--view-line) .elementor-divider-separator:before,.elementor-widget-divider--separator-type-pattern:not([class*=elementor-widget-divider--view]) .elementor-divider-separator{width:100%;min-height:var(--divider-pattern-height);-webkit-mask-size:var(--divider-pattern-size) 100%;mask-size:var(--divider-pattern-size) 100%;-webkit-mask-repeat:var(--divider-pattern-repeat);mask-repeat:var(--divider-pattern-repeat);background-color:var(--divider-color);-webkit-mask-image:var(--divider-pattern-url);mask-image:var(--divider-pattern-url)}.elementor-widget-divider--no-spacing{--divider-pattern-size:auto}.elementor-widget-divider--bg-round{--divider-pattern-repeat:round}.rtl .elementor-widget-divider .elementor-divider__text{direction:rtl}.e-container>.elementor-widget-divider{width:var(--container-widget-width,100%);-webkit-box-flex:1;-ms-flex-positive:1;flex-grow:1}<\/style>\t\t<div class=\"elementor-divider\">\n\t\t\t<span class=\"elementor-divider-separator\">\n\t\t\t\t\t\t<\/span>\n\t\t<\/div>\n\t\t\t\t<\/div>\n\t\t\t\t<\/div>\n\t\t\t\t<div class=\"elementor-element elementor-element-ef19167 elementor-widget elementor-widget-text-editor\" data-id=\"ef19167\" data-element_type=\"widget\" data-widget_type=\"text-editor.default\">\n\t\t\t\t<div class=\"elementor-widget-container\">\n\t\t\t<style>\/*! elementor - v3.7.1 - 14-08-2022 *\/\n.elementor-widget-text-editor.elementor-drop-cap-view-stacked .elementor-drop-cap{background-color:#818a91;color:#fff}.elementor-widget-text-editor.elementor-drop-cap-view-framed .elementor-drop-cap{color:#818a91;border:3px solid;background-color:transparent}.elementor-widget-text-editor:not(.elementor-drop-cap-view-default) .elementor-drop-cap{margin-top:8px}.elementor-widget-text-editor:not(.elementor-drop-cap-view-default) .elementor-drop-cap-letter{width:1em;height:1em}.elementor-widget-text-editor .elementor-drop-cap{float:left;text-align:center;line-height:1;font-size:50px}.elementor-widget-text-editor .elementor-drop-cap-letter{display:inline-block}<\/style>\t\t\t\t<p><strong>FUNDAMENTO LEGAL:\u00a0\u00a0\u00a0<a href=\"http:\/\/ambienteduran.eng.br\/wp-content\/uploads\/2022\/08\/RESOLUCAO_SEMA_51_2009.pdf\" target=\"_blank\" rel=\"noopener\">RESOLU\u00c7\u00c3O SEMA 51\/2009<\/a><br \/><br \/>1. OS EMPREENDIMENTOS INDUSTRIAIS E\/OU ARTESANAIS, CUJA ATIVIDADE ATENDA\u00a0TODOS OS CRIT\u00c9RIOS ABAIXO:<br \/>\u00a0\u00a0\u00a0\u00a01.1. POSSUIR AT\u00c9 10 FUNCION\u00c1RIOS;\u00a0<br \/>\u00a0\u00a0\u00a0\u00a01.2. N\u00c3O GERAR EFLUENTES L\u00cdQUIDOS INDUSTRIAIS, ou com efluentes gerados cuja vaz\u00e3o n\u00e3o ultrapasse 1 m\u00b3\/dia, nas atividades de processamento de vegetais para alimentos, latic\u00ednios e embutidos;\u00a0<br \/>\u00a0\u00a0\u00a01.3. N\u00c3O GERAR RES\u00cdDUOS S\u00d3LIDOS\u00a0<a href=\"https:\/\/ambienteduran.eng.br\/classificacao-de-residuos-solidos\" target=\"_blank\" rel=\"noopener\">CLASSE I<\/a>\u00a0\u2013 PERIGOSOS, conforme normas t\u00e9cnicas vigentes, no processo industrial;\u00a0<br \/>\u00a0\u00a0\u00a01.4. N\u00c3O GERAR EMISS\u00d5ES ATMOSF\u00c9RICAS, ou emiss\u00f5es atmosf\u00e9ricas geradas em equipamentos, para a gera\u00e7\u00e3o de calor ou energia, com as seguintes caracter\u00edsticas:<br \/>\u00a0\u00a0\u00a0\u00a0\u00a0\u00a0\u00a0\u00a0\u00a0\u00a0\u00a0 \u00a0 \u00a0\u00a0 Combust\u00edvel gasoso &#8211; At\u00e9 10 MW<br \/>\u00a0\u00a0\u00a0\u00a0\u00a0\u00a0\u00a0\u00a0\u00a0\u00a0\u00a0 \u00a0 \u00a0\u00a0 \u00d3leo combust\u00edvel e assemelhados &#8211; At\u00e9 10 MW\u00a0<br \/>\u00a0\u00a0\u00a0\u00a0\u00a0\u00a0\u00a0\u00a0\u00a0\u00a0\u00a0 \u00a0 \u00a0\u00a0 Carv\u00e3o, xisto s\u00f3lido, coque e outros combust\u00edveis assemelhados &#8211; At\u00e9 10 MW<br \/>\u00a0\u00a0\u00a0\u00a0\u00a0\u00a0\u00a0\u00a0\u00a0\u00a0\u00a0\u00a0\u00a0\u00a0\u00a0\u00a0 Derivados de madeira &#8211; At\u00e9 10 MW<br \/>\u00a0\u00a0\u00a0\u00a0\u00a0\u00a0\u00a0\u00a0\u00a0\u00a0\u00a0\u00a0\u00a0\u00a0\u00a0\u00a0 Baga\u00e7o de cana-de-a\u00e7\u00facar &#8211; At\u00e9 10 MW<br \/>\u00a0\u00a0\u00a0\u00a0\u00a0\u00a0\u00a0\u00a0\u00a0\u00a0\u00a0\u00a0\u00a0\u00a0\u00a0\u00a0 Turbinas de g\u00e1s &#8211; At\u00e9 10 MW\u00a0<br \/><br \/>2. AVICULTURA \u2013 \u00e1rea de confinamento de frangos inferior a 1.500 m\u00b2;<br \/>\u00a0<br \/>3.\u00a0PISCICULTURA &#8211;\u00a0com \u00e1rea de at\u00e9 10.000\u00a0m<sup>2<\/sup>, de uso n\u00e3o comercial, icluindo lazer ou paisagismo;<br \/><br \/>4. SUINOCULTURA &#8211;\u00a0com at\u00e9 10 animais em Termina\u00e7\u00e3o ou at\u00e9 3 matrizes, com sistema de cria\u00e7\u00e3o de confinamento ou mistos;<br \/><br \/>5. SANEAMENTO<\/strong>\u00a0<br \/><strong>\u00a0\u00a0\u00a0\u00a05.1. As Esta\u00e7\u00f5es de Tratamento de \u00c1gua com vaz\u00e3o inferior a 30 l\/s;\u00a0<br \/>\u00a0\u00a0\u00a0\u00a05.2. Todas as capta\u00e7\u00f5es superficiais (rios e minas) e subterr\u00e2neas, como tamb\u00e9m perfura\u00e7\u00e3o e opera\u00e7\u00e3o de po\u00e7os, sendo apenas necess\u00e1rio outorga ou a dispensa de outorga pela SUDERHSA;\u00a0<br \/>\u00a0\u00a0\u00a0\u00a05.3. As unidades de tratamento simplificado (apenas clora\u00e7\u00e3o + fluoreta\u00e7\u00e3o) das \u00e1guas de capta\u00e7\u00f5es superficiais e subterr\u00e2neas;\u00a0<br \/>\u00a0\u00a0\u00a0\u00a05.4. Rede de distribui\u00e7\u00e3o, adutoras, reservat\u00f3rios e elevat\u00f3rias de sistemas de abastecimento de \u00e1gua;\u00a0<br \/>\u00a0\u00a0\u00a0\u00a05.5. Coletores tronco e rede coletora de esgoto;<br \/>\u00a0\u00a0\u00a0\u00a05.6. Po\u00e7os tubulares tasos.\u00a0<br \/><br \/>6. OS EMPREENDIMENTOS COMERCIAIS E DE SERVI\u00c7OS ABAIXO LISTADOS:<br \/>\u00a0\u00a0\u00a0\u00a0 6.1. I. Estabelecimentos para comercializa\u00e7\u00e3o, manuten\u00e7\u00e3o e reparo de ve\u00edculos automotores, oficinas mec\u00e2nicas e lavadores de ve\u00edculos para autom\u00f3veis de passeio e utilit\u00e1rios de pequeno porte;\u00a0<br \/>\u00a0\u00a0\u00a0\u00a0\u00a06.2. Bares, panificadoras, a\u00e7ougues, restaurantes e casas noturnas;\u00a0<br \/>\u00a0\u00a0\u00a0\u00a0 6.3. Supermercados com \u00e1rea coberta de at\u00e9 10.000 m2;<br \/>\u00a0\u00a0\u00a0\u00a0 6.4.\u00a0Shopping centers com \u00e1rea coberta de at\u00e9 20.000 m2;<br \/>\u00a0\u00a0\u00a0\u00a0 6.5.\u00a0Hot\u00e9is e mot\u00e9is com at\u00e9 100 leitos;\u00a0<br \/>\u00a0\u00a0\u00a0\u00a0 6.6. Transporte Rodovi\u00e1rio Urbana e Interurbano de passageiros;<br \/>\u00a0\u00a0\u00a0\u00a0 6.7.Transporte de cargas em geral, desde que n\u00e3o perigosas;<br \/>\u00a0\u00a0\u00a0\u00a0 6.8.Estacionamento de ve\u00edculos;\u00a0<br \/>\u00a0\u00a0\u00a0\u00a0 6.9. Com\u00e9rcio de pe\u00e7as e acess\u00f3rios para ve\u00edculos automotores;<br \/>\u00a0\u00a0\u00a0 6.10.\u00a0Com\u00e9rcio varejista de mercadorias em geral, com predomin\u00e2ncia de produtos aliment\u00edcios, \u00e0 exce\u00e7\u00e3o de hipermercados e supermercados com \u00e1rea coberta superior a 10.000 m2;<br \/>\u00a0\u00a0\u00a0\u00a0 6.11. Com\u00e9rcio varejista de produtos aliment\u00edcios, bebidas e fumo;\u00a0<br \/>\u00a0\u00a0\u00a0\u00a0 6.12. Com\u00e9rcio varejista de material de constru\u00e7\u00e3o, desde que com \u00e1rea coberta inferior a 10.000 m2;<br \/>\u00a0\u00a0\u00a0\u00a0 6.13.Com\u00e9rcio varejista de equipamentos de inform\u00e1tica e comunica\u00e7\u00e3o; equipamentos e artigos de uso dom\u00e9stico;<br \/>\u00a0\u00a0\u00a0\u00a0 6.14. Com\u00e9rcio varejista de artigos culturais, recreativos e esportivos;\u00a0<br \/>\u00a0\u00a0\u00a0 6.15.\u00a0Com\u00e9rcio varejista de produtos de perfumaria e cosm\u00e9ticos e artigos m\u00e9dicos, \u00f3pticos e ortop\u00e9dicos;<br \/>\u00a0\u00a0\u00a0\u00a0 6.16.Limpa-fossa;<br \/>\u00a0\u00a0\u00a0\u00a0 6.17.Tratamento de dados, hospedagem na internet, cabos telef\u00f4nicos inclusive fibra \u00f3ptica, medidores de energia el\u00e9trica, e outras atividades relacionadas, bem como outras atividades de presta\u00e7\u00e3o de servi\u00e7os de informa\u00e7\u00e3o;<br \/>\u00a0\u00a0\u00a0\u00a0 6.18. Empresas prestadoras de servi\u00e7os de seguran\u00e7a, manuten\u00e7\u00e3o e limpeza;<br \/>\u00a0\u00a0\u00a0\u00a0 6.19.\u00a0Atividades de organiza\u00e7\u00f5es associativas patronais, empresariais, profissionais e recreativas;\u00a0<br \/>\u00a0\u00a0\u00a0\u00a0 6.20. \u00a0Estabelecimento de Ensino P\u00fablicos e Privados, exceto campus universit\u00e1rio;<br \/>\u00a0\u00a0\u00a0\u00a0 6.21.Com\u00e9rcio varejista de g\u00e1s liquefeito de petr\u00f3leo (GLP);<br \/>\u00a0\u00a0\u00a0\u00a0 6.22.Com\u00e9rcio ambulante e outros tipos de com\u00e9rcio varejista.\u00a0<br \/><br \/>7. OS EMPREENDIMENTOS DE SERVI\u00c7OS DE SA\u00daDE COM VOLUME DE GERA\u00c7\u00c3O DE RES\u00cdDUOS AT\u00c9 30 L L\/semana, exceto os que produzem res\u00edduos quimioter\u00e1picos, de acordo com o estabelecido na Resolu\u00e7\u00e3o CONAMA N\u00ba 358\/05 e na Resolu\u00e7\u00e3o Conjunta n.\u00ba 002\/2005 &#8211; SEMA\/SESA.<br \/><br \/>8. OS CORTES ISOLADOS DE ESP\u00c9CIES NATIVAS EM \u00c1REA URBANA\u00a0(at\u00e9 5 exemplares) desde que n\u00e3o constantes da Lista Vermelha de Esp\u00e9cies Amea\u00e7adas de Extin\u00e7\u00e3o e localizadas fora de \u00e1reas de preserva\u00e7\u00e3o permanente.\u00a0<br \/><br \/>9. AS ATIVIDADES E OPERA\u00c7\u00d5ES DE CONSERVA\u00c7\u00c3O, MANUTEN\u00c7\u00c3O, RESTAURA\u00c7\u00c3O E MELHORIAS PERMANENTES DAS RODOVIAS ESTADUAIS E VIAS MUNICIPAIS PAVIMENTADAS J\u00c1 EXISTENTES, bem como as instala\u00e7\u00f5es de apoio nas rodovias, tais como pra\u00e7as de ped\u00e1gio, servi\u00e7os de apoio ao usu\u00e1rio, garagem de ambul\u00e2ncia, torres de transmiss\u00e3o de r\u00e1dio, dentre outras.<br \/>\u00a0\u00a0\u00a0\u00a0\u00a0\u00a0\u00a0\u00a0\u00a0\u00a0\u00a0\u00a0 I. Para os fins previstos neste item, e de acordo com a Portaria Interministerial n\u00ba 273, de novembro de 2004,entende-se por:<br \/>\u00a0\u00a0\u00a0\u00a0\u00a0\u00a0\u00a0\u00a0\u00a0\u00a0\u00a0\u00a0\u00a0\u00a0\u00a0\u00a0\u00a0\u00a0\u00a0\u00a0 a. Conserva\u00e7\u00e3o de rodovias pavimentadas: servi\u00e7os de reparos nos defeitos ocasionados na obra de arte corrente ou pavimento, sendo de car\u00e1ter corretivo e n\u00e3o preventivo, incluindo-se, entre outros, a limpeza dos dispositivos de drenagem da rodovia e faixa de dom\u00ednio, tais como:<br \/>\u00a0\u00a0\u00a0\u00a0\u00a0\u00a0\u00a0\u00a0\u00a0\u00a0\u00a0\u00a0\u00a0\u00a0\u00a0\u00a0\u00a0\u00a0\u00a0 b. &#8220;tapa buraco&#8221;, reparo no meio fio, limpeza da sarjeta, desobstru\u00e7\u00e3o de bueiros, ro\u00e7ada do entorno de obra de arte especial, ro\u00e7ada de placas, ro\u00e7ada da vegeta\u00e7\u00e3o da faixa de dom\u00ednio da rodovia, limpeza do acostamento, reparos na sinaliza\u00e7\u00e3o vertical e horizontal.<br \/>\u00a0\u00a0\u00a0\u00a0\u00a0\u00a0\u00a0\u00a0\u00a0\u00a0\u00a0\u00a0\u00a0\u00a0\u00a0\u00a0\u00a0\u00a0\u00a0 c. Manuten\u00e7\u00e3o de rodovias pavimentadas: servi\u00e7os de reparo dos defeitos ocasionados pelo desgaste natural, face ao uso ou \u00e0 exposi\u00e7\u00e3o \u00e0s intemp\u00e9ries, onde se procura reabilitar as fun\u00e7\u00f5es de trafegabilidade, em car\u00e1ter preventivo, com interven\u00e7\u00f5es singelas, de baixo custo, tais como a sinaliza\u00e7\u00e3o horizontal e a recupera\u00e7\u00e3o asf\u00e1ltica.<br \/>\u00a0\u00a0\u00a0\u00a0\u00a0\u00a0\u00a0\u00a0\u00a0\u00a0\u00a0\u00a0\u00a0\u00a0\u00a0\u00a0\u00a0 d. Restaura\u00e7\u00e3o de rodovias pavimentadas: servi\u00e7os de reparos dos defeitos, reabilita\u00e7\u00e3o estrutural da rodovia, com aplica\u00e7\u00e3o de camadas de refor\u00e7os ou revitaliza\u00e7\u00e3o da base, reabilita\u00e7\u00e3o de trechos em elevado estado de deteriora\u00e7\u00e3o f\u00edsica dos pavimentos e das condi\u00e7\u00f5es dos elementos situados dentro da faixa de dom\u00ednio do corpo estradal.\u00a0<br \/><br \/>10. PAVIMENTA\u00c7\u00c3O, RECAPEAMENTO ASF\u00c1LTICO E DRENAGEM DE \u00c1GUAS PLUVIAIS bem como suas amplia\u00e7\u00f5es, em vias urbanas tais como definidas em lei.<br \/><br \/>11. AS LINHAS DE DISTRIBUI\u00c7\u00c3O DE ENERGIA COM FINS DE ELETRIFICA\u00c7\u00c3O RURAL, em que n\u00e3o ocorra corte\/supress\u00e3o de arvores e vegeta\u00e7\u00e3o, nem transposi\u00e7\u00e3o de \u00e1reas de preserva\u00e7\u00e3o permanente, bem como, medidores de energia el\u00e9trica, posteamento urbano para instala\u00e7\u00e3o de redes de distribui\u00e7\u00e3o de energia el\u00e9trica e de distribui\u00e7\u00e3o de sinal de TV a cabo.\u00a0<br \/><br \/>12. AS ESTA\u00c7\u00d5ES COMERCIAIS EMISSORAS DE CAMPOS ELETROMAGN\u00c9TICOS que se enquadram nas seguintes situa\u00e7\u00f5es:<br \/>\u00a0\u00a0\u00a0\u00a0\u00a0\u00a0\u00a0\u00a0\u00a0\u00a0\u00a0\u00a0 I. Radiocomunicadores instalados em ve\u00edculos terrestres, aqu\u00e1ticos ou a\u00e9reos;<br \/>\u00a0\u00a0\u00a0\u00a0\u00a0\u00a0\u00a0\u00a0\u00a0\u00a0\u00a0\u00a0 II. Esta\u00e7\u00f5es itinerantes para servi\u00e7os de telecomunica\u00e7\u00f5es;<br \/>\u00a0\u00a0\u00a0\u00a0\u00a0\u00a0\u00a0\u00a0\u00a0\u00a0\u00a0 III. Esta\u00e7\u00f5es de telecomunica\u00e7\u00f5es, tipo indoor, localizadas no interior de edifica\u00e7\u00f5es de uso exclusivo para melhoria de sinal nesses locais;<br \/>\u00a0\u00a0\u00a0\u00a0\u00a0\u00a0\u00a0\u00a0\u00a0\u00a0\u00a0 IV. Esta\u00e7\u00f5es instaladas em empreendimentos que j\u00e1 possuem licen\u00e7a ambiental para sua atividade fim espec\u00edfica, diversa da atividade de presta\u00e7\u00e3o do servi\u00e7o de telecomunica\u00e7\u00f5es e que utilizam desta tecnologia para fins n\u00e3o comerciais;\u00a0<br \/><br \/>13. OS PROJETOS DE IRRIGA\u00c7\u00c3O DE AT\u00c9 10 HECTARES;\u00a0<br \/><br \/>14. QUALQUER CONSTRU\u00c7\u00c3O, REFORMA OU AMPLIA\u00c7\u00c3O DE EDIFICA\u00c7\u00d5ES PARA FINS COMERCIAIS, DE MORADIA, LAZER, PR\u00c1TICAS ESPORTIVAS, E DE UTILIDADE P\u00daBLICA, tais como, escolas, quadras de esportes, pra\u00e7as, campos de futebol, centros de eventos, igrejas, templos religiosos, creches, centros de inclus\u00e3o digital, dentre outras localizados em \u00e1rea urbana j\u00e1 servidos de toda infra-estrutura, em especial rede de esgoto e coleta de res\u00edduos s\u00f3lidos urbanos.\u00a0<br \/><br \/>15. BENFEITORIAS RURAIS ONDE N\u00c3O HAJA TRANSFORMA\u00c7\u00c3O DE PRODUTOS;\u00a0<br \/><br \/>16. DESMEMBRAMENTO DE UM LOTE URBANO, quando comprovado que mesmo sendo parcelamento do solo trata-se de terreno consolidado no per\u00edmetro urbano e j\u00e1 dotado de infra-estrutura.\u00a0<br \/><br \/>17.APICULTURA EM GERAL;<br \/><br \/>18. TERRAPLANAGEM AT\u00c9 100 m<sup>3<\/sup>,\u00a0desde que n\u00e3o situada em \u00e1rea de preserva\u00e7\u00e3o permanente e Reserva Legal.<br \/><br \/>19. APARELHAMENTO (polimento, lixa\u00e7\u00e3o, alisamento) DE PEDRAS E FABRICA\u00c7\u00c3O DE OUTROS PRODUTOS DE MINERAIS N\u00c3O-MET\u00c1LICOS.<\/strong><\/p>\t\t\t\t\t\t<\/div>\n\t\t\t\t<\/div>\n\t\t\t\t<div class=\"elementor-element elementor-element-8ef5b63 elementor-widget-divider--view-line elementor-widget elementor-widget-divider\" data-id=\"8ef5b63\" data-element_type=\"widget\" data-widget_type=\"divider.default\">\n\t\t\t\t<div class=\"elementor-widget-container\">\n\t\t\t\t\t<div class=\"elementor-divider\">\n\t\t\t<span class=\"elementor-divider-separator\">\n\t\t\t\t\t\t<\/span>\n\t\t<\/div>\n\t\t\t\t<\/div>\n\t\t\t\t<\/div>\n\t\t\t\t\t<\/div>\n\t\t<\/div>\n\t\t\t\t<div class=\"elementor-column elementor-col-50 elementor-top-column elementor-element elementor-element-6bc0e53\" data-id=\"6bc0e53\" data-element_type=\"column\">\n\t\t\t<div class=\"elementor-widget-wrap elementor-element-populated\">\n\t\t\t\t\t\t\t\t<div class=\"elementor-element elementor-element-4dc1be7 elementor-widget elementor-widget-heading\" data-id=\"4dc1be7\" data-element_type=\"widget\" data-widget_type=\"heading.default\">\n\t\t\t\t<div class=\"elementor-widget-container\">\n\t\t\t<h2 class=\"elementor-heading-title elementor-size-default\">MAIS LIDAS\n<\/h2>\t\t<\/div>\n\t\t\t\t<\/div>\n\t\t\t\t<div class=\"elementor-element elementor-element-32c872d elementor-widget-divider--view-line elementor-widget elementor-widget-divider\" data-id=\"32c872d\" data-element_type=\"widget\" data-widget_type=\"divider.default\">\n\t\t\t\t<div class=\"elementor-widget-container\">\n\t\t\t\t\t<div class=\"elementor-divider\">\n\t\t\t<span class=\"elementor-divider-separator\">\n\t\t\t\t\t\t<\/span>\n\t\t<\/div>\n\t\t\t\t<\/div>\n\t\t\t\t<\/div>\n\t\t\t\t<div class=\"elementor-element elementor-element-e11675e elementor-widget elementor-widget-text-editor\" data-id=\"e11675e\" data-element_type=\"widget\" data-widget_type=\"text-editor.default\">\n\t\t\t\t<div class=\"elementor-widget-container\">\n\t\t\t\t\t\t\t<p><strong>01. <a href=\"http:\/\/ambienteduran.eng.br\/?page_id=790\">Consultoria Ambiental<\/a><\/strong><br \/><strong>02. <a href=\"http:\/\/ambienteduran.eng.br\/?page_id=802\">NOSSOS CONTATOS<\/a><\/strong><br \/><strong>03. <a href=\"http:\/\/ambienteduran.eng.br\/?page_id=835\">Compensa\u00e7\u00e3o Ambiental &#8211; im\u00f3veis urbanos<\/a><\/strong><br \/><strong>04. <a href=\"http:\/\/ambienteduran.eng.br\/?page_id=849\">Compra e venda de im\u00f3veis<\/a><\/strong><br \/><strong>05. <a href=\"http:\/\/ambienteduran.eng.br\/?page_id=857\">LICENCIAMENTO AMBIENTAL<\/a><\/strong><br \/><strong>06. <a href=\"http:\/\/ambienteduran.eng.br\/?page_id=887\">CONCEITOS NO NOVO C\u00d3DIGO FLORESTAL &#8211; ILUSTRADO (Art. 3\u00ba Lei 12.651\/12)<\/a><\/strong><br \/><strong>07. <a href=\"http:\/\/ambienteduran.eng.br\/?page_id=905\">DA DELIMITA\u00c7\u00c3O E PROTE\u00c7\u00c3O DAS \u00c1REAS DE PRESERVA\u00c7\u00c3O PERMANENTE<\/a><\/strong><br \/><strong>08. <a href=\"http:\/\/ambienteduran.eng.br\/?page_id=922\">USO DO SOLO DO PARAN\u00c1 &#8211; MMA\/PROBIO\/2005<\/a><\/strong><\/p>\t\t\t\t\t\t<\/div>\n\t\t\t\t<\/div>\n\t\t\t\t\t<\/div>\n\t\t<\/div>\n\t\t\t\t\t\t\t<\/div>\n\t\t<\/section>\n\t\t\t\t\t\t\t<\/div>\n\t\t","protected":false},"excerpt":{"rendered":"<p>QUANDO POSSO UTILIZAR A DISPENSA DO LICENCIAMENTO AMBIENTAL ESTADUAL &#8211; DLAE FUNDAMENTO LEGAL:\u00a0\u00a0\u00a0RESOLU\u00c7\u00c3O SEMA 51\/2009 1. OS EMPREENDIMENTOS INDUSTRIAIS E\/OU ARTESANAIS, CUJA ATIVIDADE ATENDA\u00a0TODOS OS CRIT\u00c9RIOS ABAIXO:\u00a0\u00a0\u00a0\u00a01.1. POSSUIR AT\u00c9 10 FUNCION\u00c1RIOS;\u00a0\u00a0\u00a0\u00a0\u00a01.2. N\u00c3O GERAR EFLUENTES L\u00cdQUIDOS INDUSTRIAIS, ou com efluentes gerados cuja vaz\u00e3o n\u00e3o ultrapasse 1 m\u00b3\/dia, nas atividades de processamento de vegetais para alimentos, latic\u00ednios [&hellip;]<\/p>\n","protected":false},"author":1,"featured_media":0,"parent":974,"menu_order":0,"comment_status":"closed","ping_status":"closed","template":"elementor_header_footer","meta":{"footnotes":""},"class_list":["post-1366","page","type-page","status-publish","hentry"],"_links":{"self":[{"href":"https:\/\/ambienteduran.eng.br\/index.php?rest_route=\/wp\/v2\/pages\/1366","targetHints":{"allow":["GET"]}}],"collection":[{"href":"https:\/\/ambienteduran.eng.br\/index.php?rest_route=\/wp\/v2\/pages"}],"about":[{"href":"https:\/\/ambienteduran.eng.br\/index.php?rest_route=\/wp\/v2\/types\/page"}],"author":[{"embeddable":true,"href":"https:\/\/ambienteduran.eng.br\/index.php?rest_route=\/wp\/v2\/users\/1"}],"replies":[{"embeddable":true,"href":"https:\/\/ambienteduran.eng.br\/index.php?rest_route=%2Fwp%2Fv2%2Fcomments&post=1366"}],"version-history":[{"count":4,"href":"https:\/\/ambienteduran.eng.br\/index.php?rest_route=\/wp\/v2\/pages\/1366\/revisions"}],"predecessor-version":[{"id":1370,"href":"https:\/\/ambienteduran.eng.br\/index.php?rest_route=\/wp\/v2\/pages\/1366\/revisions\/1370"}],"up":[{"embeddable":true,"href":"https:\/\/ambienteduran.eng.br\/index.php?rest_route=\/wp\/v2\/pages\/974"}],"wp:attachment":[{"href":"https:\/\/ambienteduran.eng.br\/index.php?rest_route=%2Fwp%2Fv2%2Fmedia&parent=1366"}],"curies":[{"name":"wp","href":"https:\/\/api.w.org\/{rel}","templated":true}]}}