{"id":3111,"date":"2022-08-24T17:30:51","date_gmt":"2022-08-24T20:30:51","guid":{"rendered":"http:\/\/ambienteduran.eng.br\/?page_id=3111"},"modified":"2022-08-24T17:36:16","modified_gmt":"2022-08-24T20:36:16","slug":"geracao-de-energia-leg-2","status":"publish","type":"page","link":"https:\/\/ambienteduran.eng.br\/?page_id=3111","title":{"rendered":"Gera\u00e7\u00e3o de Energia &#8211; LEG"},"content":{"rendered":"\t\t<div data-elementor-type=\"wp-page\" data-elementor-id=\"3111\" class=\"elementor elementor-3111\">\n\t\t\t\t\t\t\t\t\t<section class=\"elementor-section elementor-top-section elementor-element elementor-element-25d42c2 elementor-section-boxed elementor-section-height-default elementor-section-height-default\" data-id=\"25d42c2\" data-element_type=\"section\">\n\t\t\t\t\t\t<div class=\"elementor-container elementor-column-gap-default\">\n\t\t\t\t\t<div class=\"elementor-column elementor-col-50 elementor-top-column elementor-element elementor-element-a108226\" data-id=\"a108226\" data-element_type=\"column\">\n\t\t\t<div class=\"elementor-widget-wrap elementor-element-populated\">\n\t\t\t\t\t\t\t\t<div class=\"elementor-element elementor-element-f711c35 elementor-widget elementor-widget-heading\" data-id=\"f711c35\" data-element_type=\"widget\" data-widget_type=\"heading.default\">\n\t\t\t\t<div class=\"elementor-widget-container\">\n\t\t\t<style>\/*! elementor - v3.7.1 - 14-08-2022 *\/\n.elementor-heading-title{padding:0;margin:0;line-height:1}.elementor-widget-heading .elementor-heading-title[class*=elementor-size-]>a{color:inherit;font-size:inherit;line-height:inherit}.elementor-widget-heading .elementor-heading-title.elementor-size-small{font-size:15px}.elementor-widget-heading .elementor-heading-title.elementor-size-medium{font-size:19px}.elementor-widget-heading .elementor-heading-title.elementor-size-large{font-size:29px}.elementor-widget-heading .elementor-heading-title.elementor-size-xl{font-size:39px}.elementor-widget-heading .elementor-heading-title.elementor-size-xxl{font-size:59px}<\/style><h2 class=\"elementor-heading-title elementor-size-default\">GERA\u00c7\u00c3O DE ENERGIA - MICRO E MINICENTRAL - PCH - UHE - UTE - EOL - SUBESTA\u00c7\u00c3O E LINHAS - LEG\n<\/h2>\t\t<\/div>\n\t\t\t\t<\/div>\n\t\t\t\t<div class=\"elementor-element elementor-element-7b70cf0 elementor-widget-divider--view-line elementor-widget elementor-widget-divider\" data-id=\"7b70cf0\" data-element_type=\"widget\" data-widget_type=\"divider.default\">\n\t\t\t\t<div class=\"elementor-widget-container\">\n\t\t\t<style>\/*! elementor - v3.7.1 - 14-08-2022 *\/\n.elementor-widget-divider{--divider-border-style:none;--divider-border-width:1px;--divider-color:#2c2c2c;--divider-icon-size:20px;--divider-element-spacing:10px;--divider-pattern-height:24px;--divider-pattern-size:20px;--divider-pattern-url:none;--divider-pattern-repeat:repeat-x}.elementor-widget-divider .elementor-divider{display:-webkit-box;display:-ms-flexbox;display:flex}.elementor-widget-divider .elementor-divider__text{font-size:15px;line-height:1;max-width:95%}.elementor-widget-divider .elementor-divider__element{margin:0 var(--divider-element-spacing);-ms-flex-negative:0;flex-shrink:0}.elementor-widget-divider .elementor-icon{font-size:var(--divider-icon-size)}.elementor-widget-divider .elementor-divider-separator{display:-webkit-box;display:-ms-flexbox;display:flex;margin:0;direction:ltr}.elementor-widget-divider--view-line_icon .elementor-divider-separator,.elementor-widget-divider--view-line_text .elementor-divider-separator{-webkit-box-align:center;-ms-flex-align:center;align-items:center}.elementor-widget-divider--view-line_icon .elementor-divider-separator:after,.elementor-widget-divider--view-line_icon .elementor-divider-separator:before,.elementor-widget-divider--view-line_text .elementor-divider-separator:after,.elementor-widget-divider--view-line_text .elementor-divider-separator:before{display:block;content:\"\";border-bottom:0;-webkit-box-flex:1;-ms-flex-positive:1;flex-grow:1;border-top:var(--divider-border-width) var(--divider-border-style) var(--divider-color)}.elementor-widget-divider--element-align-left .elementor-divider .elementor-divider-separator>.elementor-divider__svg:first-of-type{-webkit-box-flex:0;-ms-flex-positive:0;flex-grow:0;-ms-flex-negative:100;flex-shrink:100}.elementor-widget-divider--element-align-left .elementor-divider-separator:before{content:none}.elementor-widget-divider--element-align-left .elementor-divider__element{margin-left:0}.elementor-widget-divider--element-align-right .elementor-divider .elementor-divider-separator>.elementor-divider__svg:last-of-type{-webkit-box-flex:0;-ms-flex-positive:0;flex-grow:0;-ms-flex-negative:100;flex-shrink:100}.elementor-widget-divider--element-align-right .elementor-divider-separator:after{content:none}.elementor-widget-divider--element-align-right .elementor-divider__element{margin-right:0}.elementor-widget-divider:not(.elementor-widget-divider--view-line_text):not(.elementor-widget-divider--view-line_icon) .elementor-divider-separator{border-top:var(--divider-border-width) var(--divider-border-style) var(--divider-color)}.elementor-widget-divider--separator-type-pattern{--divider-border-style:none}.elementor-widget-divider--separator-type-pattern.elementor-widget-divider--view-line .elementor-divider-separator,.elementor-widget-divider--separator-type-pattern:not(.elementor-widget-divider--view-line) .elementor-divider-separator:after,.elementor-widget-divider--separator-type-pattern:not(.elementor-widget-divider--view-line) .elementor-divider-separator:before,.elementor-widget-divider--separator-type-pattern:not([class*=elementor-widget-divider--view]) .elementor-divider-separator{width:100%;min-height:var(--divider-pattern-height);-webkit-mask-size:var(--divider-pattern-size) 100%;mask-size:var(--divider-pattern-size) 100%;-webkit-mask-repeat:var(--divider-pattern-repeat);mask-repeat:var(--divider-pattern-repeat);background-color:var(--divider-color);-webkit-mask-image:var(--divider-pattern-url);mask-image:var(--divider-pattern-url)}.elementor-widget-divider--no-spacing{--divider-pattern-size:auto}.elementor-widget-divider--bg-round{--divider-pattern-repeat:round}.rtl .elementor-widget-divider .elementor-divider__text{direction:rtl}.e-container>.elementor-widget-divider{width:var(--container-widget-width,100%);-webkit-box-flex:1;-ms-flex-positive:1;flex-grow:1}<\/style>\t\t<div class=\"elementor-divider\">\n\t\t\t<span class=\"elementor-divider-separator\">\n\t\t\t\t\t\t<\/span>\n\t\t<\/div>\n\t\t\t\t<\/div>\n\t\t\t\t<\/div>\n\t\t\t\t<div class=\"elementor-element elementor-element-ef19167 elementor-widget elementor-widget-text-editor\" data-id=\"ef19167\" data-element_type=\"widget\" data-widget_type=\"text-editor.default\">\n\t\t\t\t<div class=\"elementor-widget-container\">\n\t\t\t<style>\/*! elementor - v3.7.1 - 14-08-2022 *\/\n.elementor-widget-text-editor.elementor-drop-cap-view-stacked .elementor-drop-cap{background-color:#818a91;color:#fff}.elementor-widget-text-editor.elementor-drop-cap-view-framed .elementor-drop-cap{color:#818a91;border:3px solid;background-color:transparent}.elementor-widget-text-editor:not(.elementor-drop-cap-view-default) .elementor-drop-cap{margin-top:8px}.elementor-widget-text-editor:not(.elementor-drop-cap-view-default) .elementor-drop-cap-letter{width:1em;height:1em}.elementor-widget-text-editor .elementor-drop-cap{float:left;text-align:center;line-height:1;font-size:50px}.elementor-widget-text-editor .elementor-drop-cap-letter{display:inline-block}<\/style>\t\t\t\t<p><strong>\u25ba\u00a0<a href=\"http:\/\/www.mma.gov.br\/port\/conama\/legiabre.cfm?codlegi=23\" target=\"_blank\" rel=\"noopener\">Resolu\u00e7\u00e3o CONAMA 01, de 23 de janeiro de 1986<\/a> &#8211; Disp\u00f5e sobre crit\u00e9rios b\u00e1sicos e diretrizes gerais para a avalia\u00e7\u00e3o de impacto ambiental.<\/strong><br \/><strong>\u25ba\u00a0<a href=\"http:\/\/www.mma.gov.br\/port\/conama\/legiabre.cfm?codlegi=57\" target=\"_blank\" rel=\"noopener\">Resolu\u00e7\u00e3o CONAMA 06, de 16 de setembro de 1987<\/a>\u00a0&#8211; disp\u00f5e sobre o licenciamento ambiental de obras do setor de gera\u00e7\u00e3o de energia el\u00e9trica.<\/strong><br \/><strong>\u25ba\u00a0<a href=\"http:\/\/www.iap.pr.gov.br\/arquivos\/File\/Legislacao_ambiental\/Legislacao_federal\/RESOLUCAO_ANEEL_394_1998.pdf\" target=\"_blank\" rel=\"noopener\">Resolu\u00e7\u00e3o ANEEL 394, de 04 de dezembro de 1998<\/a>\u00a0&#8211; estabelece os crit\u00e9rios para o enquadramento de empreendimentos hidrel\u00e9tricos na condi\u00e7\u00e3o de pequenas centrais hidrel\u00e9tricas.<\/strong><br \/><strong>\u25ba\u00a0<a href=\"http:\/\/www.mma.gov.br\/port\/conama\/legiabre.cfm?codlegi=277\" target=\"_blank\" rel=\"noopener\">Resolu\u00e7\u00e3o CONAMA 279, de 27 de junho de 2001<\/a>\u00a0&#8211; estabelece procedimentos para o licenciamento ambiental simplificado de empreendimentos el\u00e9tricos com pequeno potencial de impacto ambiental.<\/strong><br \/><strong>\u25ba\u00a0<a href=\"http:\/\/www.mma.gov.br\/port\/conama\/legiabre.cfm?codlegi=298\">Resolu\u00e7\u00e3o CONAMA 302, de 20 de mar\u00e7o de 2002<\/a>\u00a0&#8211; disp\u00f5e sobre os par\u00e2metros, defini\u00e7\u00f5es e limites de \u00c1reas de Preserva\u00e7\u00e3o Permanente de reservat\u00f3rios artificiais e o regime de uso do entorno.<\/strong><br \/><strong>\u25ba\u00a0<a href=\"http:\/\/www.mma.gov.br\/port\/conama\/legiabre.cfm?codlegi=299\" target=\"_blank\" rel=\"noopener\">Resolu\u00e7\u00e3o CONAMA 303, de 20 de mar\u00e7o de 2002<\/a>\u00a0&#8211; disp\u00f5e sobre par\u00e2metros, defini\u00e7\u00f5es e limites de \u00c1reas de Preserva\u00e7\u00e3o Permanente.<\/strong><br \/><strong>\u25ba\u00a0<a href=\"http:\/\/ambienteduran.eng.br\/wp-content\/uploads\/2022\/08\/RESOLUCAO_CEMA_65_2008.pdf\">Resolu\u00e7\u00e3o CEMA 65, de 01 de julho de 2008<\/a>\u00a0&#8211; disp\u00f5e sobre o licenciamento ambiental, estabelece crit\u00e9rios e procedimentos a serem adotados para as atividades poluidoras, degradadoras e\/ou modificadoras do meio ambiente e adota outras provid\u00eancias.<\/strong><br \/><strong>\u25ba\u00a0<a href=\"http:\/\/ambienteduran.eng.br\/wp-content\/uploads\/2022\/08\/RESOLUCAO_SEMA_IAP_05_2010_PCH.pdf\"><span style=\"text-decoration: line-through;\">Resolu\u00e7\u00e3o Conjunta SEMA \/ IAP 05, de 20 de maio de 2010<\/span><\/a><span style=\"text-decoration: line-through;\">\u00a0&#8211; estabelece procedimentos para licenciamentos de unidades de gera\u00e7\u00e3o, transmiss\u00e3o e distribui\u00e7\u00e3o de energia el\u00e9trica no Estado do Paran\u00e1.<\/span>\u00a0<span style=\"color: #ff6600;\">REVOGADA PELA RESOLU\u00c7\u00c3O SEMA<\/span> \/ IAP 09\/2010<\/strong><br \/><strong>\u25ba\u00a0<a href=\"http:\/\/ambienteduran.eng.br\/wp-content\/uploads\/2022\/08\/RESOLUCAO_CONJUNTA_SEMA_IAP_09_2010_PCHs.pdf\" target=\"_blank\" rel=\"noopener\">Resolu\u00e7\u00e3o Conjunta SEMA \/ IAP 09, de 03 de novembro de 2010<\/a>\u00a0&#8211; D\u00e1 nova reda\u00e7\u00e3o a Resolu\u00e7\u00e3o Conjunta SEMA\/IAP n\u00ba005\/2010, estabelecendo procedimentos para licenciamentos de unidades de gera\u00e7\u00e3o, transmiss\u00e3o e distribui\u00e7\u00e3o de energia el\u00e9trica no Estado do Paran\u00e1.<\/strong><br \/><strong>\u25ba\u00a0Portaria Interministerial n\u00ba 421, de 26 de outubro de 2011\u00a0&#8211; Disp\u00f5e sobre o licenciamento e a regulariza\u00e7\u00e3o ambiental federal de sistemas de transmiss\u00e3o de energia el\u00e9trica e d\u00e1 outras provid\u00eancias.<\/strong><br \/><strong>\u25ba\u00a0<a href=\"http:\/\/www.mma.gov.br\/port\/conama\/legiabre.cfm?codlegi=703\" target=\"_blank\" rel=\"noopener\">Resolu\u00e7\u00e3o CONAMA 462, de 24 de julho de 2014<\/a>\u00a0&#8211;\u00a0Estabelece procedimentos para o licenciamento ambiental de\u00a0empreendimentos de gera\u00e7\u00e3o de energia el\u00e9trica a partir de<\/strong><br \/><strong>fonte e\u00f3lica em superf\u00edcie terrestre, altera o art. 1\u00ba da\u00a0Resolu\u00e7\u00e3o CONAMA n.\u00ba 279, de 27 de julho de 2001, e d\u00e1outras provid\u00eancias.<\/strong><br \/><strong>\u25ba\u00a0<a href=\"http:\/\/www.planalto.gov.br\/CCIVIL_03\/_Ato2015-2018\/2015\/Lei\/L13097.htm\" target=\"_blank\" rel=\"noopener\">Lei Federal n\u00ba 13.097, de 19 de janeiro de 2015\u00a0<\/a>&#8211;\u00a0Reduz a zero as al\u00edquotas da Contribui\u00e7\u00e3o para o PIS\/PASEP, da COFINS, da Contribui\u00e7\u00e3o para o PIS\/Pasep-Importa\u00e7\u00e3o e da Cofins-Importa\u00e7\u00e3o incidentes sobre a receita de vendas e na importa\u00e7\u00e3o de partes utilizadas em aerogeradores; prorroga os benef\u00edcios previstos nas Leis nos 9.250, de 26 de dezembro de 1995, 9.440, de 14 de mar\u00e7o de 1997, 10.931, de 2 de agosto de 2004, 11.196, de 21 de novembro de 2005, 12.024, de 27 de agosto de 2009, e 12.375, de 30 de dezembro de 2010; altera o art. 46 da Lei no 12.715, de 17 de setembro de 2012, que disp\u00f5e sobre a devolu\u00e7\u00e3o ao exterior ou a destrui\u00e7\u00e3o de mercadoria estrangeira cuja importa\u00e7\u00e3o n\u00e3o seja autorizada; altera as Leis nos 9.430, de 27 de dezembro de 1996, 12.546, de 14 de dezembro de 2011, 12.973, de 13 de maio de 2014, 9.826, de 23 de agosto de 1999, 10.833, de 29 de dezembro de 2003, 10.865, de 30 de abril de 2004, 11.051, de 29 de dezembro de 2004, 11.774, de 17 de setembro de 2008, 10.637, de 30 de dezembro de 2002, 12.249, de 11 de junho de 2010, 10.522, de 19 de julho de 2002, 12.865, de 9 de outubro de 2013, 10.820, de 17 de dezembro de 2003, 6.634, de 2 de maio de 1979, 7.433, de 18 de dezembro de 1985, 11.977, de 7 de julho de 2009, 10.931, de 2 de agosto de 2004, 11.076, de 30 de dezembro de 2004, 9.514, de 20 de novembro de 1997, 9.427, de 26 de dezembro de 1996, 9.074, de 7 de julho de 1995, 12.783, de 11 de janeiro de 2013, 11.943, de 28 de maio de 2009, 10.848, de 15 de mar\u00e7o de 2004, 7.565, de 19 de dezembro de 1986, 12.462, de 4 de agosto de 2011, 9.503, de 23 de setembro de 1997, 11.442, de 5 de janeiro de 2007, 8.666, de 21 de junho de 1993, 9.782, de 26 de janeiro de 1999, 6.360, de 23 de setembro de 1976, 5.991, de 17 de dezembro de 1973, 12.850, de 2 de agosto de 2013, 5.070, de 7 de julho de 1966, 9.472, de 16 de julho de 1997, 10.480, de 2 de julho de 2002, 8.112, de 11 de dezembro de 1990, 6.530, de 12 de maio de 1978, 5.764, de 16 de dezembro de 1971, 8.080, de 19 de setembro de 1990, 11.079, de 30 de dezembro de 2004, 13.043, de 13 de novembro de 2014, 8.987, de 13 de fevereiro de 1995, 10.925, de 23 de julho de 2004, 12.096, de 24 de novembro de 2009, 11.482, de 31 de maio de 2007, 7.713, de 22 de dezembro de 1988, a Lei Complementar no 123, de 14 de dezembro de 2006, o Decreto-Lei no 745, de 7 de agosto de 1969, e o Decreto no 70.235, de 6 de mar\u00e7o de 1972; revoga dispositivos das Leis nos 4.380, de 21 de agosto de 1964, 6.360, de 23 de setembro de 1976, 7.789, de 23 de novembro de 1989, 8.666, de 21 de junho de 1993, 9.782, de 26 de janeiro de 1999, 10.150, de 21 de dezembro de 2000, 9.430, de 27 de dezembro de 1996, 12.973, de 13 de maio de 2014, 8.177, de 1o de mar\u00e7o de 1991, 10.637, de 30 de dezembro de 2002, 10.833, de 29 de dezembro de 2003, 10.865, de 30 de abril de 2004, 11.051, de 29 de dezembro de 2004 e 9.514, de 20 de novembro de 1997, e do Decreto-Lei no 3.365, de 21 de junho de 1941; e d\u00e1 outras provid\u00eancias.<\/strong><br \/><strong>\u25ba\u00a0<a href=\"http:\/\/celepar7.pr.gov.br\/sia\/atosnormativos\/form_cons_ato1.asp?Codigo=2917\" target=\"_blank\" rel=\"noopener\">Portaria IAP n\u00ba 95, de 28 de abril de 2015<\/a>&#8211; Adotar e exigir a metodologia desenvolvida por Dias (2001) apresentada no anexo desta Portaria para defini\u00e7\u00e3o da metragem da \u00e1rea de preserva\u00e7\u00e3o permanente para os empreendimentos de gera\u00e7\u00e3o de energia el\u00e9trica.\u00a0<a href=\"http:\/\/ambienteduran.eng.br\/wp-content\/uploads\/2022\/08\/ANEXO-DA-PORTARIA-69_2015-DIAGRAMA-EXPLICATIVO.pdf\" target=\"_blank\" rel=\"noopener\">Anexo da Portaria &#8211; DIAGRAMA EXPLICATIVO<\/a><\/strong><\/p>\t\t\t\t\t\t<\/div>\n\t\t\t\t<\/div>\n\t\t\t\t<div class=\"elementor-element elementor-element-e8f50a0 elementor-widget elementor-widget-text-editor\" data-id=\"e8f50a0\" data-element_type=\"widget\" data-widget_type=\"text-editor.default\">\n\t\t\t\t<div class=\"elementor-widget-container\">\n\t\t\t\t\t\t\t<p><strong><a href=\"http:\/\/ambienteduran.eng.br\/?page_id=3097\">PROCEDIMENTOS ADMINISTRATIVOS<\/a><\/strong><\/p>\t\t\t\t\t\t<\/div>\n\t\t\t\t<\/div>\n\t\t\t\t<div class=\"elementor-element elementor-element-8ef5b63 elementor-widget-divider--view-line elementor-widget elementor-widget-divider\" data-id=\"8ef5b63\" data-element_type=\"widget\" data-widget_type=\"divider.default\">\n\t\t\t\t<div class=\"elementor-widget-container\">\n\t\t\t\t\t<div class=\"elementor-divider\">\n\t\t\t<span class=\"elementor-divider-separator\">\n\t\t\t\t\t\t<\/span>\n\t\t<\/div>\n\t\t\t\t<\/div>\n\t\t\t\t<\/div>\n\t\t\t\t\t<\/div>\n\t\t<\/div>\n\t\t\t\t<div class=\"elementor-column elementor-col-50 elementor-top-column elementor-element elementor-element-6bc0e53\" data-id=\"6bc0e53\" data-element_type=\"column\">\n\t\t\t<div class=\"elementor-widget-wrap elementor-element-populated\">\n\t\t\t\t\t\t\t\t<div class=\"elementor-element elementor-element-4dc1be7 elementor-widget elementor-widget-heading\" data-id=\"4dc1be7\" data-element_type=\"widget\" data-widget_type=\"heading.default\">\n\t\t\t\t<div class=\"elementor-widget-container\">\n\t\t\t<h2 class=\"elementor-heading-title elementor-size-default\">MAIS LIDAS\n<\/h2>\t\t<\/div>\n\t\t\t\t<\/div>\n\t\t\t\t<div class=\"elementor-element elementor-element-32c872d elementor-widget-divider--view-line elementor-widget elementor-widget-divider\" data-id=\"32c872d\" data-element_type=\"widget\" data-widget_type=\"divider.default\">\n\t\t\t\t<div class=\"elementor-widget-container\">\n\t\t\t\t\t<div class=\"elementor-divider\">\n\t\t\t<span class=\"elementor-divider-separator\">\n\t\t\t\t\t\t<\/span>\n\t\t<\/div>\n\t\t\t\t<\/div>\n\t\t\t\t<\/div>\n\t\t\t\t<div class=\"elementor-element elementor-element-e11675e elementor-widget elementor-widget-text-editor\" data-id=\"e11675e\" data-element_type=\"widget\" data-widget_type=\"text-editor.default\">\n\t\t\t\t<div class=\"elementor-widget-container\">\n\t\t\t\t\t\t\t<p><strong>01. <a href=\"http:\/\/ambienteduran.eng.br\/?page_id=790\">Consultoria Ambiental<\/a><\/strong><br \/><strong>02. <a href=\"http:\/\/ambienteduran.eng.br\/?page_id=802\">NOSSOS CONTATOS<\/a><\/strong><br \/><strong>03. <a href=\"http:\/\/ambienteduran.eng.br\/?page_id=835\">Compensa\u00e7\u00e3o Ambiental &#8211; im\u00f3veis urbanos<\/a><\/strong><br \/><strong>04. <a href=\"http:\/\/ambienteduran.eng.br\/?page_id=849\">Compra e venda de im\u00f3veis<\/a><\/strong><br \/><strong>05. <a href=\"http:\/\/ambienteduran.eng.br\/?page_id=857\">LICENCIAMENTO AMBIENTAL<\/a><\/strong><br \/><strong>06. <a href=\"http:\/\/ambienteduran.eng.br\/?page_id=887\">CONCEITOS NO NOVO C\u00d3DIGO FLORESTAL &#8211; ILUSTRADO (Art. 3\u00ba Lei 12.651\/12)<\/a><\/strong><br \/><strong>07. <a href=\"http:\/\/ambienteduran.eng.br\/?page_id=905\">DA DELIMITA\u00c7\u00c3O E PROTE\u00c7\u00c3O DAS \u00c1REAS DE PRESERVA\u00c7\u00c3O PERMANENTE<\/a><\/strong><br \/><strong>08. <a href=\"http:\/\/ambienteduran.eng.br\/?page_id=922\">USO DO SOLO DO PARAN\u00c1 &#8211; MMA\/PROBIO\/2005<\/a><\/strong><\/p>\t\t\t\t\t\t<\/div>\n\t\t\t\t<\/div>\n\t\t\t\t\t<\/div>\n\t\t<\/div>\n\t\t\t\t\t\t\t<\/div>\n\t\t<\/section>\n\t\t\t\t\t\t\t<\/div>\n\t\t","protected":false},"excerpt":{"rendered":"<p>GERA\u00c7\u00c3O DE ENERGIA &#8211; MICRO E MINICENTRAL &#8211; PCH &#8211; UHE &#8211; UTE &#8211; EOL &#8211; SUBESTA\u00c7\u00c3O E LINHAS &#8211; LEG \u25ba\u00a0Resolu\u00e7\u00e3o CONAMA 01, de 23 de janeiro de 1986 &#8211; Disp\u00f5e sobre crit\u00e9rios b\u00e1sicos e diretrizes gerais para a avalia\u00e7\u00e3o de impacto ambiental.\u25ba\u00a0Resolu\u00e7\u00e3o CONAMA 06, de 16 de setembro de 1987\u00a0&#8211; disp\u00f5e sobre o [&hellip;]<\/p>\n","protected":false},"author":1,"featured_media":0,"parent":3097,"menu_order":0,"comment_status":"closed","ping_status":"closed","template":"elementor_header_footer","meta":{"footnotes":""},"class_list":["post-3111","page","type-page","status-publish","hentry"],"_links":{"self":[{"href":"https:\/\/ambienteduran.eng.br\/index.php?rest_route=\/wp\/v2\/pages\/3111","targetHints":{"allow":["GET"]}}],"collection":[{"href":"https:\/\/ambienteduran.eng.br\/index.php?rest_route=\/wp\/v2\/pages"}],"about":[{"href":"https:\/\/ambienteduran.eng.br\/index.php?rest_route=\/wp\/v2\/types\/page"}],"author":[{"embeddable":true,"href":"https:\/\/ambienteduran.eng.br\/index.php?rest_route=\/wp\/v2\/users\/1"}],"replies":[{"embeddable":true,"href":"https:\/\/ambienteduran.eng.br\/index.php?rest_route=%2Fwp%2Fv2%2Fcomments&post=3111"}],"version-history":[{"count":13,"href":"https:\/\/ambienteduran.eng.br\/index.php?rest_route=\/wp\/v2\/pages\/3111\/revisions"}],"predecessor-version":[{"id":3128,"href":"https:\/\/ambienteduran.eng.br\/index.php?rest_route=\/wp\/v2\/pages\/3111\/revisions\/3128"}],"up":[{"embeddable":true,"href":"https:\/\/ambienteduran.eng.br\/index.php?rest_route=\/wp\/v2\/pages\/3097"}],"wp:attachment":[{"href":"https:\/\/ambienteduran.eng.br\/index.php?rest_route=%2Fwp%2Fv2%2Fmedia&parent=3111"}],"curies":[{"name":"wp","href":"https:\/\/api.w.org\/{rel}","templated":true}]}}