{"id":3643,"date":"2022-08-25T16:25:40","date_gmt":"2022-08-25T19:25:40","guid":{"rendered":"http:\/\/ambienteduran.eng.br\/?page_id=3643"},"modified":"2022-08-25T16:32:55","modified_gmt":"2022-08-25T19:32:55","slug":"linha-de-distribuicao-aa","status":"publish","type":"page","link":"https:\/\/ambienteduran.eng.br\/?page_id=3643","title":{"rendered":"Linha de Distribui\u00e7\u00e3o &#8211; AA"},"content":{"rendered":"\t\t<div data-elementor-type=\"wp-page\" data-elementor-id=\"3643\" class=\"elementor elementor-3643\">\n\t\t\t\t\t\t\t\t\t<section class=\"elementor-section elementor-top-section elementor-element elementor-element-25d42c2 elementor-section-boxed elementor-section-height-default elementor-section-height-default\" data-id=\"25d42c2\" data-element_type=\"section\">\n\t\t\t\t\t\t<div class=\"elementor-container elementor-column-gap-default\">\n\t\t\t\t\t<div class=\"elementor-column elementor-col-50 elementor-top-column elementor-element elementor-element-a108226\" data-id=\"a108226\" data-element_type=\"column\">\n\t\t\t<div class=\"elementor-widget-wrap elementor-element-populated\">\n\t\t\t\t\t\t\t\t<div class=\"elementor-element elementor-element-f711c35 elementor-widget elementor-widget-heading\" data-id=\"f711c35\" data-element_type=\"widget\" data-widget_type=\"heading.default\">\n\t\t\t\t<div class=\"elementor-widget-container\">\n\t\t\t<style>\/*! elementor - v3.7.1 - 14-08-2022 *\/\n.elementor-heading-title{padding:0;margin:0;line-height:1}.elementor-widget-heading .elementor-heading-title[class*=elementor-size-]>a{color:inherit;font-size:inherit;line-height:inherit}.elementor-widget-heading .elementor-heading-title.elementor-size-small{font-size:15px}.elementor-widget-heading .elementor-heading-title.elementor-size-medium{font-size:19px}.elementor-widget-heading .elementor-heading-title.elementor-size-large{font-size:29px}.elementor-widget-heading .elementor-heading-title.elementor-size-xl{font-size:39px}.elementor-widget-heading .elementor-heading-title.elementor-size-xxl{font-size:59px}<\/style><h2 class=\"elementor-heading-title elementor-size-default\">RELA\u00c7\u00c3O DE DOCUMENTOS PARA AUTORIZA\u00c7\u00c3O AMBIENTAL PARA LINHA DE DISTRIBUI\u00c7\u00c3O\n<\/h2>\t\t<\/div>\n\t\t\t\t<\/div>\n\t\t\t\t<div class=\"elementor-element elementor-element-7b70cf0 elementor-widget-divider--view-line elementor-widget elementor-widget-divider\" data-id=\"7b70cf0\" data-element_type=\"widget\" data-widget_type=\"divider.default\">\n\t\t\t\t<div class=\"elementor-widget-container\">\n\t\t\t<style>\/*! elementor - v3.7.1 - 14-08-2022 *\/\n.elementor-widget-divider{--divider-border-style:none;--divider-border-width:1px;--divider-color:#2c2c2c;--divider-icon-size:20px;--divider-element-spacing:10px;--divider-pattern-height:24px;--divider-pattern-size:20px;--divider-pattern-url:none;--divider-pattern-repeat:repeat-x}.elementor-widget-divider .elementor-divider{display:-webkit-box;display:-ms-flexbox;display:flex}.elementor-widget-divider .elementor-divider__text{font-size:15px;line-height:1;max-width:95%}.elementor-widget-divider .elementor-divider__element{margin:0 var(--divider-element-spacing);-ms-flex-negative:0;flex-shrink:0}.elementor-widget-divider .elementor-icon{font-size:var(--divider-icon-size)}.elementor-widget-divider .elementor-divider-separator{display:-webkit-box;display:-ms-flexbox;display:flex;margin:0;direction:ltr}.elementor-widget-divider--view-line_icon .elementor-divider-separator,.elementor-widget-divider--view-line_text .elementor-divider-separator{-webkit-box-align:center;-ms-flex-align:center;align-items:center}.elementor-widget-divider--view-line_icon .elementor-divider-separator:after,.elementor-widget-divider--view-line_icon .elementor-divider-separator:before,.elementor-widget-divider--view-line_text .elementor-divider-separator:after,.elementor-widget-divider--view-line_text .elementor-divider-separator:before{display:block;content:\"\";border-bottom:0;-webkit-box-flex:1;-ms-flex-positive:1;flex-grow:1;border-top:var(--divider-border-width) var(--divider-border-style) var(--divider-color)}.elementor-widget-divider--element-align-left .elementor-divider .elementor-divider-separator>.elementor-divider__svg:first-of-type{-webkit-box-flex:0;-ms-flex-positive:0;flex-grow:0;-ms-flex-negative:100;flex-shrink:100}.elementor-widget-divider--element-align-left .elementor-divider-separator:before{content:none}.elementor-widget-divider--element-align-left .elementor-divider__element{margin-left:0}.elementor-widget-divider--element-align-right .elementor-divider .elementor-divider-separator>.elementor-divider__svg:last-of-type{-webkit-box-flex:0;-ms-flex-positive:0;flex-grow:0;-ms-flex-negative:100;flex-shrink:100}.elementor-widget-divider--element-align-right .elementor-divider-separator:after{content:none}.elementor-widget-divider--element-align-right .elementor-divider__element{margin-right:0}.elementor-widget-divider:not(.elementor-widget-divider--view-line_text):not(.elementor-widget-divider--view-line_icon) .elementor-divider-separator{border-top:var(--divider-border-width) var(--divider-border-style) var(--divider-color)}.elementor-widget-divider--separator-type-pattern{--divider-border-style:none}.elementor-widget-divider--separator-type-pattern.elementor-widget-divider--view-line .elementor-divider-separator,.elementor-widget-divider--separator-type-pattern:not(.elementor-widget-divider--view-line) .elementor-divider-separator:after,.elementor-widget-divider--separator-type-pattern:not(.elementor-widget-divider--view-line) .elementor-divider-separator:before,.elementor-widget-divider--separator-type-pattern:not([class*=elementor-widget-divider--view]) .elementor-divider-separator{width:100%;min-height:var(--divider-pattern-height);-webkit-mask-size:var(--divider-pattern-size) 100%;mask-size:var(--divider-pattern-size) 100%;-webkit-mask-repeat:var(--divider-pattern-repeat);mask-repeat:var(--divider-pattern-repeat);background-color:var(--divider-color);-webkit-mask-image:var(--divider-pattern-url);mask-image:var(--divider-pattern-url)}.elementor-widget-divider--no-spacing{--divider-pattern-size:auto}.elementor-widget-divider--bg-round{--divider-pattern-repeat:round}.rtl .elementor-widget-divider .elementor-divider__text{direction:rtl}.e-container>.elementor-widget-divider{width:var(--container-widget-width,100%);-webkit-box-flex:1;-ms-flex-positive:1;flex-grow:1}<\/style>\t\t<div class=\"elementor-divider\">\n\t\t\t<span class=\"elementor-divider-separator\">\n\t\t\t\t\t\t<\/span>\n\t\t<\/div>\n\t\t\t\t<\/div>\n\t\t\t\t<\/div>\n\t\t\t\t<div class=\"elementor-element elementor-element-ef19167 elementor-widget elementor-widget-text-editor\" data-id=\"ef19167\" data-element_type=\"widget\" data-widget_type=\"text-editor.default\">\n\t\t\t\t<div class=\"elementor-widget-container\">\n\t\t\t<style>\/*! elementor - v3.7.1 - 14-08-2022 *\/\n.elementor-widget-text-editor.elementor-drop-cap-view-stacked .elementor-drop-cap{background-color:#818a91;color:#fff}.elementor-widget-text-editor.elementor-drop-cap-view-framed .elementor-drop-cap{color:#818a91;border:3px solid;background-color:transparent}.elementor-widget-text-editor:not(.elementor-drop-cap-view-default) .elementor-drop-cap{margin-top:8px}.elementor-widget-text-editor:not(.elementor-drop-cap-view-default) .elementor-drop-cap-letter{width:1em;height:1em}.elementor-widget-text-editor .elementor-drop-cap{float:left;text-align:center;line-height:1;font-size:50px}.elementor-widget-text-editor .elementor-drop-cap-letter{display:inline-block}<\/style>\t\t\t\t<p><strong>a. Requerimento de Licenciamento Ambiental &#8211; <a href=\"http:\/\/ambienteduran.eng.br\/wp-content\/uploads\/2022\/08\/RLA.rtf\">RLA<\/a>;<\/strong><\/p>\n<p><strong>b. Cadastro de Obras Diversas \u2013 <\/strong><a href=\"http:\/\/ambienteduran.eng.br\/wp-content\/uploads\/2022\/08\/COD_CADASTRO_SIMPLIFICADO_PARA_OBRAS_DIVERSAS.rtf\"><strong>COD<\/strong><\/a><strong>;<\/strong><\/p>\n<p><strong>c) Projeto B\u00e1sico do empreendimento, contendo:<br>\u25ba planta e\/ou croqui dos tra\u00e7ados com delimita\u00e7\u00e3o e caracteriza\u00e7\u00e3o da tipologia florestal existente (segundo os par\u00e2metros estabelecidos nos artigos 207 a 210 da Resolu\u00e7\u00e3o SEMA n\u00ba 031\/1998), e ainda, a demarca\u00e7\u00e3o de cada propriedade afetada pelo empreendimento;<br><\/strong><\/p>\n<p><strong>&nbsp;&nbsp;&nbsp;&nbsp;&nbsp;&nbsp;&nbsp;&nbsp;&nbsp; \u25ba&nbsp;planta de situa\u00e7\u00e3o do empreendimento;<br><\/strong><\/p>\n<p><strong>&nbsp;&nbsp;&nbsp;&nbsp;&nbsp;&nbsp;&nbsp;&nbsp; \u25ba rela\u00e7\u00e3o dos propriet\u00e1rios rurais e respectivos im\u00f3veis afetados pelo empreendimento, informando em quais deles haver\u00e1 corte e\/ou supress\u00e3o de vegeta\u00e7\u00e3o;<br><\/strong><\/p>\n<p><strong>d) Anu\u00eancia dos propriet\u00e1rios atingidos pelo corte e\/ou supress\u00e3o;<br><\/strong><\/p>\n<p><strong>e) Comprovante de Recolhimento da Taxa Ambiental , conforme tabelas II, e IV (inspe\u00e7\u00e3o florestal, e autoriza\u00e7\u00e3o, respectivamente) da Lei Estadual no 10.233\/92 que institui a Taxa Ambiental;<br><\/strong><\/p>\n<p><strong>f) Apresenta\u00e7\u00e3o de c\u00f3pia da(s) respectivas ART(s) &#8211; Anota\u00e7\u00e3o(s) de Responsabilidade T\u00e9cnica dos profissionais habilitados.<\/strong><\/p>\n<p><strong><span style=\"color: #ff0000;\">OBSERVA\u00c7\u00d5ES IMPORTANTES:<\/span><\/strong><\/p><p><strong>\u00a7 1\u00ba &#8211; Os empreendimentos de que trata este artigo, em que n\u00e3o ocorra corte\/supress\u00e3o de arvores e vegeta\u00e7\u00e3o, nem transposi\u00e7\u00e3o de \u00e1reas de preserva\u00e7\u00e3o permanente, bem como, medidores de energia el\u00e9trica, posteamento urbano para instala\u00e7\u00e3o de redes de distribui\u00e7\u00e3o de energia el\u00e9trica e de distribui\u00e7\u00e3o de sinal de TV a cabo, est\u00e3o dispensados de licenciamento ambiental na forma do \u00a7 12 do Art. 1\u00ba da Resolu\u00e7\u00e3o SEMA n\u00ba 051\/2009, sem preju\u00edzo do cumprimento das legisla\u00e7\u00f5es municipais vigentes.<\/strong><\/p>\n<p><strong>\u00a7 2\u00ba &#8211; Para os casos em que ocorreu corte de vegeta\u00e7\u00e3o para implanta\u00e7\u00e3o da linha e o propriet\u00e1rio necessitar utilizar o material florestal proveniente da derrubada fora da propriedade, cabe ao mesmo a responsabilidade pela indica\u00e7\u00e3o do respectivo volume, bem como providenciar a da Autoriza\u00e7\u00e3o Florestal (modalidade de Aproveitamento de Material Lenhoso) e a regulariza\u00e7\u00e3o junto ao DIDEF atrav\u00e9s do DOF.<\/strong><\/p>\n<p><strong>\u00a7 3\u00ba &#8211; Para os casos de: corte, poda ou ro\u00e7ada, visando \u00e0 manuten\u00e7\u00e3o da linha de distribui\u00e7\u00e3o com per\u00edodo inferior a dois anos (24 meses) de sua \u00faltima limpeza\/implanta\u00e7\u00e3o e n\u00e3o resultar em material lenhoso aproveit\u00e1vel, a concession\u00e1ria de energia el\u00e9trica encaminhar\u00e1 of\u00edcio a todos os Escrit\u00f3rios Regionais em cuja jurisdi\u00e7\u00e3o passe a linha, informando as atividades de limpeza, acompanhado de mapa geral indicando a localiza\u00e7\u00e3o e o tempo de dura\u00e7\u00e3o do servi\u00e7o e sem necessidade de cobran\u00e7a de taxa ambiental.<\/strong><\/p>\n<p><strong>\u00a7 4\u00ba &#8211; Caso o tempo de limpeza\/manuten\u00e7\u00e3o ultrapassar dois anos e tal atividade produzir material lenhoso aproveit\u00e1vel, dever\u00e1 ser instru\u00eddo procedimento de Autoriza\u00e7\u00e3o Florestal.<\/strong><\/p>\n<p><strong>\u00a7 5\u00ba &#8211; Quando da emiss\u00e3o da Autoriza\u00e7\u00e3o Florestal, o IAP dever\u00e1 relacionar nas condicionantes a obrigatoriedade da concession\u00e1ria de energia el\u00e9trica indicar nominalmente os propriet\u00e1rios atingidos pelo corte e\/ou supress\u00e3o de vegeta\u00e7\u00e3o arb\u00f3rea ao final da obra.<\/strong><\/p>\n<p><strong>\u00a7 6\u00ba &#8211; Para os casos em que o propriet\u00e1rio necessitar utilizar o material florestal proveniente da derrubada para limpeza\/manuten\u00e7\u00e3o da linha, fora da propriedade, e cumprido o item 7, cabe ao mesmo a responsabilidade pela obten\u00e7\u00e3o da Autoriza\u00e7\u00e3o Florestal (modalidade de Aproveitamento de Material Lenhoso) e a regulariza\u00e7\u00e3o do transporte atrav\u00e9s do DOF.<\/strong><\/p>\t\t\t\t\t\t<\/div>\n\t\t\t\t<\/div>\n\t\t\t\t<div class=\"elementor-element elementor-element-8ef5b63 elementor-widget-divider--view-line elementor-widget elementor-widget-divider\" data-id=\"8ef5b63\" data-element_type=\"widget\" data-widget_type=\"divider.default\">\n\t\t\t\t<div class=\"elementor-widget-container\">\n\t\t\t\t\t<div class=\"elementor-divider\">\n\t\t\t<span class=\"elementor-divider-separator\">\n\t\t\t\t\t\t<\/span>\n\t\t<\/div>\n\t\t\t\t<\/div>\n\t\t\t\t<\/div>\n\t\t\t\t\t<\/div>\n\t\t<\/div>\n\t\t\t\t<div class=\"elementor-column elementor-col-50 elementor-top-column elementor-element elementor-element-6bc0e53\" data-id=\"6bc0e53\" data-element_type=\"column\">\n\t\t\t<div class=\"elementor-widget-wrap elementor-element-populated\">\n\t\t\t\t\t\t\t\t<div class=\"elementor-element elementor-element-4dc1be7 elementor-widget elementor-widget-heading\" data-id=\"4dc1be7\" data-element_type=\"widget\" data-widget_type=\"heading.default\">\n\t\t\t\t<div class=\"elementor-widget-container\">\n\t\t\t<h2 class=\"elementor-heading-title elementor-size-default\">MAIS LIDAS\n<\/h2>\t\t<\/div>\n\t\t\t\t<\/div>\n\t\t\t\t<div class=\"elementor-element elementor-element-32c872d elementor-widget-divider--view-line elementor-widget elementor-widget-divider\" data-id=\"32c872d\" data-element_type=\"widget\" data-widget_type=\"divider.default\">\n\t\t\t\t<div class=\"elementor-widget-container\">\n\t\t\t\t\t<div class=\"elementor-divider\">\n\t\t\t<span class=\"elementor-divider-separator\">\n\t\t\t\t\t\t<\/span>\n\t\t<\/div>\n\t\t\t\t<\/div>\n\t\t\t\t<\/div>\n\t\t\t\t<div class=\"elementor-element elementor-element-e11675e elementor-widget elementor-widget-text-editor\" data-id=\"e11675e\" data-element_type=\"widget\" data-widget_type=\"text-editor.default\">\n\t\t\t\t<div class=\"elementor-widget-container\">\n\t\t\t\t\t\t\t<p><strong>01. <a href=\"http:\/\/ambienteduran.eng.br\/?page_id=790\">Consultoria Ambiental<\/a><\/strong><br \/><strong>02. <a href=\"http:\/\/ambienteduran.eng.br\/?page_id=802\">NOSSOS CONTATOS<\/a><\/strong><br \/><strong>03. <a href=\"http:\/\/ambienteduran.eng.br\/?page_id=835\">Compensa\u00e7\u00e3o Ambiental &#8211; im\u00f3veis urbanos<\/a><\/strong><br \/><strong>04. <a href=\"http:\/\/ambienteduran.eng.br\/?page_id=849\">Compra e venda de im\u00f3veis<\/a><\/strong><br \/><strong>05. <a href=\"http:\/\/ambienteduran.eng.br\/?page_id=857\">LICENCIAMENTO AMBIENTAL<\/a><\/strong><br \/><strong>06. <a href=\"http:\/\/ambienteduran.eng.br\/?page_id=887\">CONCEITOS NO NOVO C\u00d3DIGO FLORESTAL &#8211; ILUSTRADO (Art. 3\u00ba Lei 12.651\/12)<\/a><\/strong><br \/><strong>07. <a href=\"http:\/\/ambienteduran.eng.br\/?page_id=905\">DA DELIMITA\u00c7\u00c3O E PROTE\u00c7\u00c3O DAS \u00c1REAS DE PRESERVA\u00c7\u00c3O PERMANENTE<\/a><\/strong><br \/><strong>08. <a href=\"http:\/\/ambienteduran.eng.br\/?page_id=922\">USO DO SOLO DO PARAN\u00c1 &#8211; MMA\/PROBIO\/2005<\/a><\/strong><\/p>\t\t\t\t\t\t<\/div>\n\t\t\t\t<\/div>\n\t\t\t\t\t<\/div>\n\t\t<\/div>\n\t\t\t\t\t\t\t<\/div>\n\t\t<\/section>\n\t\t\t\t\t\t\t<\/div>\n\t\t","protected":false},"excerpt":{"rendered":"<p>RELA\u00c7\u00c3O DE DOCUMENTOS PARA AUTORIZA\u00c7\u00c3O AMBIENTAL PARA LINHA DE DISTRIBUI\u00c7\u00c3O a. Requerimento de Licenciamento Ambiental &#8211; RLA; b. Cadastro de Obras Diversas \u2013 COD; c) Projeto B\u00e1sico do empreendimento, contendo:\u25ba planta e\/ou croqui dos tra\u00e7ados com delimita\u00e7\u00e3o e caracteriza\u00e7\u00e3o da tipologia florestal existente (segundo os par\u00e2metros estabelecidos nos artigos 207 a 210 da Resolu\u00e7\u00e3o SEMA [&hellip;]<\/p>\n","protected":false},"author":1,"featured_media":0,"parent":3136,"menu_order":0,"comment_status":"closed","ping_status":"closed","template":"elementor_header_footer","meta":{"footnotes":""},"class_list":["post-3643","page","type-page","status-publish","hentry"],"_links":{"self":[{"href":"https:\/\/ambienteduran.eng.br\/index.php?rest_route=\/wp\/v2\/pages\/3643","targetHints":{"allow":["GET"]}}],"collection":[{"href":"https:\/\/ambienteduran.eng.br\/index.php?rest_route=\/wp\/v2\/pages"}],"about":[{"href":"https:\/\/ambienteduran.eng.br\/index.php?rest_route=\/wp\/v2\/types\/page"}],"author":[{"embeddable":true,"href":"https:\/\/ambienteduran.eng.br\/index.php?rest_route=\/wp\/v2\/users\/1"}],"replies":[{"embeddable":true,"href":"https:\/\/ambienteduran.eng.br\/index.php?rest_route=%2Fwp%2Fv2%2Fcomments&post=3643"}],"version-history":[{"count":7,"href":"https:\/\/ambienteduran.eng.br\/index.php?rest_route=\/wp\/v2\/pages\/3643\/revisions"}],"predecessor-version":[{"id":3671,"href":"https:\/\/ambienteduran.eng.br\/index.php?rest_route=\/wp\/v2\/pages\/3643\/revisions\/3671"}],"up":[{"embeddable":true,"href":"https:\/\/ambienteduran.eng.br\/index.php?rest_route=\/wp\/v2\/pages\/3136"}],"wp:attachment":[{"href":"https:\/\/ambienteduran.eng.br\/index.php?rest_route=%2Fwp%2Fv2%2Fmedia&parent=3643"}],"curies":[{"name":"wp","href":"https:\/\/api.w.org\/{rel}","templated":true}]}}