{"id":3781,"date":"2022-08-25T16:59:37","date_gmt":"2022-08-25T19:59:37","guid":{"rendered":"http:\/\/ambienteduran.eng.br\/?page_id=3781"},"modified":"2022-08-25T17:01:52","modified_gmt":"2022-08-25T20:01:52","slug":"reuniao-tecnica-informativa","status":"publish","type":"page","link":"https:\/\/ambienteduran.eng.br\/?page_id=3781","title":{"rendered":"Reuni\u00e3o T\u00e9cnica Informativa"},"content":{"rendered":"\t\t<div data-elementor-type=\"wp-page\" data-elementor-id=\"3781\" class=\"elementor elementor-3781\">\n\t\t\t\t\t\t\t\t\t<section class=\"elementor-section elementor-top-section elementor-element elementor-element-25d42c2 elementor-section-boxed elementor-section-height-default elementor-section-height-default\" data-id=\"25d42c2\" data-element_type=\"section\">\n\t\t\t\t\t\t<div class=\"elementor-container elementor-column-gap-default\">\n\t\t\t\t\t<div class=\"elementor-column elementor-col-50 elementor-top-column elementor-element elementor-element-a108226\" data-id=\"a108226\" data-element_type=\"column\">\n\t\t\t<div class=\"elementor-widget-wrap elementor-element-populated\">\n\t\t\t\t\t\t\t\t<div class=\"elementor-element elementor-element-f711c35 elementor-widget elementor-widget-heading\" data-id=\"f711c35\" data-element_type=\"widget\" data-widget_type=\"heading.default\">\n\t\t\t\t<div class=\"elementor-widget-container\">\n\t\t\t<style>\/*! elementor - v3.7.1 - 14-08-2022 *\/\n.elementor-heading-title{padding:0;margin:0;line-height:1}.elementor-widget-heading .elementor-heading-title[class*=elementor-size-]>a{color:inherit;font-size:inherit;line-height:inherit}.elementor-widget-heading .elementor-heading-title.elementor-size-small{font-size:15px}.elementor-widget-heading .elementor-heading-title.elementor-size-medium{font-size:19px}.elementor-widget-heading .elementor-heading-title.elementor-size-large{font-size:29px}.elementor-widget-heading .elementor-heading-title.elementor-size-xl{font-size:39px}.elementor-widget-heading .elementor-heading-title.elementor-size-xxl{font-size:59px}<\/style><h2 class=\"elementor-heading-title elementor-size-default\">QUANDO REALIZAR REUNI\u00c3O T\u00c9CNICA INFORMATIVA, REUNI\u00c3O PRELIMINAR E AUDI\u00caNCIA P\u00daBLICA\n<\/h2>\t\t<\/div>\n\t\t\t\t<\/div>\n\t\t\t\t<div class=\"elementor-element elementor-element-7b70cf0 elementor-widget-divider--view-line elementor-widget elementor-widget-divider\" data-id=\"7b70cf0\" data-element_type=\"widget\" data-widget_type=\"divider.default\">\n\t\t\t\t<div class=\"elementor-widget-container\">\n\t\t\t<style>\/*! elementor - v3.7.1 - 14-08-2022 *\/\n.elementor-widget-divider{--divider-border-style:none;--divider-border-width:1px;--divider-color:#2c2c2c;--divider-icon-size:20px;--divider-element-spacing:10px;--divider-pattern-height:24px;--divider-pattern-size:20px;--divider-pattern-url:none;--divider-pattern-repeat:repeat-x}.elementor-widget-divider .elementor-divider{display:-webkit-box;display:-ms-flexbox;display:flex}.elementor-widget-divider .elementor-divider__text{font-size:15px;line-height:1;max-width:95%}.elementor-widget-divider .elementor-divider__element{margin:0 var(--divider-element-spacing);-ms-flex-negative:0;flex-shrink:0}.elementor-widget-divider .elementor-icon{font-size:var(--divider-icon-size)}.elementor-widget-divider .elementor-divider-separator{display:-webkit-box;display:-ms-flexbox;display:flex;margin:0;direction:ltr}.elementor-widget-divider--view-line_icon .elementor-divider-separator,.elementor-widget-divider--view-line_text .elementor-divider-separator{-webkit-box-align:center;-ms-flex-align:center;align-items:center}.elementor-widget-divider--view-line_icon .elementor-divider-separator:after,.elementor-widget-divider--view-line_icon .elementor-divider-separator:before,.elementor-widget-divider--view-line_text .elementor-divider-separator:after,.elementor-widget-divider--view-line_text .elementor-divider-separator:before{display:block;content:\"\";border-bottom:0;-webkit-box-flex:1;-ms-flex-positive:1;flex-grow:1;border-top:var(--divider-border-width) var(--divider-border-style) var(--divider-color)}.elementor-widget-divider--element-align-left .elementor-divider .elementor-divider-separator>.elementor-divider__svg:first-of-type{-webkit-box-flex:0;-ms-flex-positive:0;flex-grow:0;-ms-flex-negative:100;flex-shrink:100}.elementor-widget-divider--element-align-left .elementor-divider-separator:before{content:none}.elementor-widget-divider--element-align-left .elementor-divider__element{margin-left:0}.elementor-widget-divider--element-align-right .elementor-divider .elementor-divider-separator>.elementor-divider__svg:last-of-type{-webkit-box-flex:0;-ms-flex-positive:0;flex-grow:0;-ms-flex-negative:100;flex-shrink:100}.elementor-widget-divider--element-align-right .elementor-divider-separator:after{content:none}.elementor-widget-divider--element-align-right .elementor-divider__element{margin-right:0}.elementor-widget-divider:not(.elementor-widget-divider--view-line_text):not(.elementor-widget-divider--view-line_icon) .elementor-divider-separator{border-top:var(--divider-border-width) var(--divider-border-style) var(--divider-color)}.elementor-widget-divider--separator-type-pattern{--divider-border-style:none}.elementor-widget-divider--separator-type-pattern.elementor-widget-divider--view-line .elementor-divider-separator,.elementor-widget-divider--separator-type-pattern:not(.elementor-widget-divider--view-line) .elementor-divider-separator:after,.elementor-widget-divider--separator-type-pattern:not(.elementor-widget-divider--view-line) .elementor-divider-separator:before,.elementor-widget-divider--separator-type-pattern:not([class*=elementor-widget-divider--view]) .elementor-divider-separator{width:100%;min-height:var(--divider-pattern-height);-webkit-mask-size:var(--divider-pattern-size) 100%;mask-size:var(--divider-pattern-size) 100%;-webkit-mask-repeat:var(--divider-pattern-repeat);mask-repeat:var(--divider-pattern-repeat);background-color:var(--divider-color);-webkit-mask-image:var(--divider-pattern-url);mask-image:var(--divider-pattern-url)}.elementor-widget-divider--no-spacing{--divider-pattern-size:auto}.elementor-widget-divider--bg-round{--divider-pattern-repeat:round}.rtl .elementor-widget-divider .elementor-divider__text{direction:rtl}.e-container>.elementor-widget-divider{width:var(--container-widget-width,100%);-webkit-box-flex:1;-ms-flex-positive:1;flex-grow:1}<\/style>\t\t<div class=\"elementor-divider\">\n\t\t\t<span class=\"elementor-divider-separator\">\n\t\t\t\t\t\t<\/span>\n\t\t<\/div>\n\t\t\t\t<\/div>\n\t\t\t\t<\/div>\n\t\t\t\t<div class=\"elementor-element elementor-element-ef19167 elementor-widget elementor-widget-text-editor\" data-id=\"ef19167\" data-element_type=\"widget\" data-widget_type=\"text-editor.default\">\n\t\t\t\t<div class=\"elementor-widget-container\">\n\t\t\t<style>\/*! elementor - v3.7.1 - 14-08-2022 *\/\n.elementor-widget-text-editor.elementor-drop-cap-view-stacked .elementor-drop-cap{background-color:#818a91;color:#fff}.elementor-widget-text-editor.elementor-drop-cap-view-framed .elementor-drop-cap{color:#818a91;border:3px solid;background-color:transparent}.elementor-widget-text-editor:not(.elementor-drop-cap-view-default) .elementor-drop-cap{margin-top:8px}.elementor-widget-text-editor:not(.elementor-drop-cap-view-default) .elementor-drop-cap-letter{width:1em;height:1em}.elementor-widget-text-editor .elementor-drop-cap{float:left;text-align:center;line-height:1;font-size:50px}.elementor-widget-text-editor .elementor-drop-cap-letter{display:inline-block}<\/style>\t\t\t\t<p><strong><span style=\"color: #ff0000;\">A &#8211; REUNI\u00c3O T\u00c9CNICA INFORMATIVA\u00a0<\/span><br \/><\/strong><strong>1. Ser\u00e1 efetuada pelo \u00f3rg\u00e3o ambiental quando solicitado por entidade civil, Minist\u00e9rio P\u00fablico ou por cinq\u00fcenta pessoas maiores de 18 anos para os seguintes empreendimentos, conforme preconiza a Resolu\u00e7\u00e3o CONAMA 279\/2001:L\u00c7<br \/>\u25ba MINICENTRAL DE 100 kW at\u00e9 3 MW<br \/>\u25ba PEQUENAS CENTRAIS HIDREL\u00c9TRICAS \u2013 PCHs \u2013 de 3 a 10 MW<br \/>\u25ba USINAS TERMEL\u00c9TRICAS DE ENERGIA \u2013 UTEs\u2013 de 30 a 50 MW<br \/>\u25ba CENTRAIS GERADORAS EOLIEL\u00c9TRICAS \u2013 EOLs \u2013 AT\u00c9 10 MW<br \/>\u25ba SUBESTA\u00c7\u00d5ES<br \/>\u25ba LINHAS DE DISTRIBUI\u00c7\u00c3O<br \/>\u25ba LINHAS DE SUBTRANSMISS\u00c3O<br \/>\u25ba LINHAS DE TRANSMISS\u00c3O \u2013 AT\u00c9 230 kV<\/strong><\/p><p><strong>2. A solicita\u00e7\u00e3o para realiza\u00e7\u00e3o da reuni\u00e3o t\u00e9cnica dever\u00e1 ocorrer no prazo de at\u00e9 20 dias ap\u00f3s a data de publica\u00e7\u00e3o do requerimento da Licen\u00e7a Pr\u00e9via pelo empreendedor.<\/strong><\/p><p><strong>3. A Reuni\u00e3o T\u00e9cnica Informativa ser\u00e1 realizada em at\u00e9 vinte dias a contar da data de solicita\u00e7\u00e3o de sua realiza\u00e7\u00e3o e dever\u00e1 ser divulgada pelo empreendedor.<\/strong><\/p><p><strong>4. Na Reuni\u00e3o T\u00e9cnica Informativa ser\u00e1 obrigat\u00f3rio o comparecimento do empreendedor, das equipes respons\u00e1veis pela elabora\u00e7\u00e3o do Relat\u00f3rio Ambiental Simplificado &#8211; RAS e do Relat\u00f3rio de Detalhamento dos Programas Ambientais &#8211; RDPA, e de representantes do \u00f3rg\u00e3o ambiental competente.<\/strong><\/p><p><strong>5. Qualquer pessoa poder\u00e1 se manifestar por escrito no prazo de quarenta dias da publica\u00e7\u00e3o do requerimento de licen\u00e7a nos termos desta Resolu\u00e7\u00e3o, cabendo o \u00f3rg\u00e3o ambiental juntar as manifesta\u00e7\u00f5es ao processo de licenciamento ambiental e consider\u00e1-las na fundamenta\u00e7\u00e3o da emiss\u00e3o da licen\u00e7a ambiental.<\/strong><\/p><p><strong><span style=\"color: #ff0000;\">B &#8211; REUNI\u00c3O PRELIMINAR OU AUDI\u00caNCIA P\u00daBLICA<\/span><br \/><\/strong><strong>Ser\u00e1 efetuada pelo \u00f3rg\u00e3o ambiental para os seguintes empreendimentos, conforme preconiza a Resolu\u00e7\u00e3o CONAMA 279\/2001:<br \/>\u25ba PEQUENAS CENTRAIS HIDREL\u00c9TRICAS \u2013 PCHs \u2013 ACIMA DE 10 MW<br \/>\u25ba USINAS TERMEL\u00c9TRICAS DE ENERGIA \u2013 UTEs\u2013 ACIMA DE 10 MW<br \/>\u25ba USINAS HIDREL\u00c9TRICAS DE ENERGIA \u2013 UHE<br \/>\u25ba LINHAS DE TRANSMISS\u00c3O \u2013 ACIMA DE 230 kV<\/strong><\/p><p><strong>Ap\u00f3s receber o EIA e o RIMA, o IAP fixar\u00e1 em edital, publicado no Di\u00e1rio Oficial do Estado e em jornal de grande circula\u00e7\u00e3o regional ou local, a abertura do prazo para sua solicita\u00e7\u00e3o de audi\u00eancia p\u00fablica pelos interessados, observando, em qualquer das hip\u00f3teses, prazo n\u00e3o inferior a 45 (quarenta e cinco) dias a partir da data da publica\u00e7\u00e3o do edital.<\/strong><\/p><p><strong>A convoca\u00e7\u00e3o para a Audi\u00eancia P\u00fablica, dever\u00e1 ocorrer com anteced\u00eancia de pelo menos 20 (vinte) dias, atrav\u00e9s de ampla divulga\u00e7\u00e3o, nos meios de comunica\u00e7\u00e3o e junto \u00e0 comunidade diretamente afetada. E em caso de solicita\u00e7\u00e3o, atrav\u00e9s de correspond\u00eancia registrada ao solicitante, com a data e o local da realiza\u00e7\u00e3o da mesma.<\/strong><\/p><p><strong>Audi\u00eancia P\u00fablica ser\u00e1 realizada sempre no munic\u00edpio ou \u00e1rea de influ\u00eancia direta do empreendimento, atividade ou obra em local acess\u00edvel aos interessados, tendo prioridade para escolha o munic\u00edpio onde os impactos ambientais forem mais significativos.<\/strong><\/p><p><strong>Em fun\u00e7\u00e3o da localiza\u00e7\u00e3o geogr\u00e1fica dos solicitantes da Audi\u00eancia P\u00fablica ou da complexidade do tema, poder\u00e1 haver mais de uma Audi\u00eancia P\u00fablica sobre o projeto e respectivo RIMA.<\/strong><\/p><p><strong>A demais quest\u00f5es referentes \u00e0s Audi\u00eancias P\u00fablicas est\u00e3o dispostas na Resolu\u00e7\u00e3o CONAMA n\u00ba 09\/1987, na Resolu\u00e7\u00e3o SEMA n\u00ba 031\/1998 e na Resolu\u00e7\u00e3o CEMA n\u00ba065\/2008.<\/strong><\/p>\t\t\t\t\t\t<\/div>\n\t\t\t\t<\/div>\n\t\t\t\t<div class=\"elementor-element elementor-element-8ef5b63 elementor-widget-divider--view-line elementor-widget elementor-widget-divider\" data-id=\"8ef5b63\" data-element_type=\"widget\" data-widget_type=\"divider.default\">\n\t\t\t\t<div class=\"elementor-widget-container\">\n\t\t\t\t\t<div class=\"elementor-divider\">\n\t\t\t<span class=\"elementor-divider-separator\">\n\t\t\t\t\t\t<\/span>\n\t\t<\/div>\n\t\t\t\t<\/div>\n\t\t\t\t<\/div>\n\t\t\t\t\t<\/div>\n\t\t<\/div>\n\t\t\t\t<div class=\"elementor-column elementor-col-50 elementor-top-column elementor-element elementor-element-6bc0e53\" data-id=\"6bc0e53\" data-element_type=\"column\">\n\t\t\t<div class=\"elementor-widget-wrap elementor-element-populated\">\n\t\t\t\t\t\t\t\t<div class=\"elementor-element elementor-element-4dc1be7 elementor-widget elementor-widget-heading\" data-id=\"4dc1be7\" data-element_type=\"widget\" data-widget_type=\"heading.default\">\n\t\t\t\t<div class=\"elementor-widget-container\">\n\t\t\t<h2 class=\"elementor-heading-title elementor-size-default\">MAIS LIDAS\n<\/h2>\t\t<\/div>\n\t\t\t\t<\/div>\n\t\t\t\t<div class=\"elementor-element elementor-element-32c872d elementor-widget-divider--view-line elementor-widget elementor-widget-divider\" data-id=\"32c872d\" data-element_type=\"widget\" data-widget_type=\"divider.default\">\n\t\t\t\t<div class=\"elementor-widget-container\">\n\t\t\t\t\t<div class=\"elementor-divider\">\n\t\t\t<span class=\"elementor-divider-separator\">\n\t\t\t\t\t\t<\/span>\n\t\t<\/div>\n\t\t\t\t<\/div>\n\t\t\t\t<\/div>\n\t\t\t\t<div class=\"elementor-element elementor-element-e11675e elementor-widget elementor-widget-text-editor\" data-id=\"e11675e\" data-element_type=\"widget\" data-widget_type=\"text-editor.default\">\n\t\t\t\t<div class=\"elementor-widget-container\">\n\t\t\t\t\t\t\t<p><strong>01. <a href=\"http:\/\/ambienteduran.eng.br\/?page_id=790\">Consultoria Ambiental<\/a><\/strong><br \/><strong>02. <a href=\"http:\/\/ambienteduran.eng.br\/?page_id=802\">NOSSOS CONTATOS<\/a><\/strong><br \/><strong>03. <a href=\"http:\/\/ambienteduran.eng.br\/?page_id=835\">Compensa\u00e7\u00e3o Ambiental &#8211; im\u00f3veis urbanos<\/a><\/strong><br \/><strong>04. <a href=\"http:\/\/ambienteduran.eng.br\/?page_id=849\">Compra e venda de im\u00f3veis<\/a><\/strong><br \/><strong>05. <a href=\"http:\/\/ambienteduran.eng.br\/?page_id=857\">LICENCIAMENTO AMBIENTAL<\/a><\/strong><br \/><strong>06. <a href=\"http:\/\/ambienteduran.eng.br\/?page_id=887\">CONCEITOS NO NOVO C\u00d3DIGO FLORESTAL &#8211; ILUSTRADO (Art. 3\u00ba Lei 12.651\/12)<\/a><\/strong><br \/><strong>07. <a href=\"http:\/\/ambienteduran.eng.br\/?page_id=905\">DA DELIMITA\u00c7\u00c3O E PROTE\u00c7\u00c3O DAS \u00c1REAS DE PRESERVA\u00c7\u00c3O PERMANENTE<\/a><\/strong><br \/><strong>08. <a href=\"http:\/\/ambienteduran.eng.br\/?page_id=922\">USO DO SOLO DO PARAN\u00c1 &#8211; MMA\/PROBIO\/2005<\/a><\/strong><\/p>\t\t\t\t\t\t<\/div>\n\t\t\t\t<\/div>\n\t\t\t\t\t<\/div>\n\t\t<\/div>\n\t\t\t\t\t\t\t<\/div>\n\t\t<\/section>\n\t\t\t\t\t\t\t<\/div>\n\t\t","protected":false},"excerpt":{"rendered":"<p>QUANDO REALIZAR REUNI\u00c3O T\u00c9CNICA INFORMATIVA, REUNI\u00c3O PRELIMINAR E AUDI\u00caNCIA P\u00daBLICA A &#8211; REUNI\u00c3O T\u00c9CNICA INFORMATIVA\u00a01. Ser\u00e1 efetuada pelo \u00f3rg\u00e3o ambiental quando solicitado por entidade civil, Minist\u00e9rio P\u00fablico ou por cinq\u00fcenta pessoas maiores de 18 anos para os seguintes empreendimentos, conforme preconiza a Resolu\u00e7\u00e3o CONAMA 279\/2001:L\u00c7\u25ba MINICENTRAL DE 100 kW at\u00e9 3 MW\u25ba PEQUENAS CENTRAIS HIDREL\u00c9TRICAS [&hellip;]<\/p>\n","protected":false},"author":1,"featured_media":0,"parent":3097,"menu_order":0,"comment_status":"closed","ping_status":"closed","template":"elementor_header_footer","meta":{"footnotes":""},"class_list":["post-3781","page","type-page","status-publish","hentry"],"_links":{"self":[{"href":"https:\/\/ambienteduran.eng.br\/index.php?rest_route=\/wp\/v2\/pages\/3781","targetHints":{"allow":["GET"]}}],"collection":[{"href":"https:\/\/ambienteduran.eng.br\/index.php?rest_route=\/wp\/v2\/pages"}],"about":[{"href":"https:\/\/ambienteduran.eng.br\/index.php?rest_route=\/wp\/v2\/types\/page"}],"author":[{"embeddable":true,"href":"https:\/\/ambienteduran.eng.br\/index.php?rest_route=\/wp\/v2\/users\/1"}],"replies":[{"embeddable":true,"href":"https:\/\/ambienteduran.eng.br\/index.php?rest_route=%2Fwp%2Fv2%2Fcomments&post=3781"}],"version-history":[{"count":4,"href":"https:\/\/ambienteduran.eng.br\/index.php?rest_route=\/wp\/v2\/pages\/3781\/revisions"}],"predecessor-version":[{"id":3785,"href":"https:\/\/ambienteduran.eng.br\/index.php?rest_route=\/wp\/v2\/pages\/3781\/revisions\/3785"}],"up":[{"embeddable":true,"href":"https:\/\/ambienteduran.eng.br\/index.php?rest_route=\/wp\/v2\/pages\/3097"}],"wp:attachment":[{"href":"https:\/\/ambienteduran.eng.br\/index.php?rest_route=%2Fwp%2Fv2%2Fmedia&parent=3781"}],"curies":[{"name":"wp","href":"https:\/\/api.w.org\/{rel}","templated":true}]}}