{"id":4062,"date":"2022-08-26T15:00:35","date_gmt":"2022-08-26T18:00:35","guid":{"rendered":"http:\/\/ambienteduran.eng.br\/?page_id=4062"},"modified":"2022-08-26T15:04:19","modified_gmt":"2022-08-26T18:04:19","slug":"mineracao-leg","status":"publish","type":"page","link":"https:\/\/ambienteduran.eng.br\/?page_id=4062","title":{"rendered":"Minera\u00e7\u00e3o &#8211; LEG"},"content":{"rendered":"\t\t<div data-elementor-type=\"wp-page\" data-elementor-id=\"4062\" class=\"elementor elementor-4062\">\n\t\t\t\t\t\t\t\t\t<section class=\"elementor-section elementor-top-section elementor-element elementor-element-25d42c2 elementor-section-boxed elementor-section-height-default elementor-section-height-default\" data-id=\"25d42c2\" data-element_type=\"section\">\n\t\t\t\t\t\t<div class=\"elementor-container elementor-column-gap-default\">\n\t\t\t\t\t<div class=\"elementor-column elementor-col-50 elementor-top-column elementor-element elementor-element-a108226\" data-id=\"a108226\" data-element_type=\"column\">\n\t\t\t<div class=\"elementor-widget-wrap elementor-element-populated\">\n\t\t\t\t\t\t\t\t<div class=\"elementor-element elementor-element-f711c35 elementor-widget elementor-widget-heading\" data-id=\"f711c35\" data-element_type=\"widget\" data-widget_type=\"heading.default\">\n\t\t\t\t<div class=\"elementor-widget-container\">\n\t\t\t<style>\/*! elementor - v3.7.1 - 14-08-2022 *\/\n.elementor-heading-title{padding:0;margin:0;line-height:1}.elementor-widget-heading .elementor-heading-title[class*=elementor-size-]>a{color:inherit;font-size:inherit;line-height:inherit}.elementor-widget-heading .elementor-heading-title.elementor-size-small{font-size:15px}.elementor-widget-heading .elementor-heading-title.elementor-size-medium{font-size:19px}.elementor-widget-heading .elementor-heading-title.elementor-size-large{font-size:29px}.elementor-widget-heading .elementor-heading-title.elementor-size-xl{font-size:39px}.elementor-widget-heading .elementor-heading-title.elementor-size-xxl{font-size:59px}<\/style><h2 class=\"elementor-heading-title elementor-size-default\">MINERA\u00c7\u00c3O - LEG\n<\/h2>\t\t<\/div>\n\t\t\t\t<\/div>\n\t\t\t\t<div class=\"elementor-element elementor-element-7b70cf0 elementor-widget-divider--view-line elementor-widget elementor-widget-divider\" data-id=\"7b70cf0\" data-element_type=\"widget\" data-widget_type=\"divider.default\">\n\t\t\t\t<div class=\"elementor-widget-container\">\n\t\t\t<style>\/*! elementor - v3.7.1 - 14-08-2022 *\/\n.elementor-widget-divider{--divider-border-style:none;--divider-border-width:1px;--divider-color:#2c2c2c;--divider-icon-size:20px;--divider-element-spacing:10px;--divider-pattern-height:24px;--divider-pattern-size:20px;--divider-pattern-url:none;--divider-pattern-repeat:repeat-x}.elementor-widget-divider .elementor-divider{display:-webkit-box;display:-ms-flexbox;display:flex}.elementor-widget-divider .elementor-divider__text{font-size:15px;line-height:1;max-width:95%}.elementor-widget-divider .elementor-divider__element{margin:0 var(--divider-element-spacing);-ms-flex-negative:0;flex-shrink:0}.elementor-widget-divider .elementor-icon{font-size:var(--divider-icon-size)}.elementor-widget-divider .elementor-divider-separator{display:-webkit-box;display:-ms-flexbox;display:flex;margin:0;direction:ltr}.elementor-widget-divider--view-line_icon .elementor-divider-separator,.elementor-widget-divider--view-line_text .elementor-divider-separator{-webkit-box-align:center;-ms-flex-align:center;align-items:center}.elementor-widget-divider--view-line_icon .elementor-divider-separator:after,.elementor-widget-divider--view-line_icon .elementor-divider-separator:before,.elementor-widget-divider--view-line_text .elementor-divider-separator:after,.elementor-widget-divider--view-line_text .elementor-divider-separator:before{display:block;content:\"\";border-bottom:0;-webkit-box-flex:1;-ms-flex-positive:1;flex-grow:1;border-top:var(--divider-border-width) var(--divider-border-style) var(--divider-color)}.elementor-widget-divider--element-align-left .elementor-divider .elementor-divider-separator>.elementor-divider__svg:first-of-type{-webkit-box-flex:0;-ms-flex-positive:0;flex-grow:0;-ms-flex-negative:100;flex-shrink:100}.elementor-widget-divider--element-align-left .elementor-divider-separator:before{content:none}.elementor-widget-divider--element-align-left .elementor-divider__element{margin-left:0}.elementor-widget-divider--element-align-right .elementor-divider .elementor-divider-separator>.elementor-divider__svg:last-of-type{-webkit-box-flex:0;-ms-flex-positive:0;flex-grow:0;-ms-flex-negative:100;flex-shrink:100}.elementor-widget-divider--element-align-right .elementor-divider-separator:after{content:none}.elementor-widget-divider--element-align-right .elementor-divider__element{margin-right:0}.elementor-widget-divider:not(.elementor-widget-divider--view-line_text):not(.elementor-widget-divider--view-line_icon) .elementor-divider-separator{border-top:var(--divider-border-width) var(--divider-border-style) var(--divider-color)}.elementor-widget-divider--separator-type-pattern{--divider-border-style:none}.elementor-widget-divider--separator-type-pattern.elementor-widget-divider--view-line .elementor-divider-separator,.elementor-widget-divider--separator-type-pattern:not(.elementor-widget-divider--view-line) .elementor-divider-separator:after,.elementor-widget-divider--separator-type-pattern:not(.elementor-widget-divider--view-line) .elementor-divider-separator:before,.elementor-widget-divider--separator-type-pattern:not([class*=elementor-widget-divider--view]) .elementor-divider-separator{width:100%;min-height:var(--divider-pattern-height);-webkit-mask-size:var(--divider-pattern-size) 100%;mask-size:var(--divider-pattern-size) 100%;-webkit-mask-repeat:var(--divider-pattern-repeat);mask-repeat:var(--divider-pattern-repeat);background-color:var(--divider-color);-webkit-mask-image:var(--divider-pattern-url);mask-image:var(--divider-pattern-url)}.elementor-widget-divider--no-spacing{--divider-pattern-size:auto}.elementor-widget-divider--bg-round{--divider-pattern-repeat:round}.rtl .elementor-widget-divider .elementor-divider__text{direction:rtl}.e-container>.elementor-widget-divider{width:var(--container-widget-width,100%);-webkit-box-flex:1;-ms-flex-positive:1;flex-grow:1}<\/style>\t\t<div class=\"elementor-divider\">\n\t\t\t<span class=\"elementor-divider-separator\">\n\t\t\t\t\t\t<\/span>\n\t\t<\/div>\n\t\t\t\t<\/div>\n\t\t\t\t<\/div>\n\t\t\t\t<div class=\"elementor-element elementor-element-ef19167 elementor-widget elementor-widget-text-editor\" data-id=\"ef19167\" data-element_type=\"widget\" data-widget_type=\"text-editor.default\">\n\t\t\t\t<div class=\"elementor-widget-container\">\n\t\t\t<style>\/*! elementor - v3.7.1 - 14-08-2022 *\/\n.elementor-widget-text-editor.elementor-drop-cap-view-stacked .elementor-drop-cap{background-color:#818a91;color:#fff}.elementor-widget-text-editor.elementor-drop-cap-view-framed .elementor-drop-cap{color:#818a91;border:3px solid;background-color:transparent}.elementor-widget-text-editor:not(.elementor-drop-cap-view-default) .elementor-drop-cap{margin-top:8px}.elementor-widget-text-editor:not(.elementor-drop-cap-view-default) .elementor-drop-cap-letter{width:1em;height:1em}.elementor-widget-text-editor .elementor-drop-cap{float:left;text-align:center;line-height:1;font-size:50px}.elementor-widget-text-editor .elementor-drop-cap-letter{display:inline-block}<\/style>\t\t\t\t<p><strong>\u25ba\u00a0<a href=\"http:\/\/www.planalto.gov.br\/ccivil_03\/Decreto-Lei\/Del0227.htm\" target=\"_blank\" rel=\"noopener\">Decreto-lei 227, de 28 de fevereiro de 1967<\/a>\u00a0\u2013 D\u00e1 nova reda\u00e7\u00e3o ao Decreto-lei 1.985, de 29 de janeiro de 1940 (C\u00f3digo de Minas).<\/strong><br \/><strong>\u25ba\u00a0<a href=\"http:\/\/www.planalto.gov.br\/ccivil_03\/decreto\/1950-1969\/D62934.htm\">Decreto Federal n\u00ba 62.934, de 02 de julho de 1968<\/a>\u00a0&#8211; Aprova regulamento do C\u00f3digo de Minera\u00e7\u00e3o.<\/strong><br \/><strong>\u25ba\u00a0<a href=\"http:\/\/www.planalto.gov.br\/ccivil_03\/Leis\/L6567.htm\" target=\"_blank\" rel=\"noopener\">Lei Federal 6.567, de 24 de setembro de 1978<\/a>\u00a0\u2013 Disp\u00f5e sobre regime especial para explora\u00e7\u00e3o e o aproveitamento das subst\u00e2ncias minerais que especifica e d\u00e1 outras provid\u00eancias.<\/strong><br \/><strong>\u25ba\u00a0<a href=\"http:\/\/www.planalto.gov.br\/ccivil_03\/Leis\/L7805.htm\" target=\"_blank\" rel=\"noopener\">Lei Federal 7.805, de 18 de julho de 1989<\/a>\u00a0\u2013 Altera o Decreto-lei 227, de 28 de fevereiro de 1967, cria o regime de permiss\u00e3o de lavra garimpeira, extingue o regime de matr\u00edcula, e d\u00e1 outras provid\u00eancias.<\/strong><br \/><strong>\u25ba\u00a0<a href=\"http:\/\/www.planalto.gov.br\/ccivil_03\/Leis\/L7886.htm\" target=\"_blank\" rel=\"noopener\">Lei Federal 7.886, de 20 de novembro de 1989<\/a>\u00a0\u2013 Regulamenta o art. 43 do Ato das Disposi\u00e7\u00f5es Constitucionais Transit\u00f3rias e d\u00e1 outras provid\u00eancias.<\/strong><br \/><strong>\u25ba\u00a0<a href=\"http:\/\/www.planalto.gov.br\/ccivil_03\/decreto\/1990-1994\/D98812.htm\" target=\"_blank\" rel=\"noopener\">Decreto Federal 98.812, de 9 de janeiro de 1990<\/a>\u00a0\u2013 Regulamenta a Lei 7.805, de 18 de julho de 1989, e d\u00e1 outras provid\u00eancias.<\/strong><br \/><strong>\u25ba\u00a0<a href=\"http:\/\/ambienteduran.eng.br\/wp-content\/uploads\/2022\/08\/Resolucao_SEMA_31_1998.pdf\">Resolu\u00e7\u00e3o SEMA 31, de 24 de agosto de 1998<\/a>\u00a0&#8211; artigos 115 a 121 &#8211; disp\u00f5e sobre o licenciamento ambiental, autoriza\u00e7\u00e3o ambiental, autoriza\u00e7\u00e3o florestal e anu\u00eancia pr\u00e9via para desmembramento e parcelamento de gleba rural&#8230;<\/strong><br \/><strong>\u25ba\u00a0<a href=\"http:\/\/www.planalto.gov.br\/ccivil_03\/decreto\/D3358.htm\" target=\"_blank\" rel=\"noopener\">Decreto Federal 3.358, de 2 de fevereiro de 2000<\/a>\u00a0\u2013 Regulamenta o disposto na Lei 9.827, de 27 de agosto de 1999, que acrescenta o par\u00e1grafo \u00fanico ao art. 2\u00ba do Decreto-lei 227, de 28 de fevereiro de 1967, com a reda\u00e7\u00e3o dada pela Lei 9.314, de 14 de novembro de 1996.<\/strong><br \/><strong>\u25ba\u00a0<a href=\"http:\/\/celepar7cta.pr.gov.br\/SEEG\/sumulas.nsf\/2b08298abff0cc7c83257501006766d4\/0f0fac2105cf5747832575060046c5e0?OpenDocument\" target=\"_blank\" rel=\"noopener\">Decreto Estadual 3742, de 12 de novembro de 2008<\/a>\u00a0&#8211; declara a \u00c1rea de Interesse Especial Regional do Igua\u00e7u na Regi\u00e3o Metropolitana de Curitiba e d\u00e1 outras provid\u00eancias.\u00a0<a href=\"http:\/\/ambienteduran.eng.br\/wp-content\/uploads\/2022\/08\/ANEXO_AO_DECRETO_3742.pdf\">ANEXO DO DECRETO.<\/a><\/strong><br \/><strong>\u25ba\u00a0<a href=\"http:\/\/ambienteduran.eng.br\/wp-content\/uploads\/2022\/08\/PORTARIA_IAP_40_2010_REGULAMENTA_MINERACAO.pdf\">Portaria IAP 40, de 08 de mar\u00e7o de 2010<\/a>\u00a0&#8211; define crit\u00e9rios administrativos para o licenciamento ambiental de atividades de minera\u00e7\u00e3o no Estado do Paran\u00e1<\/strong><br \/><strong>\u25ba<a href=\"http:\/\/ambienteduran.eng.br\/wp-content\/uploads\/2022\/08\/PORTARIA_IAP_54_2010_ZONEAMENTO_MINERARIO.pdf\">\u00a0Portaria IAP 54, de 30 de mar\u00e7o de 2010<\/a>\u00a0&#8211; aprova o Zoneamento Ambiental Miner\u00e1rio.<\/strong><\/p>\t\t\t\t\t\t<\/div>\n\t\t\t\t<\/div>\n\t\t\t\t<div class=\"elementor-element elementor-element-548baaa elementor-widget elementor-widget-text-editor\" data-id=\"548baaa\" data-element_type=\"widget\" data-widget_type=\"text-editor.default\">\n\t\t\t\t<div class=\"elementor-widget-container\">\n\t\t\t\t\t\t\t<p><strong><a href=\"http:\/\/ambienteduran.eng.br\/?page_id=1981\">PROCEDIMENTOS ADMINISTRATIVOS<\/a><\/strong><\/p>\t\t\t\t\t\t<\/div>\n\t\t\t\t<\/div>\n\t\t\t\t<div class=\"elementor-element elementor-element-8ef5b63 elementor-widget-divider--view-line elementor-widget elementor-widget-divider\" data-id=\"8ef5b63\" data-element_type=\"widget\" data-widget_type=\"divider.default\">\n\t\t\t\t<div class=\"elementor-widget-container\">\n\t\t\t\t\t<div class=\"elementor-divider\">\n\t\t\t<span class=\"elementor-divider-separator\">\n\t\t\t\t\t\t<\/span>\n\t\t<\/div>\n\t\t\t\t<\/div>\n\t\t\t\t<\/div>\n\t\t\t\t\t<\/div>\n\t\t<\/div>\n\t\t\t\t<div class=\"elementor-column elementor-col-50 elementor-top-column elementor-element elementor-element-6bc0e53\" data-id=\"6bc0e53\" data-element_type=\"column\">\n\t\t\t<div class=\"elementor-widget-wrap elementor-element-populated\">\n\t\t\t\t\t\t\t\t<div class=\"elementor-element elementor-element-4dc1be7 elementor-widget elementor-widget-heading\" data-id=\"4dc1be7\" data-element_type=\"widget\" data-widget_type=\"heading.default\">\n\t\t\t\t<div class=\"elementor-widget-container\">\n\t\t\t<h2 class=\"elementor-heading-title elementor-size-default\">MAIS LIDAS\n<\/h2>\t\t<\/div>\n\t\t\t\t<\/div>\n\t\t\t\t<div class=\"elementor-element elementor-element-32c872d elementor-widget-divider--view-line elementor-widget elementor-widget-divider\" data-id=\"32c872d\" data-element_type=\"widget\" data-widget_type=\"divider.default\">\n\t\t\t\t<div class=\"elementor-widget-container\">\n\t\t\t\t\t<div class=\"elementor-divider\">\n\t\t\t<span class=\"elementor-divider-separator\">\n\t\t\t\t\t\t<\/span>\n\t\t<\/div>\n\t\t\t\t<\/div>\n\t\t\t\t<\/div>\n\t\t\t\t<div class=\"elementor-element elementor-element-e11675e elementor-widget elementor-widget-text-editor\" data-id=\"e11675e\" data-element_type=\"widget\" data-widget_type=\"text-editor.default\">\n\t\t\t\t<div class=\"elementor-widget-container\">\n\t\t\t\t\t\t\t<p><strong>01. <a href=\"http:\/\/ambienteduran.eng.br\/?page_id=790\">Consultoria Ambiental<\/a><\/strong><br \/><strong>02. <a href=\"http:\/\/ambienteduran.eng.br\/?page_id=802\">NOSSOS CONTATOS<\/a><\/strong><br \/><strong>03. <a href=\"http:\/\/ambienteduran.eng.br\/?page_id=835\">Compensa\u00e7\u00e3o Ambiental &#8211; im\u00f3veis urbanos<\/a><\/strong><br \/><strong>04. <a href=\"http:\/\/ambienteduran.eng.br\/?page_id=849\">Compra e venda de im\u00f3veis<\/a><\/strong><br \/><strong>05. <a href=\"http:\/\/ambienteduran.eng.br\/?page_id=857\">LICENCIAMENTO AMBIENTAL<\/a><\/strong><br \/><strong>06. <a href=\"http:\/\/ambienteduran.eng.br\/?page_id=887\">CONCEITOS NO NOVO C\u00d3DIGO FLORESTAL &#8211; ILUSTRADO (Art. 3\u00ba Lei 12.651\/12)<\/a><\/strong><br \/><strong>07. <a href=\"http:\/\/ambienteduran.eng.br\/?page_id=905\">DA DELIMITA\u00c7\u00c3O E PROTE\u00c7\u00c3O DAS \u00c1REAS DE PRESERVA\u00c7\u00c3O PERMANENTE<\/a><\/strong><br \/><strong>08. <a href=\"http:\/\/ambienteduran.eng.br\/?page_id=922\">USO DO SOLO DO PARAN\u00c1 &#8211; MMA\/PROBIO\/2005<\/a><\/strong><\/p>\t\t\t\t\t\t<\/div>\n\t\t\t\t<\/div>\n\t\t\t\t\t<\/div>\n\t\t<\/div>\n\t\t\t\t\t\t\t<\/div>\n\t\t<\/section>\n\t\t\t\t\t\t\t<\/div>\n\t\t","protected":false},"excerpt":{"rendered":"<p>MINERA\u00c7\u00c3O &#8211; LEG \u25ba\u00a0Decreto-lei 227, de 28 de fevereiro de 1967\u00a0\u2013 D\u00e1 nova reda\u00e7\u00e3o ao Decreto-lei 1.985, de 29 de janeiro de 1940 (C\u00f3digo de Minas).\u25ba\u00a0Decreto Federal n\u00ba 62.934, de 02 de julho de 1968\u00a0&#8211; Aprova regulamento do C\u00f3digo de Minera\u00e7\u00e3o.\u25ba\u00a0Lei Federal 6.567, de 24 de setembro de 1978\u00a0\u2013 Disp\u00f5e sobre regime especial para explora\u00e7\u00e3o [&hellip;]<\/p>\n","protected":false},"author":1,"featured_media":0,"parent":1981,"menu_order":0,"comment_status":"closed","ping_status":"closed","template":"elementor_header_footer","meta":{"footnotes":""},"class_list":["post-4062","page","type-page","status-publish","hentry"],"_links":{"self":[{"href":"https:\/\/ambienteduran.eng.br\/index.php?rest_route=\/wp\/v2\/pages\/4062","targetHints":{"allow":["GET"]}}],"collection":[{"href":"https:\/\/ambienteduran.eng.br\/index.php?rest_route=\/wp\/v2\/pages"}],"about":[{"href":"https:\/\/ambienteduran.eng.br\/index.php?rest_route=\/wp\/v2\/types\/page"}],"author":[{"embeddable":true,"href":"https:\/\/ambienteduran.eng.br\/index.php?rest_route=\/wp\/v2\/users\/1"}],"replies":[{"embeddable":true,"href":"https:\/\/ambienteduran.eng.br\/index.php?rest_route=%2Fwp%2Fv2%2Fcomments&post=4062"}],"version-history":[{"count":7,"href":"https:\/\/ambienteduran.eng.br\/index.php?rest_route=\/wp\/v2\/pages\/4062\/revisions"}],"predecessor-version":[{"id":4072,"href":"https:\/\/ambienteduran.eng.br\/index.php?rest_route=\/wp\/v2\/pages\/4062\/revisions\/4072"}],"up":[{"embeddable":true,"href":"https:\/\/ambienteduran.eng.br\/index.php?rest_route=\/wp\/v2\/pages\/1981"}],"wp:attachment":[{"href":"https:\/\/ambienteduran.eng.br\/index.php?rest_route=%2Fwp%2Fv2%2Fmedia&parent=4062"}],"curies":[{"name":"wp","href":"https:\/\/api.w.org\/{rel}","templated":true}]}}