{"id":4211,"date":"2022-08-26T15:53:05","date_gmt":"2022-08-26T18:53:05","guid":{"rendered":"http:\/\/ambienteduran.eng.br\/?page_id=4211"},"modified":"2022-08-26T16:05:28","modified_gmt":"2022-08-26T19:05:28","slug":"plano-de-implantacao-do-pcpv","status":"publish","type":"page","link":"https:\/\/ambienteduran.eng.br\/?page_id=4211","title":{"rendered":"Plano de implanta\u00e7\u00e3o do PCPV"},"content":{"rendered":"\t\t<div data-elementor-type=\"wp-page\" data-elementor-id=\"4211\" class=\"elementor elementor-4211\">\n\t\t\t\t\t\t\t\t\t<section class=\"elementor-section elementor-top-section elementor-element elementor-element-25d42c2 elementor-section-boxed elementor-section-height-default elementor-section-height-default\" data-id=\"25d42c2\" data-element_type=\"section\">\n\t\t\t\t\t\t<div class=\"elementor-container elementor-column-gap-default\">\n\t\t\t\t\t<div class=\"elementor-column elementor-col-50 elementor-top-column elementor-element elementor-element-a108226\" data-id=\"a108226\" data-element_type=\"column\">\n\t\t\t<div class=\"elementor-widget-wrap elementor-element-populated\">\n\t\t\t\t\t\t\t\t<div class=\"elementor-element elementor-element-f711c35 elementor-widget elementor-widget-heading\" data-id=\"f711c35\" data-element_type=\"widget\" data-widget_type=\"heading.default\">\n\t\t\t\t<div class=\"elementor-widget-container\">\n\t\t\t<style>\/*! elementor - v3.7.1 - 14-08-2022 *\/\n.elementor-heading-title{padding:0;margin:0;line-height:1}.elementor-widget-heading .elementor-heading-title[class*=elementor-size-]>a{color:inherit;font-size:inherit;line-height:inherit}.elementor-widget-heading .elementor-heading-title.elementor-size-small{font-size:15px}.elementor-widget-heading .elementor-heading-title.elementor-size-medium{font-size:19px}.elementor-widget-heading .elementor-heading-title.elementor-size-large{font-size:29px}.elementor-widget-heading .elementor-heading-title.elementor-size-xl{font-size:39px}.elementor-widget-heading .elementor-heading-title.elementor-size-xxl{font-size:59px}<\/style><h2 class=\"elementor-heading-title elementor-size-default\">CRONOGRAMA DE IMPLANTA\u00c7\u00c3O DO PCPV\n<\/h2>\t\t<\/div>\n\t\t\t\t<\/div>\n\t\t\t\t<div class=\"elementor-element elementor-element-7b70cf0 elementor-widget-divider--view-line elementor-widget elementor-widget-divider\" data-id=\"7b70cf0\" data-element_type=\"widget\" data-widget_type=\"divider.default\">\n\t\t\t\t<div class=\"elementor-widget-container\">\n\t\t\t<style>\/*! elementor - v3.7.1 - 14-08-2022 *\/\n.elementor-widget-divider{--divider-border-style:none;--divider-border-width:1px;--divider-color:#2c2c2c;--divider-icon-size:20px;--divider-element-spacing:10px;--divider-pattern-height:24px;--divider-pattern-size:20px;--divider-pattern-url:none;--divider-pattern-repeat:repeat-x}.elementor-widget-divider .elementor-divider{display:-webkit-box;display:-ms-flexbox;display:flex}.elementor-widget-divider .elementor-divider__text{font-size:15px;line-height:1;max-width:95%}.elementor-widget-divider .elementor-divider__element{margin:0 var(--divider-element-spacing);-ms-flex-negative:0;flex-shrink:0}.elementor-widget-divider .elementor-icon{font-size:var(--divider-icon-size)}.elementor-widget-divider .elementor-divider-separator{display:-webkit-box;display:-ms-flexbox;display:flex;margin:0;direction:ltr}.elementor-widget-divider--view-line_icon .elementor-divider-separator,.elementor-widget-divider--view-line_text .elementor-divider-separator{-webkit-box-align:center;-ms-flex-align:center;align-items:center}.elementor-widget-divider--view-line_icon .elementor-divider-separator:after,.elementor-widget-divider--view-line_icon .elementor-divider-separator:before,.elementor-widget-divider--view-line_text .elementor-divider-separator:after,.elementor-widget-divider--view-line_text .elementor-divider-separator:before{display:block;content:\"\";border-bottom:0;-webkit-box-flex:1;-ms-flex-positive:1;flex-grow:1;border-top:var(--divider-border-width) var(--divider-border-style) var(--divider-color)}.elementor-widget-divider--element-align-left .elementor-divider .elementor-divider-separator>.elementor-divider__svg:first-of-type{-webkit-box-flex:0;-ms-flex-positive:0;flex-grow:0;-ms-flex-negative:100;flex-shrink:100}.elementor-widget-divider--element-align-left .elementor-divider-separator:before{content:none}.elementor-widget-divider--element-align-left .elementor-divider__element{margin-left:0}.elementor-widget-divider--element-align-right .elementor-divider .elementor-divider-separator>.elementor-divider__svg:last-of-type{-webkit-box-flex:0;-ms-flex-positive:0;flex-grow:0;-ms-flex-negative:100;flex-shrink:100}.elementor-widget-divider--element-align-right .elementor-divider-separator:after{content:none}.elementor-widget-divider--element-align-right .elementor-divider__element{margin-right:0}.elementor-widget-divider:not(.elementor-widget-divider--view-line_text):not(.elementor-widget-divider--view-line_icon) .elementor-divider-separator{border-top:var(--divider-border-width) var(--divider-border-style) var(--divider-color)}.elementor-widget-divider--separator-type-pattern{--divider-border-style:none}.elementor-widget-divider--separator-type-pattern.elementor-widget-divider--view-line .elementor-divider-separator,.elementor-widget-divider--separator-type-pattern:not(.elementor-widget-divider--view-line) .elementor-divider-separator:after,.elementor-widget-divider--separator-type-pattern:not(.elementor-widget-divider--view-line) .elementor-divider-separator:before,.elementor-widget-divider--separator-type-pattern:not([class*=elementor-widget-divider--view]) .elementor-divider-separator{width:100%;min-height:var(--divider-pattern-height);-webkit-mask-size:var(--divider-pattern-size) 100%;mask-size:var(--divider-pattern-size) 100%;-webkit-mask-repeat:var(--divider-pattern-repeat);mask-repeat:var(--divider-pattern-repeat);background-color:var(--divider-color);-webkit-mask-image:var(--divider-pattern-url);mask-image:var(--divider-pattern-url)}.elementor-widget-divider--no-spacing{--divider-pattern-size:auto}.elementor-widget-divider--bg-round{--divider-pattern-repeat:round}.rtl .elementor-widget-divider .elementor-divider__text{direction:rtl}.e-container>.elementor-widget-divider{width:var(--container-widget-width,100%);-webkit-box-flex:1;-ms-flex-positive:1;flex-grow:1}<\/style>\t\t<div class=\"elementor-divider\">\n\t\t\t<span class=\"elementor-divider-separator\">\n\t\t\t\t\t\t<\/span>\n\t\t<\/div>\n\t\t\t\t<\/div>\n\t\t\t\t<\/div>\n\t\t\t\t<div class=\"elementor-element elementor-element-ef19167 elementor-widget elementor-widget-text-editor\" data-id=\"ef19167\" data-element_type=\"widget\" data-widget_type=\"text-editor.default\">\n\t\t\t\t<div class=\"elementor-widget-container\">\n\t\t\t<style>\/*! elementor - v3.7.1 - 14-08-2022 *\/\n.elementor-widget-text-editor.elementor-drop-cap-view-stacked .elementor-drop-cap{background-color:#818a91;color:#fff}.elementor-widget-text-editor.elementor-drop-cap-view-framed .elementor-drop-cap{color:#818a91;border:3px solid;background-color:transparent}.elementor-widget-text-editor:not(.elementor-drop-cap-view-default) .elementor-drop-cap{margin-top:8px}.elementor-widget-text-editor:not(.elementor-drop-cap-view-default) .elementor-drop-cap-letter{width:1em;height:1em}.elementor-widget-text-editor .elementor-drop-cap{float:left;text-align:center;line-height:1;font-size:50px}.elementor-widget-text-editor .elementor-drop-cap-letter{display:inline-block}<\/style>\t\t\t\t<p><strong>Antes do in\u00edcio da opera\u00e7\u00e3o do Programa de Inspe\u00e7\u00e3o e Manuten\u00e7\u00e3o de Ve\u00edculos em Uso \u2013 I\/M, dever\u00e1 haver tempo h\u00e1bil para processos licitat\u00f3rios ou equivalentes, tempo para constru\u00e7\u00e3o dos postos de inspe\u00e7\u00e3o em n\u00famero e tamanho adequado para as \u00e1reas priorit\u00e1rias, instala\u00e7\u00e3o de equipamentos e tamb\u00e9m para integra\u00e7\u00e3o do sistema de informa\u00e7\u00f5es com os \u00f3rg\u00e3os de tr\u00e2nsito.<\/strong><\/p><p><strong>A Instru\u00e7\u00e3o Normativa IBAMA 6\/2010 determina prazos m\u00e1ximos para que os fabricantes e empresas de importa\u00e7\u00e3o de ve\u00edculos automotores disponham de procedimentos e infraestrutura para divulga\u00e7\u00e3o sistem\u00e1tica das recomenda\u00e7\u00f5es e especifica\u00e7\u00f5es de calibra\u00e7\u00e3o, regulagem e manuten\u00e7\u00e3o do motor, dos sistemas de alimenta\u00e7\u00e3o de combust\u00edvel, de igni\u00e7\u00e3o, de partida, de arrefecimento, de escapamento e, sempre que aplic\u00e1vel, dos componentes de sistemas de controle de emiss\u00e3o de gases, part\u00edculas e ru\u00eddo, bem como dos par\u00e2metros de verifica\u00e7\u00e3o do sistema de diagnose de bordo (ODB). Os prazos para a divulga\u00e7\u00e3o pelas montadoras e importadoras s\u00e3o (a partir da publica\u00e7\u00e3o da IN, que foi em 08\/06\/2010):<\/strong><\/p><p><strong>\u25ba 180 dias \u2013 ve\u00edculos a partir do ano-modelo 2003, inclusive, at\u00e9 os ve\u00edculos ano-modelo 2011;<\/strong><br \/><strong>\u25ba 360 dias \u2013 ve\u00edculos a partir do ano-modelo 1997, inclusive, at\u00e9 os ve\u00edculos ano-modelo 2002;<\/strong><br \/><strong>\u25ba 540 dias \u2013 ve\u00edculos a partir do ano-modelo 1987, inclusive, at\u00e9 os ve\u00edculos ano-modelo 1996;<\/strong><br \/><strong>\u25ba 720 dias \u2013 ve\u00edculos a partir do ano-modelo 1986, inclusive, at\u00e9 os ve\u00edculos ano-modelo 1970.<\/strong><\/p><p><strong>Este \u00faltimo item motivou neste Programa a dispensa de carros com ano-modelo inferior a 1970 da realiza\u00e7\u00e3o da inspe\u00e7\u00e3o obrigat\u00f3ria, seguindo o mesmo crit\u00e9rio da Instru\u00e7\u00e3o Normativa citada. O maior prazo de adequa\u00e7\u00e3o das montadoras e importadoras para fornecerem os dados \u00e9 mais um motivo que impede o in\u00edcio do cronograma de implanta\u00e7\u00e3o do Programa I\/M considerando a frota independentemente da idade dos ve\u00edculos.<\/strong><\/p><p><strong>O Programa I\/M dever\u00e1 ser implantado considerando as suas diferentes etapas, em fun\u00e7\u00e3o da abrang\u00eancia e da frota-alvo, conforme a Tabela 69 a seguir.<\/strong><\/p><p><strong>Tabela 69 &#8211; Cronograma de implanta\u00e7\u00e3o do Programa de Inspe\u00e7\u00e3o e Manuten\u00e7\u00e3o de Ve\u00edculos em Uso \u2013 I\/M no Estado do Paran\u00e1.<\/strong><\/p>\t\t\t\t\t\t<\/div>\n\t\t\t\t<\/div>\n\t\t\t\t<div class=\"elementor-element elementor-element-8b59970 elementor-hidden-mobile elementor-widget elementor-widget-text-editor\" data-id=\"8b59970\" data-element_type=\"widget\" data-widget_type=\"text-editor.default\">\n\t\t\t\t<div class=\"elementor-widget-container\">\n\t\t\t\t\t\t\t<p>\u00a0<\/p><table border=\"1\" cellspacing=\"1\" cellpadding=\"1\"><tbody><tr><td><strong>ETAPA\/<\/strong><br \/><strong>ANO<\/strong><\/td><td><strong>Macrorregi\u00e3o<\/strong><\/td><td><strong>Abrang\u00eancia<\/strong><\/td><td><strong>\u00a0Frota-alvo<\/strong><\/td><\/tr><tr><td><strong>\u00a01<\/strong><br \/><strong>2013<\/strong><\/td><td><strong>\u00a0RMC<\/strong><\/td><td><strong>Curitiba, S\u00e3o Jos\u00e9 dos Pinhais, Colombo, Pinhais, Arauc\u00e1ria, Campo Largo, Almirante Tamandar\u00e9, Piraquara e Fazenda Rio Grande<\/strong><\/td><td><strong>*Ciclo Diesel \u2013 Licenciados de 1970 a 2011<\/strong><\/td><\/tr><tr><td><strong>\u00a02<\/strong><br \/><strong>2014<\/strong><\/td><td><strong>\u00a0RMC<\/strong><\/td><td><strong>Curitiba, S\u00e3o Jos\u00e9 dos Pinhais, Colombo, Pinhais, Arauc\u00e1ria, Campo Largo, Almirante Tamandar\u00e9, Piraquara e Fazenda Rio Grande<\/strong><\/td><td><strong>\u00a0Ciclo Diesel \u2013 Licenciados de 1970 a 2012;<\/strong><br \/><strong>**Ciclo Otto, Motocicletas e Assemelhados do<\/strong><br \/><strong>Ciclo Otto \u2013 Licenciados de 2005 a 2012<\/strong><\/td><\/tr><tr><td><strong>3<\/strong><br \/><strong>2015<\/strong><\/td><td><strong>RMC, LITORAL, PONTA GROSSA, LONDRINA, MARING\u00c1, CASCAVEL<\/strong><\/td><td><strong>Curitiba, S\u00e3o Jos\u00e9 dos Pinhais, Colombo, Pinhais, Arauc\u00e1ria, Campo Largo, Almirante Tamandar\u00e9, Piraquara, Fazenda Rio Grande, Paranagu\u00e1, Ponta Grossa, Guarapuava, Pato Branco, Londrina, Arapongas, Apucarana, Camb\u00e9, Maring\u00e1, Umuarama, Campo Mour\u00e3o, Paranava\u00ed, Cianorte, Cascavel, Foz do<\/strong><br \/><strong>Igua\u00e7u, Toledo e Francisco Beltr\u00e3o<\/strong><\/td><td><strong>Ciclo Diesel \u2013 Licenciados de 1970 a 2013;<\/strong><br \/><strong>Ciclo Otto, Motocicletas e Assemelhados do<\/strong><br \/><strong>Ciclo Otto \u2013 Licenciados de 2002 a 2013<\/strong><\/td><\/tr><tr><td><strong>\u00a04<\/strong><br \/><strong>2016<\/strong><\/td><td><strong>\u00a0RMC, LITORAL, PONTA GROSSA,<\/strong><br \/><strong>LONDRINA, MARING\u00c1, CASCAVEL<\/strong><\/td><td><strong>Curitiba, S\u00e3o Jos\u00e9 dos Pinhais, Colombo, Pinhais, Arauc\u00e1ria, Campo Largo, Almirante Tamandar\u00e9, Piraquara, Fazenda Rio Grande, Paranagu\u00e1, Ponta Grossa, Guarapuava, Pato Branco, Londrina, Arapongas, Apucarana, Camb\u00e9, Maring\u00e1, Umuarama, Campo Mour\u00e3o, Paranava\u00ed, Cianorte, Cascavel, Foz do<\/strong><br \/><strong>Igua\u00e7u, Toledo e Francisco Beltr\u00e3o<\/strong><\/td><td><strong>Ciclo Diesel \u2013 Licenciados de 1970 a 2014;<\/strong><br \/><strong>Ciclo Otto, Motocicletas e Assemelhados do<\/strong><br \/><strong>Ciclo Otto \u2013 Licenciados de 1996 a 2014<\/strong><\/td><\/tr><tr><td><strong>5<\/strong><br \/><strong>2017<\/strong><\/td><td><strong>RMC, LITORAL, PONTA GROSSA,<\/strong><br \/><strong>LONDRINA, MARING\u00c1, CASCAVEL<\/strong><\/td><td><strong>Curitiba, S\u00e3o Jse dos Pinhais, Colombo, Pinhais, Arauc\u00e1ria, Campo Largo, Almirante Tamandare, Piraquara, Fazenda Rio Grande, Paranagu\u00e1, Ponta Grossa, Guarapuava, Pato Branco, Londrina, Arapongas, Apucarana, Camb\u00e9, Maring\u00e1, Umuarama, Campo Mour\u00e3o, Paranava\u00ed, Cianorte, Cascavel, Foz do<\/strong><br \/><strong>Igua\u00e7u, Toledo e Francisco Beltr\u00e3o<\/strong><\/td><td><strong>Ciclo Diesel \u2013 Licenciados de 1970 a 2015;<\/strong><br \/><strong>Ciclo Otto, Motocicletas e Assemelhados do<\/strong><br \/><strong>Ciclo Otto \u2013 Licenciados de 1970 a 2015<\/strong><\/td><\/tr><tr><td><strong>6<\/strong><br \/><strong>2018<\/strong><\/td><td><strong>RMC, LITORAL, PONTA GROSSA,<\/strong><br \/><strong>LONDRINA, MARING\u00c1, CASCAVEL<\/strong><\/td><td><strong>\u00a0Todos<\/strong><\/td><td><strong>Ciclo Diesel \u2013 Licenciados de 1970 a 2016;<\/strong><br \/><strong>Ciclo Otto, Motocicletas e Assemelhados do<\/strong><br \/><strong>Ciclo Otto \u2013 Licenciados de 1970 a 2016<\/strong><\/td><\/tr><\/tbody><\/table><p>\u00a0<\/p>\t\t\t\t\t\t<\/div>\n\t\t\t\t<\/div>\n\t\t\t\t<div class=\"elementor-element elementor-element-303b74c elementor-widget elementor-widget-text-editor\" data-id=\"303b74c\" data-element_type=\"widget\" data-widget_type=\"text-editor.default\">\n\t\t\t\t<div class=\"elementor-widget-container\">\n\t\t\t\t\t\t\t<p><strong>\u00a0* CICLO DIESEL &#8211; todos os ve\u00edculos movidos a motor com combust\u00edvel diesel. Motor Diesel ou motor de igni\u00e7\u00e3o por compress\u00e3o \u00e9 um motor de combust\u00e3o interna (inventado pelo engenheiro alem\u00e3o Rudolf Diesel (1858-1913) em que a combust\u00e3o do combust\u00edvel se faz pelo aumento da temperatura provocado pela compress\u00e3o de ar.<\/strong><\/p><p><strong>** CICLO OTTO\u00a0&#8211; Motores baseados neste ciclo equipam a maioria dos autom\u00f3veis de passeio atualmente. \u00c9 um ciclo termodin\u00e2mico, que idealiza o funcionamento de motores de combust\u00e3o interna de igni\u00e7\u00e3o por centelha. Foi\u00a0 implementado com sucesso pelo engenheiro alem\u00e3o Nikolaus Otto em 1876.<\/strong><\/p>\t\t\t\t\t\t<\/div>\n\t\t\t\t<\/div>\n\t\t\t\t<div class=\"elementor-element elementor-element-8ef5b63 elementor-widget-divider--view-line elementor-widget elementor-widget-divider\" data-id=\"8ef5b63\" data-element_type=\"widget\" data-widget_type=\"divider.default\">\n\t\t\t\t<div class=\"elementor-widget-container\">\n\t\t\t\t\t<div class=\"elementor-divider\">\n\t\t\t<span class=\"elementor-divider-separator\">\n\t\t\t\t\t\t<\/span>\n\t\t<\/div>\n\t\t\t\t<\/div>\n\t\t\t\t<\/div>\n\t\t\t\t\t<\/div>\n\t\t<\/div>\n\t\t\t\t<div class=\"elementor-column elementor-col-50 elementor-top-column elementor-element elementor-element-6bc0e53\" data-id=\"6bc0e53\" data-element_type=\"column\">\n\t\t\t<div class=\"elementor-widget-wrap elementor-element-populated\">\n\t\t\t\t\t\t\t\t<div class=\"elementor-element elementor-element-4dc1be7 elementor-widget elementor-widget-heading\" data-id=\"4dc1be7\" data-element_type=\"widget\" data-widget_type=\"heading.default\">\n\t\t\t\t<div class=\"elementor-widget-container\">\n\t\t\t<h2 class=\"elementor-heading-title elementor-size-default\">MAIS LIDAS\n<\/h2>\t\t<\/div>\n\t\t\t\t<\/div>\n\t\t\t\t<div class=\"elementor-element elementor-element-32c872d elementor-widget-divider--view-line elementor-widget elementor-widget-divider\" data-id=\"32c872d\" data-element_type=\"widget\" data-widget_type=\"divider.default\">\n\t\t\t\t<div class=\"elementor-widget-container\">\n\t\t\t\t\t<div class=\"elementor-divider\">\n\t\t\t<span class=\"elementor-divider-separator\">\n\t\t\t\t\t\t<\/span>\n\t\t<\/div>\n\t\t\t\t<\/div>\n\t\t\t\t<\/div>\n\t\t\t\t<div class=\"elementor-element elementor-element-e11675e elementor-widget elementor-widget-text-editor\" data-id=\"e11675e\" data-element_type=\"widget\" data-widget_type=\"text-editor.default\">\n\t\t\t\t<div class=\"elementor-widget-container\">\n\t\t\t\t\t\t\t<p><strong>01. <a href=\"http:\/\/ambienteduran.eng.br\/?page_id=790\">Consultoria Ambiental<\/a><\/strong><br \/><strong>02. <a href=\"http:\/\/ambienteduran.eng.br\/?page_id=802\">NOSSOS CONTATOS<\/a><\/strong><br \/><strong>03. <a href=\"http:\/\/ambienteduran.eng.br\/?page_id=835\">Compensa\u00e7\u00e3o Ambiental &#8211; im\u00f3veis urbanos<\/a><\/strong><br \/><strong>04. <a href=\"http:\/\/ambienteduran.eng.br\/?page_id=849\">Compra e venda de im\u00f3veis<\/a><\/strong><br \/><strong>05. <a href=\"http:\/\/ambienteduran.eng.br\/?page_id=857\">LICENCIAMENTO AMBIENTAL<\/a><\/strong><br \/><strong>06. <a href=\"http:\/\/ambienteduran.eng.br\/?page_id=887\">CONCEITOS NO NOVO C\u00d3DIGO FLORESTAL &#8211; ILUSTRADO (Art. 3\u00ba Lei 12.651\/12)<\/a><\/strong><br \/><strong>07. <a href=\"http:\/\/ambienteduran.eng.br\/?page_id=905\">DA DELIMITA\u00c7\u00c3O E PROTE\u00c7\u00c3O DAS \u00c1REAS DE PRESERVA\u00c7\u00c3O PERMANENTE<\/a><\/strong><br \/><strong>08. <a href=\"http:\/\/ambienteduran.eng.br\/?page_id=922\">USO DO SOLO DO PARAN\u00c1 &#8211; MMA\/PROBIO\/2005<\/a><\/strong><\/p>\t\t\t\t\t\t<\/div>\n\t\t\t\t<\/div>\n\t\t\t\t\t<\/div>\n\t\t<\/div>\n\t\t\t\t\t\t\t<\/div>\n\t\t<\/section>\n\t\t\t\t\t\t\t<\/div>\n\t\t","protected":false},"excerpt":{"rendered":"<p>CRONOGRAMA DE IMPLANTA\u00c7\u00c3O DO PCPV Antes do in\u00edcio da opera\u00e7\u00e3o do Programa de Inspe\u00e7\u00e3o e Manuten\u00e7\u00e3o de Ve\u00edculos em Uso \u2013 I\/M, dever\u00e1 haver tempo h\u00e1bil para processos licitat\u00f3rios ou equivalentes, tempo para constru\u00e7\u00e3o dos postos de inspe\u00e7\u00e3o em n\u00famero e tamanho adequado para as \u00e1reas priorit\u00e1rias, instala\u00e7\u00e3o de equipamentos e tamb\u00e9m para integra\u00e7\u00e3o do [&hellip;]<\/p>\n","protected":false},"author":1,"featured_media":0,"parent":4176,"menu_order":0,"comment_status":"closed","ping_status":"closed","template":"elementor_header_footer","meta":{"footnotes":""},"class_list":["post-4211","page","type-page","status-publish","hentry"],"_links":{"self":[{"href":"https:\/\/ambienteduran.eng.br\/index.php?rest_route=\/wp\/v2\/pages\/4211","targetHints":{"allow":["GET"]}}],"collection":[{"href":"https:\/\/ambienteduran.eng.br\/index.php?rest_route=\/wp\/v2\/pages"}],"about":[{"href":"https:\/\/ambienteduran.eng.br\/index.php?rest_route=\/wp\/v2\/types\/page"}],"author":[{"embeddable":true,"href":"https:\/\/ambienteduran.eng.br\/index.php?rest_route=\/wp\/v2\/users\/1"}],"replies":[{"embeddable":true,"href":"https:\/\/ambienteduran.eng.br\/index.php?rest_route=%2Fwp%2Fv2%2Fcomments&post=4211"}],"version-history":[{"count":16,"href":"https:\/\/ambienteduran.eng.br\/index.php?rest_route=\/wp\/v2\/pages\/4211\/revisions"}],"predecessor-version":[{"id":4228,"href":"https:\/\/ambienteduran.eng.br\/index.php?rest_route=\/wp\/v2\/pages\/4211\/revisions\/4228"}],"up":[{"embeddable":true,"href":"https:\/\/ambienteduran.eng.br\/index.php?rest_route=\/wp\/v2\/pages\/4176"}],"wp:attachment":[{"href":"https:\/\/ambienteduran.eng.br\/index.php?rest_route=%2Fwp%2Fv2%2Fmedia&parent=4211"}],"curies":[{"name":"wp","href":"https:\/\/api.w.org\/{rel}","templated":true}]}}