{"id":4408,"date":"2022-08-26T17:05:00","date_gmt":"2022-08-26T20:05:00","guid":{"rendered":"http:\/\/ambienteduran.eng.br\/?page_id=4408"},"modified":"2022-08-29T15:39:03","modified_gmt":"2022-08-29T18:39:03","slug":"postos-de-combustiveis","status":"publish","type":"page","link":"https:\/\/ambienteduran.eng.br\/?page_id=4408","title":{"rendered":"25 &#8211; Postos de Combust\u00edveis"},"content":{"rendered":"\t\t<div data-elementor-type=\"wp-page\" data-elementor-id=\"4408\" class=\"elementor elementor-4408\">\n\t\t\t\t\t\t\t\t\t<section class=\"elementor-section elementor-top-section elementor-element elementor-element-25d42c2 elementor-section-boxed elementor-section-height-default elementor-section-height-default\" data-id=\"25d42c2\" data-element_type=\"section\">\n\t\t\t\t\t\t<div class=\"elementor-container elementor-column-gap-default\">\n\t\t\t\t\t<div class=\"elementor-column elementor-col-50 elementor-top-column elementor-element elementor-element-a108226\" data-id=\"a108226\" data-element_type=\"column\">\n\t\t\t<div class=\"elementor-widget-wrap elementor-element-populated\">\n\t\t\t\t\t\t\t\t<div class=\"elementor-element elementor-element-f711c35 elementor-widget elementor-widget-heading\" data-id=\"f711c35\" data-element_type=\"widget\" data-widget_type=\"heading.default\">\n\t\t\t\t<div class=\"elementor-widget-container\">\n\t\t\t<style>\/*! elementor - v3.7.1 - 14-08-2022 *\/\n.elementor-heading-title{padding:0;margin:0;line-height:1}.elementor-widget-heading .elementor-heading-title[class*=elementor-size-]>a{color:inherit;font-size:inherit;line-height:inherit}.elementor-widget-heading .elementor-heading-title.elementor-size-small{font-size:15px}.elementor-widget-heading .elementor-heading-title.elementor-size-medium{font-size:19px}.elementor-widget-heading .elementor-heading-title.elementor-size-large{font-size:29px}.elementor-widget-heading .elementor-heading-title.elementor-size-xl{font-size:39px}.elementor-widget-heading .elementor-heading-title.elementor-size-xxl{font-size:59px}<\/style><h2 class=\"elementor-heading-title elementor-size-default\">POSTOS DE COMBUST\u00cdVEIS E SISTEMAS RETALHISTAS\n<\/h2>\t\t<\/div>\n\t\t\t\t<\/div>\n\t\t\t\t<div class=\"elementor-element elementor-element-7b70cf0 elementor-widget-divider--view-line elementor-widget elementor-widget-divider\" data-id=\"7b70cf0\" data-element_type=\"widget\" data-widget_type=\"divider.default\">\n\t\t\t\t<div class=\"elementor-widget-container\">\n\t\t\t<style>\/*! elementor - v3.7.1 - 14-08-2022 *\/\n.elementor-widget-divider{--divider-border-style:none;--divider-border-width:1px;--divider-color:#2c2c2c;--divider-icon-size:20px;--divider-element-spacing:10px;--divider-pattern-height:24px;--divider-pattern-size:20px;--divider-pattern-url:none;--divider-pattern-repeat:repeat-x}.elementor-widget-divider .elementor-divider{display:-webkit-box;display:-ms-flexbox;display:flex}.elementor-widget-divider .elementor-divider__text{font-size:15px;line-height:1;max-width:95%}.elementor-widget-divider .elementor-divider__element{margin:0 var(--divider-element-spacing);-ms-flex-negative:0;flex-shrink:0}.elementor-widget-divider .elementor-icon{font-size:var(--divider-icon-size)}.elementor-widget-divider .elementor-divider-separator{display:-webkit-box;display:-ms-flexbox;display:flex;margin:0;direction:ltr}.elementor-widget-divider--view-line_icon .elementor-divider-separator,.elementor-widget-divider--view-line_text .elementor-divider-separator{-webkit-box-align:center;-ms-flex-align:center;align-items:center}.elementor-widget-divider--view-line_icon .elementor-divider-separator:after,.elementor-widget-divider--view-line_icon .elementor-divider-separator:before,.elementor-widget-divider--view-line_text .elementor-divider-separator:after,.elementor-widget-divider--view-line_text .elementor-divider-separator:before{display:block;content:\"\";border-bottom:0;-webkit-box-flex:1;-ms-flex-positive:1;flex-grow:1;border-top:var(--divider-border-width) var(--divider-border-style) var(--divider-color)}.elementor-widget-divider--element-align-left .elementor-divider .elementor-divider-separator>.elementor-divider__svg:first-of-type{-webkit-box-flex:0;-ms-flex-positive:0;flex-grow:0;-ms-flex-negative:100;flex-shrink:100}.elementor-widget-divider--element-align-left .elementor-divider-separator:before{content:none}.elementor-widget-divider--element-align-left .elementor-divider__element{margin-left:0}.elementor-widget-divider--element-align-right .elementor-divider .elementor-divider-separator>.elementor-divider__svg:last-of-type{-webkit-box-flex:0;-ms-flex-positive:0;flex-grow:0;-ms-flex-negative:100;flex-shrink:100}.elementor-widget-divider--element-align-right .elementor-divider-separator:after{content:none}.elementor-widget-divider--element-align-right .elementor-divider__element{margin-right:0}.elementor-widget-divider:not(.elementor-widget-divider--view-line_text):not(.elementor-widget-divider--view-line_icon) .elementor-divider-separator{border-top:var(--divider-border-width) var(--divider-border-style) var(--divider-color)}.elementor-widget-divider--separator-type-pattern{--divider-border-style:none}.elementor-widget-divider--separator-type-pattern.elementor-widget-divider--view-line .elementor-divider-separator,.elementor-widget-divider--separator-type-pattern:not(.elementor-widget-divider--view-line) .elementor-divider-separator:after,.elementor-widget-divider--separator-type-pattern:not(.elementor-widget-divider--view-line) .elementor-divider-separator:before,.elementor-widget-divider--separator-type-pattern:not([class*=elementor-widget-divider--view]) .elementor-divider-separator{width:100%;min-height:var(--divider-pattern-height);-webkit-mask-size:var(--divider-pattern-size) 100%;mask-size:var(--divider-pattern-size) 100%;-webkit-mask-repeat:var(--divider-pattern-repeat);mask-repeat:var(--divider-pattern-repeat);background-color:var(--divider-color);-webkit-mask-image:var(--divider-pattern-url);mask-image:var(--divider-pattern-url)}.elementor-widget-divider--no-spacing{--divider-pattern-size:auto}.elementor-widget-divider--bg-round{--divider-pattern-repeat:round}.rtl .elementor-widget-divider .elementor-divider__text{direction:rtl}.e-container>.elementor-widget-divider{width:var(--container-widget-width,100%);-webkit-box-flex:1;-ms-flex-positive:1;flex-grow:1}<\/style>\t\t<div class=\"elementor-divider\">\n\t\t\t<span class=\"elementor-divider-separator\">\n\t\t\t\t\t\t<\/span>\n\t\t<\/div>\n\t\t\t\t<\/div>\n\t\t\t\t<\/div>\n\t\t\t\t<div class=\"elementor-element elementor-element-ef19167 elementor-widget elementor-widget-text-editor\" data-id=\"ef19167\" data-element_type=\"widget\" data-widget_type=\"text-editor.default\">\n\t\t\t\t<div class=\"elementor-widget-container\">\n\t\t\t<style>\/*! elementor - v3.7.1 - 14-08-2022 *\/\n.elementor-widget-text-editor.elementor-drop-cap-view-stacked .elementor-drop-cap{background-color:#818a91;color:#fff}.elementor-widget-text-editor.elementor-drop-cap-view-framed .elementor-drop-cap{color:#818a91;border:3px solid;background-color:transparent}.elementor-widget-text-editor:not(.elementor-drop-cap-view-default) .elementor-drop-cap{margin-top:8px}.elementor-widget-text-editor:not(.elementor-drop-cap-view-default) .elementor-drop-cap-letter{width:1em;height:1em}.elementor-widget-text-editor .elementor-drop-cap{float:left;text-align:center;line-height:1;font-size:50px}.elementor-widget-text-editor .elementor-drop-cap-letter{display:inline-block}<\/style>\t\t\t\t<p><strong>FUNDAMENTO LEGAL:\u00a0<a href=\"http:\/\/ambienteduran.eng.br\/?page_id=4419\">POSTOS DE COMBUST\u00cdVEIS &#8211; LEG<\/a><\/strong><\/p><p><strong>1.\u00a0<a href=\"http:\/\/ambienteduran.eng.br\/?page_id=4433\">APLICA\u00c7\u00d5ES DA RESOLU\u00c7\u00c3O<\/a><\/strong><br \/><strong>2.\u00a0<a href=\"http:\/\/ambienteduran.eng.br\/?page_id=4448\">CONCEITOS UTILIZADOS NO LICENCIAMENTO DE POSTOS<\/a><\/strong><br \/><strong>3.\u00a0<a href=\"http:\/\/ambienteduran.eng.br\/?page_id=4456\">ASPECTOS RESTRITIVOS PARA LOCALIZA\u00c7\u00c3O DOS POSTOS<\/a><\/strong><br \/><strong>4.\u00a0<a href=\"http:\/\/ambienteduran.eng.br\/?page_id=4464\">COMO LICENCIAR POSTOS DE COMBUST\u00cdVEIS<\/a><\/strong><br \/><strong>5.\u00a0<a href=\"http:\/\/ambienteduran.eng.br\/?page_id=4541\">PRAZO DE VALIDADE DAS LICEN\u00c7AS AMBIENTAIS<\/a><\/strong><br \/><strong>6.\u00a0<a href=\"http:\/\/ambienteduran.eng.br\/?page_id=4549\">O QUE FAZER QUANDO DA RENOVA\u00c7\u00c3O DA LAS, DA LO OU NA REGULARIZA\u00c7\u00c3O DE POSTOS J\u00c1 EM OPERA\u00c7\u00c3O E QUE N\u00c3O ATENDAM OS PADR\u00d5ES AMBIENTAIS?<\/a><\/strong><br \/><strong>7.\u00a0<a href=\"http:\/\/ambienteduran.eng.br\/?page_id=4565\">TODOS OS TANQUES DEVER\u00c3O TER PAREDES DUPLAS?<\/a><\/strong><br \/><strong>8.\u00a0<a href=\"http:\/\/ambienteduran.eng.br\/?page_id=4579\">QUANDO OS POSTOS DEVER\u00c3O APRESENTAR TESTES DE ESTANQUEIDADE?<\/a><\/strong><br \/><strong>9.\u00a0<a href=\"http:\/\/ambienteduran.eng.br\/?page_id=4587\">PARA TROCA DE EQUIPAMENTO QUAL NORMA SEGUIR?<\/a><\/strong><br \/><strong>10.\u00a0<a href=\"http:\/\/ambienteduran.eng.br\/?page_id=4595\">POSTOS E SISTEMAS RETALHISTAS EM OPERA\u00c7\u00c3O FRENTE A PROBLEMAS, O QUE FAZER?<\/a><\/strong><br \/><strong>11.\u00a0<a href=\"http:\/\/ambienteduran.eng.br\/?page_id=4603\">COMO ARMAZEAR \u00d3LEO LUBRIFICANTE USADO E EMBALAGENS PL\u00c1STICAS?<\/a><\/strong><br \/><strong>12.\u00a0<a href=\"http:\/\/ambienteduran.eng.br\/?page_id=4611\">POSTOS COM SERVI\u00c7OS DE LAVAGEM DE VE\u00cdCULOS LEVES E PESADOS<\/a><\/strong><br \/><strong>13.\u00a0<a href=\"http:\/\/ambienteduran.eng.br\/?page_id=4619\">PAR\u00c2METROS M\u00c1XIMOS DE LAN\u00c7AMENTO DE EFLUENTES L\u00cdQUIDOS<\/a><\/strong><br \/><strong>14.\u00a0<a href=\"http:\/\/ambienteduran.eng.br\/?page_id=4635\">LABORAT\u00d3RIO QUE PODE EMITIR LAUDO REFERENTE A AN\u00c1LISES QU\u00cdMICAS DE SOLO, \u00c1GUA E \u00c1GUAS RESIDU\u00c1RIAS<\/a><\/strong><br \/><strong>15.\u00a0<a href=\"http:\/\/ambienteduran.eng.br\/?page_id=4644\">POSSO LA\u00c7AR EFLUENTES NA REDE P\u00daBLICA OU GALERIA PLUVIAL?<\/a><\/strong><br \/><strong>16.\u00a0<a href=\"http:\/\/ambienteduran.eng.br\/?page_id=4652\">QUANDO ENCERRO ATIVIDADES DE UM POSTO, O QU\u00ca DEVO FAZER?<\/a><\/strong><br \/><strong>17.\u00a0<a href=\"http:\/\/ambienteduran.eng.br\/?page_id=4668\">ANEXOS DA RESOLU\u00c7\u00c3O SEMA 21\/2011 SOBRE POSTOS DE COMBUST\u00cdVEIS<\/a><\/strong><\/p><p><strong>18. MATERIAL DE APOIO T\u00c9CNICO<\/strong><br \/><strong>\u00a0\u00a0\u00a0\u00a0\u00a0\u00a0\u00a0\u25ba I Semin\u00e1rio de Gest\u00e3o de Riscos Ambientais &#8211;\u00a0<a href=\"http:\/\/ambienteduran.eng.br\/wp-content\/uploads\/2022\/08\/TRABALHO_SOBRE_POSTOS_CLARICE.pdf\" target=\"_blank\" rel=\"noopener\">CONTAMINA\u00c7\u00c3O E SANEAMENTO AMBIENTAL EM POSTOS DE REVENDA DE COMBUST\u00cdVEIS<\/a>\u00a0&#8211; Belo Horizonte \u2013 Dezembro\/2007 &#8211; por Clarice Ilse Schwarz Manzochi<\/strong><\/p>\t\t\t\t\t\t<\/div>\n\t\t\t\t<\/div>\n\t\t\t\t<div class=\"elementor-element elementor-element-8ef5b63 elementor-widget-divider--view-line elementor-widget elementor-widget-divider\" data-id=\"8ef5b63\" data-element_type=\"widget\" data-widget_type=\"divider.default\">\n\t\t\t\t<div class=\"elementor-widget-container\">\n\t\t\t\t\t<div class=\"elementor-divider\">\n\t\t\t<span class=\"elementor-divider-separator\">\n\t\t\t\t\t\t<\/span>\n\t\t<\/div>\n\t\t\t\t<\/div>\n\t\t\t\t<\/div>\n\t\t\t\t\t<\/div>\n\t\t<\/div>\n\t\t\t\t<div class=\"elementor-column elementor-col-50 elementor-top-column elementor-element elementor-element-6bc0e53\" data-id=\"6bc0e53\" data-element_type=\"column\">\n\t\t\t<div class=\"elementor-widget-wrap elementor-element-populated\">\n\t\t\t\t\t\t\t\t<div class=\"elementor-element elementor-element-4dc1be7 elementor-widget elementor-widget-heading\" data-id=\"4dc1be7\" data-element_type=\"widget\" data-widget_type=\"heading.default\">\n\t\t\t\t<div class=\"elementor-widget-container\">\n\t\t\t<h2 class=\"elementor-heading-title elementor-size-default\">MAIS LIDAS\n<\/h2>\t\t<\/div>\n\t\t\t\t<\/div>\n\t\t\t\t<div class=\"elementor-element elementor-element-32c872d elementor-widget-divider--view-line elementor-widget elementor-widget-divider\" data-id=\"32c872d\" data-element_type=\"widget\" data-widget_type=\"divider.default\">\n\t\t\t\t<div class=\"elementor-widget-container\">\n\t\t\t\t\t<div class=\"elementor-divider\">\n\t\t\t<span class=\"elementor-divider-separator\">\n\t\t\t\t\t\t<\/span>\n\t\t<\/div>\n\t\t\t\t<\/div>\n\t\t\t\t<\/div>\n\t\t\t\t<div class=\"elementor-element elementor-element-e11675e elementor-widget elementor-widget-text-editor\" data-id=\"e11675e\" data-element_type=\"widget\" data-widget_type=\"text-editor.default\">\n\t\t\t\t<div class=\"elementor-widget-container\">\n\t\t\t\t\t\t\t<p><strong>01. <a href=\"http:\/\/ambienteduran.eng.br\/?page_id=790\">Consultoria Ambiental<\/a><\/strong><br \/><strong>02. <a href=\"http:\/\/ambienteduran.eng.br\/?page_id=802\">NOSSOS CONTATOS<\/a><\/strong><br \/><strong>03. <a href=\"http:\/\/ambienteduran.eng.br\/?page_id=835\">Compensa\u00e7\u00e3o Ambiental &#8211; im\u00f3veis urbanos<\/a><\/strong><br \/><strong>04. <a href=\"http:\/\/ambienteduran.eng.br\/?page_id=849\">Compra e venda de im\u00f3veis<\/a><\/strong><br \/><strong>05. <a href=\"http:\/\/ambienteduran.eng.br\/?page_id=857\">LICENCIAMENTO AMBIENTAL<\/a><\/strong><br \/><strong>06. <a href=\"http:\/\/ambienteduran.eng.br\/?page_id=887\">CONCEITOS NO NOVO C\u00d3DIGO FLORESTAL &#8211; ILUSTRADO (Art. 3\u00ba Lei 12.651\/12)<\/a><\/strong><br \/><strong>07. <a href=\"http:\/\/ambienteduran.eng.br\/?page_id=905\">DA DELIMITA\u00c7\u00c3O E PROTE\u00c7\u00c3O DAS \u00c1REAS DE PRESERVA\u00c7\u00c3O PERMANENTE<\/a><\/strong><br \/><strong>08. <a href=\"http:\/\/ambienteduran.eng.br\/?page_id=922\">USO DO SOLO DO PARAN\u00c1 &#8211; MMA\/PROBIO\/2005<\/a><\/strong><\/p>\t\t\t\t\t\t<\/div>\n\t\t\t\t<\/div>\n\t\t\t\t\t<\/div>\n\t\t<\/div>\n\t\t\t\t\t\t\t<\/div>\n\t\t<\/section>\n\t\t\t\t\t\t\t<\/div>\n\t\t","protected":false},"excerpt":{"rendered":"<p>POSTOS DE COMBUST\u00cdVEIS E SISTEMAS RETALHISTAS FUNDAMENTO LEGAL:\u00a0POSTOS DE COMBUST\u00cdVEIS &#8211; LEG 1.\u00a0APLICA\u00c7\u00d5ES DA RESOLU\u00c7\u00c3O2.\u00a0CONCEITOS UTILIZADOS NO LICENCIAMENTO DE POSTOS3.\u00a0ASPECTOS RESTRITIVOS PARA LOCALIZA\u00c7\u00c3O DOS POSTOS4.\u00a0COMO LICENCIAR POSTOS DE COMBUST\u00cdVEIS5.\u00a0PRAZO DE VALIDADE DAS LICEN\u00c7AS AMBIENTAIS6.\u00a0O QUE FAZER QUANDO DA RENOVA\u00c7\u00c3O DA LAS, DA LO OU NA REGULARIZA\u00c7\u00c3O DE POSTOS J\u00c1 EM OPERA\u00c7\u00c3O E QUE N\u00c3O ATENDAM [&hellip;]<\/p>\n","protected":false},"author":1,"featured_media":0,"parent":974,"menu_order":0,"comment_status":"closed","ping_status":"closed","template":"elementor_header_footer","meta":{"footnotes":""},"class_list":["post-4408","page","type-page","status-publish","hentry"],"_links":{"self":[{"href":"https:\/\/ambienteduran.eng.br\/index.php?rest_route=\/wp\/v2\/pages\/4408","targetHints":{"allow":["GET"]}}],"collection":[{"href":"https:\/\/ambienteduran.eng.br\/index.php?rest_route=\/wp\/v2\/pages"}],"about":[{"href":"https:\/\/ambienteduran.eng.br\/index.php?rest_route=\/wp\/v2\/types\/page"}],"author":[{"embeddable":true,"href":"https:\/\/ambienteduran.eng.br\/index.php?rest_route=\/wp\/v2\/users\/1"}],"replies":[{"embeddable":true,"href":"https:\/\/ambienteduran.eng.br\/index.php?rest_route=%2Fwp%2Fv2%2Fcomments&post=4408"}],"version-history":[{"count":70,"href":"https:\/\/ambienteduran.eng.br\/index.php?rest_route=\/wp\/v2\/pages\/4408\/revisions"}],"predecessor-version":[{"id":4683,"href":"https:\/\/ambienteduran.eng.br\/index.php?rest_route=\/wp\/v2\/pages\/4408\/revisions\/4683"}],"up":[{"embeddable":true,"href":"https:\/\/ambienteduran.eng.br\/index.php?rest_route=\/wp\/v2\/pages\/974"}],"wp:attachment":[{"href":"https:\/\/ambienteduran.eng.br\/index.php?rest_route=%2Fwp%2Fv2%2Fmedia&parent=4408"}],"curies":[{"name":"wp","href":"https:\/\/api.w.org\/{rel}","templated":true}]}}