{"id":4419,"date":"2022-08-26T17:11:11","date_gmt":"2022-08-26T20:11:11","guid":{"rendered":"http:\/\/ambienteduran.eng.br\/?page_id=4419"},"modified":"2022-08-26T17:19:04","modified_gmt":"2022-08-26T20:19:04","slug":"postos-de-combustiveis-leg","status":"publish","type":"page","link":"https:\/\/ambienteduran.eng.br\/?page_id=4419","title":{"rendered":"Postos de Combust\u00edveis &#8211; LEG"},"content":{"rendered":"\t\t<div data-elementor-type=\"wp-page\" data-elementor-id=\"4419\" class=\"elementor elementor-4419\">\n\t\t\t\t\t\t\t\t\t<section class=\"elementor-section elementor-top-section elementor-element elementor-element-25d42c2 elementor-section-boxed elementor-section-height-default elementor-section-height-default\" data-id=\"25d42c2\" data-element_type=\"section\">\n\t\t\t\t\t\t<div class=\"elementor-container elementor-column-gap-default\">\n\t\t\t\t\t<div class=\"elementor-column elementor-col-50 elementor-top-column elementor-element elementor-element-a108226\" data-id=\"a108226\" data-element_type=\"column\">\n\t\t\t<div class=\"elementor-widget-wrap elementor-element-populated\">\n\t\t\t\t\t\t\t\t<div class=\"elementor-element elementor-element-f711c35 elementor-widget elementor-widget-heading\" data-id=\"f711c35\" data-element_type=\"widget\" data-widget_type=\"heading.default\">\n\t\t\t\t<div class=\"elementor-widget-container\">\n\t\t\t<style>\/*! elementor - v3.7.1 - 14-08-2022 *\/\n.elementor-heading-title{padding:0;margin:0;line-height:1}.elementor-widget-heading .elementor-heading-title[class*=elementor-size-]>a{color:inherit;font-size:inherit;line-height:inherit}.elementor-widget-heading .elementor-heading-title.elementor-size-small{font-size:15px}.elementor-widget-heading .elementor-heading-title.elementor-size-medium{font-size:19px}.elementor-widget-heading .elementor-heading-title.elementor-size-large{font-size:29px}.elementor-widget-heading .elementor-heading-title.elementor-size-xl{font-size:39px}.elementor-widget-heading .elementor-heading-title.elementor-size-xxl{font-size:59px}<\/style><h2 class=\"elementor-heading-title elementor-size-default\">POSTOS DE COMBUST\u00cdVEIS - LEG\n<\/h2>\t\t<\/div>\n\t\t\t\t<\/div>\n\t\t\t\t<div class=\"elementor-element elementor-element-7b70cf0 elementor-widget-divider--view-line elementor-widget elementor-widget-divider\" data-id=\"7b70cf0\" data-element_type=\"widget\" data-widget_type=\"divider.default\">\n\t\t\t\t<div class=\"elementor-widget-container\">\n\t\t\t<style>\/*! elementor - v3.7.1 - 14-08-2022 *\/\n.elementor-widget-divider{--divider-border-style:none;--divider-border-width:1px;--divider-color:#2c2c2c;--divider-icon-size:20px;--divider-element-spacing:10px;--divider-pattern-height:24px;--divider-pattern-size:20px;--divider-pattern-url:none;--divider-pattern-repeat:repeat-x}.elementor-widget-divider .elementor-divider{display:-webkit-box;display:-ms-flexbox;display:flex}.elementor-widget-divider .elementor-divider__text{font-size:15px;line-height:1;max-width:95%}.elementor-widget-divider .elementor-divider__element{margin:0 var(--divider-element-spacing);-ms-flex-negative:0;flex-shrink:0}.elementor-widget-divider .elementor-icon{font-size:var(--divider-icon-size)}.elementor-widget-divider .elementor-divider-separator{display:-webkit-box;display:-ms-flexbox;display:flex;margin:0;direction:ltr}.elementor-widget-divider--view-line_icon .elementor-divider-separator,.elementor-widget-divider--view-line_text .elementor-divider-separator{-webkit-box-align:center;-ms-flex-align:center;align-items:center}.elementor-widget-divider--view-line_icon .elementor-divider-separator:after,.elementor-widget-divider--view-line_icon .elementor-divider-separator:before,.elementor-widget-divider--view-line_text .elementor-divider-separator:after,.elementor-widget-divider--view-line_text .elementor-divider-separator:before{display:block;content:\"\";border-bottom:0;-webkit-box-flex:1;-ms-flex-positive:1;flex-grow:1;border-top:var(--divider-border-width) var(--divider-border-style) var(--divider-color)}.elementor-widget-divider--element-align-left .elementor-divider .elementor-divider-separator>.elementor-divider__svg:first-of-type{-webkit-box-flex:0;-ms-flex-positive:0;flex-grow:0;-ms-flex-negative:100;flex-shrink:100}.elementor-widget-divider--element-align-left .elementor-divider-separator:before{content:none}.elementor-widget-divider--element-align-left .elementor-divider__element{margin-left:0}.elementor-widget-divider--element-align-right .elementor-divider .elementor-divider-separator>.elementor-divider__svg:last-of-type{-webkit-box-flex:0;-ms-flex-positive:0;flex-grow:0;-ms-flex-negative:100;flex-shrink:100}.elementor-widget-divider--element-align-right .elementor-divider-separator:after{content:none}.elementor-widget-divider--element-align-right .elementor-divider__element{margin-right:0}.elementor-widget-divider:not(.elementor-widget-divider--view-line_text):not(.elementor-widget-divider--view-line_icon) .elementor-divider-separator{border-top:var(--divider-border-width) var(--divider-border-style) var(--divider-color)}.elementor-widget-divider--separator-type-pattern{--divider-border-style:none}.elementor-widget-divider--separator-type-pattern.elementor-widget-divider--view-line .elementor-divider-separator,.elementor-widget-divider--separator-type-pattern:not(.elementor-widget-divider--view-line) .elementor-divider-separator:after,.elementor-widget-divider--separator-type-pattern:not(.elementor-widget-divider--view-line) .elementor-divider-separator:before,.elementor-widget-divider--separator-type-pattern:not([class*=elementor-widget-divider--view]) .elementor-divider-separator{width:100%;min-height:var(--divider-pattern-height);-webkit-mask-size:var(--divider-pattern-size) 100%;mask-size:var(--divider-pattern-size) 100%;-webkit-mask-repeat:var(--divider-pattern-repeat);mask-repeat:var(--divider-pattern-repeat);background-color:var(--divider-color);-webkit-mask-image:var(--divider-pattern-url);mask-image:var(--divider-pattern-url)}.elementor-widget-divider--no-spacing{--divider-pattern-size:auto}.elementor-widget-divider--bg-round{--divider-pattern-repeat:round}.rtl .elementor-widget-divider .elementor-divider__text{direction:rtl}.e-container>.elementor-widget-divider{width:var(--container-widget-width,100%);-webkit-box-flex:1;-ms-flex-positive:1;flex-grow:1}<\/style>\t\t<div class=\"elementor-divider\">\n\t\t\t<span class=\"elementor-divider-separator\">\n\t\t\t\t\t\t<\/span>\n\t\t<\/div>\n\t\t\t\t<\/div>\n\t\t\t\t<\/div>\n\t\t\t\t<div class=\"elementor-element elementor-element-ef19167 elementor-widget elementor-widget-text-editor\" data-id=\"ef19167\" data-element_type=\"widget\" data-widget_type=\"text-editor.default\">\n\t\t\t\t<div class=\"elementor-widget-container\">\n\t\t\t<style>\/*! elementor - v3.7.1 - 14-08-2022 *\/\n.elementor-widget-text-editor.elementor-drop-cap-view-stacked .elementor-drop-cap{background-color:#818a91;color:#fff}.elementor-widget-text-editor.elementor-drop-cap-view-framed .elementor-drop-cap{color:#818a91;border:3px solid;background-color:transparent}.elementor-widget-text-editor:not(.elementor-drop-cap-view-default) .elementor-drop-cap{margin-top:8px}.elementor-widget-text-editor:not(.elementor-drop-cap-view-default) .elementor-drop-cap-letter{width:1em;height:1em}.elementor-widget-text-editor .elementor-drop-cap{float:left;text-align:center;line-height:1;font-size:50px}.elementor-widget-text-editor .elementor-drop-cap-letter{display:inline-block}<\/style>\t\t\t\t<div><strong>\u25ba\u00a0<a href=\"http:\/\/www.mma.gov.br\/port\/conama\/legiabre.cfm?codlegi=271\" target=\"_blank\" rel=\"noopener\">Resolu\u00e7\u00e3o CONAMA 273, de 29 de novembro de 2000\u00a0<\/a>&#8211; &#8220;Disp\u00f5e sobre preven\u00e7\u00e3o e controle da polui\u00e7\u00e3o em postos de combust\u00edveis e servi\u00e7os&#8221;.<\/strong><br \/><strong>\u25ba\u00a0<a href=\"http:\/\/www.mma.gov.br\/port\/conama\/legiabre.cfm?codlegi=336\" target=\"_blank\" rel=\"noopener\">Resolu\u00e7\u00e3o CONAMA 314, de 29 de outubro de 2002<\/a>\u00a0&#8211; Disp\u00f5e sobre o registro de produtos destinados \u00e0 remedia\u00e7\u00e3o e d\u00e1 outras provid\u00eancias.<\/strong><br \/><strong>\u25ba\u00a0<a href=\"http:\/\/www.mma.gov.br\/port\/conama\/legiabre.cfm?codlegi=341\" target=\"_blank\" rel=\"noopener\">Resolu\u00e7\u00e3o CONAMA 319, de 04 de dezembro de 2002<\/a>\u00a0&#8211; D\u00e1 nova reda\u00e7\u00e3o a dispositivos da Resolu\u00e7\u00e3o CONAMA N\u00ba 273, de 29 de novembro de 2000, que disp\u00f5e sobre preven\u00e7\u00e3o e controle da polui\u00e7\u00e3o em postos de combust\u00edveis e servi\u00e7os.<\/strong><br \/><strong>\u25ba\u00a0<a href=\"http:\/\/www.mma.gov.br\/port\/conama\/legiabre.cfm?codlegi=459\">Resolu\u00e7\u00e3o CONAMA 357, de 18 de mar\u00e7o de 2005<\/a>\u00a0&#8211; Disp\u00f5e sobre a classifica\u00e7\u00e3o dos corpos de \u00e1gua e diretrizes ambientais para o seu enquadramento, bem como estabelece as condi\u00e7\u00f5es e padr\u00f5es de lan\u00e7amento de efluentes, e d\u00e1 outras provid\u00eancias.&#8221;. Alterada pelas Resolu\u00e7\u00f5es n\u00ba 370, de 2006, n\u00ba 397, de 2008, n\u00ba 410, de 2009, e n\u00ba 430, de 2011.<\/strong><br \/><strong>\u25ba\u00a0<a href=\"http:\/\/www.legislacao.pr.gov.br\/legislacao\/listarAtosAno.do?action=exibir&amp;codAto=232&amp;indice=1&amp;anoSpan=2011&amp;anoSelecionado=2005&amp;isPaginado=true\">Lei Estadual 14.984, de 28 de dezembro de 2005<\/a>\u00a0&#8211; Disp\u00f5e que a localiza\u00e7\u00e3o, constru\u00e7\u00e3o e modifica\u00e7\u00f5es de revendedoras, conforme especifica, depender\u00e3o de pr\u00e9via anu\u00eancia Municipal, e adota outras provid\u00eancias.<\/strong><br \/><strong>\u25ba\u00a0<a href=\"http:\/\/ambienteduran.eng.br\/wp-content\/uploads\/2022\/08\/RESOLUCAO_38_POSTOS_DE_COMBUSTIVEIS.pdf\"><span style=\"text-decoration: line-through;\">Resolu\u00e7\u00e3o SEMA 38, de 19 de agosto de 2009<\/span><\/a><span style=\"text-decoration: line-through;\">\u00a0&#8211; Disp\u00f5e sobre o licenciamento ambiental, estabelece condi\u00e7\u00f5es e crit\u00e9rios para Postos de combust\u00edveis e\/ou Sistemas Retalhistas de Combust\u00edveis e d\u00e1 outras provid\u00eancias.<\/span>\u00a0<span style=\"color: #800000;\">REVOGADA PELA RESOLU\u00c7\u00c3O SEMA 21\/2011.<\/span><\/strong><br \/><strong>\u25ba\u00a0<a href=\"http:\/\/ambienteduran.eng.br\/wp-content\/uploads\/2022\/08\/PORTARIA_IAP_39_2010_DEFINE_PRAZOS_PARA_POSTOS_DE_COMBUSTIVEIS.pdf\"><span style=\"text-decoration: line-through;\">Portaria IAP 39, de 03 de mar\u00e7o de 2010<\/span><\/a><span style=\"text-decoration: line-through;\">\u00a0&#8211; estabelece prazos para adequa\u00e7\u00e3o da documenta\u00e7\u00e3o prevista na Resolu\u00e7\u00e3o SEMA n\u00ba 38\/2009 para todos os empreendimentos revendedores de combust\u00edvel no Estado do Paran\u00e1 e suas instala\u00e7\u00f5es conforme previsto na Resolu\u00e7\u00e3o CONAMA n\u00ba 273\/00 e Legisla\u00e7\u00e3o Estadual que regulamenta a mat\u00e9ria.<\/span>\u00a0<span style=\"color: #800000;\">REVOGADA INDIRETAMENTE PELA RESOLU\u00c7\u00c3O SEMA 21\/2011.<\/span><\/strong><br \/><strong>\u25ba\u00a0<a href=\"http:\/\/ambienteduran.eng.br\/wp-content\/uploads\/2022\/08\/RESOLUCAO_SEMA_17_2010_ALTERA_38_2009.pdf\"><span style=\"text-decoration: line-through;\">Resolu\u00e7\u00e3o SEMA 17, de 26 de mar\u00e7o de 2010<\/span><\/a><span style=\"text-decoration: line-through;\">\u00a0&#8211; alterar a reda\u00e7\u00e3o do art. 23 da Resolu\u00e7\u00e3o n\u00ba 38\/09 que disp\u00f5e sobre o licenciamento ambiental, estabelece condi\u00e7\u00f5es e crit\u00e9rios para Postos de Combust\u00edveis e\/ou Sistemas Retalhistas de Combust\u00edveis<\/span>.\u00a0<span style=\"color: #800000;\">REVOGADA INDIRETAMENTE PELA RESOLU\u00c7\u00c3O SEMA 21\/2011.<\/span><\/strong><br \/><strong>\u25ba\u00a0<a href=\"http:\/\/ambienteduran.eng.br\/wp-content\/uploads\/2022\/08\/RESOLUCAO_SEMA_18_2010_ALTERA_38_2009.pdf\"><span style=\"text-decoration: line-through;\">Resolu\u00e7\u00e3o SEMA 18, de 26 de mar\u00e7o de 2010<\/span><\/a><span style=\"text-decoration: line-through;\">\u00a0\u2013 altera dois incisos do art. 4\u00ba da Resolu\u00e7\u00e3o 38\/09\/SEMA e d\u00e1 outras provid\u00eancias.<\/span>\u00a0<span style=\"color: #800000;\">REVOGADA PELA RESOLU\u00c7\u00c3O SEMA 21\/2011.<\/span><\/strong><br \/><strong>\u25ba\u00a0<a href=\"http:\/\/www.legislacao.pr.gov.br\/legislacao\/listarAtosAno.do?action=exibir&amp;codAto=60601&amp;indice=1&amp;anoSpan=2011&amp;anoSelecionado=2011&amp;isPaginado=true\"><span style=\"text-decoration: line-through;\">Resolu\u00e7\u00e3o SEMA 21, de 11 de julho de 2011<\/span><\/a><span style=\"text-decoration: line-through;\">\u00a0&#8211; disp\u00f5e sobre o licenciamento ambiental, estabelece condi\u00e7\u00f5es e crit\u00e9rios para Postos de combust\u00edveis e\/ou Sistemas Retalhistas de Combust\u00edveis, revoga a Resolu\u00e7\u00e3o n\u00ba 038\/09\/SEMA, Resolu\u00e7\u00e3o n\u00ba 018\/2010\/SEMA e Resolu\u00e7\u00e3o n\u00ba 077\/2010\/SEMA d\u00e1 outras provid\u00eancias<\/span>.\u00a0<span style=\"color: #800000;\">REVOGADA PELA RESOLU\u00c7\u00c3O SEMA N\u00ba 32\/2016;<\/span><\/strong><br \/><strong>\u25ba\u00a0<span style=\"text-decoration: line-through;\"><a href=\"http:\/\/www.legislacao.pr.gov.br\/legislacao\/listarAtosAno.do?action=exibir&amp;codAto=65140&amp;indice=1&amp;totalRegistros=51&amp;anoSpan=2015&amp;anoSelecionado=2011&amp;mesSelecionado=0&amp;isPaginado=true\" target=\"_blank\" rel=\"noopener\">Resolu\u00e7\u00e3o SEMA n\u00ba 34, de 07 de novembro de 2011<\/a><\/span><span style=\"text-decoration: line-through;\">\u00a0&#8211;\u00a0Disp\u00f5e sobre a revis\u00e3o da RESOLU\u00c7\u00c3O SEMA n\u00b0 021 de 04 de Julho de 2011<\/span>.\u00a0<span style=\"color: #800000;\">REVOGADA PELA RESOLU\u00c7\u00c3O SEMA N\u00ba 32\/2016.<\/span><\/strong><br \/><strong>\u25ba\u00a0<a href=\"http:\/\/www.legislacao.pr.gov.br\/legislacao\/listarAtosAno.do?action=exibir&amp;codAto=166941&amp;indice=1&amp;totalRegistros=43&amp;anoSpan=2017&amp;anoSelecionado=2016&amp;mesSelecionado=0&amp;isPaginado=true\" target=\"_blank\" rel=\"noopener\">Resolu\u00e7\u00e3o SEMA n\u00ba 32, de 21 de dezembro de 2016<\/a> &#8211; Disp\u00f5e sobre o Licenciamento Ambiental, estabelece condi\u00e7\u00f5es e crit\u00e9rios para\u00a0Posto Revendedor, Posto de Abastecimento, Instala\u00e7\u00e3o de Sistema Retalhista de Combust\u00edvel \u2013 TRR, Posto Flutuante\u00a0e d\u00e1 outras provid\u00eancias.<\/strong><\/div><div><strong>\u25ba\u00a0<a href=\"http:\/\/ambienteduran.eng.br\/wp-content\/uploads\/2022\/08\/PORTARIA-IAP-309-2018-POSTOS.doc\" target=\"_blank\" rel=\"noopener\">Portaria IAP 309, de 20 de dezembro de 2018<\/a>\u00a0&#8211; descentraliza a\u00e7\u00f5es aos escrit\u00f3rios regionais do IAP<\/strong><\/div>\t\t\t\t\t\t<\/div>\n\t\t\t\t<\/div>\n\t\t\t\t<div class=\"elementor-element elementor-element-be8f540 elementor-widget elementor-widget-text-editor\" data-id=\"be8f540\" data-element_type=\"widget\" data-widget_type=\"text-editor.default\">\n\t\t\t\t<div class=\"elementor-widget-container\">\n\t\t\t\t\t\t\t<p><strong><a href=\"http:\/\/ambienteduran.eng.br\/?page_id=4408\">PROCEDIMENTOS PARA LICENCIAMENTO<\/a><\/strong><\/p>\t\t\t\t\t\t<\/div>\n\t\t\t\t<\/div>\n\t\t\t\t<div class=\"elementor-element elementor-element-8ef5b63 elementor-widget-divider--view-line elementor-widget elementor-widget-divider\" data-id=\"8ef5b63\" data-element_type=\"widget\" data-widget_type=\"divider.default\">\n\t\t\t\t<div class=\"elementor-widget-container\">\n\t\t\t\t\t<div class=\"elementor-divider\">\n\t\t\t<span class=\"elementor-divider-separator\">\n\t\t\t\t\t\t<\/span>\n\t\t<\/div>\n\t\t\t\t<\/div>\n\t\t\t\t<\/div>\n\t\t\t\t\t<\/div>\n\t\t<\/div>\n\t\t\t\t<div class=\"elementor-column elementor-col-50 elementor-top-column elementor-element elementor-element-6bc0e53\" data-id=\"6bc0e53\" data-element_type=\"column\">\n\t\t\t<div class=\"elementor-widget-wrap elementor-element-populated\">\n\t\t\t\t\t\t\t\t<div class=\"elementor-element elementor-element-4dc1be7 elementor-widget elementor-widget-heading\" data-id=\"4dc1be7\" data-element_type=\"widget\" data-widget_type=\"heading.default\">\n\t\t\t\t<div class=\"elementor-widget-container\">\n\t\t\t<h2 class=\"elementor-heading-title elementor-size-default\">MAIS LIDAS\n<\/h2>\t\t<\/div>\n\t\t\t\t<\/div>\n\t\t\t\t<div class=\"elementor-element elementor-element-32c872d elementor-widget-divider--view-line elementor-widget elementor-widget-divider\" data-id=\"32c872d\" data-element_type=\"widget\" data-widget_type=\"divider.default\">\n\t\t\t\t<div class=\"elementor-widget-container\">\n\t\t\t\t\t<div class=\"elementor-divider\">\n\t\t\t<span class=\"elementor-divider-separator\">\n\t\t\t\t\t\t<\/span>\n\t\t<\/div>\n\t\t\t\t<\/div>\n\t\t\t\t<\/div>\n\t\t\t\t<div class=\"elementor-element elementor-element-e11675e elementor-widget elementor-widget-text-editor\" data-id=\"e11675e\" data-element_type=\"widget\" data-widget_type=\"text-editor.default\">\n\t\t\t\t<div class=\"elementor-widget-container\">\n\t\t\t\t\t\t\t<p><strong>01. <a href=\"http:\/\/ambienteduran.eng.br\/?page_id=790\">Consultoria Ambiental<\/a><\/strong><br \/><strong>02. <a href=\"http:\/\/ambienteduran.eng.br\/?page_id=802\">NOSSOS CONTATOS<\/a><\/strong><br \/><strong>03. <a href=\"http:\/\/ambienteduran.eng.br\/?page_id=835\">Compensa\u00e7\u00e3o Ambiental &#8211; im\u00f3veis urbanos<\/a><\/strong><br \/><strong>04. <a href=\"http:\/\/ambienteduran.eng.br\/?page_id=849\">Compra e venda de im\u00f3veis<\/a><\/strong><br \/><strong>05. <a href=\"http:\/\/ambienteduran.eng.br\/?page_id=857\">LICENCIAMENTO AMBIENTAL<\/a><\/strong><br \/><strong>06. <a href=\"http:\/\/ambienteduran.eng.br\/?page_id=887\">CONCEITOS NO NOVO C\u00d3DIGO FLORESTAL &#8211; ILUSTRADO (Art. 3\u00ba Lei 12.651\/12)<\/a><\/strong><br \/><strong>07. <a href=\"http:\/\/ambienteduran.eng.br\/?page_id=905\">DA DELIMITA\u00c7\u00c3O E PROTE\u00c7\u00c3O DAS \u00c1REAS DE PRESERVA\u00c7\u00c3O PERMANENTE<\/a><\/strong><br \/><strong>08. <a href=\"http:\/\/ambienteduran.eng.br\/?page_id=922\">USO DO SOLO DO PARAN\u00c1 &#8211; MMA\/PROBIO\/2005<\/a><\/strong><\/p>\t\t\t\t\t\t<\/div>\n\t\t\t\t<\/div>\n\t\t\t\t\t<\/div>\n\t\t<\/div>\n\t\t\t\t\t\t\t<\/div>\n\t\t<\/section>\n\t\t\t\t\t\t\t<\/div>\n\t\t","protected":false},"excerpt":{"rendered":"<p>POSTOS DE COMBUST\u00cdVEIS &#8211; LEG \u25ba\u00a0Resolu\u00e7\u00e3o CONAMA 273, de 29 de novembro de 2000\u00a0&#8211; &#8220;Disp\u00f5e sobre preven\u00e7\u00e3o e controle da polui\u00e7\u00e3o em postos de combust\u00edveis e servi\u00e7os&#8221;.\u25ba\u00a0Resolu\u00e7\u00e3o CONAMA 314, de 29 de outubro de 2002\u00a0&#8211; Disp\u00f5e sobre o registro de produtos destinados \u00e0 remedia\u00e7\u00e3o e d\u00e1 outras provid\u00eancias.\u25ba\u00a0Resolu\u00e7\u00e3o CONAMA 319, de 04 de dezembro de [&hellip;]<\/p>\n","protected":false},"author":1,"featured_media":0,"parent":4408,"menu_order":0,"comment_status":"closed","ping_status":"closed","template":"elementor_header_footer","meta":{"footnotes":""},"class_list":["post-4419","page","type-page","status-publish","hentry"],"_links":{"self":[{"href":"https:\/\/ambienteduran.eng.br\/index.php?rest_route=\/wp\/v2\/pages\/4419","targetHints":{"allow":["GET"]}}],"collection":[{"href":"https:\/\/ambienteduran.eng.br\/index.php?rest_route=\/wp\/v2\/pages"}],"about":[{"href":"https:\/\/ambienteduran.eng.br\/index.php?rest_route=\/wp\/v2\/types\/page"}],"author":[{"embeddable":true,"href":"https:\/\/ambienteduran.eng.br\/index.php?rest_route=\/wp\/v2\/users\/1"}],"replies":[{"embeddable":true,"href":"https:\/\/ambienteduran.eng.br\/index.php?rest_route=%2Fwp%2Fv2%2Fcomments&post=4419"}],"version-history":[{"count":13,"href":"https:\/\/ambienteduran.eng.br\/index.php?rest_route=\/wp\/v2\/pages\/4419\/revisions"}],"predecessor-version":[{"id":4436,"href":"https:\/\/ambienteduran.eng.br\/index.php?rest_route=\/wp\/v2\/pages\/4419\/revisions\/4436"}],"up":[{"embeddable":true,"href":"https:\/\/ambienteduran.eng.br\/index.php?rest_route=\/wp\/v2\/pages\/4408"}],"wp:attachment":[{"href":"https:\/\/ambienteduran.eng.br\/index.php?rest_route=%2Fwp%2Fv2%2Fmedia&parent=4419"}],"curies":[{"name":"wp","href":"https:\/\/api.w.org\/{rel}","templated":true}]}}