{"id":4488,"date":"2022-08-26T17:29:37","date_gmt":"2022-08-26T20:29:37","guid":{"rendered":"http:\/\/ambienteduran.eng.br\/?page_id=4488"},"modified":"2022-08-26T17:32:23","modified_gmt":"2022-08-26T20:32:23","slug":"como-licenciar-postos-lp","status":"publish","type":"page","link":"https:\/\/ambienteduran.eng.br\/?page_id=4488","title":{"rendered":"Como Licenciar Postos &#8211; LP"},"content":{"rendered":"\t\t<div data-elementor-type=\"wp-page\" data-elementor-id=\"4488\" class=\"elementor elementor-4488\">\n\t\t\t\t\t\t\t\t\t<section class=\"elementor-section elementor-top-section elementor-element elementor-element-25d42c2 elementor-section-boxed elementor-section-height-default elementor-section-height-default\" data-id=\"25d42c2\" data-element_type=\"section\">\n\t\t\t\t\t\t<div class=\"elementor-container elementor-column-gap-default\">\n\t\t\t\t\t<div class=\"elementor-column elementor-col-50 elementor-top-column elementor-element elementor-element-a108226\" data-id=\"a108226\" data-element_type=\"column\">\n\t\t\t<div class=\"elementor-widget-wrap elementor-element-populated\">\n\t\t\t\t\t\t\t\t<div class=\"elementor-element elementor-element-f711c35 elementor-widget elementor-widget-heading\" data-id=\"f711c35\" data-element_type=\"widget\" data-widget_type=\"heading.default\">\n\t\t\t\t<div class=\"elementor-widget-container\">\n\t\t\t<style>\/*! elementor - v3.7.1 - 14-08-2022 *\/\n.elementor-heading-title{padding:0;margin:0;line-height:1}.elementor-widget-heading .elementor-heading-title[class*=elementor-size-]>a{color:inherit;font-size:inherit;line-height:inherit}.elementor-widget-heading .elementor-heading-title.elementor-size-small{font-size:15px}.elementor-widget-heading .elementor-heading-title.elementor-size-medium{font-size:19px}.elementor-widget-heading .elementor-heading-title.elementor-size-large{font-size:29px}.elementor-widget-heading .elementor-heading-title.elementor-size-xl{font-size:39px}.elementor-widget-heading .elementor-heading-title.elementor-size-xxl{font-size:59px}<\/style><h2 class=\"elementor-heading-title elementor-size-default\">RELA\u00c7\u00c3O DE DOCUMENTOS PARA LP DE POSTOS\n<\/h2>\t\t<\/div>\n\t\t\t\t<\/div>\n\t\t\t\t<div class=\"elementor-element elementor-element-7b70cf0 elementor-widget-divider--view-line elementor-widget elementor-widget-divider\" data-id=\"7b70cf0\" data-element_type=\"widget\" data-widget_type=\"divider.default\">\n\t\t\t\t<div class=\"elementor-widget-container\">\n\t\t\t<style>\/*! elementor - v3.7.1 - 14-08-2022 *\/\n.elementor-widget-divider{--divider-border-style:none;--divider-border-width:1px;--divider-color:#2c2c2c;--divider-icon-size:20px;--divider-element-spacing:10px;--divider-pattern-height:24px;--divider-pattern-size:20px;--divider-pattern-url:none;--divider-pattern-repeat:repeat-x}.elementor-widget-divider .elementor-divider{display:-webkit-box;display:-ms-flexbox;display:flex}.elementor-widget-divider .elementor-divider__text{font-size:15px;line-height:1;max-width:95%}.elementor-widget-divider .elementor-divider__element{margin:0 var(--divider-element-spacing);-ms-flex-negative:0;flex-shrink:0}.elementor-widget-divider .elementor-icon{font-size:var(--divider-icon-size)}.elementor-widget-divider .elementor-divider-separator{display:-webkit-box;display:-ms-flexbox;display:flex;margin:0;direction:ltr}.elementor-widget-divider--view-line_icon .elementor-divider-separator,.elementor-widget-divider--view-line_text .elementor-divider-separator{-webkit-box-align:center;-ms-flex-align:center;align-items:center}.elementor-widget-divider--view-line_icon .elementor-divider-separator:after,.elementor-widget-divider--view-line_icon .elementor-divider-separator:before,.elementor-widget-divider--view-line_text .elementor-divider-separator:after,.elementor-widget-divider--view-line_text .elementor-divider-separator:before{display:block;content:\"\";border-bottom:0;-webkit-box-flex:1;-ms-flex-positive:1;flex-grow:1;border-top:var(--divider-border-width) var(--divider-border-style) var(--divider-color)}.elementor-widget-divider--element-align-left .elementor-divider .elementor-divider-separator>.elementor-divider__svg:first-of-type{-webkit-box-flex:0;-ms-flex-positive:0;flex-grow:0;-ms-flex-negative:100;flex-shrink:100}.elementor-widget-divider--element-align-left .elementor-divider-separator:before{content:none}.elementor-widget-divider--element-align-left .elementor-divider__element{margin-left:0}.elementor-widget-divider--element-align-right .elementor-divider .elementor-divider-separator>.elementor-divider__svg:last-of-type{-webkit-box-flex:0;-ms-flex-positive:0;flex-grow:0;-ms-flex-negative:100;flex-shrink:100}.elementor-widget-divider--element-align-right .elementor-divider-separator:after{content:none}.elementor-widget-divider--element-align-right .elementor-divider__element{margin-right:0}.elementor-widget-divider:not(.elementor-widget-divider--view-line_text):not(.elementor-widget-divider--view-line_icon) .elementor-divider-separator{border-top:var(--divider-border-width) var(--divider-border-style) var(--divider-color)}.elementor-widget-divider--separator-type-pattern{--divider-border-style:none}.elementor-widget-divider--separator-type-pattern.elementor-widget-divider--view-line .elementor-divider-separator,.elementor-widget-divider--separator-type-pattern:not(.elementor-widget-divider--view-line) .elementor-divider-separator:after,.elementor-widget-divider--separator-type-pattern:not(.elementor-widget-divider--view-line) .elementor-divider-separator:before,.elementor-widget-divider--separator-type-pattern:not([class*=elementor-widget-divider--view]) .elementor-divider-separator{width:100%;min-height:var(--divider-pattern-height);-webkit-mask-size:var(--divider-pattern-size) 100%;mask-size:var(--divider-pattern-size) 100%;-webkit-mask-repeat:var(--divider-pattern-repeat);mask-repeat:var(--divider-pattern-repeat);background-color:var(--divider-color);-webkit-mask-image:var(--divider-pattern-url);mask-image:var(--divider-pattern-url)}.elementor-widget-divider--no-spacing{--divider-pattern-size:auto}.elementor-widget-divider--bg-round{--divider-pattern-repeat:round}.rtl .elementor-widget-divider .elementor-divider__text{direction:rtl}.e-container>.elementor-widget-divider{width:var(--container-widget-width,100%);-webkit-box-flex:1;-ms-flex-positive:1;flex-grow:1}<\/style>\t\t<div class=\"elementor-divider\">\n\t\t\t<span class=\"elementor-divider-separator\">\n\t\t\t\t\t\t<\/span>\n\t\t<\/div>\n\t\t\t\t<\/div>\n\t\t\t\t<\/div>\n\t\t\t\t<div class=\"elementor-element elementor-element-ef19167 elementor-widget elementor-widget-text-editor\" data-id=\"ef19167\" data-element_type=\"widget\" data-widget_type=\"text-editor.default\">\n\t\t\t\t<div class=\"elementor-widget-container\">\n\t\t\t<style>\/*! elementor - v3.7.1 - 14-08-2022 *\/\n.elementor-widget-text-editor.elementor-drop-cap-view-stacked .elementor-drop-cap{background-color:#818a91;color:#fff}.elementor-widget-text-editor.elementor-drop-cap-view-framed .elementor-drop-cap{color:#818a91;border:3px solid;background-color:transparent}.elementor-widget-text-editor:not(.elementor-drop-cap-view-default) .elementor-drop-cap{margin-top:8px}.elementor-widget-text-editor:not(.elementor-drop-cap-view-default) .elementor-drop-cap-letter{width:1em;height:1em}.elementor-widget-text-editor .elementor-drop-cap{float:left;text-align:center;line-height:1;font-size:50px}.elementor-widget-text-editor .elementor-drop-cap-letter{display:inline-block}<\/style>\t\t\t\t<div align=\"justify\">\n<p><strong>1. Requerimento de Licenciamento Ambiental &#8211; <a href=\"http:\/\/ambienteduran.eng.br\/wp-content\/uploads\/2022\/08\/RLA.rtf\">RLA<\/a>;<\/strong><\/p>\n<p><strong>2. Cadastro para postos e sistemas retalhistas de combust\u00edveis &#8211; <a href=\"http:\/\/ambienteduran.eng.br\/wp-content\/uploads\/2022\/08\/PSR_CADASTRO_DE_POSTOS_RES_21_2011.rtf\" target=\"_blank\" rel=\"noopener\">PSR<\/a>;<\/strong><\/p>\n<p><strong>3. Matr\u00edcula ou Transcri\u00e7\u00e3o do Cart\u00f3rio de Registro de Im\u00f3veis em nome do requerente, e em caso de im\u00f3vel locado no nome do locador junto com o contrato de loca\u00e7\u00e3o, no m\u00e1ximo de 90 (noventa) dias, e para im\u00f3veis rurais exige-se a averba\u00e7\u00e3o da Reserva Legal junto \u00e0 matr\u00edcula do im\u00f3vel, ou Documento de propriedade ou justa posse rural ou conforme exig\u00eancias constantes da Se\u00e7\u00e3o VI, art.46 a 57 da Resolu\u00e7\u00e3o CEMA n\u00ba 065 de 01 de julho de 2.008. Nos casos devidamente justificados em que n\u00e3o seja poss\u00edvel a apresenta\u00e7\u00e3o dos documentos especificados, os mesmos dever\u00e3o ser apresentados antes da renova\u00e7\u00e3o da LAS sob pena de cancelamento da Licen\u00e7a Ambiental Simplificada;<\/strong><\/p>\n<p><strong>4. Alvar\u00e1 de Funcionamento ou Certid\u00e3o do Munic\u00edpio, quanto ao uso e ocupa\u00e7\u00e3o do solo,&nbsp;<a href=\"http:\/\/ambienteduran.eng.br\/wp-content\/uploads\/2022\/08\/ANEXO_8_RES_70.rtf\">conforme modelo<\/a>&nbsp;apresentado;<\/strong><\/p>\n<p><strong>5. No caso de utiliza\u00e7\u00e3o de \u00e1gua de corpos h\u00eddricos, superficiais ou subterr\u00e2neos, anexar a Outorga Pr\u00e9via do Instituto das \u00c1guas do Paran\u00e1 ou da Ag\u00eancia Nacional de \u00c1guas \u2013 ANA;<\/strong><\/p>\n<p><strong>6. Apresentar a planta baixa na escala de 1:100 ou 1:200 contendo a localiza\u00e7\u00e3o dos tanques, das tubula\u00e7\u00f5es (de abastecimento e de exaust\u00e3o de vapores), unidades de abastecimento (bombas), sistemas de filtragem de diesel (quando existir), compressores para sistemas de abastecimento de g\u00e1s natural (GNV), compressores de ar, \u00e1rea de armazenagem ou do tanque de \u00f3leo queimado, do(s) sistema(s) de tratamento de efluentes l\u00edquidos, da \u00e1rea de dep\u00f3sito tempor\u00e1rio de res\u00edduos s\u00f3lidos, dos boxes de lavagem de ve\u00edculos e de troca de \u00f3leo lubrificante, do escrit\u00f3rio, do setor de conveni\u00eancia, da proje\u00e7\u00e3o da cobertura da \u00e1rea de abastecimento, dos sanit\u00e1rios, e para tanques a\u00e9reos, das bacias de conten\u00e7\u00e3o de vazamentos elaborado por profissional(is) habilitado(s), em 2 (duas) vias com c\u00f3pia(s) da(s) respectiva(s) ART(s) \u2013 Anota\u00e7\u00e3o(\u00f5es) de Responsabilidade T\u00e9cnica, podendo ser exigido o Estudo de Investiga\u00e7\u00e3o de Passivo Ambiental \u00e0 crit\u00e9rio do IAP;<br><\/strong><\/p>\n<p><strong>7. Para a amplia\u00e7\u00e3o dos postos instalados h\u00e1 mais de 5 (cinco) anos, (considera-se amplia\u00e7\u00e3o o aumento da capacidade de armazenamento de combust\u00edveis) apresentar o Estudo de Identifica\u00e7\u00e3o de Passivos Ambientais (conforme anexo 3) elaborado por profissional(is) habilitado(s), em 2 (duas) vias, com c\u00f3pia(s) da(s) respectiva(s) ART(s) \u2013 Anota\u00e7\u00e3o(\u00f5es) de Responsabilidade T\u00e9cnica;<br><\/strong><\/p>\n<p><strong>8. Anu\u00eancia Pr\u00e9via da Coordena\u00e7\u00e3o da Regi\u00e3o Metropolitana de Curitiba &#8211; COMEC, no caso de Posto e Sistema Retalhista de Combust\u00edveis localizados nas \u00e1reas das bacias de rios que comp\u00f5em os mananciais e recursos h\u00eddricos de interesse especial da Regi\u00e3o Metropolitana de Curitiba, conforme legisla\u00e7\u00e3o em vigor;<\/strong><\/p>\n<p><strong>9) Anu\u00eancia Pr\u00e9via do Conselho do Litoral, no caso dos Postos e Sistemas Retalhistas de Combust\u00edveis localizados na \u00e1rea do macro zoneamento da Regi\u00e3o do Litoral do Paran\u00e1, aprovado pelo Decreto Estadual n\u00b0 5.040, de 11 de maio de 1.989;<\/strong><\/p>\n<p><strong>10) Anu\u00eancia Pr\u00e9via da Curadoria do Patrim\u00f4nio Hist\u00f3rico e Art\u00edstico da Secretaria do Estado da Cultura, no caso de Postos e Sistemas Retalhistas de Combust\u00edveis localizados na \u00e1rea de tombamento da Serra do Mar, discriminada no Edital publicado no Di\u00e1rio Oficial do Estado n\u00ba 2.290, de 05 de junho de 1.986;<\/strong><\/p>\n<p><strong>11) Anu\u00eancia do \u00d3rg\u00e3o Ambiental competente, no caso de posto localizado em \u00e1reas de mananciais, em \u00e1reas de prote\u00e7\u00e3o ambiental (APA), no entorno de unidades de conserva\u00e7\u00e3o de prote\u00e7\u00e3o integral ou \u00e1reas priorit\u00e1rias definidas por instrumento legal e ou infralegal para conserva\u00e7\u00e3o da natureza conforme estabelece o Art. 10 da Resolu\u00e7\u00e3o CEMA n\u00ba 065\/08;<\/strong><\/p>\n<p><strong>12) Mapas ou croqui de localiza\u00e7\u00e3o do empreendimento em rela\u00e7\u00e3o ao munic\u00edpio, em escala adequada apresentando:<\/strong><\/p>\n<p><strong>&nbsp;&nbsp;&nbsp;&nbsp;&nbsp; \u25ba situa\u00e7\u00e3o do terreno em rela\u00e7\u00e3o ao(s) corpo(s) h\u00eddrico(s) superficial(is) e \u00e1reas de conserva\u00e7\u00e3o, se houver;<\/strong><\/p>\n<p><strong>&nbsp;&nbsp;&nbsp;&nbsp;&nbsp; \u25ba coordenadas geogr\u00e1ficas (Latitude\/Longitude) ou UTM tiradas no centro geom\u00e9trico do empreendimento;<\/strong><\/p>\n<p><strong>&nbsp;&nbsp;&nbsp;&nbsp;&nbsp; \u25ba tipo(s) de vegeta\u00e7\u00e3o existente(s) no local e seu entorno, bem como a caracteriza\u00e7\u00e3o das edifica\u00e7\u00f5es existentes num raio de 100 (cem) metros, com destaque para a exist\u00eancia de escolas, creches, hospitais, sistema vi\u00e1rio, habita\u00e7\u00f5es multifamiliares, ou estabelecimentos p\u00fablicos e comerciais com grande fluxo de pessoas, po\u00e7os e sistemas de capta\u00e7\u00e3o de \u00e1gua para abastecimento p\u00fablico;<\/strong><\/p>\n<p><strong>13) Em caso de Postos Flutuantes, apresentar c\u00f3pia autenticada do documento expedido pela Capitania dos Portos, autorizando sua localiza\u00e7\u00e3o e funcionamento, contendo a localiza\u00e7\u00e3o geogr\u00e1fica do posto no respectivo curso d\u2019\u00e1gua e anu\u00eancia dos \u00f3rg\u00e3os como: ICMBIO \u2013 Instituto Chico Mendes e Biodiversidade, COLIT \u2013 Conselho de Desenvolvimento Territorial do Litoral Paranaense e APA \u2013 \u00c1rea de Prote\u00e7\u00e3o Ambiental;<\/strong><\/p>\n<p><strong>14) Classifica\u00e7\u00e3o da \u00e1rea do entorno dos estabelecimentos que utilizam o Sistema de Armazenamento Subterr\u00e2neo de Combust\u00edveis \u2013 SASC, e enquadramento deste Sistema, conforme NBR 13.786;<br><\/strong><\/p>\n<p><strong>15. Publica\u00e7\u00e3o de s\u00famula do pedido de licen\u00e7a pr\u00e9via em jornal de circula\u00e7\u00e3o regional e no Di\u00e1rio Oficial do Estado,&nbsp;conforme modelo&nbsp;aprovado pela Resolu\u00e7\u00e3o CONAMA no 006\/86 (as publica\u00e7\u00f5es dever\u00e3o ser comprovadas atrav\u00e9s da apresenta\u00e7\u00e3o dos jornais respectivos \u2013 originais);<\/strong><\/p>\n<p><strong>16. Comprovante de recolhimento da Taxa Ambiental (ficha de compensa\u00e7\u00e3o banc\u00e1ria) de acordo com a Lei Estadual n\u00ba 10.233\/92, Tabela I \u2013 Licen\u00e7a de Opera\u00e7\u00e3o para pequeno porte. Requerimento de Licenciamento Ambiental;<\/strong><\/p>\n<\/div>\t\t\t\t\t\t<\/div>\n\t\t\t\t<\/div>\n\t\t\t\t<div class=\"elementor-element elementor-element-8ef5b63 elementor-widget-divider--view-line elementor-widget elementor-widget-divider\" data-id=\"8ef5b63\" data-element_type=\"widget\" data-widget_type=\"divider.default\">\n\t\t\t\t<div class=\"elementor-widget-container\">\n\t\t\t\t\t<div class=\"elementor-divider\">\n\t\t\t<span class=\"elementor-divider-separator\">\n\t\t\t\t\t\t<\/span>\n\t\t<\/div>\n\t\t\t\t<\/div>\n\t\t\t\t<\/div>\n\t\t\t\t\t<\/div>\n\t\t<\/div>\n\t\t\t\t<div class=\"elementor-column elementor-col-50 elementor-top-column elementor-element elementor-element-6bc0e53\" data-id=\"6bc0e53\" data-element_type=\"column\">\n\t\t\t<div class=\"elementor-widget-wrap elementor-element-populated\">\n\t\t\t\t\t\t\t\t<div class=\"elementor-element elementor-element-4dc1be7 elementor-widget elementor-widget-heading\" data-id=\"4dc1be7\" data-element_type=\"widget\" data-widget_type=\"heading.default\">\n\t\t\t\t<div class=\"elementor-widget-container\">\n\t\t\t<h2 class=\"elementor-heading-title elementor-size-default\">MAIS LIDAS\n<\/h2>\t\t<\/div>\n\t\t\t\t<\/div>\n\t\t\t\t<div class=\"elementor-element elementor-element-32c872d elementor-widget-divider--view-line elementor-widget elementor-widget-divider\" data-id=\"32c872d\" data-element_type=\"widget\" data-widget_type=\"divider.default\">\n\t\t\t\t<div class=\"elementor-widget-container\">\n\t\t\t\t\t<div class=\"elementor-divider\">\n\t\t\t<span class=\"elementor-divider-separator\">\n\t\t\t\t\t\t<\/span>\n\t\t<\/div>\n\t\t\t\t<\/div>\n\t\t\t\t<\/div>\n\t\t\t\t<div class=\"elementor-element elementor-element-e11675e elementor-widget elementor-widget-text-editor\" data-id=\"e11675e\" data-element_type=\"widget\" data-widget_type=\"text-editor.default\">\n\t\t\t\t<div class=\"elementor-widget-container\">\n\t\t\t\t\t\t\t<p><strong>01. <a href=\"http:\/\/ambienteduran.eng.br\/?page_id=790\">Consultoria Ambiental<\/a><\/strong><br \/><strong>02. <a href=\"http:\/\/ambienteduran.eng.br\/?page_id=802\">NOSSOS CONTATOS<\/a><\/strong><br \/><strong>03. <a href=\"http:\/\/ambienteduran.eng.br\/?page_id=835\">Compensa\u00e7\u00e3o Ambiental &#8211; im\u00f3veis urbanos<\/a><\/strong><br \/><strong>04. <a href=\"http:\/\/ambienteduran.eng.br\/?page_id=849\">Compra e venda de im\u00f3veis<\/a><\/strong><br \/><strong>05. <a href=\"http:\/\/ambienteduran.eng.br\/?page_id=857\">LICENCIAMENTO AMBIENTAL<\/a><\/strong><br \/><strong>06. <a href=\"http:\/\/ambienteduran.eng.br\/?page_id=887\">CONCEITOS NO NOVO C\u00d3DIGO FLORESTAL &#8211; ILUSTRADO (Art. 3\u00ba Lei 12.651\/12)<\/a><\/strong><br \/><strong>07. <a href=\"http:\/\/ambienteduran.eng.br\/?page_id=905\">DA DELIMITA\u00c7\u00c3O E PROTE\u00c7\u00c3O DAS \u00c1REAS DE PRESERVA\u00c7\u00c3O PERMANENTE<\/a><\/strong><br \/><strong>08. <a href=\"http:\/\/ambienteduran.eng.br\/?page_id=922\">USO DO SOLO DO PARAN\u00c1 &#8211; MMA\/PROBIO\/2005<\/a><\/strong><\/p>\t\t\t\t\t\t<\/div>\n\t\t\t\t<\/div>\n\t\t\t\t\t<\/div>\n\t\t<\/div>\n\t\t\t\t\t\t\t<\/div>\n\t\t<\/section>\n\t\t\t\t\t\t\t<\/div>\n\t\t","protected":false},"excerpt":{"rendered":"<p>RELA\u00c7\u00c3O DE DOCUMENTOS PARA LP DE POSTOS 1. Requerimento de Licenciamento Ambiental &#8211; RLA; 2. Cadastro para postos e sistemas retalhistas de combust\u00edveis &#8211; PSR; 3. Matr\u00edcula ou Transcri\u00e7\u00e3o do Cart\u00f3rio de Registro de Im\u00f3veis em nome do requerente, e em caso de im\u00f3vel locado no nome do locador junto com o contrato de loca\u00e7\u00e3o, [&hellip;]<\/p>\n","protected":false},"author":1,"featured_media":0,"parent":4408,"menu_order":0,"comment_status":"closed","ping_status":"closed","template":"elementor_header_footer","meta":{"footnotes":""},"class_list":["post-4488","page","type-page","status-publish","hentry"],"_links":{"self":[{"href":"https:\/\/ambienteduran.eng.br\/index.php?rest_route=\/wp\/v2\/pages\/4488","targetHints":{"allow":["GET"]}}],"collection":[{"href":"https:\/\/ambienteduran.eng.br\/index.php?rest_route=\/wp\/v2\/pages"}],"about":[{"href":"https:\/\/ambienteduran.eng.br\/index.php?rest_route=\/wp\/v2\/types\/page"}],"author":[{"embeddable":true,"href":"https:\/\/ambienteduran.eng.br\/index.php?rest_route=\/wp\/v2\/users\/1"}],"replies":[{"embeddable":true,"href":"https:\/\/ambienteduran.eng.br\/index.php?rest_route=%2Fwp%2Fv2%2Fcomments&post=4488"}],"version-history":[{"count":7,"href":"https:\/\/ambienteduran.eng.br\/index.php?rest_route=\/wp\/v2\/pages\/4488\/revisions"}],"predecessor-version":[{"id":4503,"href":"https:\/\/ambienteduran.eng.br\/index.php?rest_route=\/wp\/v2\/pages\/4488\/revisions\/4503"}],"up":[{"embeddable":true,"href":"https:\/\/ambienteduran.eng.br\/index.php?rest_route=\/wp\/v2\/pages\/4408"}],"wp:attachment":[{"href":"https:\/\/ambienteduran.eng.br\/index.php?rest_route=%2Fwp%2Fv2%2Fmedia&parent=4488"}],"curies":[{"name":"wp","href":"https:\/\/api.w.org\/{rel}","templated":true}]}}