{"id":4496,"date":"2022-08-26T17:30:51","date_gmt":"2022-08-26T20:30:51","guid":{"rendered":"http:\/\/ambienteduran.eng.br\/?page_id=4496"},"modified":"2022-08-26T17:32:14","modified_gmt":"2022-08-26T20:32:14","slug":"como-licenciar-postos-li","status":"publish","type":"page","link":"https:\/\/ambienteduran.eng.br\/?page_id=4496","title":{"rendered":"Como Licenciar Postos &#8211; LI"},"content":{"rendered":"\t\t<div data-elementor-type=\"wp-page\" data-elementor-id=\"4496\" class=\"elementor elementor-4496\">\n\t\t\t\t\t\t\t\t\t<section class=\"elementor-section elementor-top-section elementor-element elementor-element-25d42c2 elementor-section-boxed elementor-section-height-default elementor-section-height-default\" data-id=\"25d42c2\" data-element_type=\"section\">\n\t\t\t\t\t\t<div class=\"elementor-container elementor-column-gap-default\">\n\t\t\t\t\t<div class=\"elementor-column elementor-col-50 elementor-top-column elementor-element elementor-element-a108226\" data-id=\"a108226\" data-element_type=\"column\">\n\t\t\t<div class=\"elementor-widget-wrap elementor-element-populated\">\n\t\t\t\t\t\t\t\t<div class=\"elementor-element elementor-element-f711c35 elementor-widget elementor-widget-heading\" data-id=\"f711c35\" data-element_type=\"widget\" data-widget_type=\"heading.default\">\n\t\t\t\t<div class=\"elementor-widget-container\">\n\t\t\t<style>\/*! elementor - v3.7.1 - 14-08-2022 *\/\n.elementor-heading-title{padding:0;margin:0;line-height:1}.elementor-widget-heading .elementor-heading-title[class*=elementor-size-]>a{color:inherit;font-size:inherit;line-height:inherit}.elementor-widget-heading .elementor-heading-title.elementor-size-small{font-size:15px}.elementor-widget-heading .elementor-heading-title.elementor-size-medium{font-size:19px}.elementor-widget-heading .elementor-heading-title.elementor-size-large{font-size:29px}.elementor-widget-heading .elementor-heading-title.elementor-size-xl{font-size:39px}.elementor-widget-heading .elementor-heading-title.elementor-size-xxl{font-size:59px}<\/style><h2 class=\"elementor-heading-title elementor-size-default\">RELA\u00c7\u00c3O DE DOCUMENTOS PARA LI DE POSTOS\n<\/h2>\t\t<\/div>\n\t\t\t\t<\/div>\n\t\t\t\t<div class=\"elementor-element elementor-element-7b70cf0 elementor-widget-divider--view-line elementor-widget elementor-widget-divider\" data-id=\"7b70cf0\" data-element_type=\"widget\" data-widget_type=\"divider.default\">\n\t\t\t\t<div class=\"elementor-widget-container\">\n\t\t\t<style>\/*! elementor - v3.7.1 - 14-08-2022 *\/\n.elementor-widget-divider{--divider-border-style:none;--divider-border-width:1px;--divider-color:#2c2c2c;--divider-icon-size:20px;--divider-element-spacing:10px;--divider-pattern-height:24px;--divider-pattern-size:20px;--divider-pattern-url:none;--divider-pattern-repeat:repeat-x}.elementor-widget-divider .elementor-divider{display:-webkit-box;display:-ms-flexbox;display:flex}.elementor-widget-divider .elementor-divider__text{font-size:15px;line-height:1;max-width:95%}.elementor-widget-divider .elementor-divider__element{margin:0 var(--divider-element-spacing);-ms-flex-negative:0;flex-shrink:0}.elementor-widget-divider .elementor-icon{font-size:var(--divider-icon-size)}.elementor-widget-divider .elementor-divider-separator{display:-webkit-box;display:-ms-flexbox;display:flex;margin:0;direction:ltr}.elementor-widget-divider--view-line_icon .elementor-divider-separator,.elementor-widget-divider--view-line_text .elementor-divider-separator{-webkit-box-align:center;-ms-flex-align:center;align-items:center}.elementor-widget-divider--view-line_icon .elementor-divider-separator:after,.elementor-widget-divider--view-line_icon .elementor-divider-separator:before,.elementor-widget-divider--view-line_text .elementor-divider-separator:after,.elementor-widget-divider--view-line_text .elementor-divider-separator:before{display:block;content:\"\";border-bottom:0;-webkit-box-flex:1;-ms-flex-positive:1;flex-grow:1;border-top:var(--divider-border-width) var(--divider-border-style) var(--divider-color)}.elementor-widget-divider--element-align-left .elementor-divider .elementor-divider-separator>.elementor-divider__svg:first-of-type{-webkit-box-flex:0;-ms-flex-positive:0;flex-grow:0;-ms-flex-negative:100;flex-shrink:100}.elementor-widget-divider--element-align-left .elementor-divider-separator:before{content:none}.elementor-widget-divider--element-align-left .elementor-divider__element{margin-left:0}.elementor-widget-divider--element-align-right .elementor-divider .elementor-divider-separator>.elementor-divider__svg:last-of-type{-webkit-box-flex:0;-ms-flex-positive:0;flex-grow:0;-ms-flex-negative:100;flex-shrink:100}.elementor-widget-divider--element-align-right .elementor-divider-separator:after{content:none}.elementor-widget-divider--element-align-right .elementor-divider__element{margin-right:0}.elementor-widget-divider:not(.elementor-widget-divider--view-line_text):not(.elementor-widget-divider--view-line_icon) .elementor-divider-separator{border-top:var(--divider-border-width) var(--divider-border-style) var(--divider-color)}.elementor-widget-divider--separator-type-pattern{--divider-border-style:none}.elementor-widget-divider--separator-type-pattern.elementor-widget-divider--view-line .elementor-divider-separator,.elementor-widget-divider--separator-type-pattern:not(.elementor-widget-divider--view-line) .elementor-divider-separator:after,.elementor-widget-divider--separator-type-pattern:not(.elementor-widget-divider--view-line) .elementor-divider-separator:before,.elementor-widget-divider--separator-type-pattern:not([class*=elementor-widget-divider--view]) .elementor-divider-separator{width:100%;min-height:var(--divider-pattern-height);-webkit-mask-size:var(--divider-pattern-size) 100%;mask-size:var(--divider-pattern-size) 100%;-webkit-mask-repeat:var(--divider-pattern-repeat);mask-repeat:var(--divider-pattern-repeat);background-color:var(--divider-color);-webkit-mask-image:var(--divider-pattern-url);mask-image:var(--divider-pattern-url)}.elementor-widget-divider--no-spacing{--divider-pattern-size:auto}.elementor-widget-divider--bg-round{--divider-pattern-repeat:round}.rtl .elementor-widget-divider .elementor-divider__text{direction:rtl}.e-container>.elementor-widget-divider{width:var(--container-widget-width,100%);-webkit-box-flex:1;-ms-flex-positive:1;flex-grow:1}<\/style>\t\t<div class=\"elementor-divider\">\n\t\t\t<span class=\"elementor-divider-separator\">\n\t\t\t\t\t\t<\/span>\n\t\t<\/div>\n\t\t\t\t<\/div>\n\t\t\t\t<\/div>\n\t\t\t\t<div class=\"elementor-element elementor-element-ef19167 elementor-widget elementor-widget-text-editor\" data-id=\"ef19167\" data-element_type=\"widget\" data-widget_type=\"text-editor.default\">\n\t\t\t\t<div class=\"elementor-widget-container\">\n\t\t\t<style>\/*! elementor - v3.7.1 - 14-08-2022 *\/\n.elementor-widget-text-editor.elementor-drop-cap-view-stacked .elementor-drop-cap{background-color:#818a91;color:#fff}.elementor-widget-text-editor.elementor-drop-cap-view-framed .elementor-drop-cap{color:#818a91;border:3px solid;background-color:transparent}.elementor-widget-text-editor:not(.elementor-drop-cap-view-default) .elementor-drop-cap{margin-top:8px}.elementor-widget-text-editor:not(.elementor-drop-cap-view-default) .elementor-drop-cap-letter{width:1em;height:1em}.elementor-widget-text-editor .elementor-drop-cap{float:left;text-align:center;line-height:1;font-size:50px}.elementor-widget-text-editor .elementor-drop-cap-letter{display:inline-block}<\/style>\t\t\t\t<div align=\"justify\"><p><strong>a. Requerimento de Licenciamento Ambiental &#8211; <a href=\"http:\/\/ambienteduran.eng.br\/wp-content\/uploads\/2022\/08\/RLA.rtf\">RLA<\/a>;<\/strong><\/p><p><strong>b. Cadastro para postos e sistemas retalhistas de combust\u00edveis &#8211; <a href=\"http:\/\/ambienteduran.eng.br\/wp-content\/uploads\/2022\/08\/PSR_CADASTRO_DE_POSTOS_RES_21_2011.rtf\" target=\"_blank\" rel=\"noopener\">PSR<\/a>;<\/strong><\/p><p><strong>c) C\u00f3pia do Ato Constitutivo ou do Contrato Social (com \u00faltima altera\u00e7\u00e3o);<\/strong><\/p><p><strong>d) Matr\u00edcula ou Transcri\u00e7\u00e3o do Cart\u00f3rio de Registro de Im\u00f3veis atualizada, no m\u00e1ximo de 90 (noventa) dias, e para im\u00f3vel rural, al\u00e9m do Registro a averba\u00e7\u00e3o da Reserva Legal \u00e0 margem da matr\u00edcula;<\/strong><\/p><p><strong>e) Documenta\u00e7\u00e3o complementar do im\u00f3vel, se a situa\u00e7\u00e3o imobili\u00e1ria estiver irregular ou comprometida, conforme exig\u00eancias para casos imobili\u00e1rios excepcionais estabelecidos do artigo 46 ao 57 da Resolu\u00e7\u00e3o SEMA no 065, de 01 de julho de 2.008;<\/strong><\/p><p><strong>f) Memorial Descritivo do Sistema de Armazenamento de Combust\u00edveis, elaborado(s) por profissional(is) habilitado(s), em 2 (duas) vias, contendo as especifica\u00e7\u00f5es dos seguintes equipamentos, de acordo com as normas da ABNT (NBR\u2019s: 7.821, 13.212, 13.220, 13.781, 13.783, 13.785, 13.786 e 13.788, 15.461, 15.776-1 e s\u00e9rie 17.505), ou a que vier a substitu\u00ed-las, com c\u00f3pia(s) da(s) respectiva(s) A.R.T\u2019(s) \u2013 Anota\u00e7\u00e3o(\u00f5es) de Responsabilidade T\u00e9cnica:<\/strong><\/p><p><strong>&#8211; Tanques e reservat\u00f3rios \u2013 material, capacidade, dimens\u00f5es e condi\u00e7\u00f5es de assentamento;<\/strong><\/p><p><strong>&#8211; Sistemas de monitoramento, prote\u00e7\u00e3o e detec\u00e7\u00e3o de vazamento;<\/strong><\/p><p><strong>&#8211; Tubula\u00e7\u00f5es \u2013 materiais e di\u00e2metro;<\/strong><\/p><p><strong>&#8211; Demais equipamentos \u2013 modelo, caracter\u00edsticas t\u00e9cnicas (capacidade, pot\u00eancia, etc.).<\/strong><\/p><p><strong>g) Projeto do Sistema de Tratamento dos Efluentes L\u00edquidos, elaborado(s) por profissional(ais) habilitado(s), em 2 (duas) vias com c\u00f3pia(s) da(s) respectiva(s) A.R.T(s) \u2013 Anota\u00e7\u00e3o(\u00f5es) de Responsabilidade T\u00e9cnica, contendo obrigatoriamente:<\/strong><\/p><p><strong>&#8211; Sistema de tratamento das \u00e1guas de lavagens de ve\u00edculos e;<\/strong><\/p><p><strong>&#8211; Sistema de tratamento das \u00e1guas contaminadas incidentes sobre as \u00e1reas de servi\u00e7os sujeita a vazamentos acidentais de combust\u00edveis ou \u00f3leos.<\/strong><\/p><p><strong>h) Projeto do Sistema de Drenagem das \u00c1guas incidentes na \u00e1rea do empreendimento, elaborado(s) por profissional(is) habilitado(s), em 2 (duas) vias com c\u00f3pia(s) da(s) respectiva(s) A.R.T(s) \u2013 Anota\u00e7\u00e3o(\u00f5es) de Responsabilidade T\u00e9cnica;<\/strong><\/p><p><strong>i) Projeto do Sistema de Tratamento de Esgotos Dom\u00e9sticos, elaborado (s) por profissional(is) habilitado(s), em 2 (duas) vias com c\u00f3pia(s) da(s) respectiva(s) A.R. T(s) \u2013 Anota\u00e7\u00e3o(\u00f5es) de Responsabilidade T\u00e9cnica;<\/strong><\/p><p><strong>j) Projeto do Sistema de coleta e tratamentos dos vapores de combust\u00edveis, elaborado(s) por profissional(is) habilitado(s), em 2 (duas) vias com c\u00f3pia da(s) respectiva(s) A.R.T(s). \u2013 Anota\u00e7\u00e3o(\u00f5es) de Responsabilidade T\u00e9cnica;<\/strong><\/p><p><strong>k) Plano de Gerenciamento de Res\u00edduos S\u00f3lidos, elaborado(s) por profissional(is) habilitado(s), em 2 (duas) vias, com c\u00f3pia(s) da(s) respectiva(s) A.R.T(s) \u2013 Anota\u00e7\u00e3o(\u00f5es) de Responsabilidade T\u00e9cnica;<\/strong><\/p><p><strong>l) Projeto de isolamento ac\u00fastico para postos com abastecimento de GNV, conforme os crit\u00e9rios da NBR 12.361\/94, em 02 (duas) vias, com c\u00f3pia(s) da(s) respectiva(s) A.R.T(s) \u2013 Anota\u00e7\u00e3o(\u00f5es) de Responsabilidade T\u00e9cnica;<\/strong><\/p><p><strong>m) Estudo Hidrogeol\u00f3gico (conforme\u00a0<\/strong><a href=\"http:\/\/ambienteduran.eng.br\/wp-content\/uploads\/2022\/08\/ANEXO_2_RESOLUCAO_38_2009_POSTOS.pdf\"><strong>Anexo 2<\/strong><\/a><strong>), em 2 (duas) vias, elaborado por profissional(is) habilitado(s), com c\u00f3pia(s) da(s) respectiva(s) A.R.T\u2019s. \u2013 Anota\u00e7\u00e3o (s) de Responsabilidade T\u00e9cnica (item n\u00e3o aplic\u00e1vel para amplia\u00e7\u00f5es e para a postos flutuantes e tanques a\u00e9reos);<\/strong><\/p><p><strong>n) Caso haja necessidade de supress\u00e3o de vegeta\u00e7\u00e3o, Autoriza\u00e7\u00e3o para Desmate expedida pelo \u00f3rg\u00e3o ambiental competente, objeto de requerimento pr\u00f3prio;<\/strong><\/p><p><strong>o) C\u00f3pia da Licen\u00e7a Pr\u00e9via;<\/strong><\/p><p><strong>p) Apresentar a s\u00famula da publica\u00e7\u00e3o de recebimento da Licen\u00e7a Pr\u00e9via \u2013 LP, em jornal de circula\u00e7\u00e3o regional e no Di\u00e1rio Oficial do Estado &#8211; DOE,\u00a0conforme modelo\u00a0aprovado pela Resolu\u00e7\u00e3o CONAMA n\u00ba 06\/86 e Decreto Federal n\u00ba 99.274\/90;<br \/><\/strong><\/p><p><strong>q) Prova de publica\u00e7\u00e3o de s\u00famula do pedido de Licen\u00e7a de Instala\u00e7\u00e3o em jornal de circula\u00e7\u00e3o regional e no Di\u00e1rio Oficial do Estado,\u00a0<\/strong><strong>conforme modelo<\/strong><strong>\u00a0aprovado pela Resolu\u00e7\u00e3o CONAMA no 006\/86;<\/strong><strong><br \/><\/strong><\/p><p><strong>r) Comprovante de recolhimento da Taxa Ambiental (ficha de compensa\u00e7\u00e3o banc\u00e1ria) de acordo com a Lei Estadual n\u00ba 10.233\/92, Tabela I \u2013 Licen\u00e7a de Opera\u00e7\u00e3o para pequeno porte. Requerimento de Licenciamento Ambiental.<\/strong><\/p><\/div>\t\t\t\t\t\t<\/div>\n\t\t\t\t<\/div>\n\t\t\t\t<div class=\"elementor-element elementor-element-8ef5b63 elementor-widget-divider--view-line elementor-widget elementor-widget-divider\" data-id=\"8ef5b63\" data-element_type=\"widget\" data-widget_type=\"divider.default\">\n\t\t\t\t<div class=\"elementor-widget-container\">\n\t\t\t\t\t<div class=\"elementor-divider\">\n\t\t\t<span class=\"elementor-divider-separator\">\n\t\t\t\t\t\t<\/span>\n\t\t<\/div>\n\t\t\t\t<\/div>\n\t\t\t\t<\/div>\n\t\t\t\t\t<\/div>\n\t\t<\/div>\n\t\t\t\t<div class=\"elementor-column elementor-col-50 elementor-top-column elementor-element elementor-element-6bc0e53\" data-id=\"6bc0e53\" data-element_type=\"column\">\n\t\t\t<div class=\"elementor-widget-wrap elementor-element-populated\">\n\t\t\t\t\t\t\t\t<div class=\"elementor-element elementor-element-4dc1be7 elementor-widget elementor-widget-heading\" data-id=\"4dc1be7\" data-element_type=\"widget\" data-widget_type=\"heading.default\">\n\t\t\t\t<div class=\"elementor-widget-container\">\n\t\t\t<h2 class=\"elementor-heading-title elementor-size-default\">MAIS LIDAS\n<\/h2>\t\t<\/div>\n\t\t\t\t<\/div>\n\t\t\t\t<div class=\"elementor-element elementor-element-32c872d elementor-widget-divider--view-line elementor-widget elementor-widget-divider\" data-id=\"32c872d\" data-element_type=\"widget\" data-widget_type=\"divider.default\">\n\t\t\t\t<div class=\"elementor-widget-container\">\n\t\t\t\t\t<div class=\"elementor-divider\">\n\t\t\t<span class=\"elementor-divider-separator\">\n\t\t\t\t\t\t<\/span>\n\t\t<\/div>\n\t\t\t\t<\/div>\n\t\t\t\t<\/div>\n\t\t\t\t<div class=\"elementor-element elementor-element-e11675e elementor-widget elementor-widget-text-editor\" data-id=\"e11675e\" data-element_type=\"widget\" data-widget_type=\"text-editor.default\">\n\t\t\t\t<div class=\"elementor-widget-container\">\n\t\t\t\t\t\t\t<p><strong>01. <a href=\"http:\/\/ambienteduran.eng.br\/?page_id=790\">Consultoria Ambiental<\/a><\/strong><br \/><strong>02. <a href=\"http:\/\/ambienteduran.eng.br\/?page_id=802\">NOSSOS CONTATOS<\/a><\/strong><br \/><strong>03. <a href=\"http:\/\/ambienteduran.eng.br\/?page_id=835\">Compensa\u00e7\u00e3o Ambiental &#8211; im\u00f3veis urbanos<\/a><\/strong><br \/><strong>04. <a href=\"http:\/\/ambienteduran.eng.br\/?page_id=849\">Compra e venda de im\u00f3veis<\/a><\/strong><br \/><strong>05. <a href=\"http:\/\/ambienteduran.eng.br\/?page_id=857\">LICENCIAMENTO AMBIENTAL<\/a><\/strong><br \/><strong>06. <a href=\"http:\/\/ambienteduran.eng.br\/?page_id=887\">CONCEITOS NO NOVO C\u00d3DIGO FLORESTAL &#8211; ILUSTRADO (Art. 3\u00ba Lei 12.651\/12)<\/a><\/strong><br \/><strong>07. <a href=\"http:\/\/ambienteduran.eng.br\/?page_id=905\">DA DELIMITA\u00c7\u00c3O E PROTE\u00c7\u00c3O DAS \u00c1REAS DE PRESERVA\u00c7\u00c3O PERMANENTE<\/a><\/strong><br \/><strong>08. <a href=\"http:\/\/ambienteduran.eng.br\/?page_id=922\">USO DO SOLO DO PARAN\u00c1 &#8211; MMA\/PROBIO\/2005<\/a><\/strong><\/p>\t\t\t\t\t\t<\/div>\n\t\t\t\t<\/div>\n\t\t\t\t\t<\/div>\n\t\t<\/div>\n\t\t\t\t\t\t\t<\/div>\n\t\t<\/section>\n\t\t\t\t\t\t\t<\/div>\n\t\t","protected":false},"excerpt":{"rendered":"<p>RELA\u00c7\u00c3O DE DOCUMENTOS PARA LI DE POSTOS a. Requerimento de Licenciamento Ambiental &#8211; RLA; b. Cadastro para postos e sistemas retalhistas de combust\u00edveis &#8211; PSR; c) C\u00f3pia do Ato Constitutivo ou do Contrato Social (com \u00faltima altera\u00e7\u00e3o); d) Matr\u00edcula ou Transcri\u00e7\u00e3o do Cart\u00f3rio de Registro de Im\u00f3veis atualizada, no m\u00e1ximo de 90 (noventa) dias, e [&hellip;]<\/p>\n","protected":false},"author":1,"featured_media":0,"parent":4408,"menu_order":0,"comment_status":"closed","ping_status":"closed","template":"elementor_header_footer","meta":{"footnotes":""},"class_list":["post-4496","page","type-page","status-publish","hentry"],"_links":{"self":[{"href":"https:\/\/ambienteduran.eng.br\/index.php?rest_route=\/wp\/v2\/pages\/4496","targetHints":{"allow":["GET"]}}],"collection":[{"href":"https:\/\/ambienteduran.eng.br\/index.php?rest_route=\/wp\/v2\/pages"}],"about":[{"href":"https:\/\/ambienteduran.eng.br\/index.php?rest_route=\/wp\/v2\/types\/page"}],"author":[{"embeddable":true,"href":"https:\/\/ambienteduran.eng.br\/index.php?rest_route=\/wp\/v2\/users\/1"}],"replies":[{"embeddable":true,"href":"https:\/\/ambienteduran.eng.br\/index.php?rest_route=%2Fwp%2Fv2%2Fcomments&post=4496"}],"version-history":[{"count":4,"href":"https:\/\/ambienteduran.eng.br\/index.php?rest_route=\/wp\/v2\/pages\/4496\/revisions"}],"predecessor-version":[{"id":4500,"href":"https:\/\/ambienteduran.eng.br\/index.php?rest_route=\/wp\/v2\/pages\/4496\/revisions\/4500"}],"up":[{"embeddable":true,"href":"https:\/\/ambienteduran.eng.br\/index.php?rest_route=\/wp\/v2\/pages\/4408"}],"wp:attachment":[{"href":"https:\/\/ambienteduran.eng.br\/index.php?rest_route=%2Fwp%2Fv2%2Fmedia&parent=4496"}],"curies":[{"name":"wp","href":"https:\/\/api.w.org\/{rel}","templated":true}]}}