{"id":4533,"date":"2022-08-26T17:36:37","date_gmt":"2022-08-26T20:36:37","guid":{"rendered":"http:\/\/ambienteduran.eng.br\/?page_id=4533"},"modified":"2022-08-26T17:38:02","modified_gmt":"2022-08-26T20:38:02","slug":"como-licenciar-postos-lor","status":"publish","type":"page","link":"https:\/\/ambienteduran.eng.br\/?page_id=4533","title":{"rendered":"Como Licenciar Postos &#8211; LOR"},"content":{"rendered":"\t\t<div data-elementor-type=\"wp-page\" data-elementor-id=\"4533\" class=\"elementor elementor-4533\">\n\t\t\t\t\t\t\t\t\t<section class=\"elementor-section elementor-top-section elementor-element elementor-element-25d42c2 elementor-section-boxed elementor-section-height-default elementor-section-height-default\" data-id=\"25d42c2\" data-element_type=\"section\">\n\t\t\t\t\t\t<div class=\"elementor-container elementor-column-gap-default\">\n\t\t\t\t\t<div class=\"elementor-column elementor-col-50 elementor-top-column elementor-element elementor-element-a108226\" data-id=\"a108226\" data-element_type=\"column\">\n\t\t\t<div class=\"elementor-widget-wrap elementor-element-populated\">\n\t\t\t\t\t\t\t\t<div class=\"elementor-element elementor-element-f711c35 elementor-widget elementor-widget-heading\" data-id=\"f711c35\" data-element_type=\"widget\" data-widget_type=\"heading.default\">\n\t\t\t\t<div class=\"elementor-widget-container\">\n\t\t\t<style>\/*! elementor - v3.7.1 - 14-08-2022 *\/\n.elementor-heading-title{padding:0;margin:0;line-height:1}.elementor-widget-heading .elementor-heading-title[class*=elementor-size-]>a{color:inherit;font-size:inherit;line-height:inherit}.elementor-widget-heading .elementor-heading-title.elementor-size-small{font-size:15px}.elementor-widget-heading .elementor-heading-title.elementor-size-medium{font-size:19px}.elementor-widget-heading .elementor-heading-title.elementor-size-large{font-size:29px}.elementor-widget-heading .elementor-heading-title.elementor-size-xl{font-size:39px}.elementor-widget-heading .elementor-heading-title.elementor-size-xxl{font-size:59px}<\/style><h2 class=\"elementor-heading-title elementor-size-default\">RELA\u00c7\u00c3O DE DOCUMENTOS PARA LOR DE POSTOS\n<\/h2>\t\t<\/div>\n\t\t\t\t<\/div>\n\t\t\t\t<div class=\"elementor-element elementor-element-7b70cf0 elementor-widget-divider--view-line elementor-widget elementor-widget-divider\" data-id=\"7b70cf0\" data-element_type=\"widget\" data-widget_type=\"divider.default\">\n\t\t\t\t<div class=\"elementor-widget-container\">\n\t\t\t<style>\/*! elementor - v3.7.1 - 14-08-2022 *\/\n.elementor-widget-divider{--divider-border-style:none;--divider-border-width:1px;--divider-color:#2c2c2c;--divider-icon-size:20px;--divider-element-spacing:10px;--divider-pattern-height:24px;--divider-pattern-size:20px;--divider-pattern-url:none;--divider-pattern-repeat:repeat-x}.elementor-widget-divider .elementor-divider{display:-webkit-box;display:-ms-flexbox;display:flex}.elementor-widget-divider .elementor-divider__text{font-size:15px;line-height:1;max-width:95%}.elementor-widget-divider .elementor-divider__element{margin:0 var(--divider-element-spacing);-ms-flex-negative:0;flex-shrink:0}.elementor-widget-divider .elementor-icon{font-size:var(--divider-icon-size)}.elementor-widget-divider .elementor-divider-separator{display:-webkit-box;display:-ms-flexbox;display:flex;margin:0;direction:ltr}.elementor-widget-divider--view-line_icon .elementor-divider-separator,.elementor-widget-divider--view-line_text .elementor-divider-separator{-webkit-box-align:center;-ms-flex-align:center;align-items:center}.elementor-widget-divider--view-line_icon .elementor-divider-separator:after,.elementor-widget-divider--view-line_icon .elementor-divider-separator:before,.elementor-widget-divider--view-line_text .elementor-divider-separator:after,.elementor-widget-divider--view-line_text .elementor-divider-separator:before{display:block;content:\"\";border-bottom:0;-webkit-box-flex:1;-ms-flex-positive:1;flex-grow:1;border-top:var(--divider-border-width) var(--divider-border-style) var(--divider-color)}.elementor-widget-divider--element-align-left .elementor-divider .elementor-divider-separator>.elementor-divider__svg:first-of-type{-webkit-box-flex:0;-ms-flex-positive:0;flex-grow:0;-ms-flex-negative:100;flex-shrink:100}.elementor-widget-divider--element-align-left .elementor-divider-separator:before{content:none}.elementor-widget-divider--element-align-left .elementor-divider__element{margin-left:0}.elementor-widget-divider--element-align-right .elementor-divider .elementor-divider-separator>.elementor-divider__svg:last-of-type{-webkit-box-flex:0;-ms-flex-positive:0;flex-grow:0;-ms-flex-negative:100;flex-shrink:100}.elementor-widget-divider--element-align-right .elementor-divider-separator:after{content:none}.elementor-widget-divider--element-align-right .elementor-divider__element{margin-right:0}.elementor-widget-divider:not(.elementor-widget-divider--view-line_text):not(.elementor-widget-divider--view-line_icon) .elementor-divider-separator{border-top:var(--divider-border-width) var(--divider-border-style) var(--divider-color)}.elementor-widget-divider--separator-type-pattern{--divider-border-style:none}.elementor-widget-divider--separator-type-pattern.elementor-widget-divider--view-line .elementor-divider-separator,.elementor-widget-divider--separator-type-pattern:not(.elementor-widget-divider--view-line) .elementor-divider-separator:after,.elementor-widget-divider--separator-type-pattern:not(.elementor-widget-divider--view-line) .elementor-divider-separator:before,.elementor-widget-divider--separator-type-pattern:not([class*=elementor-widget-divider--view]) .elementor-divider-separator{width:100%;min-height:var(--divider-pattern-height);-webkit-mask-size:var(--divider-pattern-size) 100%;mask-size:var(--divider-pattern-size) 100%;-webkit-mask-repeat:var(--divider-pattern-repeat);mask-repeat:var(--divider-pattern-repeat);background-color:var(--divider-color);-webkit-mask-image:var(--divider-pattern-url);mask-image:var(--divider-pattern-url)}.elementor-widget-divider--no-spacing{--divider-pattern-size:auto}.elementor-widget-divider--bg-round{--divider-pattern-repeat:round}.rtl .elementor-widget-divider .elementor-divider__text{direction:rtl}.e-container>.elementor-widget-divider{width:var(--container-widget-width,100%);-webkit-box-flex:1;-ms-flex-positive:1;flex-grow:1}<\/style>\t\t<div class=\"elementor-divider\">\n\t\t\t<span class=\"elementor-divider-separator\">\n\t\t\t\t\t\t<\/span>\n\t\t<\/div>\n\t\t\t\t<\/div>\n\t\t\t\t<\/div>\n\t\t\t\t<div class=\"elementor-element elementor-element-ef19167 elementor-widget elementor-widget-text-editor\" data-id=\"ef19167\" data-element_type=\"widget\" data-widget_type=\"text-editor.default\">\n\t\t\t\t<div class=\"elementor-widget-container\">\n\t\t\t<style>\/*! elementor - v3.7.1 - 14-08-2022 *\/\n.elementor-widget-text-editor.elementor-drop-cap-view-stacked .elementor-drop-cap{background-color:#818a91;color:#fff}.elementor-widget-text-editor.elementor-drop-cap-view-framed .elementor-drop-cap{color:#818a91;border:3px solid;background-color:transparent}.elementor-widget-text-editor:not(.elementor-drop-cap-view-default) .elementor-drop-cap{margin-top:8px}.elementor-widget-text-editor:not(.elementor-drop-cap-view-default) .elementor-drop-cap-letter{width:1em;height:1em}.elementor-widget-text-editor .elementor-drop-cap{float:left;text-align:center;line-height:1;font-size:50px}.elementor-widget-text-editor .elementor-drop-cap-letter{display:inline-block}<\/style>\t\t\t\t<div align=\"justify\"><p><strong>1. Requerimento de Licenciamento Ambiental &#8211; <a href=\"http:\/\/ambienteduran.eng.br\/wp-content\/uploads\/2022\/08\/RLA.rtf\">RLA<\/a>;<\/strong><\/p><p><strong>2. Cadastro para postos e sistemas retalhistas de combust\u00edveis &#8211; <a href=\"http:\/\/ambienteduran.eng.br\/wp-content\/uploads\/2022\/08\/PSR_CADASTRO_DE_POSTOS_RES_21_2011.rtf\" target=\"_blank\" rel=\"noopener\">PSR<\/a>;<\/strong><\/p><p><strong>3. C\u00f3pia do Ato Constitutivo ou do Contrato Social;<\/strong><\/p><p><strong>4. Matr\u00edcula ou Transcri\u00e7\u00e3o do Cart\u00f3rio de Registro de Im\u00f3veis em nome do requerente, e em caso de im\u00f3vel locado no nome do locador junto com o contrato de loca\u00e7\u00e3o, no m\u00e1ximo de 90 (noventa) dias, para im\u00f3veis rurais exige-se a averba\u00e7\u00e3o da Reserva Legal junto \u00e0 matr\u00edcula do im\u00f3vel, ou Documento de propriedade ou justa posse rural ou conforme exig\u00eancias constantes da Se\u00e7\u00e3o VI, art. 46 a 57 da Resolu\u00e7\u00e3o CEMA n\u00ba 065 de 01 de julho de 2.008;<\/strong><\/p><p><strong>5. Alvar\u00e1 de Funcionamento, expedido pela Prefeitura Municipal;<\/strong><\/p><p><strong>6. No caso de utiliza\u00e7\u00e3o de \u00e1gua de corpos h\u00eddricos, superficiais ou subterr\u00e2neos, anexar a Outorga Pr\u00e9via do Instituto das \u00c1guas do Paran\u00e1 ou da Ag\u00eancia Nacional de \u00c1guas \u2013 ANA;<\/strong><\/p><p><strong>7. Apresentar a planta baixa na escala de 1:100 ou 1:200 contendo a localiza\u00e7\u00e3o dos tanques, das tubula\u00e7\u00f5es (de abastecimento e de exaust\u00e3o de vapores), unidades de abastecimento (bombas), sistemas de filtragem de diesel (quando existir), compressores para sistemas de abastecimento de g\u00e1s natural (GNV), compressores de ar, \u00e1rea de armazenagem ou do tanque de \u00f3leo queimado, do(s) sistema(s) de tratamento de efluentes l\u00edquidos, da \u00e1rea de dep\u00f3sito tempor\u00e1rio de res\u00edduos s\u00f3lidos, dos boxes de lavagem de ve\u00edculos e de troca de \u00f3leo lubrificante, do escrit\u00f3rio, do setor de conveni\u00eancia, da proje\u00e7\u00e3o da cobertura da \u00e1rea de abastecimento, dos sanit\u00e1rios, e para tanques a\u00e9reos, das bacias de conten\u00e7\u00e3o de vazamentos elaborado(s) por profissional(is) habilitado(s), com c\u00f3pia(s) da(s) respectivas ART(s) \u2013 Anota\u00e7\u00e3o(\u00f5es) de Responsabilidade T\u00e9cnica, podendo ser exigido o Estudo de Investiga\u00e7\u00e3o de Passivo Ambiental a crit\u00e9rio do IAP;<\/strong><\/p><p><strong>8. Mapas ou croqui de localiza\u00e7\u00e3o do empreendimento em rela\u00e7\u00e3o ao munic\u00edpio, em escala adequada apresentando:<\/strong><\/p><p><strong>&#8211; situa\u00e7\u00e3o do terreno em rela\u00e7\u00e3o ao(s) corpo(s) h\u00eddrico(s) superficial(is) e \u00e1reas de conserva\u00e7\u00e3o, se houver;<\/strong><\/p><p><strong>&#8211; coordenadas geogr\u00e1ficas (Latitude\/Longitude) ou UTM tiradas no centro geom\u00e9trico do empreendimento;<\/strong><\/p><p><strong>&#8211; tipo(s) de vegeta\u00e7\u00e3o existente(s) no local e seu entorno, bem como a caracteriza\u00e7\u00e3o das edifica\u00e7\u00f5es existentes num raio de 100 (cem) metros, com destaque para a exist\u00eancia de escolas, creches, hospitais, sistema vi\u00e1rio, habita\u00e7\u00f5es multifamiliares, ou estabelecimentos p\u00fablicos e comerciais com grande fluxo de pessoas, po\u00e7os e sistemas de capta\u00e7\u00e3o de \u00e1gua para abastecimento p\u00fablico;<\/strong><\/p><p><strong>9. Classifica\u00e7\u00e3o da \u00e1rea do entorno do estabelecimento que utiliza o Sistema de Armazenamento Subterr\u00e2neo de Combust\u00edveis \u2013 SASC, e enquadramento deste Sistema, conforme NBR 13.786;<\/strong><\/p><p><strong>10. Apresenta\u00e7\u00e3o do Certificado ou Laudo do Ensaio de Estanqueidade completo do SASC (linhas, tanques, conex\u00f5es e tubula\u00e7\u00f5es), ap\u00f3s a Instala\u00e7\u00e3o e previamente \u00e0 entrada em Opera\u00e7\u00e3o, acompanhado por croqui do estabelecimento e ART &#8211; Anota\u00e7\u00e3o de Responsabilidade T\u00e9cnica, devidamente assinada por profissional habilitado. O ensaio de estanqueidade dever\u00e1 ser realizado por empresa Certificada pela Portaria n\u00ba 259\/08 do INMETRO, com base na NBR 13.784\/06, exig\u00eancia n\u00e3o aplic\u00e1vel para Postos Flutuantes e Tanques A\u00e9reos;<\/strong><\/p><p><strong>11. Para os empreendimentos que substituir\u00e3o o SASC, dever\u00e1 ser implantado o Sistema de Detec\u00e7\u00e3o Eletr\u00f4nica para o monitoramento de vazamentos com impressora e registro de mem\u00f3ria;<\/strong><\/p><p><strong>12. Projeto do Sistema de Tratamento dos Efluentes L\u00edquidos, elaborado(s) por profissional(ais) habilitado(s), em 2 (duas) vias com c\u00f3pia(s) da(s) respectiva(s) A.R.T(s) \u2013 Anota\u00e7\u00e3o(\u00f5es) de Responsabilidade T\u00e9cnica, contendo obrigatoriamente:<\/strong><\/p><p><strong>&#8211; Sistema de tratamento das \u00e1guas de lavagens de ve\u00edculos e;<\/strong><\/p><p><strong>&#8211; Sistema de tratamento das \u00e1guas contaminadas incidentes sobre as \u00e1reas de servi\u00e7os sujeita a vazamentos acidentais de combust\u00edveis ou \u00f3leos.<\/strong><\/p><p><strong>13. Projeto do Sistema de Drenagem das \u00c1guas incidentes na \u00e1rea do empreendimento, elaborado(s) por profissional(is) habilitado(s), em 2 (duas) vias com c\u00f3pia(s) da(s) respectiva(s) A.R.T(s) \u2013 Anota\u00e7\u00e3o(\u00f5es) de Responsabilidade T\u00e9cnica;<\/strong><\/p><p><strong>14. Projeto do Sistema de Tratamento de Esgotos Dom\u00e9sticos, elaborado (s) por profissional(is) habilitado(s), em 2 (duas) vias com c\u00f3pia(s) da(s) respectiva(s) A.R. T(s) \u2013 Anota\u00e7\u00e3o(\u00f5es) de Responsabilidade T\u00e9cnica;<\/strong><\/p><p><strong>15. Projeto do Sistema de coleta e tratamentos dos vapores de combust\u00edveis, elaborado(s) por profissional(is) habilitado(s), em 2 (duas) vias com c\u00f3pia da(s) respectiva(s) A.R.T(s). \u2013 Anota\u00e7\u00e3o(\u00f5es) de Responsabilidade T\u00e9cnica;<\/strong><\/p><p><strong>16. Projeto de isolamento ac\u00fastico conforme crit\u00e9rios da NBR 12.361\/94, em 2 (duas) vias com c\u00f3pia (s) da (s) respectiva (s) A.R.T\u2019(s). \u2013 Anota\u00e7\u00e3o(\u00f5es) de Responsabilidade T\u00e9cnica;<\/strong><\/p><p><strong>17. Plano de Gerenciamento de Res\u00edduos S\u00f3lidos, elaborado(s) por profissional(is) habilitado(s), em 2 (duas) vias, com c\u00f3pia(s) da(s) respectiva(s) A.R.T(s) \u2013 Anota\u00e7\u00e3o(\u00f5es) de Responsabilidade T\u00e9cnica;<\/strong><\/p><p><strong>18. Estudos de Identifica\u00e7\u00e3o de Passivos Ambientais em Pontos Armazenadores de Combust\u00edveis L\u00edquidos (conforme Anexo 3), elaborado por profissional(is) habilitado(s), em 2 (duas) vias com c\u00f3pia(s) da(s) respectiva(s) A.R.T.(s) \u2013 Anota\u00e7\u00e3o de Responsabilidade T\u00e9cnica para postos instalados h\u00e1 mais de 05 (cinco) anos mediante comprova\u00e7\u00e3o, exig\u00eancia n\u00e3o aplic\u00e1vel a postos flutuantes e tanques a\u00e9reos;<\/strong><\/p><p><strong>19. Atestado de vistoria e aprova\u00e7\u00e3o do Corpo de Bombeiros;<\/strong><\/p><p><strong>20. Registro do pedido ou Autoriza\u00e7\u00e3o para Funcionamento junto a Ag\u00eancia Nacional de Petr\u00f3leo \u2013 ANP;<\/strong><\/p><p><strong>21. Em caso de Postos Flutuantes, apresentar c\u00f3pia autenticada do documento expedido pela Capitania dos Portos, autorizando sua localiza\u00e7\u00e3o e funcionamento e, contendo a localiza\u00e7\u00e3o geogr\u00e1fica do posto no respectivo curso d\u2019\u00e1gua, e anu\u00eancia dos \u00f3rg\u00e3os como ICMBIO \u2013 Instituto Chico Mendes da Conserva\u00e7\u00e3o da Biodiversidade, COLIT \u2013 Conselho de Desenvolvimento Territorial do Litoral Paranaense e APA \u2013 \u00c1rea de Prote\u00e7\u00e3o Ambiental;<\/strong><\/p><p><strong>22. Plano de Gerenciamento de Riscos elaborado(s) por profissional(is) habilitado(s), em 2 (duas) vias com A.R.T.s, contendo:<\/strong><\/p><p><strong>&#8211; Plano de Verifica\u00e7\u00e3o da integridade e de manuten\u00e7\u00e3o dos equipamentos e sistemas, contendo os procedimentos de testes de estanqueidade, a documenta\u00e7\u00e3o dos testes realizados e os procedimentos previstos para corre\u00e7\u00e3o de opera\u00e7\u00f5es deficientes;<\/strong><\/p><p><strong>&#8211; Plano de Atendimento \u00e0 emerg\u00eancias, considerando a comunica\u00e7\u00e3o das ocorr\u00eancias ao Corpo de Bombeiros, Defesa Civil e ao IAP, a\u00e7\u00f5es imediatas previstas e a rela\u00e7\u00e3o de recursos humanos e materiais dispon\u00edveis;<\/strong><\/p><p><strong>&#8211; Programa de Treinamento de Pessoal contemplando as pr\u00e1ticas operacionais, a manuten\u00e7\u00e3o de equipamentos e sistemas, e resposta a incidentes e acidentes.<\/strong><\/p><p><strong>23. No caso de Posto ou Sistema Retalhista com transporte pr\u00f3prio de combust\u00edvel, apresentar o Plano de Conting\u00eancia para atendimento de acidentes com transporte de produtos perigosos;<\/strong><\/p><p><strong>24. Prova de publica\u00e7\u00e3o de s\u00famula do pedido de Licen\u00e7a de Opera\u00e7\u00e3o em jornal de circula\u00e7\u00e3o regional e no Di\u00e1rio Oficial do Estado,\u00a0<\/strong><strong>conforme modelo<\/strong><strong>\u00a0aprovado pela Resolu\u00e7\u00e3o CONAMA no 006\/86;<br \/><\/strong><\/p><p><strong>25. Apresentar a s\u00famula da publica\u00e7\u00e3o de recebimento da Licen\u00e7a de Opera\u00e7\u00e3o \u2013 LO, em jornal de circula\u00e7\u00e3o regional e no Di\u00e1rio Oficial do Estado &#8211; DOE,\u00a0conforme modelo\u00a0aprovado pela Resolu\u00e7\u00e3o CONAMA n\u00ba 06\/86 e Decreto Federal n\u00ba 99.274\/90; e<br \/><\/strong><\/p><p><strong>26. Comprovante de recolhimento da Taxa Ambiental (ficha de compensa\u00e7\u00e3o banc\u00e1ria) de acordo com a Lei Estadual n\u00ba 10.233\/92, Tabela I \u2013 Licen\u00e7a de Opera\u00e7\u00e3o para pequeno porte. Requerimento de Licenciamento Ambiental.<\/strong><\/p><\/div>\t\t\t\t\t\t<\/div>\n\t\t\t\t<\/div>\n\t\t\t\t<div class=\"elementor-element elementor-element-8ef5b63 elementor-widget-divider--view-line elementor-widget elementor-widget-divider\" data-id=\"8ef5b63\" data-element_type=\"widget\" data-widget_type=\"divider.default\">\n\t\t\t\t<div class=\"elementor-widget-container\">\n\t\t\t\t\t<div class=\"elementor-divider\">\n\t\t\t<span class=\"elementor-divider-separator\">\n\t\t\t\t\t\t<\/span>\n\t\t<\/div>\n\t\t\t\t<\/div>\n\t\t\t\t<\/div>\n\t\t\t\t\t<\/div>\n\t\t<\/div>\n\t\t\t\t<div class=\"elementor-column elementor-col-50 elementor-top-column elementor-element elementor-element-6bc0e53\" data-id=\"6bc0e53\" data-element_type=\"column\">\n\t\t\t<div class=\"elementor-widget-wrap elementor-element-populated\">\n\t\t\t\t\t\t\t\t<div class=\"elementor-element elementor-element-4dc1be7 elementor-widget elementor-widget-heading\" data-id=\"4dc1be7\" data-element_type=\"widget\" data-widget_type=\"heading.default\">\n\t\t\t\t<div class=\"elementor-widget-container\">\n\t\t\t<h2 class=\"elementor-heading-title elementor-size-default\">MAIS LIDAS\n<\/h2>\t\t<\/div>\n\t\t\t\t<\/div>\n\t\t\t\t<div class=\"elementor-element elementor-element-32c872d elementor-widget-divider--view-line elementor-widget elementor-widget-divider\" data-id=\"32c872d\" data-element_type=\"widget\" data-widget_type=\"divider.default\">\n\t\t\t\t<div class=\"elementor-widget-container\">\n\t\t\t\t\t<div class=\"elementor-divider\">\n\t\t\t<span class=\"elementor-divider-separator\">\n\t\t\t\t\t\t<\/span>\n\t\t<\/div>\n\t\t\t\t<\/div>\n\t\t\t\t<\/div>\n\t\t\t\t<div class=\"elementor-element elementor-element-e11675e elementor-widget elementor-widget-text-editor\" data-id=\"e11675e\" data-element_type=\"widget\" data-widget_type=\"text-editor.default\">\n\t\t\t\t<div class=\"elementor-widget-container\">\n\t\t\t\t\t\t\t<p><strong>01. <a href=\"http:\/\/ambienteduran.eng.br\/?page_id=790\">Consultoria Ambiental<\/a><\/strong><br \/><strong>02. <a href=\"http:\/\/ambienteduran.eng.br\/?page_id=802\">NOSSOS CONTATOS<\/a><\/strong><br \/><strong>03. <a href=\"http:\/\/ambienteduran.eng.br\/?page_id=835\">Compensa\u00e7\u00e3o Ambiental &#8211; im\u00f3veis urbanos<\/a><\/strong><br \/><strong>04. <a href=\"http:\/\/ambienteduran.eng.br\/?page_id=849\">Compra e venda de im\u00f3veis<\/a><\/strong><br \/><strong>05. <a href=\"http:\/\/ambienteduran.eng.br\/?page_id=857\">LICENCIAMENTO AMBIENTAL<\/a><\/strong><br \/><strong>06. <a href=\"http:\/\/ambienteduran.eng.br\/?page_id=887\">CONCEITOS NO NOVO C\u00d3DIGO FLORESTAL &#8211; ILUSTRADO (Art. 3\u00ba Lei 12.651\/12)<\/a><\/strong><br \/><strong>07. <a href=\"http:\/\/ambienteduran.eng.br\/?page_id=905\">DA DELIMITA\u00c7\u00c3O E PROTE\u00c7\u00c3O DAS \u00c1REAS DE PRESERVA\u00c7\u00c3O PERMANENTE<\/a><\/strong><br \/><strong>08. <a href=\"http:\/\/ambienteduran.eng.br\/?page_id=922\">USO DO SOLO DO PARAN\u00c1 &#8211; MMA\/PROBIO\/2005<\/a><\/strong><\/p>\t\t\t\t\t\t<\/div>\n\t\t\t\t<\/div>\n\t\t\t\t\t<\/div>\n\t\t<\/div>\n\t\t\t\t\t\t\t<\/div>\n\t\t<\/section>\n\t\t\t\t\t\t\t<\/div>\n\t\t","protected":false},"excerpt":{"rendered":"<p>RELA\u00c7\u00c3O DE DOCUMENTOS PARA LOR DE POSTOS 1. Requerimento de Licenciamento Ambiental &#8211; RLA; 2. Cadastro para postos e sistemas retalhistas de combust\u00edveis &#8211; PSR; 3. C\u00f3pia do Ato Constitutivo ou do Contrato Social; 4. Matr\u00edcula ou Transcri\u00e7\u00e3o do Cart\u00f3rio de Registro de Im\u00f3veis em nome do requerente, e em caso de im\u00f3vel locado no [&hellip;]<\/p>\n","protected":false},"author":1,"featured_media":0,"parent":4408,"menu_order":0,"comment_status":"closed","ping_status":"closed","template":"elementor_header_footer","meta":{"footnotes":""},"class_list":["post-4533","page","type-page","status-publish","hentry"],"_links":{"self":[{"href":"https:\/\/ambienteduran.eng.br\/index.php?rest_route=\/wp\/v2\/pages\/4533","targetHints":{"allow":["GET"]}}],"collection":[{"href":"https:\/\/ambienteduran.eng.br\/index.php?rest_route=\/wp\/v2\/pages"}],"about":[{"href":"https:\/\/ambienteduran.eng.br\/index.php?rest_route=\/wp\/v2\/types\/page"}],"author":[{"embeddable":true,"href":"https:\/\/ambienteduran.eng.br\/index.php?rest_route=\/wp\/v2\/users\/1"}],"replies":[{"embeddable":true,"href":"https:\/\/ambienteduran.eng.br\/index.php?rest_route=%2Fwp%2Fv2%2Fcomments&post=4533"}],"version-history":[{"count":4,"href":"https:\/\/ambienteduran.eng.br\/index.php?rest_route=\/wp\/v2\/pages\/4533\/revisions"}],"predecessor-version":[{"id":4537,"href":"https:\/\/ambienteduran.eng.br\/index.php?rest_route=\/wp\/v2\/pages\/4533\/revisions\/4537"}],"up":[{"embeddable":true,"href":"https:\/\/ambienteduran.eng.br\/index.php?rest_route=\/wp\/v2\/pages\/4408"}],"wp:attachment":[{"href":"https:\/\/ambienteduran.eng.br\/index.php?rest_route=%2Fwp%2Fv2%2Fmedia&parent=4533"}],"curies":[{"name":"wp","href":"https:\/\/api.w.org\/{rel}","templated":true}]}}