{"id":5169,"date":"2022-08-29T17:28:52","date_gmt":"2022-08-29T20:28:52","guid":{"rendered":"http:\/\/ambienteduran.eng.br\/?page_id=5169"},"modified":"2022-08-29T17:29:55","modified_gmt":"2022-08-29T20:29:55","slug":"gerenciamento-de-residuos-conceitos","status":"publish","type":"page","link":"https:\/\/ambienteduran.eng.br\/?page_id=5169","title":{"rendered":"Gerenciamento de Res\u00edduos &#8211; Conceitos"},"content":{"rendered":"\t\t<div data-elementor-type=\"wp-page\" data-elementor-id=\"5169\" class=\"elementor elementor-5169\">\n\t\t\t\t\t\t\t\t\t<section class=\"elementor-section elementor-top-section elementor-element elementor-element-25d42c2 elementor-section-boxed elementor-section-height-default elementor-section-height-default\" data-id=\"25d42c2\" data-element_type=\"section\">\n\t\t\t\t\t\t<div class=\"elementor-container elementor-column-gap-default\">\n\t\t\t\t\t<div class=\"elementor-column elementor-col-50 elementor-top-column elementor-element elementor-element-a108226\" data-id=\"a108226\" data-element_type=\"column\">\n\t\t\t<div class=\"elementor-widget-wrap elementor-element-populated\">\n\t\t\t\t\t\t\t\t<div class=\"elementor-element elementor-element-f711c35 elementor-widget elementor-widget-heading\" data-id=\"f711c35\" data-element_type=\"widget\" data-widget_type=\"heading.default\">\n\t\t\t\t<div class=\"elementor-widget-container\">\n\t\t\t<style>\/*! elementor - v3.7.1 - 14-08-2022 *\/\n.elementor-heading-title{padding:0;margin:0;line-height:1}.elementor-widget-heading .elementor-heading-title[class*=elementor-size-]>a{color:inherit;font-size:inherit;line-height:inherit}.elementor-widget-heading .elementor-heading-title.elementor-size-small{font-size:15px}.elementor-widget-heading .elementor-heading-title.elementor-size-medium{font-size:19px}.elementor-widget-heading .elementor-heading-title.elementor-size-large{font-size:29px}.elementor-widget-heading .elementor-heading-title.elementor-size-xl{font-size:39px}.elementor-widget-heading .elementor-heading-title.elementor-size-xxl{font-size:59px}<\/style><h2 class=\"elementor-heading-title elementor-size-default\">RES\u00cdDUOS S\u00d3LIDOS - CONCEITOS\n<\/h2>\t\t<\/div>\n\t\t\t\t<\/div>\n\t\t\t\t<div class=\"elementor-element elementor-element-7b70cf0 elementor-widget-divider--view-line elementor-widget elementor-widget-divider\" data-id=\"7b70cf0\" data-element_type=\"widget\" data-widget_type=\"divider.default\">\n\t\t\t\t<div class=\"elementor-widget-container\">\n\t\t\t<style>\/*! elementor - v3.7.1 - 14-08-2022 *\/\n.elementor-widget-divider{--divider-border-style:none;--divider-border-width:1px;--divider-color:#2c2c2c;--divider-icon-size:20px;--divider-element-spacing:10px;--divider-pattern-height:24px;--divider-pattern-size:20px;--divider-pattern-url:none;--divider-pattern-repeat:repeat-x}.elementor-widget-divider .elementor-divider{display:-webkit-box;display:-ms-flexbox;display:flex}.elementor-widget-divider .elementor-divider__text{font-size:15px;line-height:1;max-width:95%}.elementor-widget-divider .elementor-divider__element{margin:0 var(--divider-element-spacing);-ms-flex-negative:0;flex-shrink:0}.elementor-widget-divider .elementor-icon{font-size:var(--divider-icon-size)}.elementor-widget-divider .elementor-divider-separator{display:-webkit-box;display:-ms-flexbox;display:flex;margin:0;direction:ltr}.elementor-widget-divider--view-line_icon .elementor-divider-separator,.elementor-widget-divider--view-line_text .elementor-divider-separator{-webkit-box-align:center;-ms-flex-align:center;align-items:center}.elementor-widget-divider--view-line_icon .elementor-divider-separator:after,.elementor-widget-divider--view-line_icon .elementor-divider-separator:before,.elementor-widget-divider--view-line_text .elementor-divider-separator:after,.elementor-widget-divider--view-line_text .elementor-divider-separator:before{display:block;content:\"\";border-bottom:0;-webkit-box-flex:1;-ms-flex-positive:1;flex-grow:1;border-top:var(--divider-border-width) var(--divider-border-style) var(--divider-color)}.elementor-widget-divider--element-align-left .elementor-divider .elementor-divider-separator>.elementor-divider__svg:first-of-type{-webkit-box-flex:0;-ms-flex-positive:0;flex-grow:0;-ms-flex-negative:100;flex-shrink:100}.elementor-widget-divider--element-align-left .elementor-divider-separator:before{content:none}.elementor-widget-divider--element-align-left .elementor-divider__element{margin-left:0}.elementor-widget-divider--element-align-right .elementor-divider .elementor-divider-separator>.elementor-divider__svg:last-of-type{-webkit-box-flex:0;-ms-flex-positive:0;flex-grow:0;-ms-flex-negative:100;flex-shrink:100}.elementor-widget-divider--element-align-right .elementor-divider-separator:after{content:none}.elementor-widget-divider--element-align-right .elementor-divider__element{margin-right:0}.elementor-widget-divider:not(.elementor-widget-divider--view-line_text):not(.elementor-widget-divider--view-line_icon) .elementor-divider-separator{border-top:var(--divider-border-width) var(--divider-border-style) var(--divider-color)}.elementor-widget-divider--separator-type-pattern{--divider-border-style:none}.elementor-widget-divider--separator-type-pattern.elementor-widget-divider--view-line .elementor-divider-separator,.elementor-widget-divider--separator-type-pattern:not(.elementor-widget-divider--view-line) .elementor-divider-separator:after,.elementor-widget-divider--separator-type-pattern:not(.elementor-widget-divider--view-line) .elementor-divider-separator:before,.elementor-widget-divider--separator-type-pattern:not([class*=elementor-widget-divider--view]) .elementor-divider-separator{width:100%;min-height:var(--divider-pattern-height);-webkit-mask-size:var(--divider-pattern-size) 100%;mask-size:var(--divider-pattern-size) 100%;-webkit-mask-repeat:var(--divider-pattern-repeat);mask-repeat:var(--divider-pattern-repeat);background-color:var(--divider-color);-webkit-mask-image:var(--divider-pattern-url);mask-image:var(--divider-pattern-url)}.elementor-widget-divider--no-spacing{--divider-pattern-size:auto}.elementor-widget-divider--bg-round{--divider-pattern-repeat:round}.rtl .elementor-widget-divider .elementor-divider__text{direction:rtl}.e-container>.elementor-widget-divider{width:var(--container-widget-width,100%);-webkit-box-flex:1;-ms-flex-positive:1;flex-grow:1}<\/style>\t\t<div class=\"elementor-divider\">\n\t\t\t<span class=\"elementor-divider-separator\">\n\t\t\t\t\t\t<\/span>\n\t\t<\/div>\n\t\t\t\t<\/div>\n\t\t\t\t<\/div>\n\t\t\t\t<div class=\"elementor-element elementor-element-ef19167 elementor-widget elementor-widget-text-editor\" data-id=\"ef19167\" data-element_type=\"widget\" data-widget_type=\"text-editor.default\">\n\t\t\t\t<div class=\"elementor-widget-container\">\n\t\t\t<style>\/*! elementor - v3.7.1 - 14-08-2022 *\/\n.elementor-widget-text-editor.elementor-drop-cap-view-stacked .elementor-drop-cap{background-color:#818a91;color:#fff}.elementor-widget-text-editor.elementor-drop-cap-view-framed .elementor-drop-cap{color:#818a91;border:3px solid;background-color:transparent}.elementor-widget-text-editor:not(.elementor-drop-cap-view-default) .elementor-drop-cap{margin-top:8px}.elementor-widget-text-editor:not(.elementor-drop-cap-view-default) .elementor-drop-cap-letter{width:1em;height:1em}.elementor-widget-text-editor .elementor-drop-cap{float:left;text-align:center;line-height:1;font-size:50px}.elementor-widget-text-editor .elementor-drop-cap-letter{display:inline-block}<\/style>\t\t\t\t<p><strong>CO-PROCESSAMENTO\u00a0\u00e9 o aproveitamento de res\u00edduos industriais combust\u00edveis e\/ou mat\u00e9ria-prima em fornos de alta temperatura. Por exemplo, em fornos de cl\u00ednquer (mat\u00e9ria prima b\u00e1sica na produ\u00e7\u00e3o de cimento) podem ser utilizados res\u00edduos industriais potencialmente perigosos, aproveitando a energia no processo e aproveitando elementos contidos nestes res\u00edduos no pr\u00f3prio produto.<\/strong><\/p><p><strong>ATERRO SANIT\u00c1RIO\u00a0\u00e9 um espa\u00e7o destinado \u00e0 deposi\u00e7\u00e3o final de res\u00edduos s\u00f3lidos gerados pela atividade humana. Nele s\u00e3o dispostos res\u00edduos dom\u00e9sticos, comerciais, de servi\u00e7os de sa\u00fade, da ind\u00fastria de constru\u00e7\u00e3o, ou dejetos s\u00f3lidos retirados do esgoto<\/strong><\/p><p><strong>INCINERA\u00c7\u00c3O\u00a0\u00e9 a queima do lixo em aparelhos e usinas pr\u00f3prias. Apresenta a vantagem de reduzir bastante o volume de res\u00edduos. Al\u00e9m disso, destr\u00f3i os microrganismos que causam doen\u00e7as, contidos principalmente no lixo hospitalar e industrial. Depois da queima, resta um material que pode ser encaminhado para aterros sanit\u00e1rios ou mesmo reciclado. \u00c9 recomendada a reutiliza\u00e7\u00e3o racionalizada dos materiais queimados para a confec\u00e7\u00e3o de borracha, cer\u00e2mica e artesanato.<\/strong><\/p>\t\t\t\t\t\t<\/div>\n\t\t\t\t<\/div>\n\t\t\t\t<div class=\"elementor-element elementor-element-8ef5b63 elementor-widget-divider--view-line elementor-widget elementor-widget-divider\" data-id=\"8ef5b63\" data-element_type=\"widget\" data-widget_type=\"divider.default\">\n\t\t\t\t<div class=\"elementor-widget-container\">\n\t\t\t\t\t<div class=\"elementor-divider\">\n\t\t\t<span class=\"elementor-divider-separator\">\n\t\t\t\t\t\t<\/span>\n\t\t<\/div>\n\t\t\t\t<\/div>\n\t\t\t\t<\/div>\n\t\t\t\t\t<\/div>\n\t\t<\/div>\n\t\t\t\t<div class=\"elementor-column elementor-col-50 elementor-top-column elementor-element elementor-element-6bc0e53\" data-id=\"6bc0e53\" data-element_type=\"column\">\n\t\t\t<div class=\"elementor-widget-wrap elementor-element-populated\">\n\t\t\t\t\t\t\t\t<div class=\"elementor-element elementor-element-4dc1be7 elementor-widget elementor-widget-heading\" data-id=\"4dc1be7\" data-element_type=\"widget\" data-widget_type=\"heading.default\">\n\t\t\t\t<div class=\"elementor-widget-container\">\n\t\t\t<h2 class=\"elementor-heading-title elementor-size-default\">MAIS LIDAS\n<\/h2>\t\t<\/div>\n\t\t\t\t<\/div>\n\t\t\t\t<div class=\"elementor-element elementor-element-32c872d elementor-widget-divider--view-line elementor-widget elementor-widget-divider\" data-id=\"32c872d\" data-element_type=\"widget\" data-widget_type=\"divider.default\">\n\t\t\t\t<div class=\"elementor-widget-container\">\n\t\t\t\t\t<div class=\"elementor-divider\">\n\t\t\t<span class=\"elementor-divider-separator\">\n\t\t\t\t\t\t<\/span>\n\t\t<\/div>\n\t\t\t\t<\/div>\n\t\t\t\t<\/div>\n\t\t\t\t<div class=\"elementor-element elementor-element-e11675e elementor-widget elementor-widget-text-editor\" data-id=\"e11675e\" data-element_type=\"widget\" data-widget_type=\"text-editor.default\">\n\t\t\t\t<div class=\"elementor-widget-container\">\n\t\t\t\t\t\t\t<p><strong>01. <a href=\"http:\/\/ambienteduran.eng.br\/?page_id=790\">Consultoria Ambiental<\/a><\/strong><br \/><strong>02. <a href=\"http:\/\/ambienteduran.eng.br\/?page_id=802\">NOSSOS CONTATOS<\/a><\/strong><br \/><strong>03. <a href=\"http:\/\/ambienteduran.eng.br\/?page_id=835\">Compensa\u00e7\u00e3o Ambiental &#8211; im\u00f3veis urbanos<\/a><\/strong><br \/><strong>04. <a href=\"http:\/\/ambienteduran.eng.br\/?page_id=849\">Compra e venda de im\u00f3veis<\/a><\/strong><br \/><strong>05. <a href=\"http:\/\/ambienteduran.eng.br\/?page_id=857\">LICENCIAMENTO AMBIENTAL<\/a><\/strong><br \/><strong>06. <a href=\"http:\/\/ambienteduran.eng.br\/?page_id=887\">CONCEITOS NO NOVO C\u00d3DIGO FLORESTAL &#8211; ILUSTRADO (Art. 3\u00ba Lei 12.651\/12)<\/a><\/strong><br \/><strong>07. <a href=\"http:\/\/ambienteduran.eng.br\/?page_id=905\">DA DELIMITA\u00c7\u00c3O E PROTE\u00c7\u00c3O DAS \u00c1REAS DE PRESERVA\u00c7\u00c3O PERMANENTE<\/a><\/strong><br \/><strong>08. <a href=\"http:\/\/ambienteduran.eng.br\/?page_id=922\">USO DO SOLO DO PARAN\u00c1 &#8211; MMA\/PROBIO\/2005<\/a><\/strong><\/p>\t\t\t\t\t\t<\/div>\n\t\t\t\t<\/div>\n\t\t\t\t\t<\/div>\n\t\t<\/div>\n\t\t\t\t\t\t\t<\/div>\n\t\t<\/section>\n\t\t\t\t\t\t\t<\/div>\n\t\t","protected":false},"excerpt":{"rendered":"<p>RES\u00cdDUOS S\u00d3LIDOS &#8211; CONCEITOS CO-PROCESSAMENTO\u00a0\u00e9 o aproveitamento de res\u00edduos industriais combust\u00edveis e\/ou mat\u00e9ria-prima em fornos de alta temperatura. Por exemplo, em fornos de cl\u00ednquer (mat\u00e9ria prima b\u00e1sica na produ\u00e7\u00e3o de cimento) podem ser utilizados res\u00edduos industriais potencialmente perigosos, aproveitando a energia no processo e aproveitando elementos contidos nestes res\u00edduos no pr\u00f3prio produto. ATERRO SANIT\u00c1RIO\u00a0\u00e9 um [&hellip;]<\/p>\n","protected":false},"author":1,"featured_media":0,"parent":5161,"menu_order":0,"comment_status":"closed","ping_status":"closed","template":"elementor_header_footer","meta":{"footnotes":""},"class_list":["post-5169","page","type-page","status-publish","hentry"],"_links":{"self":[{"href":"https:\/\/ambienteduran.eng.br\/index.php?rest_route=\/wp\/v2\/pages\/5169","targetHints":{"allow":["GET"]}}],"collection":[{"href":"https:\/\/ambienteduran.eng.br\/index.php?rest_route=\/wp\/v2\/pages"}],"about":[{"href":"https:\/\/ambienteduran.eng.br\/index.php?rest_route=\/wp\/v2\/types\/page"}],"author":[{"embeddable":true,"href":"https:\/\/ambienteduran.eng.br\/index.php?rest_route=\/wp\/v2\/users\/1"}],"replies":[{"embeddable":true,"href":"https:\/\/ambienteduran.eng.br\/index.php?rest_route=%2Fwp%2Fv2%2Fcomments&post=5169"}],"version-history":[{"count":4,"href":"https:\/\/ambienteduran.eng.br\/index.php?rest_route=\/wp\/v2\/pages\/5169\/revisions"}],"predecessor-version":[{"id":5173,"href":"https:\/\/ambienteduran.eng.br\/index.php?rest_route=\/wp\/v2\/pages\/5169\/revisions\/5173"}],"up":[{"embeddable":true,"href":"https:\/\/ambienteduran.eng.br\/index.php?rest_route=\/wp\/v2\/pages\/5161"}],"wp:attachment":[{"href":"https:\/\/ambienteduran.eng.br\/index.php?rest_route=%2Fwp%2Fv2%2Fmedia&parent=5169"}],"curies":[{"name":"wp","href":"https:\/\/api.w.org\/{rel}","templated":true}]}}