{"id":5640,"date":"2022-08-30T16:57:08","date_gmt":"2022-08-30T19:57:08","guid":{"rendered":"http:\/\/ambienteduran.eng.br\/?page_id=5640"},"modified":"2022-08-30T17:01:32","modified_gmt":"2022-08-30T20:01:32","slug":"valoracao-do-impacto-leg","status":"publish","type":"page","link":"https:\/\/ambienteduran.eng.br\/?page_id=5640","title":{"rendered":"Valora\u00e7\u00e3o do Impacto &#8211; LEG"},"content":{"rendered":"\t\t<div data-elementor-type=\"wp-page\" data-elementor-id=\"5640\" class=\"elementor elementor-5640\">\n\t\t\t\t\t\t\t\t\t<section class=\"elementor-section elementor-top-section elementor-element elementor-element-25d42c2 elementor-section-boxed elementor-section-height-default elementor-section-height-default\" data-id=\"25d42c2\" data-element_type=\"section\">\n\t\t\t\t\t\t<div class=\"elementor-container elementor-column-gap-default\">\n\t\t\t\t\t<div class=\"elementor-column elementor-col-50 elementor-top-column elementor-element elementor-element-a108226\" data-id=\"a108226\" data-element_type=\"column\">\n\t\t\t<div class=\"elementor-widget-wrap elementor-element-populated\">\n\t\t\t\t\t\t\t\t<div class=\"elementor-element elementor-element-f711c35 elementor-widget elementor-widget-heading\" data-id=\"f711c35\" data-element_type=\"widget\" data-widget_type=\"heading.default\">\n\t\t\t\t<div class=\"elementor-widget-container\">\n\t\t\t<style>\/*! elementor - v3.7.1 - 14-08-2022 *\/\n.elementor-heading-title{padding:0;margin:0;line-height:1}.elementor-widget-heading .elementor-heading-title[class*=elementor-size-]>a{color:inherit;font-size:inherit;line-height:inherit}.elementor-widget-heading .elementor-heading-title.elementor-size-small{font-size:15px}.elementor-widget-heading .elementor-heading-title.elementor-size-medium{font-size:19px}.elementor-widget-heading .elementor-heading-title.elementor-size-large{font-size:29px}.elementor-widget-heading .elementor-heading-title.elementor-size-xl{font-size:39px}.elementor-widget-heading .elementor-heading-title.elementor-size-xxl{font-size:59px}<\/style><h2 class=\"elementor-heading-title elementor-size-default\">COMPENSA\u00c7\u00c3O AMBIENTAL - VALORA\u00c7\u00c3O DO IMPACTO - LEG\n<\/h2>\t\t<\/div>\n\t\t\t\t<\/div>\n\t\t\t\t<div class=\"elementor-element elementor-element-7b70cf0 elementor-widget-divider--view-line elementor-widget elementor-widget-divider\" data-id=\"7b70cf0\" data-element_type=\"widget\" data-widget_type=\"divider.default\">\n\t\t\t\t<div class=\"elementor-widget-container\">\n\t\t\t<style>\/*! elementor - v3.7.1 - 14-08-2022 *\/\n.elementor-widget-divider{--divider-border-style:none;--divider-border-width:1px;--divider-color:#2c2c2c;--divider-icon-size:20px;--divider-element-spacing:10px;--divider-pattern-height:24px;--divider-pattern-size:20px;--divider-pattern-url:none;--divider-pattern-repeat:repeat-x}.elementor-widget-divider .elementor-divider{display:-webkit-box;display:-ms-flexbox;display:flex}.elementor-widget-divider .elementor-divider__text{font-size:15px;line-height:1;max-width:95%}.elementor-widget-divider .elementor-divider__element{margin:0 var(--divider-element-spacing);-ms-flex-negative:0;flex-shrink:0}.elementor-widget-divider .elementor-icon{font-size:var(--divider-icon-size)}.elementor-widget-divider .elementor-divider-separator{display:-webkit-box;display:-ms-flexbox;display:flex;margin:0;direction:ltr}.elementor-widget-divider--view-line_icon .elementor-divider-separator,.elementor-widget-divider--view-line_text .elementor-divider-separator{-webkit-box-align:center;-ms-flex-align:center;align-items:center}.elementor-widget-divider--view-line_icon .elementor-divider-separator:after,.elementor-widget-divider--view-line_icon .elementor-divider-separator:before,.elementor-widget-divider--view-line_text .elementor-divider-separator:after,.elementor-widget-divider--view-line_text .elementor-divider-separator:before{display:block;content:\"\";border-bottom:0;-webkit-box-flex:1;-ms-flex-positive:1;flex-grow:1;border-top:var(--divider-border-width) var(--divider-border-style) var(--divider-color)}.elementor-widget-divider--element-align-left .elementor-divider .elementor-divider-separator>.elementor-divider__svg:first-of-type{-webkit-box-flex:0;-ms-flex-positive:0;flex-grow:0;-ms-flex-negative:100;flex-shrink:100}.elementor-widget-divider--element-align-left .elementor-divider-separator:before{content:none}.elementor-widget-divider--element-align-left .elementor-divider__element{margin-left:0}.elementor-widget-divider--element-align-right .elementor-divider .elementor-divider-separator>.elementor-divider__svg:last-of-type{-webkit-box-flex:0;-ms-flex-positive:0;flex-grow:0;-ms-flex-negative:100;flex-shrink:100}.elementor-widget-divider--element-align-right .elementor-divider-separator:after{content:none}.elementor-widget-divider--element-align-right .elementor-divider__element{margin-right:0}.elementor-widget-divider:not(.elementor-widget-divider--view-line_text):not(.elementor-widget-divider--view-line_icon) .elementor-divider-separator{border-top:var(--divider-border-width) var(--divider-border-style) var(--divider-color)}.elementor-widget-divider--separator-type-pattern{--divider-border-style:none}.elementor-widget-divider--separator-type-pattern.elementor-widget-divider--view-line .elementor-divider-separator,.elementor-widget-divider--separator-type-pattern:not(.elementor-widget-divider--view-line) .elementor-divider-separator:after,.elementor-widget-divider--separator-type-pattern:not(.elementor-widget-divider--view-line) .elementor-divider-separator:before,.elementor-widget-divider--separator-type-pattern:not([class*=elementor-widget-divider--view]) .elementor-divider-separator{width:100%;min-height:var(--divider-pattern-height);-webkit-mask-size:var(--divider-pattern-size) 100%;mask-size:var(--divider-pattern-size) 100%;-webkit-mask-repeat:var(--divider-pattern-repeat);mask-repeat:var(--divider-pattern-repeat);background-color:var(--divider-color);-webkit-mask-image:var(--divider-pattern-url);mask-image:var(--divider-pattern-url)}.elementor-widget-divider--no-spacing{--divider-pattern-size:auto}.elementor-widget-divider--bg-round{--divider-pattern-repeat:round}.rtl .elementor-widget-divider .elementor-divider__text{direction:rtl}.e-container>.elementor-widget-divider{width:var(--container-widget-width,100%);-webkit-box-flex:1;-ms-flex-positive:1;flex-grow:1}<\/style>\t\t<div class=\"elementor-divider\">\n\t\t\t<span class=\"elementor-divider-separator\">\n\t\t\t\t\t\t<\/span>\n\t\t<\/div>\n\t\t\t\t<\/div>\n\t\t\t\t<\/div>\n\t\t\t\t<div class=\"elementor-element elementor-element-ef19167 elementor-widget elementor-widget-text-editor\" data-id=\"ef19167\" data-element_type=\"widget\" data-widget_type=\"text-editor.default\">\n\t\t\t\t<div class=\"elementor-widget-container\">\n\t\t\t<style>\/*! elementor - v3.7.1 - 14-08-2022 *\/\n.elementor-widget-text-editor.elementor-drop-cap-view-stacked .elementor-drop-cap{background-color:#818a91;color:#fff}.elementor-widget-text-editor.elementor-drop-cap-view-framed .elementor-drop-cap{color:#818a91;border:3px solid;background-color:transparent}.elementor-widget-text-editor:not(.elementor-drop-cap-view-default) .elementor-drop-cap{margin-top:8px}.elementor-widget-text-editor:not(.elementor-drop-cap-view-default) .elementor-drop-cap-letter{width:1em;height:1em}.elementor-widget-text-editor .elementor-drop-cap{float:left;text-align:center;line-height:1;font-size:50px}.elementor-widget-text-editor .elementor-drop-cap-letter{display:inline-block}<\/style>\t\t\t\t<div><strong>\u25ba\u00a0<a href=\"http:\/\/www.planalto.gov.br\/ccivil_03\/Leis\/L6938.htm\" target=\"_blank\" rel=\"noopener\">Lei Federal 6.938, de 31 de agosto de1981<\/a> &#8211; Disp\u00f5e sobre a Pol\u00edtica Nacional do Meio Ambiente, seus fins e mecanismos de formula\u00e7\u00e3o e aplica\u00e7\u00e3o, e d\u00e1 outras provid\u00eancias.<\/strong><br \/><strong>\u25ba<a href=\"http:\/\/www.planalto.gov.br\/ccivil_03\/Leis\/L9985.htm\" target=\"_blank\" rel=\"noopener\">\u00a0Lei Federal 9.985, de 18 de julho de 2000<\/a>\u00a0&#8211; Regulamenta o art. 225, \u00a7 1o, incisos I, II, III e VII da Constitui\u00e7\u00e3o Federal, institui o Sistema Nacional de Unidades de Conserva\u00e7\u00e3o da Natureza e d\u00e1 outras provid\u00eancias.<\/strong><br \/><strong>\u25ba\u00a0<a href=\"http:\/\/www.planalto.gov.br\/ccivil_03\/decreto\/2002\/D4340.htm\" target=\"_blank\" rel=\"noopener\">Decreto Federal 4.340, de 22 de agosto de 2002<\/a>\u00a0&#8211; Regulamenta artigos da Lei no 9.985, de 18 de julho de 2000, que disp\u00f5e sobre o Sistema Nacional de Unidades de Conserva\u00e7\u00e3o da Natureza &#8211; SNUC, e d\u00e1 outras provid\u00eancias.<\/strong><br \/><strong>\u25ba\u00a0<a href=\"http:\/\/www.planalto.gov.br\/ccivil_03\/_Ato2007-2010\/2009\/Decreto\/D6848.htm\" target=\"_blank\" rel=\"noopener\">Decreto Federal 6.848, de 14 de maio de 2009<\/a>\u00a0&#8211; Altera e acrescenta dispositivos ao Decreto no 4.340, de 22 de agosto de 2002, para regulamentar a compensa\u00e7\u00e3o ambiental.<\/strong><br \/><strong>\u25ba\u00a0<a href=\"http:\/\/www.mma.gov.br\/port\/conama\/legiabre.cfm?codlegi=493\" target=\"_blank\" rel=\"noopener\">Resolu\u00e7\u00e3o CONAMA 371, de 05 de abril de 2006<\/a>\u00a0&#8211; Estabelece diretrizes aos \u00f3rg\u00e3os ambientais para o c\u00e1lculo, cobran\u00e7a, aplica\u00e7\u00e3o, aprova\u00e7\u00e3o e controle de gastos de recursos advindos de compensa\u00e7\u00e3o ambiental, conforme a Lei no 9.985, de 18 de julho de 2000, que institui o Sistema Nacional de Unidades de Conserva\u00e7\u00e3o da Natureza-SNUC e d\u00e1 outras provid\u00eancias.<\/strong><br \/><strong>\u25ba\u00a0<a href=\"http:\/\/www.legislacao.pr.gov.br\/legislacao\/listarAtosAno.do?action=exibir&amp;codAto=60055&amp;indice=2&amp;totalRegistros=87&amp;anoSpan=2015&amp;anoSelecionado=2010&amp;mesSelecionado=0&amp;isPaginado=true\" target=\"_blank\" rel=\"noopener\">Resolu\u00e7\u00e3o Conjunta SEMA \/ IAP 01, de 07 de janeiro de 2010<\/a>\u00a0&#8211; Altera a metodologia para a grada\u00e7\u00e3o de impacto ambiental visando estabelecer crit\u00e9rios de valora\u00e7\u00e3o da compensa\u00e7\u00e3o referente a unidades de prote\u00e7\u00e3o integral em licenciamentos ambientais e os procedimentos para a sua aplica\u00e7\u00e3o.<\/strong><br \/><strong>\u25ba\u00a0<a href=\"http:\/\/celepar7.pr.gov.br\/sia\/atosnormativos\/form_cons_ato1.asp?Codigo=2404\" target=\"_blank\" rel=\"noopener\">Portaria IAP n\u00ba 47, de 21 de mar\u00e7o de 2011<\/a>\u00a0&#8211; Revoga a Portaria anterior e altera a composi\u00e7\u00e3o da C\u00e2mara T\u00e9cnica de Compensa\u00e7\u00e3o Ambiental \u2013 CTCA, cujo objetivo \u00e9 estabelecer, acompanhar e auditar os Planos de Aplica\u00e7\u00e3o de recursos financeiros oriundos de Medidas Compensat\u00f3rias.\u00a0<\/strong><\/div><div><strong>\u25ba\u00a0<a href=\"http:\/\/ambienteduran.eng.br\/wp-content\/uploads\/2022\/08\/227-2018.doc\" target=\"_blank\" rel=\"noopener\">Portaria\u00a0IAP n\u00ba 227, de 05 de setembro de 2018<\/a>\u00a0&#8211;\u00a0Fica suspensa por um prazo de 6 meses a cobran\u00e7a de compensa\u00e7\u00e3o ambiental, at\u00e9 a defini\u00e7\u00e3o de procedimentos de compensa\u00e7\u00e3o ambiental, estabelecendo formas de pagamento, monitoramento, acompanhamento e aplica\u00e7\u00e3o dos recursos, nos casos de licenciamento ambiental de empreendimentos de significativo impacto ambiental, conforme artigo 36 da Lei n\u00b0 9.985 de 18 de julho de 2000, Decreto n\u00b0 4.340 de 22 de agosto de 2002, altera\u00e7\u00f5es posteriores, Lei n\u00ba 13.668 de 28 de maio de 2018 e demais formas previstas em lei.\u00a0<span style=\"color: #e67e22;\">Esta Portaria fica exclu\u00edda ap\u00f3s 05 de mar\u00e7o de 2019<\/span><\/strong><\/div>\t\t\t\t\t\t<\/div>\n\t\t\t\t<\/div>\n\t\t\t\t<div class=\"elementor-element elementor-element-71ac256 elementor-widget elementor-widget-text-editor\" data-id=\"71ac256\" data-element_type=\"widget\" data-widget_type=\"text-editor.default\">\n\t\t\t\t<div class=\"elementor-widget-container\">\n\t\t\t\t\t\t\t<strong><a href=\"http:\/\/ambienteduran.eng.br\/?page_id=5632\">PROCEDIMENTOS ADMINISTRATIVOS<\/a><\/strong>\t\t\t\t\t\t<\/div>\n\t\t\t\t<\/div>\n\t\t\t\t<div class=\"elementor-element elementor-element-8ef5b63 elementor-widget-divider--view-line elementor-widget elementor-widget-divider\" data-id=\"8ef5b63\" data-element_type=\"widget\" data-widget_type=\"divider.default\">\n\t\t\t\t<div class=\"elementor-widget-container\">\n\t\t\t\t\t<div class=\"elementor-divider\">\n\t\t\t<span class=\"elementor-divider-separator\">\n\t\t\t\t\t\t<\/span>\n\t\t<\/div>\n\t\t\t\t<\/div>\n\t\t\t\t<\/div>\n\t\t\t\t\t<\/div>\n\t\t<\/div>\n\t\t\t\t<div class=\"elementor-column elementor-col-50 elementor-top-column elementor-element elementor-element-6bc0e53\" data-id=\"6bc0e53\" data-element_type=\"column\">\n\t\t\t<div class=\"elementor-widget-wrap elementor-element-populated\">\n\t\t\t\t\t\t\t\t<div class=\"elementor-element elementor-element-4dc1be7 elementor-widget elementor-widget-heading\" data-id=\"4dc1be7\" data-element_type=\"widget\" data-widget_type=\"heading.default\">\n\t\t\t\t<div class=\"elementor-widget-container\">\n\t\t\t<h2 class=\"elementor-heading-title elementor-size-default\">MAIS LIDAS\n<\/h2>\t\t<\/div>\n\t\t\t\t<\/div>\n\t\t\t\t<div class=\"elementor-element elementor-element-32c872d elementor-widget-divider--view-line elementor-widget elementor-widget-divider\" data-id=\"32c872d\" data-element_type=\"widget\" data-widget_type=\"divider.default\">\n\t\t\t\t<div class=\"elementor-widget-container\">\n\t\t\t\t\t<div class=\"elementor-divider\">\n\t\t\t<span class=\"elementor-divider-separator\">\n\t\t\t\t\t\t<\/span>\n\t\t<\/div>\n\t\t\t\t<\/div>\n\t\t\t\t<\/div>\n\t\t\t\t<div class=\"elementor-element elementor-element-e11675e elementor-widget elementor-widget-text-editor\" data-id=\"e11675e\" data-element_type=\"widget\" data-widget_type=\"text-editor.default\">\n\t\t\t\t<div class=\"elementor-widget-container\">\n\t\t\t\t\t\t\t<p><strong>01. <a href=\"http:\/\/ambienteduran.eng.br\/?page_id=790\">Consultoria Ambiental<\/a><\/strong><br \/><strong>02. <a href=\"http:\/\/ambienteduran.eng.br\/?page_id=802\">NOSSOS CONTATOS<\/a><\/strong><br \/><strong>03. <a href=\"http:\/\/ambienteduran.eng.br\/?page_id=835\">Compensa\u00e7\u00e3o Ambiental &#8211; im\u00f3veis urbanos<\/a><\/strong><br \/><strong>04. <a href=\"http:\/\/ambienteduran.eng.br\/?page_id=849\">Compra e venda de im\u00f3veis<\/a><\/strong><br \/><strong>05. <a href=\"http:\/\/ambienteduran.eng.br\/?page_id=857\">LICENCIAMENTO AMBIENTAL<\/a><\/strong><br \/><strong>06. <a href=\"http:\/\/ambienteduran.eng.br\/?page_id=887\">CONCEITOS NO NOVO C\u00d3DIGO FLORESTAL &#8211; ILUSTRADO (Art. 3\u00ba Lei 12.651\/12)<\/a><\/strong><br \/><strong>07. <a href=\"http:\/\/ambienteduran.eng.br\/?page_id=905\">DA DELIMITA\u00c7\u00c3O E PROTE\u00c7\u00c3O DAS \u00c1REAS DE PRESERVA\u00c7\u00c3O PERMANENTE<\/a><\/strong><br \/><strong>08. <a href=\"http:\/\/ambienteduran.eng.br\/?page_id=922\">USO DO SOLO DO PARAN\u00c1 &#8211; MMA\/PROBIO\/2005<\/a><\/strong><\/p>\t\t\t\t\t\t<\/div>\n\t\t\t\t<\/div>\n\t\t\t\t\t<\/div>\n\t\t<\/div>\n\t\t\t\t\t\t\t<\/div>\n\t\t<\/section>\n\t\t\t\t\t\t\t<\/div>\n\t\t","protected":false},"excerpt":{"rendered":"<p>COMPENSA\u00c7\u00c3O AMBIENTAL &#8211; VALORA\u00c7\u00c3O DO IMPACTO &#8211; LEG \u25ba\u00a0Lei Federal 6.938, de 31 de agosto de1981 &#8211; Disp\u00f5e sobre a Pol\u00edtica Nacional do Meio Ambiente, seus fins e mecanismos de formula\u00e7\u00e3o e aplica\u00e7\u00e3o, e d\u00e1 outras provid\u00eancias.\u25ba\u00a0Lei Federal 9.985, de 18 de julho de 2000\u00a0&#8211; Regulamenta o art. 225, \u00a7 1o, incisos I, II, III [&hellip;]<\/p>\n","protected":false},"author":1,"featured_media":0,"parent":5632,"menu_order":0,"comment_status":"closed","ping_status":"closed","template":"elementor_header_footer","meta":{"footnotes":""},"class_list":["post-5640","page","type-page","status-publish","hentry"],"_links":{"self":[{"href":"https:\/\/ambienteduran.eng.br\/index.php?rest_route=\/wp\/v2\/pages\/5640","targetHints":{"allow":["GET"]}}],"collection":[{"href":"https:\/\/ambienteduran.eng.br\/index.php?rest_route=\/wp\/v2\/pages"}],"about":[{"href":"https:\/\/ambienteduran.eng.br\/index.php?rest_route=\/wp\/v2\/types\/page"}],"author":[{"embeddable":true,"href":"https:\/\/ambienteduran.eng.br\/index.php?rest_route=\/wp\/v2\/users\/1"}],"replies":[{"embeddable":true,"href":"https:\/\/ambienteduran.eng.br\/index.php?rest_route=%2Fwp%2Fv2%2Fcomments&post=5640"}],"version-history":[{"count":10,"href":"https:\/\/ambienteduran.eng.br\/index.php?rest_route=\/wp\/v2\/pages\/5640\/revisions"}],"predecessor-version":[{"id":5651,"href":"https:\/\/ambienteduran.eng.br\/index.php?rest_route=\/wp\/v2\/pages\/5640\/revisions\/5651"}],"up":[{"embeddable":true,"href":"https:\/\/ambienteduran.eng.br\/index.php?rest_route=\/wp\/v2\/pages\/5632"}],"wp:attachment":[{"href":"https:\/\/ambienteduran.eng.br\/index.php?rest_route=%2Fwp%2Fv2%2Fmedia&parent=5640"}],"curies":[{"name":"wp","href":"https:\/\/api.w.org\/{rel}","templated":true}]}}