{"id":5663,"date":"2022-08-30T17:03:11","date_gmt":"2022-08-30T20:03:11","guid":{"rendered":"http:\/\/ambienteduran.eng.br\/?page_id=5663"},"modified":"2022-08-30T17:07:49","modified_gmt":"2022-08-30T20:07:49","slug":"valoracao-do-impacto-conceitos","status":"publish","type":"page","link":"https:\/\/ambienteduran.eng.br\/?page_id=5663","title":{"rendered":"Valora\u00e7\u00e3o do Impacto &#8211; Conceitos"},"content":{"rendered":"\t\t<div data-elementor-type=\"wp-page\" data-elementor-id=\"5663\" class=\"elementor elementor-5663\">\n\t\t\t\t\t\t\t\t\t<section class=\"elementor-section elementor-top-section elementor-element elementor-element-25d42c2 elementor-section-boxed elementor-section-height-default elementor-section-height-default\" data-id=\"25d42c2\" data-element_type=\"section\">\n\t\t\t\t\t\t<div class=\"elementor-container elementor-column-gap-default\">\n\t\t\t\t\t<div class=\"elementor-column elementor-col-50 elementor-top-column elementor-element elementor-element-a108226\" data-id=\"a108226\" data-element_type=\"column\">\n\t\t\t<div class=\"elementor-widget-wrap elementor-element-populated\">\n\t\t\t\t\t\t\t\t<div class=\"elementor-element elementor-element-f711c35 elementor-widget elementor-widget-heading\" data-id=\"f711c35\" data-element_type=\"widget\" data-widget_type=\"heading.default\">\n\t\t\t\t<div class=\"elementor-widget-container\">\n\t\t\t<style>\/*! elementor - v3.7.1 - 14-08-2022 *\/\n.elementor-heading-title{padding:0;margin:0;line-height:1}.elementor-widget-heading .elementor-heading-title[class*=elementor-size-]>a{color:inherit;font-size:inherit;line-height:inherit}.elementor-widget-heading .elementor-heading-title.elementor-size-small{font-size:15px}.elementor-widget-heading .elementor-heading-title.elementor-size-medium{font-size:19px}.elementor-widget-heading .elementor-heading-title.elementor-size-large{font-size:29px}.elementor-widget-heading .elementor-heading-title.elementor-size-xl{font-size:39px}.elementor-widget-heading .elementor-heading-title.elementor-size-xxl{font-size:59px}<\/style><h2 class=\"elementor-heading-title elementor-size-default\">CONCEITOS UTILIZADOS\n<\/h2>\t\t<\/div>\n\t\t\t\t<\/div>\n\t\t\t\t<div class=\"elementor-element elementor-element-7b70cf0 elementor-widget-divider--view-line elementor-widget elementor-widget-divider\" data-id=\"7b70cf0\" data-element_type=\"widget\" data-widget_type=\"divider.default\">\n\t\t\t\t<div class=\"elementor-widget-container\">\n\t\t\t<style>\/*! elementor - v3.7.1 - 14-08-2022 *\/\n.elementor-widget-divider{--divider-border-style:none;--divider-border-width:1px;--divider-color:#2c2c2c;--divider-icon-size:20px;--divider-element-spacing:10px;--divider-pattern-height:24px;--divider-pattern-size:20px;--divider-pattern-url:none;--divider-pattern-repeat:repeat-x}.elementor-widget-divider .elementor-divider{display:-webkit-box;display:-ms-flexbox;display:flex}.elementor-widget-divider .elementor-divider__text{font-size:15px;line-height:1;max-width:95%}.elementor-widget-divider .elementor-divider__element{margin:0 var(--divider-element-spacing);-ms-flex-negative:0;flex-shrink:0}.elementor-widget-divider .elementor-icon{font-size:var(--divider-icon-size)}.elementor-widget-divider .elementor-divider-separator{display:-webkit-box;display:-ms-flexbox;display:flex;margin:0;direction:ltr}.elementor-widget-divider--view-line_icon .elementor-divider-separator,.elementor-widget-divider--view-line_text .elementor-divider-separator{-webkit-box-align:center;-ms-flex-align:center;align-items:center}.elementor-widget-divider--view-line_icon .elementor-divider-separator:after,.elementor-widget-divider--view-line_icon .elementor-divider-separator:before,.elementor-widget-divider--view-line_text .elementor-divider-separator:after,.elementor-widget-divider--view-line_text .elementor-divider-separator:before{display:block;content:\"\";border-bottom:0;-webkit-box-flex:1;-ms-flex-positive:1;flex-grow:1;border-top:var(--divider-border-width) var(--divider-border-style) var(--divider-color)}.elementor-widget-divider--element-align-left .elementor-divider .elementor-divider-separator>.elementor-divider__svg:first-of-type{-webkit-box-flex:0;-ms-flex-positive:0;flex-grow:0;-ms-flex-negative:100;flex-shrink:100}.elementor-widget-divider--element-align-left .elementor-divider-separator:before{content:none}.elementor-widget-divider--element-align-left .elementor-divider__element{margin-left:0}.elementor-widget-divider--element-align-right .elementor-divider .elementor-divider-separator>.elementor-divider__svg:last-of-type{-webkit-box-flex:0;-ms-flex-positive:0;flex-grow:0;-ms-flex-negative:100;flex-shrink:100}.elementor-widget-divider--element-align-right .elementor-divider-separator:after{content:none}.elementor-widget-divider--element-align-right .elementor-divider__element{margin-right:0}.elementor-widget-divider:not(.elementor-widget-divider--view-line_text):not(.elementor-widget-divider--view-line_icon) .elementor-divider-separator{border-top:var(--divider-border-width) var(--divider-border-style) var(--divider-color)}.elementor-widget-divider--separator-type-pattern{--divider-border-style:none}.elementor-widget-divider--separator-type-pattern.elementor-widget-divider--view-line .elementor-divider-separator,.elementor-widget-divider--separator-type-pattern:not(.elementor-widget-divider--view-line) .elementor-divider-separator:after,.elementor-widget-divider--separator-type-pattern:not(.elementor-widget-divider--view-line) .elementor-divider-separator:before,.elementor-widget-divider--separator-type-pattern:not([class*=elementor-widget-divider--view]) .elementor-divider-separator{width:100%;min-height:var(--divider-pattern-height);-webkit-mask-size:var(--divider-pattern-size) 100%;mask-size:var(--divider-pattern-size) 100%;-webkit-mask-repeat:var(--divider-pattern-repeat);mask-repeat:var(--divider-pattern-repeat);background-color:var(--divider-color);-webkit-mask-image:var(--divider-pattern-url);mask-image:var(--divider-pattern-url)}.elementor-widget-divider--no-spacing{--divider-pattern-size:auto}.elementor-widget-divider--bg-round{--divider-pattern-repeat:round}.rtl .elementor-widget-divider .elementor-divider__text{direction:rtl}.e-container>.elementor-widget-divider{width:var(--container-widget-width,100%);-webkit-box-flex:1;-ms-flex-positive:1;flex-grow:1}<\/style>\t\t<div class=\"elementor-divider\">\n\t\t\t<span class=\"elementor-divider-separator\">\n\t\t\t\t\t\t<\/span>\n\t\t<\/div>\n\t\t\t\t<\/div>\n\t\t\t\t<\/div>\n\t\t\t\t<div class=\"elementor-element elementor-element-ef19167 elementor-widget elementor-widget-text-editor\" data-id=\"ef19167\" data-element_type=\"widget\" data-widget_type=\"text-editor.default\">\n\t\t\t\t<div class=\"elementor-widget-container\">\n\t\t\t<style>\/*! elementor - v3.7.1 - 14-08-2022 *\/\n.elementor-widget-text-editor.elementor-drop-cap-view-stacked .elementor-drop-cap{background-color:#818a91;color:#fff}.elementor-widget-text-editor.elementor-drop-cap-view-framed .elementor-drop-cap{color:#818a91;border:3px solid;background-color:transparent}.elementor-widget-text-editor:not(.elementor-drop-cap-view-default) .elementor-drop-cap{margin-top:8px}.elementor-widget-text-editor:not(.elementor-drop-cap-view-default) .elementor-drop-cap-letter{width:1em;height:1em}.elementor-widget-text-editor .elementor-drop-cap{float:left;text-align:center;line-height:1;font-size:50px}.elementor-widget-text-editor .elementor-drop-cap-letter{display:inline-block}<\/style>\t\t\t\t<p><strong><span style=\"color: #800000;\">I. AVALIA\u00c7\u00c3O DE IMPACTO AMBIENTAL:<\/span> instrumento de pol\u00edtica ambiental, formada por um conjunto de procedimentos capaz de assegurar, desde o in\u00edcio do processo, que se fa\u00e7a um exame sistem\u00e1tico dos impactos ambientais de uma a\u00e7\u00e3o proposta (projeto, programa, plano ou pol\u00edtica) e de suas alternativas que os resultados sejam apresentados de forma adequada ao p\u00fablico e aos respons\u00e1veis pela tomada de decis\u00e3o, e por eles considerados. Alem disso, os procedimentos devem garantir ado\u00e7\u00e3o das medidas de prote\u00e7\u00e3o do meio ambiente determinadas, no caso de decis\u00e3o sobre a implanta\u00e7\u00e3o do projeto.<\/strong><\/p><p><strong><span style=\"color: #800000;\">II. COMPENSA\u00c7\u00c3O AMBIENTAL:<\/span>\u00a0retribui\u00e7\u00e3o, legalmente exig\u00edvel devida \u00e0 coletividade, pelo uso de recursos ambientais pelo respons\u00e1vel por empreendimento que cause significativo impacto.<\/strong><\/p><p><strong><span style=\"color: #800000;\">III. CORREDORES DA BIODIVERSIDADE:<\/span>\u00a0conex\u00e3o entre fragmentos florestais que possibilitam: fluxo de genes, melhoria da qualidade de \u00e1gua, controle da eros\u00e3o, embelezamento das paisagens locais e conseq\u00fcentemente a recupera\u00e7\u00e3o da biodiversidade em sua \u00e1rea de abrang\u00eancia.<\/strong><\/p><p><strong><span style=\"color: #800000;\">IV. ESP\u00c9CIE EX\u00d3TICA:<\/span>\u00a0esp\u00e9cie que n\u00e3o \u00e9 nativa de uma \u00e1rea ou que foi introduzida numa \u00e1rea ou regi\u00e3o por a\u00e7\u00e3o humana, mas se adaptou ao novo ambiente.<\/strong><\/p><p><strong><span style=\"color: #800000;\">V. ESP\u00c9CIE END\u00caMICA (Endemismo):<\/span>\u00a0esp\u00e9cie animal ou vegetal que ocorre somente em uma determinada \u00e1rea ou regi\u00e3o geogr\u00e1fica.<\/strong><\/p><p><strong><span style=\"color: #800000;\">VI. ESP\u00c9CIE-CHAVE:<\/span>\u00a0organismo que mostra uma forte influ\u00eancia no car\u00e1ter ou estrutura de um ecossistema. Pode ser dividido em quatro categorias: predadores, parasit\u00f3ides, herb\u00edvoros e pat\u00f3genos, que contribuem na manuten\u00e7\u00e3o da biodiversidade ao reduzirem a abund\u00e2ncia de competidores dominantes; mutualistas, sem os quais as esp\u00e9cies associadas correm o risco de extin\u00e7\u00e3o e esp\u00e9cies que prov\u00e9m recursos que s\u00e3o essenciais a manuten\u00e7\u00e3o das esp\u00e9cies dependentes.<\/strong><\/p><p><strong><span style=\"color: #800000;\">VII. FRAGMENTA\u00c7\u00c3O DE HABITAT&#8217;s:<\/span>\u00a0\u00e9 o processo pelo qual uma grande e cont\u00ednua \u00e1rea de habitat \u00e9 tanto reduzida em sua \u00e1rea quanto dividida em dois ou mais fragmentos.<\/strong><\/p><p><strong><span style=\"color: #800000;\">VIII. G\u00c1S:<\/span>\u00a0conte\u00fado da fase gasosa, no qual a mat\u00e9ria tem forma e volume vari\u00e1veis. Nos gases, as mol\u00e9culas se movem livremente e com grande velocidade. A for\u00e7a de coes\u00e3o \u00e9 m\u00ednima e a de repuls\u00e3o \u00e9 enorme.<\/strong><\/p><p><strong><span style=\"color: #800000;\">IX. GRAU DE IMPACTO AMBIENTAL (GI):<\/span>\u00a0unidade de medida dos impactos gerados por empreendimentos sujeitos ao licenciamento de acordo com as Resolu\u00e7\u00f5es CONAMA 001\/86 e 237\/97. Esta unidade corresponde \u00e0 m\u00e9dia do grau de impacto relativo aos indicadores padronizados para cada categoria de empreendimento.<\/strong><\/p><p><strong><span style=\"color: #800000;\">X. IMPACTO AMBIENTAL:<\/span>\u00a0qualquer altera\u00e7\u00e3o das propriedades f\u00edsicas, qu\u00edmicas, e biol\u00f3gicas do meio ambiente, causada por qualquer forma de mat\u00e9ria ou energia resultante das atividades humanas que, direta ou indiretamente, afetam: a sa\u00fade, seguran\u00e7a e o bem-estar da popula\u00e7\u00e3o; as atividades sociais e econ\u00f4micas; a biota; as condi\u00e7\u00f5es est\u00e9ticas e sanit\u00e1rias do meio ambiente; a qualidade dos recursos ambientais.<\/strong><\/p><p><strong><span style=\"color: #800000;\">XI. INDICADOR:<\/span>\u00a0uma observa\u00e7\u00e3o ou medi\u00e7\u00e3o, em termos quantitativos, que permite que um componente ou uma a\u00e7\u00e3o de um sistema ambiental seja descrito dentro dos limites dos conhecimentos atuais.<\/strong><\/p><p><strong><span style=\"color: #800000;\">XII. \u00cdNDICES:<\/span>\u00a0relacionam o valor observado (indicador) de um componente escolhido, com a norma estabelecida para aquele componente e expressa at\u00e9 que ponto esse componente \u00e9 desej\u00e1vel ou indesej\u00e1vel em rela\u00e7\u00e3o ao homem e seu meio ambiente.<\/strong><\/p><p><strong><span style=\"color: #800000;\">XIII. MATERIAL PARTICULADO:<\/span>\u00a0todo e qualquer material s\u00f3lido ou l\u00edquido, em mistura gasosa, que se mant\u00e9m neste estado na temperatura do meio filtrante, estabelecida pelo m\u00e9todo adotado.<\/strong><\/p><p><strong><span style=\"color: #800000;\">XIV. MEDIDAS MITIGADOREAS:<\/span>\u00a0medidas que objetivam minimizar os impactos negativos, sendo, portanto, importante que tenham car\u00e1ter preventivo e ocorram na fase de planejamento da atividade: conseq\u00fcentemente, h\u00e1 necessidade de que sejam implementadas e adaptadas \u00e0s diferentes fases do licenciamento ambiental.<\/strong><\/p><p><strong><span style=\"color: #800000;\">XV. PLANO DE MANEJO:<\/span>\u00a0documento t\u00e9cnico mediante o qual, com fundamento nos objetivos gerais de uma Unidade de Conserva\u00e7\u00e3o, se estabelece o seu zoneamento e as normas que devem presidir o uso da \u00e1rea e o manejo dos recursos naturais, inclusive a implanta\u00e7\u00e3o das estruturas f\u00edsicas necess\u00e1rias \u00e0 gest\u00e3o da unidade.<\/strong><\/p><p><strong><span style=\"color: #800000;\">XVI. PESO:<\/span>\u00a0o termo n\u00e3o se refere a valores monet\u00e1rios, ou a qualquer padr\u00e3o pr\u00e9-estabelecido, mas t\u00e3o somente estabelece refer\u00eancias comparativas entre si.<\/strong><\/p><p><strong><span style=\"color: #800000;\">XVII. POLUI\u00c7\u00c3O:<\/span>\u00a0toda altera\u00e7\u00e3o das propriedades f\u00edsicas, qu\u00edmicas e biol\u00f3gicas que possa constituir preju\u00edzo \u00e0 sa\u00fade, \u00e0 seguran\u00e7a, e ao bem-estar das popula\u00e7\u00f5es e, ainda, possa comprometer a biota e a utiliza\u00e7\u00e3o dos recursos para fins comerciais, industriais e recreativos.<\/strong><\/p><p><strong><span style=\"color: #800000;\">XVIII. POVOS E COMUNIDADES TRADICIONAIS:<\/span>\u00a0grupos culturalmente diferenciados e que se reconhecem como tais, que possuem formas pr\u00f3prias de organiza\u00e7\u00e3o social, que ocupam e usam territ\u00f3rios e recursos naturais como condi\u00e7\u00e3o para sua reprodu\u00e7\u00e3o cultural, social, religiosa, ancestral e econ\u00f4mica, utilizando conhecimentos, inova\u00e7\u00f5es e pr\u00e1ticas gerados e transmitidos pela tradi\u00e7\u00e3o.<\/strong><\/p><p><strong><span style=\"color: #800000;\">XIX. UNIDADES DE CONSERVA\u00c7\u00c3O \u2013 UC:<\/span>\u00a0espa\u00e7o territorial e seus recursos ambientais, incluindo as \u00e1guas jurisdicionais, com caracter\u00edsticas naturais relevantes, legalmente institu\u00eddo pelo Poder P\u00fablico, com objetivos de conserva\u00e7\u00e3o e limites definidos, sob regime especial de administra\u00e7\u00e3o, ao qual se aplicam garantias adequadas de prote\u00e7\u00e3o.<\/strong><\/p><p><strong><span style=\"color: #800000;\">XX. UNIDADES DE CONSERVA\u00c7\u00c3O DE PROTE\u00c7\u00c3O INTEGRAL: <\/span>compreende as Unidades de Conserva\u00e7\u00e3o que visem a manuten\u00e7\u00e3o dos ecossistemas livres de altera\u00e7\u00f5es causadas por interfer\u00eancia humana, admitido apenas o uso indireto dos seus atributos naturais.<\/strong><\/p><p><strong><span style=\"color: #800000;\">XXI. VALORA\u00c7\u00c3O AMBIENTAL:<\/span>\u00a0ato de atribuir valor monet\u00e1rio aos recursos naturais e ao meio ambiente.<\/strong><\/p><p><strong><span style=\"color: #800000;\">XXII. VAPOR:<\/span>\u00a0mat\u00e9ria no estado gasoso, sendo capaz de estar em equil\u00edbrio com o l\u00edquido ou o s\u00f3lido do qual se fez, pela redu\u00e7\u00e3o de temperatura ou pelo aumento de press\u00e3o. \u00c9 um conceito mais estrito do que g\u00e1s porque, nas condi\u00e7\u00f5es habituais do meio ambiente, pode encontrar-se no estado l\u00edquido ou s\u00f3lido.<\/strong><\/p><p><strong><span style=\"color: #800000;\">XXIII. ZONA DE AMORTECIMENTO:<\/span>\u00a0entorno de uma unidade de conserva\u00e7\u00e3o, onde as atividades humanas est\u00e3o sujeitas a normas e restri\u00e7\u00f5es espec\u00edficas, com o prop\u00f3sito de minimizar os impactos negativos sobre a unidade.<\/strong><\/p>\t\t\t\t\t\t<\/div>\n\t\t\t\t<\/div>\n\t\t\t\t<div class=\"elementor-element elementor-element-8ef5b63 elementor-widget-divider--view-line elementor-widget elementor-widget-divider\" data-id=\"8ef5b63\" data-element_type=\"widget\" data-widget_type=\"divider.default\">\n\t\t\t\t<div class=\"elementor-widget-container\">\n\t\t\t\t\t<div class=\"elementor-divider\">\n\t\t\t<span class=\"elementor-divider-separator\">\n\t\t\t\t\t\t<\/span>\n\t\t<\/div>\n\t\t\t\t<\/div>\n\t\t\t\t<\/div>\n\t\t\t\t\t<\/div>\n\t\t<\/div>\n\t\t\t\t<div class=\"elementor-column elementor-col-50 elementor-top-column elementor-element elementor-element-6bc0e53\" data-id=\"6bc0e53\" data-element_type=\"column\">\n\t\t\t<div class=\"elementor-widget-wrap elementor-element-populated\">\n\t\t\t\t\t\t\t\t<div class=\"elementor-element elementor-element-4dc1be7 elementor-widget elementor-widget-heading\" data-id=\"4dc1be7\" data-element_type=\"widget\" data-widget_type=\"heading.default\">\n\t\t\t\t<div class=\"elementor-widget-container\">\n\t\t\t<h2 class=\"elementor-heading-title elementor-size-default\">MAIS LIDAS\n<\/h2>\t\t<\/div>\n\t\t\t\t<\/div>\n\t\t\t\t<div class=\"elementor-element elementor-element-32c872d elementor-widget-divider--view-line elementor-widget elementor-widget-divider\" data-id=\"32c872d\" data-element_type=\"widget\" data-widget_type=\"divider.default\">\n\t\t\t\t<div class=\"elementor-widget-container\">\n\t\t\t\t\t<div class=\"elementor-divider\">\n\t\t\t<span class=\"elementor-divider-separator\">\n\t\t\t\t\t\t<\/span>\n\t\t<\/div>\n\t\t\t\t<\/div>\n\t\t\t\t<\/div>\n\t\t\t\t<div class=\"elementor-element elementor-element-e11675e elementor-widget elementor-widget-text-editor\" data-id=\"e11675e\" data-element_type=\"widget\" data-widget_type=\"text-editor.default\">\n\t\t\t\t<div class=\"elementor-widget-container\">\n\t\t\t\t\t\t\t<p><strong>01. <a href=\"http:\/\/ambienteduran.eng.br\/?page_id=790\">Consultoria Ambiental<\/a><\/strong><br \/><strong>02. <a href=\"http:\/\/ambienteduran.eng.br\/?page_id=802\">NOSSOS CONTATOS<\/a><\/strong><br \/><strong>03. <a href=\"http:\/\/ambienteduran.eng.br\/?page_id=835\">Compensa\u00e7\u00e3o Ambiental &#8211; im\u00f3veis urbanos<\/a><\/strong><br \/><strong>04. <a href=\"http:\/\/ambienteduran.eng.br\/?page_id=849\">Compra e venda de im\u00f3veis<\/a><\/strong><br \/><strong>05. <a href=\"http:\/\/ambienteduran.eng.br\/?page_id=857\">LICENCIAMENTO AMBIENTAL<\/a><\/strong><br \/><strong>06. <a href=\"http:\/\/ambienteduran.eng.br\/?page_id=887\">CONCEITOS NO NOVO C\u00d3DIGO FLORESTAL &#8211; ILUSTRADO (Art. 3\u00ba Lei 12.651\/12)<\/a><\/strong><br \/><strong>07. <a href=\"http:\/\/ambienteduran.eng.br\/?page_id=905\">DA DELIMITA\u00c7\u00c3O E PROTE\u00c7\u00c3O DAS \u00c1REAS DE PRESERVA\u00c7\u00c3O PERMANENTE<\/a><\/strong><br \/><strong>08. <a href=\"http:\/\/ambienteduran.eng.br\/?page_id=922\">USO DO SOLO DO PARAN\u00c1 &#8211; MMA\/PROBIO\/2005<\/a><\/strong><\/p>\t\t\t\t\t\t<\/div>\n\t\t\t\t<\/div>\n\t\t\t\t\t<\/div>\n\t\t<\/div>\n\t\t\t\t\t\t\t<\/div>\n\t\t<\/section>\n\t\t\t\t\t\t\t<\/div>\n\t\t","protected":false},"excerpt":{"rendered":"<p>CONCEITOS UTILIZADOS I. AVALIA\u00c7\u00c3O DE IMPACTO AMBIENTAL: instrumento de pol\u00edtica ambiental, formada por um conjunto de procedimentos capaz de assegurar, desde o in\u00edcio do processo, que se fa\u00e7a um exame sistem\u00e1tico dos impactos ambientais de uma a\u00e7\u00e3o proposta (projeto, programa, plano ou pol\u00edtica) e de suas alternativas que os resultados sejam apresentados de forma adequada [&hellip;]<\/p>\n","protected":false},"author":1,"featured_media":0,"parent":5632,"menu_order":0,"comment_status":"closed","ping_status":"closed","template":"elementor_header_footer","meta":{"footnotes":""},"class_list":["post-5663","page","type-page","status-publish","hentry"],"_links":{"self":[{"href":"https:\/\/ambienteduran.eng.br\/index.php?rest_route=\/wp\/v2\/pages\/5663","targetHints":{"allow":["GET"]}}],"collection":[{"href":"https:\/\/ambienteduran.eng.br\/index.php?rest_route=\/wp\/v2\/pages"}],"about":[{"href":"https:\/\/ambienteduran.eng.br\/index.php?rest_route=\/wp\/v2\/types\/page"}],"author":[{"embeddable":true,"href":"https:\/\/ambienteduran.eng.br\/index.php?rest_route=\/wp\/v2\/users\/1"}],"replies":[{"embeddable":true,"href":"https:\/\/ambienteduran.eng.br\/index.php?rest_route=%2Fwp%2Fv2%2Fcomments&post=5663"}],"version-history":[{"count":7,"href":"https:\/\/ambienteduran.eng.br\/index.php?rest_route=\/wp\/v2\/pages\/5663\/revisions"}],"predecessor-version":[{"id":5670,"href":"https:\/\/ambienteduran.eng.br\/index.php?rest_route=\/wp\/v2\/pages\/5663\/revisions\/5670"}],"up":[{"embeddable":true,"href":"https:\/\/ambienteduran.eng.br\/index.php?rest_route=\/wp\/v2\/pages\/5632"}],"wp:attachment":[{"href":"https:\/\/ambienteduran.eng.br\/index.php?rest_route=%2Fwp%2Fv2%2Fmedia&parent=5663"}],"curies":[{"name":"wp","href":"https:\/\/api.w.org\/{rel}","templated":true}]}}