{"id":5710,"date":"2022-08-30T17:16:16","date_gmt":"2022-08-30T20:16:16","guid":{"rendered":"http:\/\/ambienteduran.eng.br\/?page_id=5710"},"modified":"2022-08-30T17:18:28","modified_gmt":"2022-08-30T20:18:28","slug":"corte-raso-leg","status":"publish","type":"page","link":"https:\/\/ambienteduran.eng.br\/?page_id=5710","title":{"rendered":"Corte Raso &#8211; LEG"},"content":{"rendered":"\t\t<div data-elementor-type=\"wp-page\" data-elementor-id=\"5710\" class=\"elementor elementor-5710\">\n\t\t\t\t\t\t\t\t\t<section class=\"elementor-section elementor-top-section elementor-element elementor-element-25d42c2 elementor-section-boxed elementor-section-height-default elementor-section-height-default\" data-id=\"25d42c2\" data-element_type=\"section\">\n\t\t\t\t\t\t<div class=\"elementor-container elementor-column-gap-default\">\n\t\t\t\t\t<div class=\"elementor-column elementor-col-50 elementor-top-column elementor-element elementor-element-a108226\" data-id=\"a108226\" data-element_type=\"column\">\n\t\t\t<div class=\"elementor-widget-wrap elementor-element-populated\">\n\t\t\t\t\t\t\t\t<div class=\"elementor-element elementor-element-f711c35 elementor-widget elementor-widget-heading\" data-id=\"f711c35\" data-element_type=\"widget\" data-widget_type=\"heading.default\">\n\t\t\t\t<div class=\"elementor-widget-container\">\n\t\t\t<style>\/*! elementor - v3.7.1 - 14-08-2022 *\/\n.elementor-heading-title{padding:0;margin:0;line-height:1}.elementor-widget-heading .elementor-heading-title[class*=elementor-size-]>a{color:inherit;font-size:inherit;line-height:inherit}.elementor-widget-heading .elementor-heading-title.elementor-size-small{font-size:15px}.elementor-widget-heading .elementor-heading-title.elementor-size-medium{font-size:19px}.elementor-widget-heading .elementor-heading-title.elementor-size-large{font-size:29px}.elementor-widget-heading .elementor-heading-title.elementor-size-xl{font-size:39px}.elementor-widget-heading .elementor-heading-title.elementor-size-xxl{font-size:59px}<\/style><h2 class=\"elementor-heading-title elementor-size-default\">CORTE RASO, CORTE ISOLADO, APROVEITAMENTO EM FLORESTA NATIVA - LEG\n<\/h2>\t\t<\/div>\n\t\t\t\t<\/div>\n\t\t\t\t<div class=\"elementor-element elementor-element-7b70cf0 elementor-widget-divider--view-line elementor-widget elementor-widget-divider\" data-id=\"7b70cf0\" data-element_type=\"widget\" data-widget_type=\"divider.default\">\n\t\t\t\t<div class=\"elementor-widget-container\">\n\t\t\t<style>\/*! elementor - v3.7.1 - 14-08-2022 *\/\n.elementor-widget-divider{--divider-border-style:none;--divider-border-width:1px;--divider-color:#2c2c2c;--divider-icon-size:20px;--divider-element-spacing:10px;--divider-pattern-height:24px;--divider-pattern-size:20px;--divider-pattern-url:none;--divider-pattern-repeat:repeat-x}.elementor-widget-divider .elementor-divider{display:-webkit-box;display:-ms-flexbox;display:flex}.elementor-widget-divider .elementor-divider__text{font-size:15px;line-height:1;max-width:95%}.elementor-widget-divider .elementor-divider__element{margin:0 var(--divider-element-spacing);-ms-flex-negative:0;flex-shrink:0}.elementor-widget-divider .elementor-icon{font-size:var(--divider-icon-size)}.elementor-widget-divider .elementor-divider-separator{display:-webkit-box;display:-ms-flexbox;display:flex;margin:0;direction:ltr}.elementor-widget-divider--view-line_icon .elementor-divider-separator,.elementor-widget-divider--view-line_text .elementor-divider-separator{-webkit-box-align:center;-ms-flex-align:center;align-items:center}.elementor-widget-divider--view-line_icon .elementor-divider-separator:after,.elementor-widget-divider--view-line_icon .elementor-divider-separator:before,.elementor-widget-divider--view-line_text .elementor-divider-separator:after,.elementor-widget-divider--view-line_text .elementor-divider-separator:before{display:block;content:\"\";border-bottom:0;-webkit-box-flex:1;-ms-flex-positive:1;flex-grow:1;border-top:var(--divider-border-width) var(--divider-border-style) var(--divider-color)}.elementor-widget-divider--element-align-left .elementor-divider .elementor-divider-separator>.elementor-divider__svg:first-of-type{-webkit-box-flex:0;-ms-flex-positive:0;flex-grow:0;-ms-flex-negative:100;flex-shrink:100}.elementor-widget-divider--element-align-left .elementor-divider-separator:before{content:none}.elementor-widget-divider--element-align-left .elementor-divider__element{margin-left:0}.elementor-widget-divider--element-align-right .elementor-divider .elementor-divider-separator>.elementor-divider__svg:last-of-type{-webkit-box-flex:0;-ms-flex-positive:0;flex-grow:0;-ms-flex-negative:100;flex-shrink:100}.elementor-widget-divider--element-align-right .elementor-divider-separator:after{content:none}.elementor-widget-divider--element-align-right .elementor-divider__element{margin-right:0}.elementor-widget-divider:not(.elementor-widget-divider--view-line_text):not(.elementor-widget-divider--view-line_icon) .elementor-divider-separator{border-top:var(--divider-border-width) var(--divider-border-style) var(--divider-color)}.elementor-widget-divider--separator-type-pattern{--divider-border-style:none}.elementor-widget-divider--separator-type-pattern.elementor-widget-divider--view-line .elementor-divider-separator,.elementor-widget-divider--separator-type-pattern:not(.elementor-widget-divider--view-line) .elementor-divider-separator:after,.elementor-widget-divider--separator-type-pattern:not(.elementor-widget-divider--view-line) .elementor-divider-separator:before,.elementor-widget-divider--separator-type-pattern:not([class*=elementor-widget-divider--view]) .elementor-divider-separator{width:100%;min-height:var(--divider-pattern-height);-webkit-mask-size:var(--divider-pattern-size) 100%;mask-size:var(--divider-pattern-size) 100%;-webkit-mask-repeat:var(--divider-pattern-repeat);mask-repeat:var(--divider-pattern-repeat);background-color:var(--divider-color);-webkit-mask-image:var(--divider-pattern-url);mask-image:var(--divider-pattern-url)}.elementor-widget-divider--no-spacing{--divider-pattern-size:auto}.elementor-widget-divider--bg-round{--divider-pattern-repeat:round}.rtl .elementor-widget-divider .elementor-divider__text{direction:rtl}.e-container>.elementor-widget-divider{width:var(--container-widget-width,100%);-webkit-box-flex:1;-ms-flex-positive:1;flex-grow:1}<\/style>\t\t<div class=\"elementor-divider\">\n\t\t\t<span class=\"elementor-divider-separator\">\n\t\t\t\t\t\t<\/span>\n\t\t<\/div>\n\t\t\t\t<\/div>\n\t\t\t\t<\/div>\n\t\t\t\t<div class=\"elementor-element elementor-element-ef19167 elementor-widget elementor-widget-text-editor\" data-id=\"ef19167\" data-element_type=\"widget\" data-widget_type=\"text-editor.default\">\n\t\t\t\t<div class=\"elementor-widget-container\">\n\t\t\t<style>\/*! elementor - v3.7.1 - 14-08-2022 *\/\n.elementor-widget-text-editor.elementor-drop-cap-view-stacked .elementor-drop-cap{background-color:#818a91;color:#fff}.elementor-widget-text-editor.elementor-drop-cap-view-framed .elementor-drop-cap{color:#818a91;border:3px solid;background-color:transparent}.elementor-widget-text-editor:not(.elementor-drop-cap-view-default) .elementor-drop-cap{margin-top:8px}.elementor-widget-text-editor:not(.elementor-drop-cap-view-default) .elementor-drop-cap-letter{width:1em;height:1em}.elementor-widget-text-editor .elementor-drop-cap{float:left;text-align:center;line-height:1;font-size:50px}.elementor-widget-text-editor .elementor-drop-cap-letter{display:inline-block}<\/style>\t\t\t\t<p><strong>\u25ba\u00a0<a href=\"http:\/\/ambienteduran.eng.br\/wp-content\/uploads\/2022\/08\/RESOLUCAO_CONJ_IBAMA_SEMA_IAP_007_2008_AML_CORTERASO_PEQUENA_PROPRIEDADE_AREASUR.pdf\">Resolu\u00e7\u00e3o Conjunta IBAMA \/ SEMA \/ IAP 07, de 18 de abril de 2008<\/a>\u00a0&#8211; regulamenta a explora\u00e7\u00e3o eventual de esp\u00e9cies arb\u00f3reas nativas em remanescentes de vegeta\u00e7\u00e3o nativa do Bioma Mata Atl\u00e2ntica, em ambientes agropastoril e em \u00e1reas urbanas.<\/strong><br \/><strong>\u25ba\u00a0<a href=\"http:\/\/www.mma.gov.br\/port\/conama\/legiabre.cfm?codlegi=276\" target=\"_blank\" rel=\"noopener\">Resolu\u00e7\u00e3o CONAMA 278, de 24 de maio de 2001\u00a0<\/a>&#8211; determina ao IBAMA, a suspens\u00e3o das autoriza\u00e7\u00f5es concedidas por ato pr\u00f3prio ou por delega\u00e7\u00e3o aos demais \u00f3rg\u00e3os do SISNAMA, para corte e explora\u00e7\u00e3o de esp\u00e9cies amea\u00e7adas de extin\u00e7\u00e3o, constantes da lista oficial daquele \u00f3rg\u00e3o, em popula\u00e7\u00f5es naturais no bioma Mata Atl\u00e2ntica, at\u00e9 que sejam estabelecidos crit\u00e9rios t\u00e9cnicos, cientificamente embasados, que garantam a sustentabilidade da explora\u00e7\u00e3o e a conserva\u00e7\u00e3o gen\u00e9tica das popula\u00e7\u00f5es explor\u00e1veis.<\/strong><br \/><strong>\u25ba\u00a0<a href=\"http:\/\/ambienteduran.eng.br\/wp-content\/uploads\/2022\/08\/INSTRUCAO-NORMATIVA-No-22-DE-26_12_2014.pdf\" target=\"_blank\" rel=\"noopener\">Instru\u00e7\u00e3o Normativa n\u00ba 22, de 26 de dezembro de 2014<\/a>\u00a0&#8211;\u00a0estabelece\u00a0crit\u00e9rios e procedimentos para solicita\u00e7\u00e3o, an\u00e1lise e concess\u00e3o de anu\u00eancia pr\u00e9via \u00e0 supress\u00e3o de vegeta\u00e7\u00e3o prim\u00e1ria ou secund\u00e1ria nos est\u00e1gios m\u00e9dio ou avan\u00e7ado de regenera\u00e7\u00e3o no Bioma Mata Atl\u00e2ntica, nos termos do Art.19 do Decreto n\u00ba 6.660, de 2008;<\/strong><\/p><p><strong><a href=\"http:\/\/celepar7.pr.gov.br\/sia\/atosnormativos\/form_cons_ato1.asp?Codigo=2524\" target=\"_blank\" rel=\"noopener\">Portaria IAP 225, de 06 de outubro de 2011<\/a>\u00a0&#8211; determina a necessidade de certid\u00e3o do munic\u00edpio e piblica\u00e7\u00e3o no di\u00e1rio oficial e jornal de circula\u00e7\u00e3o regional para corte de vegeta\u00e7\u00e3o e corte isolado em \u00e1reas urbanas e em \u00e1reas de utilidade p\u00fablica e de interesse social.<\/strong><br \/><strong>\u25ba<a href=\"http:\/\/ambienteduran.eng.br\/wp-content\/uploads\/2022\/08\/PORTARIA-IAP-222-2012-1.doc\" target=\"_blank\" rel=\"noopener\">Portaria IAP 222, de 12 de novembro de 2012<\/a>\u00a0&#8211; complementa a Portaria 225\/2001, quanto as publica\u00e7\u00f5es e solicita\u00e7\u00e3o de certid\u00e3o do munic\u00edpio apra as autoriza\u00e7a\u00f5es florestais em \u00e1reas urbanas.<\/strong><br \/><strong>\u25ba\u00a0<a href=\"http:\/\/celepar7.pr.gov.br\/sia\/atosnormativos\/form_cons_ato1.asp?Codigo=2834\" target=\"_blank\" rel=\"noopener\">Portaria IAP n\u00ba 97, de 26 de maio de 2014\u00a0<\/a>&#8211; Define orienta\u00e7\u00f5es t\u00e9cnicas e jur\u00eddicas para os procedimentos do IAP, a serem adotados, considerando o in\u00edcio do Sistema de Cadastro Ambiental Rural &#8211; CAR, no Paran\u00e1;<\/strong><br \/><strong>\u25ba\u00a0<a href=\"http:\/\/celepar7.pr.gov.br\/sia\/atosnormativos\/form_cons_ato1.asp?Codigo=2839\" target=\"_blank\" rel=\"noopener\">Portaria IAP n\u00ba 108, de 04 de junho de 2014<\/a>\u00a0&#8211; Regulamenta o aproveitamento de material lenhoso senil, desvitalizado e seco de esp\u00e9cies arb\u00f3reas nativas do Bioma MataAtl\u00e2ntica e Cerrado.<\/strong><\/p>\t\t\t\t\t\t<\/div>\n\t\t\t\t<\/div>\n\t\t\t\t<div class=\"elementor-element elementor-element-8ef5b63 elementor-widget-divider--view-line elementor-widget elementor-widget-divider\" data-id=\"8ef5b63\" data-element_type=\"widget\" data-widget_type=\"divider.default\">\n\t\t\t\t<div class=\"elementor-widget-container\">\n\t\t\t\t\t<div class=\"elementor-divider\">\n\t\t\t<span class=\"elementor-divider-separator\">\n\t\t\t\t\t\t<\/span>\n\t\t<\/div>\n\t\t\t\t<\/div>\n\t\t\t\t<\/div>\n\t\t\t\t\t<\/div>\n\t\t<\/div>\n\t\t\t\t<div class=\"elementor-column elementor-col-50 elementor-top-column elementor-element elementor-element-6bc0e53\" data-id=\"6bc0e53\" data-element_type=\"column\">\n\t\t\t<div class=\"elementor-widget-wrap elementor-element-populated\">\n\t\t\t\t\t\t\t\t<div class=\"elementor-element elementor-element-4dc1be7 elementor-widget elementor-widget-heading\" data-id=\"4dc1be7\" data-element_type=\"widget\" data-widget_type=\"heading.default\">\n\t\t\t\t<div class=\"elementor-widget-container\">\n\t\t\t<h2 class=\"elementor-heading-title elementor-size-default\">MAIS LIDAS\n<\/h2>\t\t<\/div>\n\t\t\t\t<\/div>\n\t\t\t\t<div class=\"elementor-element elementor-element-32c872d elementor-widget-divider--view-line elementor-widget elementor-widget-divider\" data-id=\"32c872d\" data-element_type=\"widget\" data-widget_type=\"divider.default\">\n\t\t\t\t<div class=\"elementor-widget-container\">\n\t\t\t\t\t<div class=\"elementor-divider\">\n\t\t\t<span class=\"elementor-divider-separator\">\n\t\t\t\t\t\t<\/span>\n\t\t<\/div>\n\t\t\t\t<\/div>\n\t\t\t\t<\/div>\n\t\t\t\t<div class=\"elementor-element elementor-element-e11675e elementor-widget elementor-widget-text-editor\" data-id=\"e11675e\" data-element_type=\"widget\" data-widget_type=\"text-editor.default\">\n\t\t\t\t<div class=\"elementor-widget-container\">\n\t\t\t\t\t\t\t<p><strong>01. <a href=\"http:\/\/ambienteduran.eng.br\/?page_id=790\">Consultoria Ambiental<\/a><\/strong><br \/><strong>02. <a href=\"http:\/\/ambienteduran.eng.br\/?page_id=802\">NOSSOS CONTATOS<\/a><\/strong><br \/><strong>03. <a href=\"http:\/\/ambienteduran.eng.br\/?page_id=835\">Compensa\u00e7\u00e3o Ambiental &#8211; im\u00f3veis urbanos<\/a><\/strong><br \/><strong>04. <a href=\"http:\/\/ambienteduran.eng.br\/?page_id=849\">Compra e venda de im\u00f3veis<\/a><\/strong><br \/><strong>05. <a href=\"http:\/\/ambienteduran.eng.br\/?page_id=857\">LICENCIAMENTO AMBIENTAL<\/a><\/strong><br \/><strong>06. <a href=\"http:\/\/ambienteduran.eng.br\/?page_id=887\">CONCEITOS NO NOVO C\u00d3DIGO FLORESTAL &#8211; ILUSTRADO (Art. 3\u00ba Lei 12.651\/12)<\/a><\/strong><br \/><strong>07. <a href=\"http:\/\/ambienteduran.eng.br\/?page_id=905\">DA DELIMITA\u00c7\u00c3O E PROTE\u00c7\u00c3O DAS \u00c1REAS DE PRESERVA\u00c7\u00c3O PERMANENTE<\/a><\/strong><br \/><strong>08. <a href=\"http:\/\/ambienteduran.eng.br\/?page_id=922\">USO DO SOLO DO PARAN\u00c1 &#8211; MMA\/PROBIO\/2005<\/a><\/strong><\/p>\t\t\t\t\t\t<\/div>\n\t\t\t\t<\/div>\n\t\t\t\t\t<\/div>\n\t\t<\/div>\n\t\t\t\t\t\t\t<\/div>\n\t\t<\/section>\n\t\t\t\t\t\t\t<\/div>\n\t\t","protected":false},"excerpt":{"rendered":"<p>CORTE RASO, CORTE ISOLADO, APROVEITAMENTO EM FLORESTA NATIVA &#8211; LEG \u25ba\u00a0Resolu\u00e7\u00e3o Conjunta IBAMA \/ SEMA \/ IAP 07, de 18 de abril de 2008\u00a0&#8211; regulamenta a explora\u00e7\u00e3o eventual de esp\u00e9cies arb\u00f3reas nativas em remanescentes de vegeta\u00e7\u00e3o nativa do Bioma Mata Atl\u00e2ntica, em ambientes agropastoril e em \u00e1reas urbanas.\u25ba\u00a0Resolu\u00e7\u00e3o CONAMA 278, de 24 de maio de [&hellip;]<\/p>\n","protected":false},"author":1,"featured_media":0,"parent":5699,"menu_order":0,"comment_status":"closed","ping_status":"closed","template":"elementor_header_footer","meta":{"footnotes":""},"class_list":["post-5710","page","type-page","status-publish","hentry"],"_links":{"self":[{"href":"https:\/\/ambienteduran.eng.br\/index.php?rest_route=\/wp\/v2\/pages\/5710","targetHints":{"allow":["GET"]}}],"collection":[{"href":"https:\/\/ambienteduran.eng.br\/index.php?rest_route=\/wp\/v2\/pages"}],"about":[{"href":"https:\/\/ambienteduran.eng.br\/index.php?rest_route=\/wp\/v2\/types\/page"}],"author":[{"embeddable":true,"href":"https:\/\/ambienteduran.eng.br\/index.php?rest_route=\/wp\/v2\/users\/1"}],"replies":[{"embeddable":true,"href":"https:\/\/ambienteduran.eng.br\/index.php?rest_route=%2Fwp%2Fv2%2Fcomments&post=5710"}],"version-history":[{"count":10,"href":"https:\/\/ambienteduran.eng.br\/index.php?rest_route=\/wp\/v2\/pages\/5710\/revisions"}],"predecessor-version":[{"id":5722,"href":"https:\/\/ambienteduran.eng.br\/index.php?rest_route=\/wp\/v2\/pages\/5710\/revisions\/5722"}],"up":[{"embeddable":true,"href":"https:\/\/ambienteduran.eng.br\/index.php?rest_route=\/wp\/v2\/pages\/5699"}],"wp:attachment":[{"href":"https:\/\/ambienteduran.eng.br\/index.php?rest_route=%2Fwp%2Fv2%2Fmedia&parent=5710"}],"curies":[{"name":"wp","href":"https:\/\/api.w.org\/{rel}","templated":true}]}}