{"id":6027,"date":"2022-08-31T14:57:00","date_gmt":"2022-08-31T17:57:00","guid":{"rendered":"http:\/\/ambienteduran.eng.br\/?page_id=6027"},"modified":"2022-08-31T15:15:35","modified_gmt":"2022-08-31T18:15:35","slug":"exploracao-florestal","status":"publish","type":"page","link":"https:\/\/ambienteduran.eng.br\/?page_id=6027","title":{"rendered":"Explora\u00e7\u00e3o florestal"},"content":{"rendered":"\t\t<div data-elementor-type=\"wp-page\" data-elementor-id=\"6027\" class=\"elementor elementor-6027\">\n\t\t\t\t\t\t\t\t\t<section class=\"elementor-section elementor-top-section elementor-element elementor-element-25d42c2 elementor-section-boxed elementor-section-height-default elementor-section-height-default\" data-id=\"25d42c2\" data-element_type=\"section\">\n\t\t\t\t\t\t<div class=\"elementor-container elementor-column-gap-default\">\n\t\t\t\t\t<div class=\"elementor-column elementor-col-50 elementor-top-column elementor-element elementor-element-a108226\" data-id=\"a108226\" data-element_type=\"column\">\n\t\t\t<div class=\"elementor-widget-wrap elementor-element-populated\">\n\t\t\t\t\t\t\t\t<div class=\"elementor-element elementor-element-f711c35 elementor-widget elementor-widget-heading\" data-id=\"f711c35\" data-element_type=\"widget\" data-widget_type=\"heading.default\">\n\t\t\t\t<div class=\"elementor-widget-container\">\n\t\t\t<style>\/*! elementor - v3.7.1 - 14-08-2022 *\/\n.elementor-heading-title{padding:0;margin:0;line-height:1}.elementor-widget-heading .elementor-heading-title[class*=elementor-size-]>a{color:inherit;font-size:inherit;line-height:inherit}.elementor-widget-heading .elementor-heading-title.elementor-size-small{font-size:15px}.elementor-widget-heading .elementor-heading-title.elementor-size-medium{font-size:19px}.elementor-widget-heading .elementor-heading-title.elementor-size-large{font-size:29px}.elementor-widget-heading .elementor-heading-title.elementor-size-xl{font-size:39px}.elementor-widget-heading .elementor-heading-title.elementor-size-xxl{font-size:59px}<\/style><h2 class=\"elementor-heading-title elementor-size-default\">DA EXPLORA\u00c7\u00c3O FLORESTAL - PMFS\n<\/h2>\t\t<\/div>\n\t\t\t\t<\/div>\n\t\t\t\t<div class=\"elementor-element elementor-element-7b70cf0 elementor-widget-divider--view-line elementor-widget elementor-widget-divider\" data-id=\"7b70cf0\" data-element_type=\"widget\" data-widget_type=\"divider.default\">\n\t\t\t\t<div class=\"elementor-widget-container\">\n\t\t\t<style>\/*! elementor - v3.7.1 - 14-08-2022 *\/\n.elementor-widget-divider{--divider-border-style:none;--divider-border-width:1px;--divider-color:#2c2c2c;--divider-icon-size:20px;--divider-element-spacing:10px;--divider-pattern-height:24px;--divider-pattern-size:20px;--divider-pattern-url:none;--divider-pattern-repeat:repeat-x}.elementor-widget-divider .elementor-divider{display:-webkit-box;display:-ms-flexbox;display:flex}.elementor-widget-divider .elementor-divider__text{font-size:15px;line-height:1;max-width:95%}.elementor-widget-divider .elementor-divider__element{margin:0 var(--divider-element-spacing);-ms-flex-negative:0;flex-shrink:0}.elementor-widget-divider .elementor-icon{font-size:var(--divider-icon-size)}.elementor-widget-divider .elementor-divider-separator{display:-webkit-box;display:-ms-flexbox;display:flex;margin:0;direction:ltr}.elementor-widget-divider--view-line_icon .elementor-divider-separator,.elementor-widget-divider--view-line_text .elementor-divider-separator{-webkit-box-align:center;-ms-flex-align:center;align-items:center}.elementor-widget-divider--view-line_icon .elementor-divider-separator:after,.elementor-widget-divider--view-line_icon .elementor-divider-separator:before,.elementor-widget-divider--view-line_text .elementor-divider-separator:after,.elementor-widget-divider--view-line_text .elementor-divider-separator:before{display:block;content:\"\";border-bottom:0;-webkit-box-flex:1;-ms-flex-positive:1;flex-grow:1;border-top:var(--divider-border-width) var(--divider-border-style) var(--divider-color)}.elementor-widget-divider--element-align-left .elementor-divider .elementor-divider-separator>.elementor-divider__svg:first-of-type{-webkit-box-flex:0;-ms-flex-positive:0;flex-grow:0;-ms-flex-negative:100;flex-shrink:100}.elementor-widget-divider--element-align-left .elementor-divider-separator:before{content:none}.elementor-widget-divider--element-align-left .elementor-divider__element{margin-left:0}.elementor-widget-divider--element-align-right .elementor-divider .elementor-divider-separator>.elementor-divider__svg:last-of-type{-webkit-box-flex:0;-ms-flex-positive:0;flex-grow:0;-ms-flex-negative:100;flex-shrink:100}.elementor-widget-divider--element-align-right .elementor-divider-separator:after{content:none}.elementor-widget-divider--element-align-right .elementor-divider__element{margin-right:0}.elementor-widget-divider:not(.elementor-widget-divider--view-line_text):not(.elementor-widget-divider--view-line_icon) .elementor-divider-separator{border-top:var(--divider-border-width) var(--divider-border-style) var(--divider-color)}.elementor-widget-divider--separator-type-pattern{--divider-border-style:none}.elementor-widget-divider--separator-type-pattern.elementor-widget-divider--view-line .elementor-divider-separator,.elementor-widget-divider--separator-type-pattern:not(.elementor-widget-divider--view-line) .elementor-divider-separator:after,.elementor-widget-divider--separator-type-pattern:not(.elementor-widget-divider--view-line) .elementor-divider-separator:before,.elementor-widget-divider--separator-type-pattern:not([class*=elementor-widget-divider--view]) .elementor-divider-separator{width:100%;min-height:var(--divider-pattern-height);-webkit-mask-size:var(--divider-pattern-size) 100%;mask-size:var(--divider-pattern-size) 100%;-webkit-mask-repeat:var(--divider-pattern-repeat);mask-repeat:var(--divider-pattern-repeat);background-color:var(--divider-color);-webkit-mask-image:var(--divider-pattern-url);mask-image:var(--divider-pattern-url)}.elementor-widget-divider--no-spacing{--divider-pattern-size:auto}.elementor-widget-divider--bg-round{--divider-pattern-repeat:round}.rtl .elementor-widget-divider .elementor-divider__text{direction:rtl}.e-container>.elementor-widget-divider{width:var(--container-widget-width,100%);-webkit-box-flex:1;-ms-flex-positive:1;flex-grow:1}<\/style>\t\t<div class=\"elementor-divider\">\n\t\t\t<span class=\"elementor-divider-separator\">\n\t\t\t\t\t\t<\/span>\n\t\t<\/div>\n\t\t\t\t<\/div>\n\t\t\t\t<\/div>\n\t\t\t\t<div class=\"elementor-element elementor-element-ef19167 elementor-widget elementor-widget-text-editor\" data-id=\"ef19167\" data-element_type=\"widget\" data-widget_type=\"text-editor.default\">\n\t\t\t\t<div class=\"elementor-widget-container\">\n\t\t\t<style>\/*! elementor - v3.7.1 - 14-08-2022 *\/\n.elementor-widget-text-editor.elementor-drop-cap-view-stacked .elementor-drop-cap{background-color:#818a91;color:#fff}.elementor-widget-text-editor.elementor-drop-cap-view-framed .elementor-drop-cap{color:#818a91;border:3px solid;background-color:transparent}.elementor-widget-text-editor:not(.elementor-drop-cap-view-default) .elementor-drop-cap{margin-top:8px}.elementor-widget-text-editor:not(.elementor-drop-cap-view-default) .elementor-drop-cap-letter{width:1em;height:1em}.elementor-widget-text-editor .elementor-drop-cap{float:left;text-align:center;line-height:1;font-size:50px}.elementor-widget-text-editor .elementor-drop-cap-letter{display:inline-block}<\/style>\t\t\t\t<p><strong><span style=\"color: #333333;\">A Lei Federal n\u00ba 12.651\/2012, assim estabelece para o Plano de Manejo Florestal:<\/span><\/strong><br \/><strong><span style=\"color: #800000;\">Art. 31<\/span><\/strong><strong>\u00a0<\/strong><strong>A <span style=\"color: #800000;\">EXPLORA\u00c7\u00c3O DE FLORESTAS<\/span><\/strong><strong><span style=\"color: #800000;\">\u00a0NATIVAS<\/span> e forma\u00e7\u00f5es sucessoras, de dom\u00ednio p\u00fablico ou privado, ressalvados os casos previstos nos <a href=\"http:\/\/www.ambienteduran.eng.br\/artigos-21-22-23-e-24-da-lei-1265112\" target=\"_blank\" rel=\"noopener\">arts. 21, 23 e 24<\/a>, depender\u00e1 de licenciamento pelo \u00f3rg\u00e3o competente do Sisnama,\u00a0<span style=\"color: #800000;\">mediante aprova\u00e7\u00e3o pr\u00e9via de Plano de Manejo Florestal Sustent\u00e1vel &#8211; PMFS<\/span>\u00a0que contemple t\u00e9cnicas de condu\u00e7\u00e3o, explora\u00e7\u00e3o, reposi\u00e7\u00e3o florestal e manejo compat\u00edveis com os variados ecossistemas que a cobertura arb\u00f3rea forme.<br \/><\/strong><\/p><p><strong><span style=\"color: #800000;\">\u00a7 1\u00ba<\/span>\u00a0O\u00a0<span style=\"color: #800000;\">PMFS<\/span>\u00a0atender\u00e1 os seguintes fundamentos t\u00e9cnicos e cient\u00edficos:\u00a0<\/strong><br \/><strong>\u00a0 \u00a0 \u00a0I &#8211; caracteriza\u00e7\u00e3o dos meios f\u00edsico e biol\u00f3gico;<br \/>\u00a0 \u00a0 \u00a0II &#8211; determina\u00e7\u00e3o do estoque existente;<br \/><\/strong><span style=\"font-weight: bolder;\">\u00a0 \u00a0 \u00a0<\/span><strong>III &#8211; intensidade de explora\u00e7\u00e3o compat\u00edvel com a capacidade de suporte ambiental da florestal;<br \/><\/strong><span style=\"font-weight: bolder;\">\u00a0 \u00a0 \u00a0<\/span><strong>IV &#8211; ciclo de corte compat\u00edvel com o tempo de restabelecimento do volume de produto extra\u00eddo da floresta;<br \/><\/strong><span style=\"font-weight: bolder;\">\u00a0 \u00a0 \u00a0<\/span><strong>V &#8211; promo\u00e7\u00e3o da regenera\u00e7\u00e3o natural da floresta;<br \/><\/strong><span style=\"font-weight: bolder;\">\u00a0 \u00a0 \u00a0<\/span><strong>VI &#8211; ado\u00e7\u00e3o de sistema silvicultural adequado;<br \/><\/strong><span style=\"font-weight: bolder;\">\u00a0 \u00a0 \u00a0<\/span><strong>VII &#8211; ado\u00e7\u00e3o de sistema de explora\u00e7\u00e3o adequado;<br \/><span style=\"font-weight: bolder;\">\u00a0<\/span><\/strong><span style=\"font-weight: bolder;\">\u00a0 \u00a0<\/span><span style=\"font-weight: bolder;\">\u00a0<\/span><strong>VIII &#8211; monitoramento do desenvolvimento da floresta remanescente;<\/strong><span style=\"font-weight: bolder;\"><strong><br \/><\/strong>\u00a0 \u00a0 \u00a0<\/span><strong>IX &#8211; ado\u00e7\u00e3o de medidas mitigadoras dos impactos ambientais e sociais.<\/strong><\/p><p><strong><span style=\"color: #800000;\">\u00a7 2\u00ba<\/span>\u00a0A aprova\u00e7\u00e3o do PMFS pelo \u00f3rg\u00e3o competente do Sisnama confere ao seu detentor a licen\u00e7a ambiental para a pr\u00e1tica do manejo florestal sustent\u00e1vel, n\u00e3o se aplicando outras etapas de licenciamento ambiental.\u00a0<\/strong><\/p><p><strong><span style=\"color: #800000;\">\u00a7 3\u00ba<\/span>\u00a0O\u00a0<span style=\"color: #800000;\">detentor do PMFS encaminhar\u00e1 relat\u00f3rio anual ao \u00f3rg\u00e3o ambiental<\/span>\u00a0competente com as informa\u00e7\u00f5es sobre toda a \u00e1rea de manejo florestal sustent\u00e1vel e a descri\u00e7\u00e3o das atividades realizadas.\u00a0<\/strong><\/p><p><strong><span style=\"color: #800000;\">\u00a7 4\u00ba<\/span>\u00a0O PMFS ser\u00e1 submetido a vistorias t\u00e9cnicas para fiscalizar as opera\u00e7\u00f5es e atividades desenvolvidas na \u00e1rea de manejo.\u00a0<\/strong><\/p><p><strong><span style=\"color: #800000;\">\u00a7 6\u00ba<\/span>\u00a0Para fins de manejo florestal na pequena propriedade ou posse rural familiar, os \u00f3rg\u00e3os do Sisnama dever\u00e3o estabelecer procedimentos simplificados de elabora\u00e7\u00e3o, an\u00e1lise e aprova\u00e7\u00e3o dos referidos PMFS.\u00a0<\/strong><\/p><p><strong><span style=\"color: #800000;\">\u00a7 7\u00ba<\/span>\u00a0Compete ao \u00f3rg\u00e3o federal de meio ambiente a aprova\u00e7\u00e3o de PMFS incidentes em florestas p\u00fablicas de dom\u00ednio da Uni\u00e3o.<\/strong><strong><br \/><\/strong><\/p><p><strong><span style=\"color: #800000;\">Art. 32<\/span>\u00a0Est\u00e3o isentos do PMFS:<\/strong><br \/><strong>I &#8211; a supress\u00e3o de forma\u00e7\u00f5es sucessoras para uso alternativo do solo;<br \/>II &#8211; manejo de floresta plantada fora da Resera Legal e \u00c1reas de Preserva\u00e7\u00e3o Permanente;<br \/>III &#8211; a explora\u00e7\u00e3o florestal n\u00e3o comercial nas pequenas propriedades rurais ou posse rural familiar ou por popula\u00e7\u00f5es tradicionais (at\u00e9 4 m\u00f3dulos fiscais).<br \/><\/strong><\/p><p><strong><span style=\"color: #800000;\">Art. 33<\/span>\u00a0Quem utilizar, pessoa f\u00edsica ou jur\u00eddica, mat\u00e9ria-prima florestal deve garantir sua atividade mediante recursos oriundos de:<\/strong>\u00a0<strong><br \/><\/strong><strong>\u00a0 \u00a0 \u00a0 \u00a0 I &#8211; florestas plantadas;<br \/>\u00a0 \u00a0 \u00a0 \u00a0 II &#8211; PMFS de floresta nativa aprovado pelo \u00f3rg\u00e3o ambiental competente;<br \/><\/strong><span style=\"font-weight: bolder;\">\u00a0 \u00a0 \u00a0 \u00a0\u00a0<\/span><strong>III &#8211; supress\u00e3o de vegeta\u00e7\u00e3o nativa autorizada pelo \u00f3rg\u00e3o ambiental competente;<br \/><\/strong><span style=\"font-weight: bolder;\">\u00a0 \u00a0 \u00a0 \u00a0\u00a0<\/span><strong>IV &#8211; outras formas de biomassa florestal definidas pelo \u00f3rg\u00e3o ambiental competente.<br \/><\/strong><\/p><p><strong><span style=\"color: #800000;\">\u00a7 1\u00ba S\u00e3o obrigadas \u00e0 reposi\u00e7\u00e3o florestal as pessoas f\u00edsicas ou jur\u00eddicas<\/span>\u00a0que utilizam mat\u00e9ria-prima florestal oriunda de supress\u00e3o de vegeta\u00e7\u00e3o nativa ou que detenham autoriza\u00e7\u00e3o para supress\u00e3o de vegeta\u00e7\u00e3o nativa.<br \/><\/strong><\/p><p><strong><span style=\"color: #800000;\">\u00a7 2\u00ba Fica isento da obrigatoriedade<\/span>\u00a0da reposi\u00e7\u00e3o florestal, quem utilize:<\/strong><strong><br \/><\/strong><span style=\"font-weight: bolder;\">\u00a0 \u00a0 \u00a0 \u00a0\u00a0<\/span><strong>I &#8211; costaneiras, aparas, cavacos ou outros res\u00edduos provenientes da atividade industrial;<br \/><\/strong><span style=\"font-weight: bolder;\">\u00a0 \u00a0 \u00a0 \u00a0\u00a0<\/span><strong>II &#8211; mat\u00e9ria-prima florestal oriunda de:<br \/><\/strong><span style=\"font-weight: bolder;\">\u00a0 \u00a0 \u00a0 \u00a0\u00a0<\/span><span style=\"font-weight: bolder;\">\u00a0 \u00a0 \u00a0 \u00a0<\/span><span style=\"font-weight: bolder;\">\u00a0<\/span><strong>a) de PMFS;<br \/><span style=\"font-weight: bolder;\">\u00a0 \u00a0 \u00a0 \u00a0\u00a0<\/span><span style=\"font-weight: bolder;\">\u00a0 \u00a0 \u00a0 \u00a0<\/span><span style=\"font-weight: bolder;\">\u00a0<\/span><\/strong><strong>b) de floresta plantada;<br \/><span style=\"font-weight: bolder;\">\u00a0 \u00a0 \u00a0 \u00a0\u00a0<\/span><span style=\"font-weight: bolder;\">\u00a0 \u00a0 \u00a0 \u00a0<\/span><span style=\"font-weight: bolder;\">\u00a0<\/span><\/strong><strong>c) n\u00e3o-madeireira<\/strong><\/p><p><strong><span style=\"color: #800000;\">\u00a7 3\u00ba<\/span>\u00a0A\u00a0<span style=\"color: #800000;\">isen\u00e7\u00e3o da obrigatoriedade da reposi\u00e7\u00e3o florestal n\u00e3o desobriga<\/span>\u00a0o interessado da\u00a0comprova\u00e7\u00e3o\u00a0perante a autoridade competente\u00a0da origem\u00a0do recurso florestal utilizado.<br \/><\/strong><\/p><p><strong><span style=\"color: #800000;\">\u00a7 4\u00ba<\/span>\u00a0A\u00a0<span style=\"color: #800000;\">reposi\u00e7\u00e3o florestal ser\u00e1 efetivada no Estado de origem da mat\u00e9ria-prima utilizada<\/span>, mediante o plantio de esp\u00e9cies preferencialmente nativas, conforme determina\u00e7\u00f5es do \u00f3rg\u00e3o competente do Sisnama.<br \/><\/strong><\/p><p><strong><span style=\"color: #800000;\">Art. 34<\/span><\/strong><strong>\u00a0As\u00a0<span style=\"color: #800000;\">empresas industriais que utilizam grande quantidade de mat\u00e9ria-prima florestal s\u00e3o obrigadas<\/span>\u00a0a elaborar e implementar\u00a0<span style=\"color: #800000;\">Plano de Suprimento Sustent\u00e1vel &#8211; PSS<\/span>, a ser submetido \u00e0 aprova\u00e7\u00e3o do \u00f3rg\u00e3o competente do Sisnama.<\/strong><strong><br \/><\/strong><\/p><p><strong><span style=\"color: #800000;\">\u00a7 1\u00ba<\/span>\u00a0O\u00a0<span style=\"color: #800000;\">PSS assegurar\u00e1<\/span>\u00a0produ\u00e7\u00e3o equivalente ao consumo de mat\u00e9ria-prima florestal pela atividade industrial.<\/strong><\/p><p><strong><span style=\"color: #800000;\">\u00a7 2\u00ba<\/span>\u00a0O\u00a0<span style=\"color: #800000;\">PSS incluir\u00e1<\/span>, no m\u00ednimo:\u00a0<\/strong><strong><br \/><\/strong><strong>\u00a0 \u00a0 \u00a0 \u00a0 \u00a0 \u00a0 \u00a0 \u00a0 I &#8211; programa\u00e7\u00e3o de suprimento de mat\u00e9ria-prima florestal;<\/strong><strong><br \/><\/strong><span style=\"font-weight: bolder;\">\u00a0 \u00a0 \u00a0 \u00a0\u00a0<\/span><span style=\"font-weight: bolder;\">\u00a0 \u00a0 \u00a0 \u00a0<\/span><span style=\"font-weight: bolder;\">\u00a0<\/span><strong>II &#8211; indica\u00e7\u00e3o das \u00e1reas de origem da mat\u00e9ria-prima florestal georreferenciadas<br \/><span style=\"font-weight: bolder;\">\u00a0 \u00a0 \u00a0 \u00a0\u00a0<\/span><span style=\"font-weight: bolder;\">\u00a0 \u00a0 \u00a0 \u00a0<\/span> <\/strong><strong>III &#8211; c\u00f3pia do contrato entre os particulares envolvidos, quando o PSS incluir suprimento de mat\u00e9ria-prima florestal oriunda de terras pertencentes a terceiros.<\/strong><\/p><p><strong><span style=\"color: #800000;\">\u00a7 3\u00ba <\/span>Admite-se o suprimento mediante mat\u00e9ria-prima em oferta no mercado:<\/strong><strong><br \/><\/strong><strong>\u00a0\u00a0\u00a0\u00a0\u00a0\u00a0\u00a0\u00a0\u00a0\u00a0 \u00a0 \u00a0\u00a0 I &#8211; na fase inicial de instala\u00e7\u00e3o da atividade industrial, nas condi\u00e7\u00f5es e durante o per\u00edodo, n\u00e3o superior a 10 (dez) anos, previstos no PSS, ressalvados os contratos de suprimento mencionados no inciso III (item anteior);<br \/><\/strong><strong>\u00a0\u00a0\u00a0\u00a0\u00a0\u00a0\u00a0\u00a0\u00a0\u00a0\u00a0 II &#8211; no caso de aquisi\u00e7\u00e3o de produtos provenientes do plantio de florestas ex\u00f3ticas, licenciadas por \u00f3rg\u00e3o competente do Sisnama, o suprimento ser\u00e1 comprovado posteriormente mediante relat\u00f3rio anual em que conste a localiza\u00e7\u00e3o da floresta e as quantidades produzidas.<\/strong><\/p><p><strong><span style=\"color: #800000;\">\u00a7 4\u00ba <\/span>O PSS de empresas sider\u00fargicas, metal\u00fargicas ou outras que consumam grandes quantidades de carv\u00e3o vegetal ou lenha estabelecer\u00e1 a utiliza\u00e7\u00e3o exclusiva de mat\u00e9ria-prima oriunda de florestas plantadas ou de PMFS e ser\u00e1 parte integrante do processo de licenciamento ambiental do empreendimento.<\/strong><\/p>\t\t\t\t\t\t<\/div>\n\t\t\t\t<\/div>\n\t\t\t\t<div class=\"elementor-element elementor-element-8ef5b63 elementor-widget-divider--view-line elementor-widget elementor-widget-divider\" data-id=\"8ef5b63\" data-element_type=\"widget\" data-widget_type=\"divider.default\">\n\t\t\t\t<div class=\"elementor-widget-container\">\n\t\t\t\t\t<div class=\"elementor-divider\">\n\t\t\t<span class=\"elementor-divider-separator\">\n\t\t\t\t\t\t<\/span>\n\t\t<\/div>\n\t\t\t\t<\/div>\n\t\t\t\t<\/div>\n\t\t\t\t\t<\/div>\n\t\t<\/div>\n\t\t\t\t<div class=\"elementor-column elementor-col-50 elementor-top-column elementor-element elementor-element-6bc0e53\" data-id=\"6bc0e53\" data-element_type=\"column\">\n\t\t\t<div class=\"elementor-widget-wrap elementor-element-populated\">\n\t\t\t\t\t\t\t\t<div class=\"elementor-element elementor-element-4dc1be7 elementor-widget elementor-widget-heading\" data-id=\"4dc1be7\" data-element_type=\"widget\" data-widget_type=\"heading.default\">\n\t\t\t\t<div class=\"elementor-widget-container\">\n\t\t\t<h2 class=\"elementor-heading-title elementor-size-default\">MAIS LIDAS\n<\/h2>\t\t<\/div>\n\t\t\t\t<\/div>\n\t\t\t\t<div class=\"elementor-element elementor-element-32c872d elementor-widget-divider--view-line elementor-widget elementor-widget-divider\" data-id=\"32c872d\" data-element_type=\"widget\" data-widget_type=\"divider.default\">\n\t\t\t\t<div class=\"elementor-widget-container\">\n\t\t\t\t\t<div class=\"elementor-divider\">\n\t\t\t<span class=\"elementor-divider-separator\">\n\t\t\t\t\t\t<\/span>\n\t\t<\/div>\n\t\t\t\t<\/div>\n\t\t\t\t<\/div>\n\t\t\t\t<div class=\"elementor-element elementor-element-e11675e elementor-widget elementor-widget-text-editor\" data-id=\"e11675e\" data-element_type=\"widget\" data-widget_type=\"text-editor.default\">\n\t\t\t\t<div class=\"elementor-widget-container\">\n\t\t\t\t\t\t\t<p><strong>01. <a href=\"http:\/\/ambienteduran.eng.br\/?page_id=790\">Consultoria Ambiental<\/a><\/strong><br \/><strong>02. <a href=\"http:\/\/ambienteduran.eng.br\/?page_id=802\">NOSSOS CONTATOS<\/a><\/strong><br \/><strong>03. <a href=\"http:\/\/ambienteduran.eng.br\/?page_id=835\">Compensa\u00e7\u00e3o Ambiental &#8211; im\u00f3veis urbanos<\/a><\/strong><br \/><strong>04. <a href=\"http:\/\/ambienteduran.eng.br\/?page_id=849\">Compra e venda de im\u00f3veis<\/a><\/strong><br \/><strong>05. <a href=\"http:\/\/ambienteduran.eng.br\/?page_id=857\">LICENCIAMENTO AMBIENTAL<\/a><\/strong><br \/><strong>06. <a href=\"http:\/\/ambienteduran.eng.br\/?page_id=887\">CONCEITOS NO NOVO C\u00d3DIGO FLORESTAL &#8211; ILUSTRADO (Art. 3\u00ba Lei 12.651\/12)<\/a><\/strong><br \/><strong>07. <a href=\"http:\/\/ambienteduran.eng.br\/?page_id=905\">DA DELIMITA\u00c7\u00c3O E PROTE\u00c7\u00c3O DAS \u00c1REAS DE PRESERVA\u00c7\u00c3O PERMANENTE<\/a><\/strong><br \/><strong>08. <a href=\"http:\/\/ambienteduran.eng.br\/?page_id=922\">USO DO SOLO DO PARAN\u00c1 &#8211; MMA\/PROBIO\/2005<\/a><\/strong><\/p>\t\t\t\t\t\t<\/div>\n\t\t\t\t<\/div>\n\t\t\t\t\t<\/div>\n\t\t<\/div>\n\t\t\t\t\t\t\t<\/div>\n\t\t<\/section>\n\t\t\t\t\t\t\t<\/div>\n\t\t","protected":false},"excerpt":{"rendered":"<p>DA EXPLORA\u00c7\u00c3O FLORESTAL &#8211; PMFS A Lei Federal n\u00ba 12.651\/2012, assim estabelece para o Plano de Manejo Florestal:Art. 31\u00a0A EXPLORA\u00c7\u00c3O DE FLORESTAS\u00a0NATIVAS e forma\u00e7\u00f5es sucessoras, de dom\u00ednio p\u00fablico ou privado, ressalvados os casos previstos nos arts. 21, 23 e 24, depender\u00e1 de licenciamento pelo \u00f3rg\u00e3o competente do Sisnama,\u00a0mediante aprova\u00e7\u00e3o pr\u00e9via de Plano de Manejo Florestal [&hellip;]<\/p>\n","protected":false},"author":1,"featured_media":0,"parent":857,"menu_order":0,"comment_status":"closed","ping_status":"closed","template":"elementor_header_footer","meta":{"footnotes":""},"class_list":["post-6027","page","type-page","status-publish","hentry"],"_links":{"self":[{"href":"https:\/\/ambienteduran.eng.br\/index.php?rest_route=\/wp\/v2\/pages\/6027","targetHints":{"allow":["GET"]}}],"collection":[{"href":"https:\/\/ambienteduran.eng.br\/index.php?rest_route=\/wp\/v2\/pages"}],"about":[{"href":"https:\/\/ambienteduran.eng.br\/index.php?rest_route=\/wp\/v2\/types\/page"}],"author":[{"embeddable":true,"href":"https:\/\/ambienteduran.eng.br\/index.php?rest_route=\/wp\/v2\/users\/1"}],"replies":[{"embeddable":true,"href":"https:\/\/ambienteduran.eng.br\/index.php?rest_route=%2Fwp%2Fv2%2Fcomments&post=6027"}],"version-history":[{"count":10,"href":"https:\/\/ambienteduran.eng.br\/index.php?rest_route=\/wp\/v2\/pages\/6027\/revisions"}],"predecessor-version":[{"id":6037,"href":"https:\/\/ambienteduran.eng.br\/index.php?rest_route=\/wp\/v2\/pages\/6027\/revisions\/6037"}],"up":[{"embeddable":true,"href":"https:\/\/ambienteduran.eng.br\/index.php?rest_route=\/wp\/v2\/pages\/857"}],"wp:attachment":[{"href":"https:\/\/ambienteduran.eng.br\/index.php?rest_route=%2Fwp%2Fv2%2Fmedia&parent=6027"}],"curies":[{"name":"wp","href":"https:\/\/api.w.org\/{rel}","templated":true}]}}