{"id":6203,"date":"2022-08-31T16:13:17","date_gmt":"2022-08-31T19:13:17","guid":{"rendered":"http:\/\/ambienteduran.eng.br\/?page_id=6203"},"modified":"2022-08-31T16:14:13","modified_gmt":"2022-08-31T19:14:13","slug":"serflor-cadastramento","status":"publish","type":"page","link":"https:\/\/ambienteduran.eng.br\/?page_id=6203","title":{"rendered":"SERFLOR &#8211; Cadastramento"},"content":{"rendered":"\t\t<div data-elementor-type=\"wp-page\" data-elementor-id=\"6203\" class=\"elementor elementor-6203\">\n\t\t\t\t\t\t\t\t\t<section class=\"elementor-section elementor-top-section elementor-element elementor-element-25d42c2 elementor-section-boxed elementor-section-height-default elementor-section-height-default\" data-id=\"25d42c2\" data-element_type=\"section\">\n\t\t\t\t\t\t<div class=\"elementor-container elementor-column-gap-default\">\n\t\t\t\t\t<div class=\"elementor-column elementor-col-50 elementor-top-column elementor-element elementor-element-a108226\" data-id=\"a108226\" data-element_type=\"column\">\n\t\t\t<div class=\"elementor-widget-wrap elementor-element-populated\">\n\t\t\t\t\t\t\t\t<div class=\"elementor-element elementor-element-f711c35 elementor-widget elementor-widget-heading\" data-id=\"f711c35\" data-element_type=\"widget\" data-widget_type=\"heading.default\">\n\t\t\t\t<div class=\"elementor-widget-container\">\n\t\t\t<style>\/*! elementor - v3.7.1 - 14-08-2022 *\/\n.elementor-heading-title{padding:0;margin:0;line-height:1}.elementor-widget-heading .elementor-heading-title[class*=elementor-size-]>a{color:inherit;font-size:inherit;line-height:inherit}.elementor-widget-heading .elementor-heading-title.elementor-size-small{font-size:15px}.elementor-widget-heading .elementor-heading-title.elementor-size-medium{font-size:19px}.elementor-widget-heading .elementor-heading-title.elementor-size-large{font-size:29px}.elementor-widget-heading .elementor-heading-title.elementor-size-xl{font-size:39px}.elementor-widget-heading .elementor-heading-title.elementor-size-xxl{font-size:59px}<\/style><h2 class=\"elementor-heading-title elementor-size-default\">CATEGORIA DE CADASTRAMENTO JUNTO AO SERFLOR\n<\/h2>\t\t<\/div>\n\t\t\t\t<\/div>\n\t\t\t\t<div class=\"elementor-element elementor-element-7b70cf0 elementor-widget-divider--view-line elementor-widget elementor-widget-divider\" data-id=\"7b70cf0\" data-element_type=\"widget\" data-widget_type=\"divider.default\">\n\t\t\t\t<div class=\"elementor-widget-container\">\n\t\t\t<style>\/*! elementor - v3.7.1 - 14-08-2022 *\/\n.elementor-widget-divider{--divider-border-style:none;--divider-border-width:1px;--divider-color:#2c2c2c;--divider-icon-size:20px;--divider-element-spacing:10px;--divider-pattern-height:24px;--divider-pattern-size:20px;--divider-pattern-url:none;--divider-pattern-repeat:repeat-x}.elementor-widget-divider .elementor-divider{display:-webkit-box;display:-ms-flexbox;display:flex}.elementor-widget-divider .elementor-divider__text{font-size:15px;line-height:1;max-width:95%}.elementor-widget-divider .elementor-divider__element{margin:0 var(--divider-element-spacing);-ms-flex-negative:0;flex-shrink:0}.elementor-widget-divider .elementor-icon{font-size:var(--divider-icon-size)}.elementor-widget-divider .elementor-divider-separator{display:-webkit-box;display:-ms-flexbox;display:flex;margin:0;direction:ltr}.elementor-widget-divider--view-line_icon .elementor-divider-separator,.elementor-widget-divider--view-line_text .elementor-divider-separator{-webkit-box-align:center;-ms-flex-align:center;align-items:center}.elementor-widget-divider--view-line_icon .elementor-divider-separator:after,.elementor-widget-divider--view-line_icon .elementor-divider-separator:before,.elementor-widget-divider--view-line_text .elementor-divider-separator:after,.elementor-widget-divider--view-line_text .elementor-divider-separator:before{display:block;content:\"\";border-bottom:0;-webkit-box-flex:1;-ms-flex-positive:1;flex-grow:1;border-top:var(--divider-border-width) var(--divider-border-style) var(--divider-color)}.elementor-widget-divider--element-align-left .elementor-divider .elementor-divider-separator>.elementor-divider__svg:first-of-type{-webkit-box-flex:0;-ms-flex-positive:0;flex-grow:0;-ms-flex-negative:100;flex-shrink:100}.elementor-widget-divider--element-align-left .elementor-divider-separator:before{content:none}.elementor-widget-divider--element-align-left .elementor-divider__element{margin-left:0}.elementor-widget-divider--element-align-right .elementor-divider .elementor-divider-separator>.elementor-divider__svg:last-of-type{-webkit-box-flex:0;-ms-flex-positive:0;flex-grow:0;-ms-flex-negative:100;flex-shrink:100}.elementor-widget-divider--element-align-right .elementor-divider-separator:after{content:none}.elementor-widget-divider--element-align-right .elementor-divider__element{margin-right:0}.elementor-widget-divider:not(.elementor-widget-divider--view-line_text):not(.elementor-widget-divider--view-line_icon) .elementor-divider-separator{border-top:var(--divider-border-width) var(--divider-border-style) var(--divider-color)}.elementor-widget-divider--separator-type-pattern{--divider-border-style:none}.elementor-widget-divider--separator-type-pattern.elementor-widget-divider--view-line .elementor-divider-separator,.elementor-widget-divider--separator-type-pattern:not(.elementor-widget-divider--view-line) .elementor-divider-separator:after,.elementor-widget-divider--separator-type-pattern:not(.elementor-widget-divider--view-line) .elementor-divider-separator:before,.elementor-widget-divider--separator-type-pattern:not([class*=elementor-widget-divider--view]) .elementor-divider-separator{width:100%;min-height:var(--divider-pattern-height);-webkit-mask-size:var(--divider-pattern-size) 100%;mask-size:var(--divider-pattern-size) 100%;-webkit-mask-repeat:var(--divider-pattern-repeat);mask-repeat:var(--divider-pattern-repeat);background-color:var(--divider-color);-webkit-mask-image:var(--divider-pattern-url);mask-image:var(--divider-pattern-url)}.elementor-widget-divider--no-spacing{--divider-pattern-size:auto}.elementor-widget-divider--bg-round{--divider-pattern-repeat:round}.rtl .elementor-widget-divider .elementor-divider__text{direction:rtl}.e-container>.elementor-widget-divider{width:var(--container-widget-width,100%);-webkit-box-flex:1;-ms-flex-positive:1;flex-grow:1}<\/style>\t\t<div class=\"elementor-divider\">\n\t\t\t<span class=\"elementor-divider-separator\">\n\t\t\t\t\t\t<\/span>\n\t\t<\/div>\n\t\t\t\t<\/div>\n\t\t\t\t<\/div>\n\t\t\t\t<div class=\"elementor-element elementor-element-e0705ab elementor-widget elementor-widget-text-editor\" data-id=\"e0705ab\" data-element_type=\"widget\" data-widget_type=\"text-editor.default\">\n\t\t\t\t<div class=\"elementor-widget-container\">\n\t\t\t<style>\/*! elementor - v3.7.1 - 14-08-2022 *\/\n.elementor-widget-text-editor.elementor-drop-cap-view-stacked .elementor-drop-cap{background-color:#818a91;color:#fff}.elementor-widget-text-editor.elementor-drop-cap-view-framed .elementor-drop-cap{color:#818a91;border:3px solid;background-color:transparent}.elementor-widget-text-editor:not(.elementor-drop-cap-view-default) .elementor-drop-cap{margin-top:8px}.elementor-widget-text-editor:not(.elementor-drop-cap-view-default) .elementor-drop-cap-letter{width:1em;height:1em}.elementor-widget-text-editor .elementor-drop-cap{float:left;text-align:center;line-height:1;font-size:50px}.elementor-widget-text-editor .elementor-drop-cap-letter{display:inline-block}<\/style>\t\t\t\t<table border=\"1\" cellspacing=\"0\" cellpadding=\"0\" align=\"center\"><tbody><tr><td valign=\"top\" width=\"105\" height=\"17\"><strong>C\u00d3DIGO DA CATEGORIA<\/strong><\/td><td valign=\"top\" width=\"357\" height=\"17\"><strong>DESCRI\u00c7\u00c3O<\/strong><\/td><\/tr><tr><td width=\"105\" height=\"14\"><strong>01.00<\/strong><\/td><td width=\"357\" height=\"14\"><strong>REFLORESTADOR\/CONSULTOR<\/strong><\/td><\/tr><tr><td width=\"105\" height=\"14\"><strong>01.01<\/strong><\/td><td width=\"357\" height=\"14\"><strong>X<\/strong><\/td><\/tr><tr><td width=\"105\" height=\"14\"><strong>01.02<\/strong><\/td><td width=\"357\" height=\"14\"><strong>X<\/strong><\/td><\/tr><tr><td width=\"105\" height=\"14\"><strong>01.03<\/strong><\/td><td width=\"357\" height=\"14\"><strong>Cooperativa de Consumidores de Mat\u00e9ria Prima Florestal<\/strong><\/td><\/tr><tr><td width=\"105\" height=\"14\"><strong>01.04<\/strong><\/td><td width=\"357\" height=\"14\"><strong>Associa\u00e7\u00e3o de Consumidores de Mat\u00e9ria Prima Florestal<\/strong><\/td><\/tr><tr><td width=\"105\" height=\"14\"><strong>01.05<\/strong><\/td><td width=\"357\" height=\"14\"><strong>Consultoria Florestal (pessoa jur\u00eddica)<\/strong><\/td><\/tr><tr><td width=\"105\" height=\"14\"><strong>01.06<\/strong><\/td><td width=\"357\" height=\"14\"><strong>Consultor Florestal (pessoa f\u00edsica da iniciativa privada)<\/strong><\/td><\/tr><tr><td width=\"105\" height=\"14\"><strong>01.07<\/strong><\/td><td width=\"357\" height=\"14\"><strong>Profissional ligado ao Servi\u00e7o P\u00fablico<\/strong><\/td><\/tr><tr><td width=\"105\" height=\"14\"><strong>01.08<\/strong><\/td><td width=\"357\" height=\"14\"><strong>Empresa Reflorestadora<\/strong><\/td><\/tr><tr><td colspan=\"2\" height=\"14\">\u00a0<\/td><\/tr><tr><td width=\"105\" height=\"14\"><strong>02.00<\/strong><\/td><td width=\"357\" height=\"14\"><strong>EXTRATO\/FORNECEDOR DE<\/strong><\/td><\/tr><tr><td width=\"105\" height=\"14\"><strong>02.01<\/strong><\/td><td width=\"357\" height=\"14\"><strong>Toros\/toretes\/estacas\/escoras e similares<\/strong><\/td><\/tr><tr><td width=\"105\" height=\"14\"><strong>02.02<\/strong><\/td><td width=\"357\" height=\"14\"><strong>Lenha<\/strong><\/td><\/tr><tr><td width=\"105\" height=\"14\"><strong>02.03<\/strong><\/td><td width=\"357\" height=\"14\"><strong>Palmito e similares<\/strong><\/td><\/tr><tr><td width=\"105\" height=\"14\"><strong>02.04<\/strong><\/td><td width=\"357\" height=\"14\"><strong>\u00d3leos essenciais<\/strong><\/td><\/tr><tr><td width=\"105\" height=\"14\"><strong>02.05<\/strong><\/td><td width=\"357\" height=\"14\"><strong>Plantas ornamentais \/ medicinais \/ arom\u00e1ticas \/ ra\u00edzes \/ bulbos<\/strong><\/td><\/tr><tr><td width=\"105\" height=\"14\"><strong>02.06<\/strong><\/td><td width=\"357\" height=\"14\"><strong>Vime \/ bambu \/ cip\u00f3 e similares<\/strong><\/td><\/tr><tr><td width=\"105\" height=\"14\"><strong>02.07<\/strong><\/td><td width=\"357\" height=\"14\"><strong>Xaxim<\/strong><\/td><\/tr><tr><td width=\"105\" height=\"14\"><strong>02.08<\/strong><\/td><td width=\"357\" height=\"14\"><strong>Fibras<\/strong><\/td><\/tr><tr><td width=\"105\" height=\"14\"><strong>02.09<\/strong><\/td><td width=\"357\" height=\"14\"><strong>Resina \/ goma \/ cera<\/strong><\/td><\/tr><tr><td width=\"105\" height=\"14\"><strong>02.10<\/strong><\/td><td width=\"357\" height=\"14\"><strong>Bracatinga<\/strong><\/td><\/tr><tr><td colspan=\"2\" height=\"14\">\u00a0<\/td><\/tr><tr><td width=\"105\" height=\"14\"><strong>03.00<\/strong><\/td><td width=\"357\" height=\"14\"><strong>F\u00c1BRICA DE<\/strong><\/td><\/tr><tr><td width=\"105\" height=\"14\"><strong>03.01<\/strong><\/td><td width=\"357\" height=\"14\"><strong>M\u00f3veis<\/strong><\/td><\/tr><tr><td width=\"105\" height=\"14\"><strong>03.02<\/strong><\/td><td width=\"357\" height=\"14\"><strong>Artefatos de madeira \/ cip\u00f3 \/ vime \/ bambu e similares<\/strong><\/td><\/tr><tr><td width=\"105\" height=\"14\"><strong>03.03<\/strong><\/td><td width=\"357\" height=\"14\"><strong>Artefatos de xaxim<\/strong><\/td><\/tr><tr><td width=\"105\" height=\"14\"><strong>03.04<\/strong><\/td><td width=\"357\" height=\"14\"><strong>Cavacos \/ palha \/ briquetes \/ peletes de madeira e similares<\/strong><\/td><\/tr><tr><td width=\"105\" height=\"14\"><strong>03.05<\/strong><\/td><td width=\"357\" height=\"14\"><strong>Briquetes \/ peletes de carv\u00e3o vegetal e similares<\/strong><\/td><\/tr><tr><td colspan=\"2\" height=\"14\">\u00a0<\/td><\/tr><tr><td width=\"105\" height=\"14\"><strong>04.00<\/strong><\/td><td width=\"357\" height=\"14\"><strong>PRODUTOR DE<\/strong><\/td><\/tr><tr><td width=\"105\" height=\"14\"><strong>04.01<\/strong><\/td><td width=\"357\" height=\"14\"><strong>Carv\u00e3o vegetal<\/strong><\/td><\/tr><tr><td width=\"105\" height=\"14\"><strong>04.02<\/strong><\/td><td width=\"357\" height=\"14\"><strong>Dormentes \/ postes \/ estacas \/ mour\u00f5es e similares<\/strong><\/td><\/tr><tr><td width=\"105\" height=\"14\"><strong>04.03<\/strong><\/td><td width=\"357\" height=\"14\"><strong>Erva-mate cancheada n\u00e3o padronizada<\/strong><\/td><\/tr><tr><td width=\"105\" height=\"14\"><strong>04.04<\/strong><\/td><td width=\"357\" height=\"14\"><strong>Plantas ornamentais \/ medicinais \/ arom\u00e1ticas, etc.<\/strong><\/td><\/tr><tr><td width=\"105\" height=\"14\"><strong>04.05<\/strong><\/td><td width=\"357\" height=\"14\"><strong>Mudas florestais<\/strong><\/td><\/tr><tr><td width=\"105\" height=\"14\"><strong>04.06<\/strong><\/td><td width=\"357\" height=\"14\"><strong>Sementes florestais<\/strong><\/td><\/tr><tr><td colspan=\"2\" height=\"14\">\u00a0<\/td><\/tr><tr><td width=\"105\" height=\"14\"><strong>05.00<\/strong><\/td><td width=\"357\" height=\"14\"><strong>COMERCIANTE DE<\/strong><\/td><\/tr><tr><td width=\"105\" height=\"14\"><strong>05.01<\/strong><\/td><td width=\"357\" height=\"14\"><strong>Mat\u00e9ria prima \/ produtos e subprodutos de origem florestal<\/strong><\/td><\/tr><tr><td colspan=\"2\" height=\"14\">\u00a0<\/td><\/tr><tr><td width=\"105\" height=\"14\"><strong>06.00<\/strong><\/td><td width=\"357\" height=\"14\"><strong>CONSUMIDOR DE<\/strong><\/td><\/tr><tr><td width=\"105\" height=\"14\"><strong>06.01<\/strong><\/td><td width=\"357\" height=\"14\"><strong>Carv\u00e3o vegetal \/ moinha \/ briquetes \/ peletes de carv\u00e3o vegetal e similates<\/strong><\/td><\/tr><tr><td width=\"105\" height=\"14\"><strong>06.02<\/strong><\/td><td width=\"357\" height=\"14\"><strong>Lenha \/ briquetes \/ cavaco \/ serragem de madeira e similares<\/strong><\/td><\/tr><tr><td colspan=\"2\" height=\"14\">\u00a0<\/td><\/tr><tr><td width=\"105\" height=\"14\"><strong>07.00<\/strong><\/td><td width=\"357\" height=\"14\"><strong>IND\u00daSTRIA DE<\/strong><\/td><\/tr><tr><td width=\"105\" height=\"14\"><strong>07.01<\/strong><\/td><td width=\"357\" height=\"14\"><strong>Pasta mec\u00e2nica<\/strong><\/td><\/tr><tr><td width=\"105\" height=\"14\"><strong>07.02<\/strong><\/td><td width=\"357\" height=\"14\"><strong>Celulose<\/strong><\/td><\/tr><tr><td width=\"105\" height=\"14\"><strong>07.03<\/strong><\/td><td width=\"357\" height=\"14\"><strong>Papel \/ papel\u00e3o<\/strong><\/td><\/tr><tr><td width=\"105\" height=\"14\"><strong>07.04<\/strong><\/td><td width=\"357\" height=\"14\"><strong>Beneficiamento de \u00f3leos essenciais \/ resinas \/ tanantes<\/strong><\/td><\/tr><tr><td width=\"105\" height=\"14\"><strong>07.05<\/strong><\/td><td width=\"357\" height=\"14\"><strong>Conservas \/ beneficiamento de palmito e similares<\/strong><\/td><\/tr><tr><td width=\"105\" height=\"14\"><strong>07.06<\/strong><\/td><td width=\"357\" height=\"14\"><strong>Beneficiamento de erva-mate<\/strong><\/td><\/tr><tr><td width=\"105\" height=\"14\"><strong>07.07<\/strong><\/td><td width=\"357\" height=\"14\"><strong>Beneficiamento de plantas ornamentais \/ medicinais e arom\u00e1ticas<\/strong><\/td><\/tr><tr><td width=\"105\" height=\"14\"><strong>07.08<\/strong><\/td><td width=\"357\" height=\"14\"><strong>Beneficiamento de madeira<\/strong><\/td><\/tr><tr><td width=\"105\" height=\"14\"><strong>07.09<\/strong><\/td><td width=\"357\" height=\"14\"><strong>F\u00f3sforos \/ palitos e similares<\/strong><\/td><\/tr><tr><td width=\"105\" height=\"14\"><strong>07.10<\/strong><\/td><td width=\"357\" height=\"14\"><strong>Prensados (aglomerados \/ chapas de fibra) e similares<\/strong><\/td><\/tr><tr><td width=\"105\" height=\"14\"><strong>07.11<\/strong><\/td><td width=\"357\" height=\"14\"><strong>Produtos destilados de madeira<\/strong><\/td><\/tr><tr><td width=\"105\" height=\"14\"><strong>07.12<\/strong><\/td><td width=\"357\" height=\"14\"><strong>Madeira serrada<\/strong><\/td><\/tr><tr><td width=\"105\" height=\"14\"><strong>07.13<\/strong><\/td><td width=\"357\" height=\"14\"><strong>Madeira laminada, desfolhada e\/ou faqueada<\/strong><\/td><\/tr><tr><td width=\"105\" height=\"14\"><strong>07.14<\/strong><\/td><td width=\"357\" height=\"14\"><strong>Madeira compensada \/ contraplacada<\/strong><\/td><\/tr><tr><td colspan=\"2\" height=\"14\">\u00a0<\/td><\/tr><tr><td width=\"105\" height=\"14\"><strong>08.00<\/strong><\/td><td width=\"357\" height=\"14\"><strong>TRATAMENTO DE MADEIRA<\/strong><\/td><\/tr><tr><td width=\"105\" height=\"14\"><strong>08.01<\/strong><\/td><td width=\"357\" height=\"14\"><strong>Usina de tratamento de madeira<\/strong><\/td><\/tr><tr><td width=\"105\" height=\"14\"><strong>08.02<\/strong><\/td><td width=\"357\" height=\"14\"><strong>X<\/strong><\/td><\/tr><tr><td colspan=\"2\" height=\"14\">\u00a0<\/td><\/tr><tr><td width=\"105\" height=\"14\"><strong>09.00<\/strong><\/td><td width=\"357\" height=\"14\"><strong>X<\/strong><\/td><\/tr><\/tbody><\/table><p><strong>(X) Outras categorias afetas exclusivamente ao IBAMA<\/strong><\/p>\t\t\t\t\t\t<\/div>\n\t\t\t\t<\/div>\n\t\t\t\t<div class=\"elementor-element elementor-element-8ef5b63 elementor-widget-divider--view-line elementor-widget elementor-widget-divider\" data-id=\"8ef5b63\" data-element_type=\"widget\" data-widget_type=\"divider.default\">\n\t\t\t\t<div class=\"elementor-widget-container\">\n\t\t\t\t\t<div class=\"elementor-divider\">\n\t\t\t<span class=\"elementor-divider-separator\">\n\t\t\t\t\t\t<\/span>\n\t\t<\/div>\n\t\t\t\t<\/div>\n\t\t\t\t<\/div>\n\t\t\t\t\t<\/div>\n\t\t<\/div>\n\t\t\t\t<div class=\"elementor-column elementor-col-50 elementor-top-column elementor-element elementor-element-6bc0e53\" data-id=\"6bc0e53\" data-element_type=\"column\">\n\t\t\t<div class=\"elementor-widget-wrap elementor-element-populated\">\n\t\t\t\t\t\t\t\t<div class=\"elementor-element elementor-element-4dc1be7 elementor-widget elementor-widget-heading\" data-id=\"4dc1be7\" data-element_type=\"widget\" data-widget_type=\"heading.default\">\n\t\t\t\t<div class=\"elementor-widget-container\">\n\t\t\t<h2 class=\"elementor-heading-title elementor-size-default\">MAIS LIDAS\n<\/h2>\t\t<\/div>\n\t\t\t\t<\/div>\n\t\t\t\t<div class=\"elementor-element elementor-element-32c872d elementor-widget-divider--view-line elementor-widget elementor-widget-divider\" data-id=\"32c872d\" data-element_type=\"widget\" data-widget_type=\"divider.default\">\n\t\t\t\t<div class=\"elementor-widget-container\">\n\t\t\t\t\t<div class=\"elementor-divider\">\n\t\t\t<span class=\"elementor-divider-separator\">\n\t\t\t\t\t\t<\/span>\n\t\t<\/div>\n\t\t\t\t<\/div>\n\t\t\t\t<\/div>\n\t\t\t\t<div class=\"elementor-element elementor-element-e11675e elementor-widget elementor-widget-text-editor\" data-id=\"e11675e\" data-element_type=\"widget\" data-widget_type=\"text-editor.default\">\n\t\t\t\t<div class=\"elementor-widget-container\">\n\t\t\t\t\t\t\t<p><strong>01. <a href=\"http:\/\/ambienteduran.eng.br\/?page_id=790\">Consultoria Ambiental<\/a><\/strong><br \/><strong>02. <a href=\"http:\/\/ambienteduran.eng.br\/?page_id=802\">NOSSOS CONTATOS<\/a><\/strong><br \/><strong>03. <a href=\"http:\/\/ambienteduran.eng.br\/?page_id=835\">Compensa\u00e7\u00e3o Ambiental &#8211; im\u00f3veis urbanos<\/a><\/strong><br \/><strong>04. <a href=\"http:\/\/ambienteduran.eng.br\/?page_id=849\">Compra e venda de im\u00f3veis<\/a><\/strong><br \/><strong>05. <a href=\"http:\/\/ambienteduran.eng.br\/?page_id=857\">LICENCIAMENTO AMBIENTAL<\/a><\/strong><br \/><strong>06. <a href=\"http:\/\/ambienteduran.eng.br\/?page_id=887\">CONCEITOS NO NOVO C\u00d3DIGO FLORESTAL &#8211; ILUSTRADO (Art. 3\u00ba Lei 12.651\/12)<\/a><\/strong><br \/><strong>07. <a href=\"http:\/\/ambienteduran.eng.br\/?page_id=905\">DA DELIMITA\u00c7\u00c3O E PROTE\u00c7\u00c3O DAS \u00c1REAS DE PRESERVA\u00c7\u00c3O PERMANENTE<\/a><\/strong><br \/><strong>08. <a href=\"http:\/\/ambienteduran.eng.br\/?page_id=922\">USO DO SOLO DO PARAN\u00c1 &#8211; MMA\/PROBIO\/2005<\/a><\/strong><\/p>\t\t\t\t\t\t<\/div>\n\t\t\t\t<\/div>\n\t\t\t\t\t<\/div>\n\t\t<\/div>\n\t\t\t\t\t\t\t<\/div>\n\t\t<\/section>\n\t\t\t\t\t\t\t<\/div>\n\t\t","protected":false},"excerpt":{"rendered":"<p>CATEGORIA DE CADASTRAMENTO JUNTO AO SERFLOR C\u00d3DIGO DA CATEGORIA DESCRI\u00c7\u00c3O 01.00 REFLORESTADOR\/CONSULTOR 01.01 X 01.02 X 01.03 Cooperativa de Consumidores de Mat\u00e9ria Prima Florestal 01.04 Associa\u00e7\u00e3o de Consumidores de Mat\u00e9ria Prima Florestal 01.05 Consultoria Florestal (pessoa jur\u00eddica) 01.06 Consultor Florestal (pessoa f\u00edsica da iniciativa privada) 01.07 Profissional ligado ao Servi\u00e7o P\u00fablico 01.08 Empresa Reflorestadora \u00a0 [&hellip;]<\/p>\n","protected":false},"author":1,"featured_media":0,"parent":6172,"menu_order":0,"comment_status":"closed","ping_status":"closed","template":"elementor_header_footer","meta":{"footnotes":""},"class_list":["post-6203","page","type-page","status-publish","hentry"],"_links":{"self":[{"href":"https:\/\/ambienteduran.eng.br\/index.php?rest_route=\/wp\/v2\/pages\/6203","targetHints":{"allow":["GET"]}}],"collection":[{"href":"https:\/\/ambienteduran.eng.br\/index.php?rest_route=\/wp\/v2\/pages"}],"about":[{"href":"https:\/\/ambienteduran.eng.br\/index.php?rest_route=\/wp\/v2\/types\/page"}],"author":[{"embeddable":true,"href":"https:\/\/ambienteduran.eng.br\/index.php?rest_route=\/wp\/v2\/users\/1"}],"replies":[{"embeddable":true,"href":"https:\/\/ambienteduran.eng.br\/index.php?rest_route=%2Fwp%2Fv2%2Fcomments&post=6203"}],"version-history":[{"count":4,"href":"https:\/\/ambienteduran.eng.br\/index.php?rest_route=\/wp\/v2\/pages\/6203\/revisions"}],"predecessor-version":[{"id":6207,"href":"https:\/\/ambienteduran.eng.br\/index.php?rest_route=\/wp\/v2\/pages\/6203\/revisions\/6207"}],"up":[{"embeddable":true,"href":"https:\/\/ambienteduran.eng.br\/index.php?rest_route=\/wp\/v2\/pages\/6172"}],"wp:attachment":[{"href":"https:\/\/ambienteduran.eng.br\/index.php?rest_route=%2Fwp%2Fv2%2Fmedia&parent=6203"}],"curies":[{"name":"wp","href":"https:\/\/api.w.org\/{rel}","templated":true}]}}